{"id":396,"date":"2015-07-23T15:26:30","date_gmt":"2015-07-23T14:26:30","guid":{"rendered":"http:\/\/agora.xtec.cat\/zerpoblet\/?page_id=396"},"modified":"2025-09-02T14:23:13","modified_gmt":"2025-09-02T12:23:13","slug":"qui-som-2","status":"publish","type":"page","link":"https:\/\/agora.xtec.cat\/zerpoblet\/qui-som-2\/","title":{"rendered":"Qui som"},"content":{"rendered":"<p style=\"text-align: justify;\">En aquest curs 2025-2026, la nostra escola t\u00e9 tres grups, un d\u2019Educaci\u00f3 Infantil i dos d\u2019Educaci\u00f3 Prim\u00e0ria. En total 26 alumnes.<\/p>\n<p style=\"text-align: justify;\">Com que aquest curs estem treballant el projecte interdisciplinari \u201cGaud\u00ed i el Modernisme\u201d hem triat per anomenar les classes noms relacionats amb aquest tema.<\/p>\n<ul>\n<li>A m\u00e9s a m\u00e9s de les mestres tutores tamb\u00e9 s\u00f3n mestres de l\u2019escola les especialistes itinerants:\n<ul>\n<li>Angl\u00e8s: Enri Moix<\/li>\n<li>Educaci\u00f3 F\u00edsica: Nat\u00e0lia<\/li>\n<li>M\u00fasica: Isabel<\/li>\n<li>Educaci\u00f3 especial: Cristina<\/li>\n<li>Religi\u00f3: Merc\u00e8<\/li>\n<\/ul>\n<\/li>\n<li>La directora de l\u2019Escola \u00e9s la Imma Bov\u00e9<\/li>\n<\/ul>\n<p>&nbsp;<\/p>\n<p>&nbsp;<\/p>\n","protected":false},"excerpt":{"rendered":"<p>En aquest curs 2025-2026, la nostra escola t\u00e9 tres grups, un d\u2019Educaci\u00f3 Infantil i dos d\u2019Educaci\u00f3 Prim\u00e0ria. En total 26 alumnes. Com que aquest curs estem treballant el projecte interdisciplinari \u201cGaud\u00ed i el Modernisme\u201d hem triat per anomenar les classes noms relacionats amb aquest tema. A m\u00e9s a m\u00e9s de les mestres tutores tamb\u00e9 s\u00f3n [&hellip;]<\/p>\n","protected":false},"author":1,"featured_media":0,"parent":0,"menu_order":10,"comment_status":"closed","ping_status":"closed","template":"","meta":{"_bbp_topic_count":0,"_bbp_reply_count":0,"_bbp_total_topic_count":0,"_bbp_total_reply_count":0,"_bbp_voice_count":0,"_bbp_anonymous_reply_count":0,"_bbp_topic_count_hidden":0,"_bbp_reply_count_hidden":0,"_bbp_forum_subforum_count":0,"site-sidebar-layout":"default","site-content-layout":"","ast-site-content-layout":"default","site-content-style":"default","site-sidebar-style":"default","ast-global-header-display":"","ast-banner-title-visibility":"","ast-main-header-display":"","ast-hfb-above-header-display":"","ast-hfb-below-header-display":"","ast-hfb-mobile-header-display":"","site-post-title":"","ast-breadcrumbs-content":"","ast-featured-img":"","footer-sml-layout":"","theme-transparent-header-meta":"default","adv-header-id-meta":"","stick-header-meta":"","header-above-stick-meta":"","header-main-stick-meta":"","header-below-stick-meta":"","astra-migrate-meta-layouts":"set","ast-page-background-enabled":"default","ast-page-background-meta":{"desktop":{"background-color":"var(--ast-global-color-4)","background-image":"","background-repeat":"repeat","background-position":"center center","background-size":"auto","background-attachment":"scroll","background-type":"","background-media":"","overlay-type":"","overlay-color":"","overlay-opacity":"","overlay-gradient":""},"tablet":{"background-color":"","background-image":"","background-repeat":"repeat","background-position":"center center","background-size":"auto","background-attachment":"scroll","background-type":"","background-media":"","overlay-type":"","overlay-color":"","overlay-opacity":"","overlay-gradient":""},"mobile":{"background-color":"","background-image":"","background-repeat":"repeat","background-position":"center center","background-size":"auto","background-attachment":"scroll","background-type":"","background-media":"","overlay-type":"","overlay-color":"","overlay-opacity":"","overlay-gradient":""}},"ast-content-background-meta":{"desktop":{"background-color":"var(--ast-global-color-5)","background-image":"","background-repeat":"repeat","background-position":"center center","background-size":"auto","background-attachment":"scroll","background-type":"","background-media":"","overlay-type":"","overlay-color":"","overlay-opacity":"","overlay-gradient":""},"tablet":{"background-color":"var(--ast-global-color-5)","background-image":"","background-repeat":"repeat","background-position":"center center","background-size":"auto","background-attachment":"scroll","background-type":"","background-media":"","overlay-type":"","overlay-color":"","overlay-opacity":"","overlay-gradient":""},"mobile":{"background-color":"var(--ast-global-color-5)","background-image":"","background-repeat":"repeat","background-position":"center center","background-size":"auto","background-attachment":"scroll","background-type":"","background-media":"","overlay-type":"","overlay-color":"","overlay-opacity":"","overlay-gradient":""}},"footnotes":""},"class_list":["post-396","page","type-page","status-publish","hentry"],"post_mailing_queue_ids":[],"_links":{"self":[{"href":"https:\/\/agora.xtec.cat\/zerpoblet\/wp-json\/wp\/v2\/pages\/396","targetHints":{"allow":["GET"]}}],"collection":[{"href":"https:\/\/agora.xtec.cat\/zerpoblet\/wp-json\/wp\/v2\/pages"}],"about":[{"href":"https:\/\/agora.xtec.cat\/zerpoblet\/wp-json\/wp\/v2\/types\/page"}],"author":[{"embeddable":true,"href":"https:\/\/agora.xtec.cat\/zerpoblet\/wp-json\/wp\/v2\/users\/1"}],"replies":[{"embeddable":true,"href":"https:\/\/agora.xtec.cat\/zerpoblet\/wp-json\/wp\/v2\/comments?post=396"}],"version-history":[{"count":6,"href":"https:\/\/agora.xtec.cat\/zerpoblet\/wp-json\/wp\/v2\/pages\/396\/revisions"}],"predecessor-version":[{"id":5434,"href":"https:\/\/agora.xtec.cat\/zerpoblet\/wp-json\/wp\/v2\/pages\/396\/revisions\/5434"}],"wp:attachment":[{"href":"https:\/\/agora.xtec.cat\/zerpoblet\/wp-json\/wp\/v2\/media?parent=396"}],"curies":[{"name":"wp","href":"https:\/\/api.w.org\/{rel}","templated":true}]}}