{"id":3800,"date":"2023-02-09T13:56:34","date_gmt":"2023-02-09T12:56:34","guid":{"rendered":"https:\/\/agora.xtec.cat\/zerpoblet\/?page_id=3800"},"modified":"2024-02-16T12:54:28","modified_gmt":"2024-02-16T11:54:28","slug":"cultura-digital","status":"publish","type":"page","link":"https:\/\/agora.xtec.cat\/zerpoblet\/zer\/estrategia-digital-de-centre\/cultura-digital\/","title":{"rendered":"Cultura Digital"},"content":{"rendered":"<p>El document de l\u2019EDC ser\u00e0 la refer\u00e8ncia del centre en l\u2019\u00e0mbit de tecnologies digitals. Per tant, \u00e9s important que aquest document reculli la gesti\u00f3 di\u00e0ria de l\u2019organitzaci\u00f3 digital del centre i ens faciliti el seguiment de la transformaci\u00f3 digital del centre. Per aquesta ra\u00f3 hi ha l&#8217;\u00e0rea de <strong>Cultura Digital<\/strong> dins d&#8217;aquesta per poder-ho fer amb organitzaci\u00f3.<\/p>\n<p>L\u2019\u00edndex d&#8217;aquesta p\u00e0gina \u00e9s el seg\u00fcent:<\/p>\n<ul>\n<li style=\"list-style-type: none;\">\n<ul>\n<li>Acollida Digital: alumnat, docents i fam\u00edlies<\/li>\n<li>Comunicaci\u00f3<\/li>\n<li>Serveis digitals<\/li>\n<li>Documentaci\u00f3 b\u00e0sica<\/li>\n<\/ul>\n<\/li>\n<\/ul>\n<h2><\/h2>\n<h2>Acollida digital<\/h2>\n<h3>Alumnat<\/h3>\n<p>A tot l&#8217;alumnat de prim\u00e0ria se li crea un correu electr\u00f2nic amb domini @zerpoblet.cat. Aquest correu pertany a l&#8217;eina digital Gsuite for education. Aquest correu \u00e9s d&#8217;\u00fas acad\u00e8mic, per tant, per fer tasques de l&#8217;escola. A continuaci\u00f3 enllacem un tutorial per accedir-hi: <a href=\"https:\/\/www.canva.com\/design\/DAFPTr2qx-Q\/zBFHqDV8iA1QNAIUegGRFQ\/view?utm_content=DAFPTr2qx-Q&amp;utm_campaign=designshare&amp;utm_medium=link&amp;utm_source=viewer#1\">acollida alumant<\/a>.<a href=\"https:\/\/agora.xtec.cat\/zerpoblet\/wp-content\/uploads\/usu992\/2023\/02\/eines-Gsuite.png\"><img loading=\"lazy\" decoding=\"async\" class=\" wp-image-3830 aligncenter\" src=\"https:\/\/agora.xtec.cat\/zerpoblet\/wp-content\/uploads\/usu992\/2023\/02\/eines-Gsuite-300x150.png\" alt=\"\" width=\"202\" height=\"101\" srcset=\"https:\/\/agora.xtec.cat\/zerpoblet\/wp-content\/uploads\/usu992\/2023\/02\/eines-Gsuite-300x150.png 300w, https:\/\/agora.xtec.cat\/zerpoblet\/wp-content\/uploads\/usu992\/2023\/02\/eines-Gsuite.png 318w\" sizes=\"auto, (max-width: 202px) 100vw, 202px\" \/><\/a><\/p>\n<p>A la ZER utilitzem l&#8217;entorn virtual d&#8217;aprenentatge (EVA) anomenat <a href=\"https:\/\/educaciodigital.cat\/zerpoblet\/moodle\/\">Eix<\/a> (Moodle) sobretot pels infants de cicle superior. En alguns casos tamb\u00e9 \u00e9s emprat pels infants de cicle mitj\u00e0 depenent dels agrupaments de la classe. <a href=\"https:\/\/agora.xtec.cat\/zerpoblet\/wp-content\/uploads\/usu992\/2023\/03\/icona-eix.png\"><img loading=\"lazy\" decoding=\"async\" class=\"wp-image-3860 aligncenter\" src=\"https:\/\/agora.xtec.cat\/zerpoblet\/wp-content\/uploads\/usu992\/2023\/03\/icona-eix-300x300.png\" alt=\"\" width=\"80\" height=\"80\" srcset=\"https:\/\/agora.xtec.cat\/zerpoblet\/wp-content\/uploads\/usu992\/2023\/03\/icona-eix-300x300.png 300w, https:\/\/agora.xtec.cat\/zerpoblet\/wp-content\/uploads\/usu992\/2023\/03\/icona-eix-150x150.png 150w, https:\/\/agora.xtec.cat\/zerpoblet\/wp-content\/uploads\/usu992\/2023\/03\/icona-eix-768x768.png 768w, https:\/\/agora.xtec.cat\/zerpoblet\/wp-content\/uploads\/usu992\/2023\/03\/icona-eix.png 1023w\" sizes=\"auto, (max-width: 80px) 100vw, 80px\" \/><\/a><\/p>\n<p>&nbsp;<\/p>\n<p>A m\u00e9s, es fa servir la plataforma <a href=\"https:\/\/www.innovamat.com\/es\">Innovamat<\/a>.<\/p>\n<p><a href=\"https:\/\/agora.xtec.cat\/zerpoblet\/wp-content\/uploads\/usu992\/2023\/03\/baixa-2.png\"><img loading=\"lazy\" decoding=\"async\" class=\"wp-image-3864 aligncenter\" src=\"https:\/\/agora.xtec.cat\/zerpoblet\/wp-content\/uploads\/usu992\/2023\/03\/baixa-2-300x74.png\" alt=\"\" width=\"215\" height=\"53\" srcset=\"https:\/\/agora.xtec.cat\/zerpoblet\/wp-content\/uploads\/usu992\/2023\/03\/baixa-2-300x74.png 300w, https:\/\/agora.xtec.cat\/zerpoblet\/wp-content\/uploads\/usu992\/2023\/03\/baixa-2.png 453w\" sizes=\"auto, (max-width: 215px) 100vw, 215px\" \/><\/a><\/p>\n<p>Aix\u00ed com altres eines d&#8217;edici\u00f3, de presentacions, etc.:<\/p>\n<p><a href=\"https:\/\/www.canva.com\/es_es\/\"><img loading=\"lazy\" decoding=\"async\" class=\"wp-image-3861 alignleft\" src=\"https:\/\/agora.xtec.cat\/zerpoblet\/wp-content\/uploads\/usu992\/2023\/03\/baixa-1.png\" alt=\"\" width=\"80\" height=\"80\" srcset=\"https:\/\/agora.xtec.cat\/zerpoblet\/wp-content\/uploads\/usu992\/2023\/03\/baixa-1.png 225w, https:\/\/agora.xtec.cat\/zerpoblet\/wp-content\/uploads\/usu992\/2023\/03\/baixa-1-150x150.png 150w\" sizes=\"auto, (max-width: 80px) 100vw, 80px\" \/><\/a><\/p>\n<p><a href=\"https:\/\/www.audacityteam.org\/\"><img loading=\"lazy\" decoding=\"async\" class=\"wp-image-3862 alignleft\" src=\"https:\/\/agora.xtec.cat\/zerpoblet\/wp-content\/uploads\/usu992\/2023\/03\/Audacity_Logo_nofilter.svg_.png\" alt=\"\" width=\"68\" height=\"68\" \/><\/a><\/p>\n<p><a href=\"https:\/\/musescore.org\/es\"><img loading=\"lazy\" decoding=\"async\" class=\"wp-image-3863 alignleft\" src=\"https:\/\/agora.xtec.cat\/zerpoblet\/wp-content\/uploads\/usu992\/2023\/03\/unnamed-1-300x300.png\" alt=\"\" width=\"72\" height=\"72\" srcset=\"https:\/\/agora.xtec.cat\/zerpoblet\/wp-content\/uploads\/usu992\/2023\/03\/unnamed-1-300x300.png 300w, https:\/\/agora.xtec.cat\/zerpoblet\/wp-content\/uploads\/usu992\/2023\/03\/unnamed-1-150x150.png 150w, https:\/\/agora.xtec.cat\/zerpoblet\/wp-content\/uploads\/usu992\/2023\/03\/unnamed-1.png 512w\" sizes=\"auto, (max-width: 72px) 100vw, 72px\" \/><\/a><\/p>\n<p>&nbsp;<\/p>\n<p>&nbsp;<\/p>\n<p>&nbsp;<\/p>\n<p>En aquest enlla\u00e7, que tamb\u00e9 podreu trobar a la p\u00e0gina inicial, hi podreu trobar el portal on apareixen els tutorials de les eines d&#8217;\u00fas habitual a l&#8217;escola per l&#8217;alumnat.<\/p>\n<h3>Fam\u00edlies<\/h3>\n<p>Si voleu aprendre com funciona les diferents aplicacions, podr\u00e0s trobar-ho <strong>aqu\u00ed<\/strong> en un futur.<\/p>\n<p>La comunicaci\u00f3 a l&#8217;escola la podeu realitzar a trav\u00e9s dels correus electr\u00f2nics seg\u00fcents:<\/p>\n<ul>\n<li><strong>ZER Poblet<\/strong>:<a href=\"mailto:e3009141@xtec.cat\"> e3009141@xtec.cat\u00a0<\/a><\/li>\n<li><strong>Escola del Montgoi<\/strong>: <a href=\"mailto:e3005017@xtec.cat\">e3005017@xtec.cat<\/a><\/li>\n<li><strong>Escola Mare de D\u00e9u dels Torrents<\/strong>: <a href=\"mailto:e3005081@xtec.cat\">e3005081@xtec.cat<\/a><\/li>\n<li><strong>Escola de Blancafort:<\/strong> <a href=\"mailto:e3000603@xtec.cat\">e3000603@xtec.cat<\/a><\/li>\n<\/ul>\n<p>I amb el tutor:<\/p>\n<ul>\n<li><strong>ZER Poblet<\/strong>:<a href=\"mailto:e3009141@xtec.cat\"> e3009141@xtec.cat\u00a0<\/a><\/li>\n<li><strong>Escola del Montgoi<\/strong>: <a href=\"mailto:primariavilaverd@zerpoblet.cat\">primariavilaverd@zerpoblet.cat<\/a>, <a href=\"mailto:eivilaverd@zerpoblet.cat\">eivilaverd<span class=\"\">@zerpoblet.ca<\/span>t<\/a><\/li>\n<li><strong>Escola Mare de D\u00e9u dels Torrents:<\/strong> trav\u00e9s del correu personal de cada docent corporatiu: inicial del nom+cognom@zerpoblet.cat, a educaci\u00f3 infantil ser\u00e0 a trav\u00e9s d&#8217;<a href=\"mailto:ei.vimbodi@zerpoblet.cat\">ei.vimbodi@zerpoblet.cat<\/a>.<\/li>\n<li><strong>Escola de Blancafort<\/strong>: <span class=\" aw5Odc\"><a class=\"XqQF9c\" href=\"mailto:primariablancafort@zerpoblet.cat\" target=\"_blank\" rel=\"noopener\"><em>primariablancafort@zerpoblet.cat<\/em><\/a><\/span><em>, <a class=\"XqQF9c\" href=\"mailto:eiblancafort@zerpoblet.cat\" target=\"_blank\" rel=\"noopener\">eiblancafort@zerpoblet.cat<\/a><\/em><\/li>\n<\/ul>\n<h3><\/h3>\n<p>&nbsp;<\/p>\n<h3>Docents<\/h3>\n<p>Els docents utilitzen les eines digitals per diversos fets:<\/p>\n<ul>\n<li>Comunicaci\u00f3 amb les fam\u00edlies<\/li>\n<li>Projectes i recursos a les classes<\/li>\n<li>Potenciar l&#8217;adquisici\u00f3 de la compet\u00e8ncia digital de l&#8217;alumnat.<\/li>\n<\/ul>\n<p>La comunicaci\u00f3 amb les fam\u00edlies es realitza a trav\u00e9s de:<\/p>\n<p style=\"text-align: center;\">Correu electr\u00f2nic<\/p>\n<p style=\"text-align: center;\">Web de la ZER<\/p>\n<p>Si ets docent, pots clicar a<a href=\"https:\/\/sites.google.com\/xtec.cat\/zerpoblet\/p%C3%A0gina-principal\"> l&#8217;espai docent<\/a> que tamb\u00e9 et trobar\u00e0s a la portada, on tindr\u00e0s acc\u00e9s a tots els documents relatius a l&#8217;acollida digital a l&#8217;escola.<\/p>\n<h4 style=\"text-align: center;\">Compet\u00e8ncia digital docent<\/h4>\n<p>&#8220;El Marc \u00e9s una adaptaci\u00f3 del DigCompEdu per adequar-lo a l&#8217;educaci\u00f3 formal en el sistema educatiu espanyol. Per tant, promou un model d&#8217;ensenyament en qu\u00e8 tot l&#8217;alumnat aconsegueixi un aprenentatge significatiu, motivador i pertinent, adaptat a les necessitats i difer\u00e8ncies personals, que li permeti adquirir i desenvolupar les seves compet\u00e8ncies de forma progressivament aut\u00f2noma treballant en equip amb els seus iguals. Aquests models d&#8217;ensenyament i d&#8217;aprenentatge impliquen tamb\u00e9 un tipus de pr\u00e0ctica docent basat en la col\u00b7laboraci\u00f3, en el context d&#8217;una acci\u00f3 coordinada al centre, amb la participaci\u00f3 de la comunitat educativa&#8221;\u00a0<sub> Extret de <\/sub><sub>https:\/\/educacio.gencat.cat\/ca\/departament\/publicacions\/colleccions\/pla-educacio-digital\/marc-referencia-competencia-digital-docent\/<\/sub><\/p>\n<p><iframe loading=\"lazy\" src=\"https:\/\/drive.google.com\/file\/d\/1ogVO92Wb_mLcCB68t_Blc7PGsxyl7ZSq\/preview\" width=\"640\" height=\"480\"><\/iframe><\/p>\n<p class=\"CDt4Ke zfr3Q\" dir=\"ltr\">El pla de formaci\u00f3 digital del personal del centre, s&#8217;articula en dos moments:<\/p>\n<ul class=\"n8H08c UVNKR\">\n<li class=\"TYR86d zfr3Q\" dir=\"ltr\">\n<p class=\"CDt4Ke zfr3Q\" dir=\"ltr\">Formaci\u00f3 dins el pla d&#8217;acolliment del docent nou en qu\u00e8 se l&#8217;acompanya a trav\u00e9s de l&#8217;acolliment digital.<\/p>\n<\/li>\n<li class=\"TYR86d zfr3Q\" dir=\"ltr\">\n<p class=\"CDt4Ke zfr3Q\" dir=\"ltr\">Formacions del Pla de formaci\u00f3 de zona o formaci\u00f3 interna de centre: de manera peri\u00f2dica, la formaci\u00f3 interna del centre va incorporant aspectes de cultura digital.<\/p>\n<\/li>\n<\/ul>\n<h1><\/h1>\n<h1>Comunicaci\u00f3<\/h1>\n<p>Al Pla de comunicaci\u00f3 de la <strong>ZER Poblet<\/strong> trobareu explicada la comunicaci\u00f3 i l&#8217;acollida digital dels docents, dels alumnes i de les fam\u00edlies. En aquests moments s&#8217;est\u00e0 actualitzant.<\/p>\n<p>&nbsp;<\/p>\n<h1>Serveis digitals<\/h1>\n<p>El conjunt de serveis digitals dels quals disposa l&#8217;escola estan inventariats als <a href=\"https:\/\/sites.google.com\/a\/xtec.cat\/tac-zer-poblet\/recursos-tecnol%C3%B2gics-i-digitals\">Recursos tecnol\u00f2gics i digitals<\/a>.<\/p>\n<p>&nbsp;<\/p>\n<h1><span style=\"color: #339966;\"><span style=\"color: #000000;\">Documentaci\u00f3 b\u00e0sica<\/span>\u00a0<\/span><\/h1>\n<p>La cultura digital apareix en diversos documents del centre.\u00a0 A continuaci\u00f3 especificarem en quins documents ho fa i com:<\/p>\n<h3>Projecte educatiu de centre (PEC)<\/h3>\n<p>En aquests moments s&#8217;est\u00e0 actualitzant el PEC i, per tant, les refer\u00e8ncies a la cultura digital estan essent modificades.<\/p>\n<p>&nbsp;<\/p>\n<h3>NOFC<\/h3>\n<p>En aquests moments s&#8217;est\u00e0 actualitzant el NOFC i, en conseq\u00fc\u00e8ncia, les refer\u00e8ncies a la cultura digital estan essent modificades.<\/p>\n<p>&nbsp;<\/p>\n<h3>Projecte de direcci\u00f3<\/h3>\n<p><iframe loading=\"lazy\" src=\"https:\/\/drive.google.com\/file\/d\/1-kQB7r93VyhywbKBrgpWL_-f5PR2HNJR\/preview\" width=\"640\" height=\"480\"><\/iframe><\/p>\n<p>&nbsp;<\/p>\n<h3>Programaci\u00f3 General Anual (PGA)<\/h3>\n<p>En la PGA apareix referenciat en els objectius del curs a l&#8217;objectiu:<\/p>\n<h6 style=\"text-align: center;\">\u00c0mbit organitzatiu<\/h6>\n<p style=\"text-align: center;\">Treballar en l\u2019estrat\u00e8gia digital de ZER<\/p>\n<p>&nbsp;<\/p>\n<h6 style=\"text-align: center;\">\u00c0mbit pedag\u00f2gic<\/h6>\n<p style=\"text-align: center;\">Millorar la compet\u00e8ncia digital de l\u2019alumnat d\u2019infantil i prim\u00e0ria<\/p>\n","protected":false},"excerpt":{"rendered":"<p>El document de l\u2019EDC ser\u00e0 la refer\u00e8ncia del centre en l\u2019\u00e0mbit de tecnologies digitals. Per tant, \u00e9s important que aquest document reculli la gesti\u00f3 di\u00e0ria de l\u2019organitzaci\u00f3 digital del centre i ens faciliti el seguiment de la transformaci\u00f3 digital del centre. Per aquesta ra\u00f3 hi ha l&#8217;\u00e0rea de Cultura Digital dins d&#8217;aquesta per poder-ho fer [&hellip;]<\/p>\n","protected":false},"author":25,"featured_media":0,"parent":3789,"menu_order":10,"comment_status":"closed","ping_status":"closed","template":"","meta":{"_bbp_topic_count":0,"_bbp_reply_count":0,"_bbp_total_topic_count":0,"_bbp_total_reply_count":0,"_bbp_voice_count":0,"_bbp_anonymous_reply_count":0,"_bbp_topic_count_hidden":0,"_bbp_reply_count_hidden":0,"_bbp_forum_subforum_count":0,"site-sidebar-layout":"default","site-content-layout":"","ast-site-content-layout":"","site-content-style":"default","site-sidebar-style":"default","ast-global-header-display":"","ast-banner-title-visibility":"","ast-main-header-display":"","ast-hfb-above-header-display":"","ast-hfb-below-header-display":"","ast-hfb-mobile-header-display":"","site-post-title":"","ast-breadcrumbs-content":"","ast-featured-img":"","footer-sml-layout":"","theme-transparent-header-meta":"","adv-header-id-meta":"","stick-header-meta":"","header-above-stick-meta":"","header-main-stick-meta":"","header-below-stick-meta":"","astra-migrate-meta-layouts":"default","ast-page-background-enabled":"default","ast-page-background-meta":{"desktop":{"background-color":"var(--ast-global-color-4)","background-image":"","background-repeat":"repeat","background-position":"center center","background-size":"auto","background-attachment":"scroll","background-type":"","background-media":"","overlay-type":"","overlay-color":"","overlay-opacity":"","overlay-gradient":""},"tablet":{"background-color":"","background-image":"","background-repeat":"repeat","background-position":"center center","background-size":"auto","background-attachment":"scroll","background-type":"","background-media":"","overlay-type":"","overlay-color":"","overlay-opacity":"","overlay-gradient":""},"mobile":{"background-color":"","background-image":"","background-repeat":"repeat","background-position":"center center","background-size":"auto","background-attachment":"scroll","background-type":"","background-media":"","overlay-type":"","overlay-color":"","overlay-opacity":"","overlay-gradient":""}},"ast-content-background-meta":{"desktop":{"background-color":"var(--ast-global-color-5)","background-image":"","background-repeat":"repeat","background-position":"center center","background-size":"auto","background-attachment":"scroll","background-type":"","background-media":"","overlay-type":"","overlay-color":"","overlay-opacity":"","overlay-gradient":""},"tablet":{"background-color":"var(--ast-global-color-5)","background-image":"","background-repeat":"repeat","background-position":"center center","background-size":"auto","background-attachment":"scroll","background-type":"","background-media":"","overlay-type":"","overlay-color":"","overlay-opacity":"","overlay-gradient":""},"mobile":{"background-color":"var(--ast-global-color-5)","background-image":"","background-repeat":"repeat","background-position":"center center","background-size":"auto","background-attachment":"scroll","background-type":"","background-media":"","overlay-type":"","overlay-color":"","overlay-opacity":"","overlay-gradient":""}},"footnotes":""},"class_list":["post-3800","page","type-page","status-publish","hentry"],"post_mailing_queue_ids":[],"_links":{"self":[{"href":"https:\/\/agora.xtec.cat\/zerpoblet\/wp-json\/wp\/v2\/pages\/3800","targetHints":{"allow":["GET"]}}],"collection":[{"href":"https:\/\/agora.xtec.cat\/zerpoblet\/wp-json\/wp\/v2\/pages"}],"about":[{"href":"https:\/\/agora.xtec.cat\/zerpoblet\/wp-json\/wp\/v2\/types\/page"}],"author":[{"embeddable":true,"href":"https:\/\/agora.xtec.cat\/zerpoblet\/wp-json\/wp\/v2\/users\/25"}],"replies":[{"embeddable":true,"href":"https:\/\/agora.xtec.cat\/zerpoblet\/wp-json\/wp\/v2\/comments?post=3800"}],"version-history":[{"count":4,"href":"https:\/\/agora.xtec.cat\/zerpoblet\/wp-json\/wp\/v2\/pages\/3800\/revisions"}],"predecessor-version":[{"id":4449,"href":"https:\/\/agora.xtec.cat\/zerpoblet\/wp-json\/wp\/v2\/pages\/3800\/revisions\/4449"}],"up":[{"embeddable":true,"href":"https:\/\/agora.xtec.cat\/zerpoblet\/wp-json\/wp\/v2\/pages\/3789"}],"wp:attachment":[{"href":"https:\/\/agora.xtec.cat\/zerpoblet\/wp-json\/wp\/v2\/media?parent=3800"}],"curies":[{"name":"wp","href":"https:\/\/api.w.org\/{rel}","templated":true}]}}