{"id":281,"date":"2015-07-20T13:38:45","date_gmt":"2015-07-20T12:38:45","guid":{"rendered":"http:\/\/agora.xtec.cat\/zerpoblet\/?page_id=281"},"modified":"2025-01-15T12:53:10","modified_gmt":"2025-01-15T11:53:10","slug":"on-som","status":"publish","type":"page","link":"https:\/\/agora.xtec.cat\/zerpoblet\/escoles\/escola-blancafort\/on-som\/","title":{"rendered":"On som"},"content":{"rendered":"<p style=\"color: #666666;\">Ens trobem al municipi de\u00a0<a href=\"http:\/\/www.blancafort.altanet.org\/\" target=\"_blank\" rel=\"noopener\">Blancafort<\/a>, d\u2019uns 400 habitants aproximadament, a la comarca de La Conca de Barber\u00e0, al nord de la prov\u00edncia de Tarragona. Al nostre poble destaquen els nous i complets equipaments p\u00fablics (alberg municipal, casal dels joves, centre de dia i casal de la gent gran, piscines, escola, etc) i una intensa i animada activitat cultural, esportiva i associativa.<\/p>\n<p style=\"color: #666666;\"><strong>Escola\u00a0de Blancafort<\/strong><br \/>\nRaval del Portell, 1<br \/>\n43411 Blancafort<\/p>\n<p style=\"color: #666666;\">977 892 175<\/p>\n<p style=\"color: #666666;\"><a href=\"mailto:e3000603@xtec.cat\">e3000603@xtec.cat<\/a><\/p>\n<p>&nbsp;<\/p>\n<p><iframe loading=\"lazy\" style=\"border: 0;\" src=\"https:\/\/www.google.com\/maps\/embed?pb=!1m18!1m12!1m3!1d2991.0042939395225!2d1.1568803154273954!3d41.43912847925941!2m3!1f0!2f0!3f0!3m2!1i1024!2i768!4f13.1!3m3!1m2!1s0x12a6a6214a3769ef%3A0x2c32a8d0c9c6a829!2sRaval+del+Portell%2C+1%2C+43411+Blancafort%2C+Tarragona!5e0!3m2!1sca!2ses!4v1485191672532\" width=\"600\" height=\"450\" frameborder=\"0\" allowfullscreen=\"allowfullscreen\"><\/iframe><\/p>\n<p>&nbsp;<\/p>\n","protected":false},"excerpt":{"rendered":"<p>Ens trobem al municipi de\u00a0Blancafort, d\u2019uns 400 habitants aproximadament, a la comarca de La Conca de Barber\u00e0, al nord de la prov\u00edncia de Tarragona. Al nostre poble destaquen els nous i complets equipaments p\u00fablics (alberg municipal, casal dels joves, centre de dia i casal de la gent gran, piscines, escola, etc) i una intensa i [&hellip;]<\/p>\n","protected":false},"author":1,"featured_media":0,"parent":270,"menu_order":30,"comment_status":"closed","ping_status":"closed","template":"page-templates\/side-menu.php","meta":{"_bbp_topic_count":0,"_bbp_reply_count":0,"_bbp_total_topic_count":0,"_bbp_total_reply_count":0,"_bbp_voice_count":0,"_bbp_anonymous_reply_count":0,"_bbp_topic_count_hidden":0,"_bbp_reply_count_hidden":0,"_bbp_forum_subforum_count":0,"site-sidebar-layout":"default","site-content-layout":"","ast-site-content-layout":"","site-content-style":"default","site-sidebar-style":"default","ast-global-header-display":"","ast-banner-title-visibility":"","ast-main-header-display":"","ast-hfb-above-header-display":"","ast-hfb-below-header-display":"","ast-hfb-mobile-header-display":"","site-post-title":"","ast-breadcrumbs-content":"","ast-featured-img":"","footer-sml-layout":"","theme-transparent-header-meta":"","adv-header-id-meta":"","stick-header-meta":"","header-above-stick-meta":"","header-main-stick-meta":"","header-below-stick-meta":"","astra-migrate-meta-layouts":"default","ast-page-background-enabled":"default","ast-page-background-meta":{"desktop":{"background-color":"var(--ast-global-color-4)","background-image":"","background-repeat":"repeat","background-position":"center center","background-size":"auto","background-attachment":"scroll","background-type":"","background-media":"","overlay-type":"","overlay-color":"","overlay-opacity":"","overlay-gradient":""},"tablet":{"background-color":"","background-image":"","background-repeat":"repeat","background-position":"center center","background-size":"auto","background-attachment":"scroll","background-type":"","background-media":"","overlay-type":"","overlay-color":"","overlay-opacity":"","overlay-gradient":""},"mobile":{"background-color":"","background-image":"","background-repeat":"repeat","background-position":"center center","background-size":"auto","background-attachment":"scroll","background-type":"","background-media":"","overlay-type":"","overlay-color":"","overlay-opacity":"","overlay-gradient":""}},"ast-content-background-meta":{"desktop":{"background-color":"var(--ast-global-color-5)","background-image":"","background-repeat":"repeat","background-position":"center center","background-size":"auto","background-attachment":"scroll","background-type":"","background-media":"","overlay-type":"","overlay-color":"","overlay-opacity":"","overlay-gradient":""},"tablet":{"background-color":"var(--ast-global-color-5)","background-image":"","background-repeat":"repeat","background-position":"center center","background-size":"auto","background-attachment":"scroll","background-type":"","background-media":"","overlay-type":"","overlay-color":"","overlay-opacity":"","overlay-gradient":""},"mobile":{"background-color":"var(--ast-global-color-5)","background-image":"","background-repeat":"repeat","background-position":"center center","background-size":"auto","background-attachment":"scroll","background-type":"","background-media":"","overlay-type":"","overlay-color":"","overlay-opacity":"","overlay-gradient":""}},"footnotes":""},"class_list":["post-281","page","type-page","status-publish","hentry"],"post_mailing_queue_ids":[],"_links":{"self":[{"href":"https:\/\/agora.xtec.cat\/zerpoblet\/wp-json\/wp\/v2\/pages\/281","targetHints":{"allow":["GET"]}}],"collection":[{"href":"https:\/\/agora.xtec.cat\/zerpoblet\/wp-json\/wp\/v2\/pages"}],"about":[{"href":"https:\/\/agora.xtec.cat\/zerpoblet\/wp-json\/wp\/v2\/types\/page"}],"author":[{"embeddable":true,"href":"https:\/\/agora.xtec.cat\/zerpoblet\/wp-json\/wp\/v2\/users\/1"}],"replies":[{"embeddable":true,"href":"https:\/\/agora.xtec.cat\/zerpoblet\/wp-json\/wp\/v2\/comments?post=281"}],"version-history":[{"count":5,"href":"https:\/\/agora.xtec.cat\/zerpoblet\/wp-json\/wp\/v2\/pages\/281\/revisions"}],"predecessor-version":[{"id":5021,"href":"https:\/\/agora.xtec.cat\/zerpoblet\/wp-json\/wp\/v2\/pages\/281\/revisions\/5021"}],"up":[{"embeddable":true,"href":"https:\/\/agora.xtec.cat\/zerpoblet\/wp-json\/wp\/v2\/pages\/270"}],"wp:attachment":[{"href":"https:\/\/agora.xtec.cat\/zerpoblet\/wp-json\/wp\/v2\/media?parent=281"}],"curies":[{"name":"wp","href":"https:\/\/api.w.org\/{rel}","templated":true}]}}