{"id":261,"date":"2015-07-20T13:05:00","date_gmt":"2015-07-20T12:05:00","guid":{"rendered":"http:\/\/agora.xtec.cat\/zerpoblet\/?page_id=261"},"modified":"2025-09-02T14:25:08","modified_gmt":"2025-09-02T12:25:08","slug":"qui-som","status":"publish","type":"page","link":"https:\/\/agora.xtec.cat\/zerpoblet\/escoles\/escola-md-torrents\/qui-som\/","title":{"rendered":"Qui som"},"content":{"rendered":"<p>En aquest curs 2025-2026 la nostra escola t\u00e9 tres grups, un d&#8217;Educaci\u00f3 Infantil i dos d&#8217;Educaci\u00f3 Prim\u00e0ria. En total uns 43 alumnes.<\/p>\n<p>Com que aquest curs estem treballant el projecte interdisciplinari &#8220;Gaud\u00ed i el Modernisme&#8221; hem triat per anomenar les classes noms relacionats amb aquest tema.<\/p>\n<ul>\n<li>A m\u00e9s a m\u00e9s de les mestres tutores tamb\u00e9 s\u00f3n mestres de l&#8217;escola els especialistes itinerants:\n<ul>\n<li>Angl\u00e8s:\u00a0 Enri<\/li>\n<li>Educaci\u00f3 F\u00edsica: Nat\u00e0lia<\/li>\n<li>M\u00fasica: Isabel<\/li>\n<li>Religi\u00f3: Merc\u00e8<\/li>\n<li>Educaci\u00f3 Especial: Cristina<\/li>\n<\/ul>\n<\/li>\n<li>La directora de l&#8217;escola \u00e9s la Anna Capdevila i la secret\u00e0ria Montse Past\u00f3.<\/li>\n<\/ul>\n","protected":false},"excerpt":{"rendered":"<p>En aquest curs 2025-2026 la nostra escola t\u00e9 tres grups, un d&#8217;Educaci\u00f3 Infantil i dos d&#8217;Educaci\u00f3 Prim\u00e0ria. En total uns 43 alumnes. Com que aquest curs estem treballant el projecte interdisciplinari &#8220;Gaud\u00ed i el Modernisme&#8221; hem triat per anomenar les classes noms relacionats amb aquest tema. A m\u00e9s a m\u00e9s de les mestres tutores tamb\u00e9 [&hellip;]<\/p>\n","protected":false},"author":1,"featured_media":0,"parent":264,"menu_order":10,"comment_status":"closed","ping_status":"closed","template":"","meta":{"_bbp_topic_count":0,"_bbp_reply_count":0,"_bbp_total_topic_count":0,"_bbp_total_reply_count":0,"_bbp_voice_count":0,"_bbp_anonymous_reply_count":0,"_bbp_topic_count_hidden":0,"_bbp_reply_count_hidden":0,"_bbp_forum_subforum_count":0,"site-sidebar-layout":"default","site-content-layout":"","ast-site-content-layout":"default","site-content-style":"default","site-sidebar-style":"default","ast-global-header-display":"","ast-banner-title-visibility":"","ast-main-header-display":"","ast-hfb-above-header-display":"","ast-hfb-below-header-display":"","ast-hfb-mobile-header-display":"","site-post-title":"","ast-breadcrumbs-content":"","ast-featured-img":"","footer-sml-layout":"","theme-transparent-header-meta":"default","adv-header-id-meta":"","stick-header-meta":"","header-above-stick-meta":"","header-main-stick-meta":"","header-below-stick-meta":"","astra-migrate-meta-layouts":"set","ast-page-background-enabled":"default","ast-page-background-meta":{"desktop":{"background-color":"var(--ast-global-color-4)","background-image":"","background-repeat":"repeat","background-position":"center center","background-size":"auto","background-attachment":"scroll","background-type":"","background-media":"","overlay-type":"","overlay-color":"","overlay-opacity":"","overlay-gradient":""},"tablet":{"background-color":"","background-image":"","background-repeat":"repeat","background-position":"center center","background-size":"auto","background-attachment":"scroll","background-type":"","background-media":"","overlay-type":"","overlay-color":"","overlay-opacity":"","overlay-gradient":""},"mobile":{"background-color":"","background-image":"","background-repeat":"repeat","background-position":"center center","background-size":"auto","background-attachment":"scroll","background-type":"","background-media":"","overlay-type":"","overlay-color":"","overlay-opacity":"","overlay-gradient":""}},"ast-content-background-meta":{"desktop":{"background-color":"var(--ast-global-color-5)","background-image":"","background-repeat":"repeat","background-position":"center center","background-size":"auto","background-attachment":"scroll","background-type":"","background-media":"","overlay-type":"","overlay-color":"","overlay-opacity":"","overlay-gradient":""},"tablet":{"background-color":"var(--ast-global-color-5)","background-image":"","background-repeat":"repeat","background-position":"center center","background-size":"auto","background-attachment":"scroll","background-type":"","background-media":"","overlay-type":"","overlay-color":"","overlay-opacity":"","overlay-gradient":""},"mobile":{"background-color":"var(--ast-global-color-5)","background-image":"","background-repeat":"repeat","background-position":"center center","background-size":"auto","background-attachment":"scroll","background-type":"","background-media":"","overlay-type":"","overlay-color":"","overlay-opacity":"","overlay-gradient":""}},"footnotes":""},"class_list":["post-261","page","type-page","status-publish","hentry"],"post_mailing_queue_ids":[],"_links":{"self":[{"href":"https:\/\/agora.xtec.cat\/zerpoblet\/wp-json\/wp\/v2\/pages\/261","targetHints":{"allow":["GET"]}}],"collection":[{"href":"https:\/\/agora.xtec.cat\/zerpoblet\/wp-json\/wp\/v2\/pages"}],"about":[{"href":"https:\/\/agora.xtec.cat\/zerpoblet\/wp-json\/wp\/v2\/types\/page"}],"author":[{"embeddable":true,"href":"https:\/\/agora.xtec.cat\/zerpoblet\/wp-json\/wp\/v2\/users\/1"}],"replies":[{"embeddable":true,"href":"https:\/\/agora.xtec.cat\/zerpoblet\/wp-json\/wp\/v2\/comments?post=261"}],"version-history":[{"count":7,"href":"https:\/\/agora.xtec.cat\/zerpoblet\/wp-json\/wp\/v2\/pages\/261\/revisions"}],"predecessor-version":[{"id":5436,"href":"https:\/\/agora.xtec.cat\/zerpoblet\/wp-json\/wp\/v2\/pages\/261\/revisions\/5436"}],"up":[{"embeddable":true,"href":"https:\/\/agora.xtec.cat\/zerpoblet\/wp-json\/wp\/v2\/pages\/264"}],"wp:attachment":[{"href":"https:\/\/agora.xtec.cat\/zerpoblet\/wp-json\/wp\/v2\/media?parent=261"}],"curies":[{"name":"wp","href":"https:\/\/api.w.org\/{rel}","templated":true}]}}