{"id":2636,"date":"2021-03-05T10:31:09","date_gmt":"2021-03-05T09:31:09","guid":{"rendered":"http:\/\/agora.xtec.cat\/zerpallarsjussa\/?page_id=2636"},"modified":"2022-03-17T13:43:52","modified_gmt":"2022-03-17T12:43:52","slug":"apadrinem-el-patrimoni","status":"publish","type":"page","link":"https:\/\/agora.xtec.cat\/zerpallarsjussa\/escola-aeso-4\/escola-aeso\/apadrinem-el-patrimoni\/","title":{"rendered":"Apadrinem el nostre patrimoni."},"content":{"rendered":"<p>Projecte d&#8217;innovaci\u00f3 pedag\u00f2gica.<\/p>\n<p>&nbsp;<\/p>\n<p><a href=\"https:\/\/agora.xtec.cat\/zerpallarsjussa\/wp-content\/uploads\/usu576\/2020\/07\/1.-Ob\u00e8lix-ajuda-escola.jpg\"><img loading=\"lazy\" decoding=\"async\" class=\"alignnone wp-image-2372\" src=\"https:\/\/agora.xtec.cat\/zerpallarsjussa\/wp-content\/uploads\/usu576\/2020\/07\/1.-Ob\u00e8lix-ajuda-escola-724x1024.jpg\" alt=\"\" width=\"414\" height=\"586\" srcset=\"https:\/\/agora.xtec.cat\/zerpallarsjussa\/wp-content\/uploads\/usu576\/2020\/07\/1.-Ob\u00e8lix-ajuda-escola-724x1024.jpg 724w, https:\/\/agora.xtec.cat\/zerpallarsjussa\/wp-content\/uploads\/usu576\/2020\/07\/1.-Ob\u00e8lix-ajuda-escola-212x300.jpg 212w, https:\/\/agora.xtec.cat\/zerpallarsjussa\/wp-content\/uploads\/usu576\/2020\/07\/1.-Ob\u00e8lix-ajuda-escola-768x1086.jpg 768w, https:\/\/agora.xtec.cat\/zerpallarsjussa\/wp-content\/uploads\/usu576\/2020\/07\/1.-Ob\u00e8lix-ajuda-escola.jpg 1587w\" sizes=\"auto, (max-width: 414px) 100vw, 414px\" \/><\/a> <a href=\"https:\/\/agora.xtec.cat\/zerpallarsjussa\/wp-content\/uploads\/usu576\/2020\/07\/2.-Ast\u00e8rix-pergam\u00ed-Panor\u00e0mix.jpg\"><img loading=\"lazy\" decoding=\"async\" class=\"alignnone wp-image-2373\" src=\"https:\/\/agora.xtec.cat\/zerpallarsjussa\/wp-content\/uploads\/usu576\/2020\/07\/2.-Ast\u00e8rix-pergam\u00ed-Panor\u00e0mix-724x1024.jpg\" alt=\"\" width=\"360\" height=\"509\" srcset=\"https:\/\/agora.xtec.cat\/zerpallarsjussa\/wp-content\/uploads\/usu576\/2020\/07\/2.-Ast\u00e8rix-pergam\u00ed-Panor\u00e0mix-724x1024.jpg 724w, https:\/\/agora.xtec.cat\/zerpallarsjussa\/wp-content\/uploads\/usu576\/2020\/07\/2.-Ast\u00e8rix-pergam\u00ed-Panor\u00e0mix-212x300.jpg 212w, https:\/\/agora.xtec.cat\/zerpallarsjussa\/wp-content\/uploads\/usu576\/2020\/07\/2.-Ast\u00e8rix-pergam\u00ed-Panor\u00e0mix-768x1086.jpg 768w, https:\/\/agora.xtec.cat\/zerpallarsjussa\/wp-content\/uploads\/usu576\/2020\/07\/2.-Ast\u00e8rix-pergam\u00ed-Panor\u00e0mix.jpg 1587w\" sizes=\"auto, (max-width: 360px) 100vw, 360px\" \/><\/a> <a href=\"https:\/\/agora.xtec.cat\/zerpallarsjussa\/wp-content\/uploads\/usu576\/2020\/07\/3.-Panor\u00e0mix-pergam\u00ed-llati.jpg\"><img loading=\"lazy\" decoding=\"async\" class=\"alignnone wp-image-2374\" src=\"https:\/\/agora.xtec.cat\/zerpallarsjussa\/wp-content\/uploads\/usu576\/2020\/07\/3.-Panor\u00e0mix-pergam\u00ed-llati-724x1024.jpg\" alt=\"\" width=\"511\" height=\"723\" srcset=\"https:\/\/agora.xtec.cat\/zerpallarsjussa\/wp-content\/uploads\/usu576\/2020\/07\/3.-Panor\u00e0mix-pergam\u00ed-llati-724x1024.jpg 724w, https:\/\/agora.xtec.cat\/zerpallarsjussa\/wp-content\/uploads\/usu576\/2020\/07\/3.-Panor\u00e0mix-pergam\u00ed-llati-212x300.jpg 212w, https:\/\/agora.xtec.cat\/zerpallarsjussa\/wp-content\/uploads\/usu576\/2020\/07\/3.-Panor\u00e0mix-pergam\u00ed-llati-768x1086.jpg 768w, https:\/\/agora.xtec.cat\/zerpallarsjussa\/wp-content\/uploads\/usu576\/2020\/07\/3.-Panor\u00e0mix-pergam\u00ed-llati.jpg 1587w\" sizes=\"auto, (max-width: 511px) 100vw, 511px\" \/><\/a><\/p>\n<p>&nbsp;<\/p>\n<p>Durant aquest curs escolar hem estat treballant &#8220;<strong>Els romans<\/strong>&#8221; com a projecte interdisciplinari. Vam iniciar-lo amb una escenificaci\u00f3 de l&#8217;Asterix i l&#8217;Obelix arribant a l&#8217;escola i fent una pluja d&#8217;idees de tot all\u00f2 que sab\u00edem i el qu\u00e8 vol\u00edem saber sobre els romans. Durant el curs s&#8217;han realitzat varies activitats.<\/p>\n<p><strong>Recull de treballs d&#8217;infantil<\/strong><\/p>\n\r\n\t<div class=\"slideshow_container slideshow_container_style-light\" style=\"height: 300px; \" data-slideshow-id=\"2389\" data-style-name=\"style-light\" data-style-version=\"2.3.1\" >\r\n\r\n\t\t\t\t\t<div class=\"slideshow_loading_icon\"><\/div>\r\n\t\t\r\n\t\t<div class=\"slideshow_content\" style=\"display: none;\">\r\n\r\n\t\t\t<div class=\"slideshow_view\">\r\n\t\t\t\t<div class=\"slideshow_slide slideshow_slide_image\">\r\n\t\t\t\t\t\t\t\t\t\t\t<img src=\"https:\/\/agora.xtec.cat\/zerpallarsjussa\/wp-content\/uploads\/usu576\/2020\/08\/20200809_214210_d1ace97083a0.jpg\" alt=\"20200809_214210_d1ace97083a0\" width=\"225\" height=\"500\" \/>\r\n\t\t\t\t\t\t\t\t\t\t<div class=\"slideshow_description_box slideshow_transparent\">\r\n\t\t\t\t\t\t\t\t\t\t\t\t\t\t\t\t\t<\/div>\r\n\t\t\t\t<\/div>\r\n\r\n\t\t\t\t\t\t<div style=\"clear: both;\"><\/div><\/div><div class=\"slideshow_view\">\r\n\t\t\t\t<div class=\"slideshow_slide slideshow_slide_image\">\r\n\t\t\t\t\t\t\t\t\t\t\t<img src=\"https:\/\/agora.xtec.cat\/zerpallarsjussa\/wp-content\/uploads\/usu576\/2020\/08\/20200809_214140_4eefae4693dc.jpg\" alt=\"20200809_214140_4eefae4693dc\" width=\"480\" height=\"480\" \/>\r\n\t\t\t\t\t\t\t\t\t\t<div class=\"slideshow_description_box slideshow_transparent\">\r\n\t\t\t\t\t\t\t\t\t\t\t\t\t\t\t\t\t<\/div>\r\n\t\t\t\t<\/div>\r\n\r\n\t\t\t\t\t\t<div style=\"clear: both;\"><\/div><\/div><div class=\"slideshow_view\">\r\n\t\t\t\t<div class=\"slideshow_slide slideshow_slide_image\">\r\n\t\t\t\t\t\t\t\t\t\t\t<img src=\"https:\/\/agora.xtec.cat\/zerpallarsjussa\/wp-content\/uploads\/usu576\/2020\/08\/20200809_214129_50ab93f0f3d0.jpg\" alt=\"20200809_214129_50ab93f0f3d0\" width=\"480\" height=\"480\" \/>\r\n\t\t\t\t\t\t\t\t\t\t<div class=\"slideshow_description_box slideshow_transparent\">\r\n\t\t\t\t\t\t\t\t\t\t\t\t\t\t\t\t\t<\/div>\r\n\t\t\t\t<\/div>\r\n\r\n\t\t\t\t\t\t<div style=\"clear: both;\"><\/div><\/div><div class=\"slideshow_view\">\r\n\t\t\t\t<div class=\"slideshow_slide slideshow_slide_image\">\r\n\t\t\t\t\t\t\t\t\t\t\t<img src=\"https:\/\/agora.xtec.cat\/zerpallarsjussa\/wp-content\/uploads\/usu576\/2020\/08\/20200809_214112_32b59e2bee43.jpg\" alt=\"20200809_214112_32b59e2bee43\" width=\"480\" height=\"480\" \/>\r\n\t\t\t\t\t\t\t\t\t\t<div class=\"slideshow_description_box slideshow_transparent\">\r\n\t\t\t\t\t\t\t\t\t\t\t\t\t\t\t\t\t<\/div>\r\n\t\t\t\t<\/div>\r\n\r\n\t\t\t\t\t\t<div style=\"clear: both;\"><\/div><\/div><div class=\"slideshow_view\">\r\n\t\t\t\t<div class=\"slideshow_slide slideshow_slide_image\">\r\n\t\t\t\t\t\t\t\t\t\t\t<img src=\"https:\/\/agora.xtec.cat\/zerpallarsjussa\/wp-content\/uploads\/usu576\/2020\/08\/20200809_214049_de2fb46ab114.jpg\" alt=\"20200809_214049_de2fb46ab114\" width=\"864\" height=\"1152\" \/>\r\n\t\t\t\t\t\t\t\t\t\t<div class=\"slideshow_description_box slideshow_transparent\">\r\n\t\t\t\t\t\t\t\t\t\t\t\t\t\t\t\t\t<\/div>\r\n\t\t\t\t<\/div>\r\n\r\n\t\t\t\t\t\t<div style=\"clear: both;\"><\/div><\/div><div class=\"slideshow_view\">\r\n\t\t\t\t<div class=\"slideshow_slide slideshow_slide_image\">\r\n\t\t\t\t\t\t\t\t\t\t\t<img src=\"https:\/\/agora.xtec.cat\/zerpallarsjussa\/wp-content\/uploads\/usu576\/2020\/08\/20200809_213926_5fd5deb9564d.jpg\" alt=\"20200809_213926_5fd5deb9564d\" width=\"390\" height=\"520\" \/>\r\n\t\t\t\t\t\t\t\t\t\t<div class=\"slideshow_description_box slideshow_transparent\">\r\n\t\t\t\t\t\t\t\t\t\t\t\t\t\t\t\t\t<\/div>\r\n\t\t\t\t<\/div>\r\n\r\n\t\t\t\t\t\t<div style=\"clear: both;\"><\/div><\/div>\r\n\t\t<\/div>\r\n\r\n\t\t<div class=\"slideshow_controlPanel slideshow_transparent\" style=\"display: none;\"><ul><li class=\"slideshow_togglePlay\" data-play-text=\"Visualitza\" data-pause-text=\"Pausa\"><\/li><\/ul><\/div>\r\n\r\n\t\t<div class=\"slideshow_button slideshow_previous slideshow_transparent\" role=\"button\" data-previous-text=\"Anterior\" style=\"display: none;\"><\/div>\r\n\t\t<div class=\"slideshow_button slideshow_next slideshow_transparent\" role=\"button\" data-next-text=\"Seg\u00fcent\" style=\"display: none;\"><\/div>\r\n\r\n\t\t<div class=\"slideshow_pagination\" style=\"display: none;\" data-go-to-text=\"V\u00e9s a la diapositiva\"><div class=\"slideshow_pagination_center\"><\/div><\/div>\r\n\r\n\t\t<!-- WordPress Slideshow Version 2.3.1 -->\r\n\r\n\t\t\t<\/div>\r\n\r\n\n<p><strong>Cicle inicial<\/strong><\/p>\n<p><a href=\"https:\/\/agora.xtec.cat\/zerpallarsjussa\/wp-content\/uploads\/usu576\/2020\/07\/projecte-romans-CI-Aeso.pdf\">projecte romans CI Aeso<\/a><\/p>\n<p><strong>Cicle mitj\u00e0<\/strong><\/p>\n<p><a href=\"https:\/\/agora.xtec.cat\/zerpallarsjussa\/wp-content\/uploads\/usu576\/2020\/07\/Recull-treballs-Romans-CM.pptx\">Recull treballs Romans CM<\/a><\/p>\n<p>#apadrinemelnostreterritori<\/p>\n","protected":false},"excerpt":{"rendered":"<p>Projecte d&#8217;innovaci\u00f3 pedag\u00f2gica. &nbsp; &nbsp; Durant aquest curs escolar hem estat treballant &#8220;Els romans&#8221; com a projecte interdisciplinari. Vam iniciar-lo amb una escenificaci\u00f3 de l&#8217;Asterix i l&#8217;Obelix arribant a l&#8217;escola i fent una pluja d&#8217;idees de tot all\u00f2 que sab\u00edem i el qu\u00e8 vol\u00edem saber sobre els romans. Durant el curs s&#8217;han realitzat varies activitats. [&hellip;]<\/p>\n","protected":false},"author":1,"featured_media":0,"parent":2442,"menu_order":0,"comment_status":"closed","ping_status":"closed","template":"page-templates\/side-menu.php","meta":{"_bbp_topic_count":0,"_bbp_reply_count":0,"_bbp_total_topic_count":0,"_bbp_total_reply_count":0,"_bbp_voice_count":0,"_bbp_anonymous_reply_count":0,"_bbp_topic_count_hidden":0,"_bbp_reply_count_hidden":0,"_bbp_forum_subforum_count":0,"site-sidebar-layout":"default","site-content-layout":"","ast-site-content-layout":"","site-content-style":"default","site-sidebar-style":"default","ast-global-header-display":"","ast-banner-title-visibility":"","ast-main-header-display":"","ast-hfb-above-header-display":"","ast-hfb-below-header-display":"","ast-hfb-mobile-header-display":"","site-post-title":"","ast-breadcrumbs-content":"","ast-featured-img":"","footer-sml-layout":"","theme-transparent-header-meta":"","adv-header-id-meta":"","stick-header-meta":"","header-above-stick-meta":"","header-main-stick-meta":"","header-below-stick-meta":"","astra-migrate-meta-layouts":"default","ast-page-background-enabled":"default","ast-page-background-meta":{"desktop":{"background-color":"var(--ast-global-color-4)","background-image":"","background-repeat":"repeat","background-position":"center center","background-size":"auto","background-attachment":"scroll","background-type":"","background-media":"","overlay-type":"","overlay-color":"","overlay-opacity":"","overlay-gradient":""},"tablet":{"background-color":"","background-image":"","background-repeat":"repeat","background-position":"center center","background-size":"auto","background-attachment":"scroll","background-type":"","background-media":"","overlay-type":"","overlay-color":"","overlay-opacity":"","overlay-gradient":""},"mobile":{"background-color":"","background-image":"","background-repeat":"repeat","background-position":"center center","background-size":"auto","background-attachment":"scroll","background-type":"","background-media":"","overlay-type":"","overlay-color":"","overlay-opacity":"","overlay-gradient":""}},"ast-content-background-meta":{"desktop":{"background-color":"var(--ast-global-color-5)","background-image":"","background-repeat":"repeat","background-position":"center center","background-size":"auto","background-attachment":"scroll","background-type":"","background-media":"","overlay-type":"","overlay-color":"","overlay-opacity":"","overlay-gradient":""},"tablet":{"background-color":"var(--ast-global-color-5)","background-image":"","background-repeat":"repeat","background-position":"center center","background-size":"auto","background-attachment":"scroll","background-type":"","background-media":"","overlay-type":"","overlay-color":"","overlay-opacity":"","overlay-gradient":""},"mobile":{"background-color":"var(--ast-global-color-5)","background-image":"","background-repeat":"repeat","background-position":"center center","background-size":"auto","background-attachment":"scroll","background-type":"","background-media":"","overlay-type":"","overlay-color":"","overlay-opacity":"","overlay-gradient":""}},"footnotes":""},"class_list":["post-2636","page","type-page","status-publish","hentry"],"post_mailing_queue_ids":[],"_links":{"self":[{"href":"https:\/\/agora.xtec.cat\/zerpallarsjussa\/wp-json\/wp\/v2\/pages\/2636","targetHints":{"allow":["GET"]}}],"collection":[{"href":"https:\/\/agora.xtec.cat\/zerpallarsjussa\/wp-json\/wp\/v2\/pages"}],"about":[{"href":"https:\/\/agora.xtec.cat\/zerpallarsjussa\/wp-json\/wp\/v2\/types\/page"}],"author":[{"embeddable":true,"href":"https:\/\/agora.xtec.cat\/zerpallarsjussa\/wp-json\/wp\/v2\/users\/1"}],"replies":[{"embeddable":true,"href":"https:\/\/agora.xtec.cat\/zerpallarsjussa\/wp-json\/wp\/v2\/comments?post=2636"}],"version-history":[{"count":3,"href":"https:\/\/agora.xtec.cat\/zerpallarsjussa\/wp-json\/wp\/v2\/pages\/2636\/revisions"}],"predecessor-version":[{"id":2985,"href":"https:\/\/agora.xtec.cat\/zerpallarsjussa\/wp-json\/wp\/v2\/pages\/2636\/revisions\/2985"}],"up":[{"embeddable":true,"href":"https:\/\/agora.xtec.cat\/zerpallarsjussa\/wp-json\/wp\/v2\/pages\/2442"}],"wp:attachment":[{"href":"https:\/\/agora.xtec.cat\/zerpallarsjussa\/wp-json\/wp\/v2\/media?parent=2636"}],"curies":[{"name":"wp","href":"https:\/\/api.w.org\/{rel}","templated":true}]}}