{"id":2442,"date":"2020-10-14T09:38:26","date_gmt":"2020-10-14T07:38:26","guid":{"rendered":"http:\/\/agora.xtec.cat\/zerpallarsjussa\/?page_id=2442"},"modified":"2025-09-23T12:10:26","modified_gmt":"2025-09-23T10:10:26","slug":"escola-aeso","status":"publish","type":"page","link":"https:\/\/agora.xtec.cat\/zerpallarsjussa\/escola-aeso-4\/escola-aeso\/","title":{"rendered":"L&#8217;escola"},"content":{"rendered":"<p>L&#8217;Escola Aeso d&#8217;Isona i Conca Dell\u00e0 som un centre p\u00fablic d&#8217;educaci\u00f3 infantil i prim\u00e0ria situat al municipi d&#8217;Isona i Conca Dell\u00e0, a la comarca del Pallars Juss\u00e0. Formem part de la ZER Pallars Juss\u00e0 conjuntament amb l\u2019Escola de La Vall Fosca i l\u2019escola de Sal\u00e0s.<\/p>\n<p>La nostra escola es distingeix per ser una escola situada en un entorn rural, fet que aprofitem per desenvolupar projectes pedag\u00f2gics relacionats amb la natura i el medi ambient. L&#8217;equip docent del centre promovem la creaci\u00f3 d\u2019una comunitat educativa activa i participativa amb projectes a l\u2019entorn. A m\u00e9s a m\u00e9s apostem per metodologies actives, on l&#8217;alumne \u00e9s el protagonista del seu propi aprenentatge, fomentant la creativitat i el pensament cr\u00edtic.<\/p>\n<p>L&#8217;escola rep el nom d&#8217;Aeso, en refer\u00e8ncia a una antiga ciutat romana que es trobava al mateix terme municipal.<\/p>\n<p>&nbsp;<\/p>\n<p><a href=\"https:\/\/agora.xtec.cat\/zerpallarsjussa\/categoria\/escola-aeso\/\"><img loading=\"lazy\" decoding=\"async\" class=\"alignnone size-full wp-image-2458\" src=\"https:\/\/agora.xtec.cat\/zerpallarsjussa\/wp-content\/uploads\/usu576\/2020\/10\/aeso.jpg\" alt=\"\" width=\"273\" height=\"185\" \/><\/a><\/p>\n<p><a href=\"https:\/\/agora.xtec.cat\/zerpallarsjussa\/categoria\/escola-aeso\/\">https:\/\/agora.xtec.cat\/zerpallarsjussa\/categoria\/escola-aeso\/<\/a><\/p>\n","protected":false},"excerpt":{"rendered":"<p>L&#8217;Escola Aeso d&#8217;Isona i Conca Dell\u00e0 som un centre p\u00fablic d&#8217;educaci\u00f3 infantil i prim\u00e0ria situat al municipi d&#8217;Isona i Conca Dell\u00e0, a la comarca del Pallars Juss\u00e0. Formem part de la ZER Pallars Juss\u00e0 conjuntament amb l\u2019Escola de La Vall Fosca i l\u2019escola de Sal\u00e0s. La nostra escola es distingeix per ser una escola situada [&hellip;]<\/p>\n","protected":false},"author":1,"featured_media":0,"parent":5075,"menu_order":1,"comment_status":"closed","ping_status":"closed","template":"","meta":{"_bbp_topic_count":0,"_bbp_reply_count":0,"_bbp_total_topic_count":0,"_bbp_total_reply_count":0,"_bbp_voice_count":0,"_bbp_anonymous_reply_count":0,"_bbp_topic_count_hidden":0,"_bbp_reply_count_hidden":0,"_bbp_forum_subforum_count":0,"site-sidebar-layout":"default","site-content-layout":"","ast-site-content-layout":"default","site-content-style":"default","site-sidebar-style":"default","ast-global-header-display":"","ast-banner-title-visibility":"","ast-main-header-display":"","ast-hfb-above-header-display":"","ast-hfb-below-header-display":"","ast-hfb-mobile-header-display":"","site-post-title":"","ast-breadcrumbs-content":"","ast-featured-img":"","footer-sml-layout":"","theme-transparent-header-meta":"default","adv-header-id-meta":"","stick-header-meta":"","header-above-stick-meta":"","header-main-stick-meta":"","header-below-stick-meta":"","astra-migrate-meta-layouts":"set","ast-page-background-enabled":"default","ast-page-background-meta":{"desktop":{"background-color":"var(--ast-global-color-4)","background-image":"","background-repeat":"repeat","background-position":"center center","background-size":"auto","background-attachment":"scroll","background-type":"","background-media":"","overlay-type":"","overlay-color":"","overlay-opacity":"","overlay-gradient":""},"tablet":{"background-color":"","background-image":"","background-repeat":"repeat","background-position":"center center","background-size":"auto","background-attachment":"scroll","background-type":"","background-media":"","overlay-type":"","overlay-color":"","overlay-opacity":"","overlay-gradient":""},"mobile":{"background-color":"","background-image":"","background-repeat":"repeat","background-position":"center center","background-size":"auto","background-attachment":"scroll","background-type":"","background-media":"","overlay-type":"","overlay-color":"","overlay-opacity":"","overlay-gradient":""}},"ast-content-background-meta":{"desktop":{"background-color":"var(--ast-global-color-5)","background-image":"","background-repeat":"repeat","background-position":"center center","background-size":"auto","background-attachment":"scroll","background-type":"","background-media":"","overlay-type":"","overlay-color":"","overlay-opacity":"","overlay-gradient":""},"tablet":{"background-color":"var(--ast-global-color-5)","background-image":"","background-repeat":"repeat","background-position":"center center","background-size":"auto","background-attachment":"scroll","background-type":"","background-media":"","overlay-type":"","overlay-color":"","overlay-opacity":"","overlay-gradient":""},"mobile":{"background-color":"var(--ast-global-color-5)","background-image":"","background-repeat":"repeat","background-position":"center center","background-size":"auto","background-attachment":"scroll","background-type":"","background-media":"","overlay-type":"","overlay-color":"","overlay-opacity":"","overlay-gradient":""}},"footnotes":""},"class_list":["post-2442","page","type-page","status-publish","hentry"],"post_mailing_queue_ids":[],"_links":{"self":[{"href":"https:\/\/agora.xtec.cat\/zerpallarsjussa\/wp-json\/wp\/v2\/pages\/2442","targetHints":{"allow":["GET"]}}],"collection":[{"href":"https:\/\/agora.xtec.cat\/zerpallarsjussa\/wp-json\/wp\/v2\/pages"}],"about":[{"href":"https:\/\/agora.xtec.cat\/zerpallarsjussa\/wp-json\/wp\/v2\/types\/page"}],"author":[{"embeddable":true,"href":"https:\/\/agora.xtec.cat\/zerpallarsjussa\/wp-json\/wp\/v2\/users\/1"}],"replies":[{"embeddable":true,"href":"https:\/\/agora.xtec.cat\/zerpallarsjussa\/wp-json\/wp\/v2\/comments?post=2442"}],"version-history":[{"count":6,"href":"https:\/\/agora.xtec.cat\/zerpallarsjussa\/wp-json\/wp\/v2\/pages\/2442\/revisions"}],"predecessor-version":[{"id":5209,"href":"https:\/\/agora.xtec.cat\/zerpallarsjussa\/wp-json\/wp\/v2\/pages\/2442\/revisions\/5209"}],"up":[{"embeddable":true,"href":"https:\/\/agora.xtec.cat\/zerpallarsjussa\/wp-json\/wp\/v2\/pages\/5075"}],"wp:attachment":[{"href":"https:\/\/agora.xtec.cat\/zerpallarsjussa\/wp-json\/wp\/v2\/media?parent=2442"}],"curies":[{"name":"wp","href":"https:\/\/api.w.org\/{rel}","templated":true}]}}