{"id":8559,"date":"2025-01-15T10:06:30","date_gmt":"2025-01-15T09:06:30","guid":{"rendered":"https:\/\/agora.xtec.cat\/zeroliver\/?page_id=8559"},"modified":"2025-01-18T10:35:58","modified_gmt":"2025-01-18T09:35:58","slug":"aprenentatge-integrat-de-continguts-i-llengua-estrangera-aicle","status":"publish","type":"page","link":"https:\/\/agora.xtec.cat\/zeroliver\/projectes-de-centre\/aprenentatge-integrat-de-continguts-i-llengua-estrangera-aicle\/","title":{"rendered":"Aprenentatge integrat de continguts i llengua estrangera (AICLE)"},"content":{"rendered":"\n<p>L\u2019aprenentatge integrat de contingut i llengua estrangera (AICLE\/EMILE) \u00e9s un enfocament educatiu en el qual els continguts d\u2019una mat\u00e8ria s\u2019imparteixen totalment o parcialment en llengua estrangera a la majoria dels aprenents.<\/p>\n\n\n\n<p>L\u2019aplicaci\u00f3 d\u2019aquesta metodologia es tradueix en un increment de les oportunitats d\u2019aprendre la llengua i practicar-la sense incrementar les hores del curr\u00edculum destinades espec\u00edficament a l\u2019ensenyament i aprenentatge de la llengua addicional en q\u00fcesti\u00f3.<\/p>\n\n\n\n<p>L\u2019AICLE\/EMILE contribueix a incrementar la compet\u00e8ncia ling\u00fc\u00edstica de l\u2019aprenent a trav\u00e9s de reptes cognitius i d\u2019activitats de resoluci\u00f3 de problemes. Alhora, promou i encoratja l\u2019autonomia dels aprenents i els ajuda a desenvolupar compet\u00e8ncies de pensament (thinking skills). Les classes AICLE\/EMILE es caracteritzen per un \u00fas aut\u00e8ntic de la llengua, \u00e9s a dir, amb un prop\u00f2sit real, fet que resulta molt m\u00e9s significatiu per als alumnes.<\/p>\n\n\n\n<p>A la ZER l&#8217;Oliver treballem l&#8217;AICLE en tota l&#8217;etapa d&#8217;Educaci\u00f3 Prim\u00e0ria a partir de les \u00e0rees de History i Science, treballant temes com per exemple: living things, the sun and the moon,\u00a0prehistory\u2026<\/p>\n","protected":false},"excerpt":{"rendered":"<p>L\u2019aprenentatge integrat de contingut i llengua estrangera (AICLE\/EMILE) \u00e9s un enfocament educatiu en el qual els continguts d\u2019una mat\u00e8ria s\u2019imparteixen [&hellip;]<\/p>\n","protected":false},"author":1,"featured_media":0,"parent":8343,"menu_order":0,"comment_status":"closed","ping_status":"close","template":"","meta":{"_bbp_topic_count":0,"_bbp_reply_count":0,"_bbp_total_topic_count":0,"_bbp_total_reply_count":0,"_bbp_voice_count":0,"_bbp_anonymous_reply_count":0,"_bbp_topic_count_hidden":0,"_bbp_reply_count_hidden":0,"_bbp_forum_subforum_count":0,"site-sidebar-layout":"default","site-content-layout":"","ast-site-content-layout":"default","site-content-style":"default","site-sidebar-style":"default","ast-global-header-display":"","ast-banner-title-visibility":"","ast-main-header-display":"","ast-hfb-above-header-display":"","ast-hfb-below-header-display":"","ast-hfb-mobile-header-display":"","site-post-title":"","ast-breadcrumbs-content":"","ast-featured-img":"","footer-sml-layout":"","theme-transparent-header-meta":"","adv-header-id-meta":"","stick-header-meta":"","header-above-stick-meta":"","header-main-stick-meta":"","header-below-stick-meta":"","astra-migrate-meta-layouts":"set","ast-page-background-enabled":"default","ast-page-background-meta":{"desktop":{"background-color":"var(--ast-global-color-4)","background-image":"","background-repeat":"repeat","background-position":"center center","background-size":"auto","background-attachment":"scroll","background-type":"","background-media":"","overlay-type":"","overlay-color":"","overlay-opacity":"","overlay-gradient":""},"tablet":{"background-color":"","background-image":"","background-repeat":"repeat","background-position":"center center","background-size":"auto","background-attachment":"scroll","background-type":"","background-media":"","overlay-type":"","overlay-color":"","overlay-opacity":"","overlay-gradient":""},"mobile":{"background-color":"","background-image":"","background-repeat":"repeat","background-position":"center center","background-size":"auto","background-attachment":"scroll","background-type":"","background-media":"","overlay-type":"","overlay-color":"","overlay-opacity":"","overlay-gradient":""}},"ast-content-background-meta":{"desktop":{"background-color":"var(--ast-global-color-5)","background-image":"","background-repeat":"repeat","background-position":"center center","background-size":"auto","background-attachment":"scroll","background-type":"","background-media":"","overlay-type":"","overlay-color":"","overlay-opacity":"","overlay-gradient":""},"tablet":{"background-color":"var(--ast-global-color-5)","background-image":"","background-repeat":"repeat","background-position":"center center","background-size":"auto","background-attachment":"scroll","background-type":"","background-media":"","overlay-type":"","overlay-color":"","overlay-opacity":"","overlay-gradient":""},"mobile":{"background-color":"var(--ast-global-color-5)","background-image":"","background-repeat":"repeat","background-position":"center center","background-size":"auto","background-attachment":"scroll","background-type":"","background-media":"","overlay-type":"","overlay-color":"","overlay-opacity":"","overlay-gradient":""}},"footnotes":""},"class_list":["post-8559","page","type-page","status-publish","hentry"],"post_mailing_queue_ids":[],"_links":{"self":[{"href":"https:\/\/agora.xtec.cat\/zeroliver\/wp-json\/wp\/v2\/pages\/8559","targetHints":{"allow":["GET"]}}],"collection":[{"href":"https:\/\/agora.xtec.cat\/zeroliver\/wp-json\/wp\/v2\/pages"}],"about":[{"href":"https:\/\/agora.xtec.cat\/zeroliver\/wp-json\/wp\/v2\/types\/page"}],"author":[{"embeddable":true,"href":"https:\/\/agora.xtec.cat\/zeroliver\/wp-json\/wp\/v2\/users\/1"}],"replies":[{"embeddable":true,"href":"https:\/\/agora.xtec.cat\/zeroliver\/wp-json\/wp\/v2\/comments?post=8559"}],"version-history":[{"count":3,"href":"https:\/\/agora.xtec.cat\/zeroliver\/wp-json\/wp\/v2\/pages\/8559\/revisions"}],"predecessor-version":[{"id":8600,"href":"https:\/\/agora.xtec.cat\/zeroliver\/wp-json\/wp\/v2\/pages\/8559\/revisions\/8600"}],"up":[{"embeddable":true,"href":"https:\/\/agora.xtec.cat\/zeroliver\/wp-json\/wp\/v2\/pages\/8343"}],"wp:attachment":[{"href":"https:\/\/agora.xtec.cat\/zeroliver\/wp-json\/wp\/v2\/media?parent=8559"}],"curies":[{"name":"wp","href":"https:\/\/api.w.org\/{rel}","templated":true}]}}