{"id":8353,"date":"2024-12-21T12:48:30","date_gmt":"2024-12-21T11:48:30","guid":{"rendered":"https:\/\/agora.xtec.cat\/zeroliver\/?page_id=8353"},"modified":"2025-01-15T10:30:50","modified_gmt":"2025-01-15T09:30:50","slug":"cantania","status":"publish","type":"page","link":"https:\/\/agora.xtec.cat\/zeroliver\/projectes-de-centre\/cantania\/","title":{"rendered":"Cant\u00e0nia"},"content":{"rendered":"\n<p>El Cant\u00e0nia \u00e9s un projecte de cantata participativa per a escolars dirigida a alumnes de cicle mitj\u00e0 i superior d\u2019educaci\u00f3 prim\u00e0ria. Durant tot un curs escolar els i les alumnes que hi participen aprenen i assagen les can\u00e7ons, les coreografies i preparen l\u2019atrezzo d\u2019una obra musical, nova cada any, <strong>encarregada a compositors i escriptors de reconegut prestigi<\/strong>. Finalment, cantem a L\u2019auditori de Barcelona a un gran espectacle, acompanyats per una orquestra professional, actors, cantants l\u00edrics i un director musical reconegut.<\/p>\n\n\n\n<p>Des del punt de vista educatiu i pedag\u00f2gic, el projecte dona valor a la m\u00fasica com a vincle i com a eina que permet que l\u2019alumne desenvolupi la seva capacitat vocal, treballant elements t\u00e8cnics com: la imitaci\u00f3, el silenci, l&#8217;expressi\u00f3, l&#8217;emoci\u00f3, la din\u00e0mica, el moviment, la percussi\u00f3 corporal, l&#8217;escolta activa, l&#8217;emissi\u00f3&nbsp;i el to de la veu\u2026<\/p>\n\n\n\n<p>El seu car\u00e0cter integrador i formatiu converteixen a aquest projecte en part imprescindible de l\u2019educaci\u00f3 musical de Catalunya i Espanya i de la transmissi\u00f3 de valors universals com s\u00f3n la col\u00b7laboraci\u00f3 entre iguals, afany de superaci\u00f3 i el perfeccionament art\u00edstic.<\/p>\n\n\n\n<p>La ZER l&#8217;Oliver participen en aquest magn\u00edfic projecte de manera bianual amb l&#8217;alumnat de Cicle Superior.<\/p>\n\n\n\n<figure class=\"wp-block-image aligncenter size-large is-resized\"><a href=\"https:\/\/agora.xtec.cat\/zeroliver\/wp-content\/uploads\/usu798\/2025\/01\/4.-Cantania-25.jpeg\"><img loading=\"lazy\" decoding=\"async\" width=\"1024\" height=\"768\" src=\"https:\/\/agora.xtec.cat\/zeroliver\/wp-content\/uploads\/usu798\/2025\/01\/4.-Cantania-25-1024x768.jpeg\" alt=\"\" class=\"wp-image-8569\" style=\"width:584px;height:auto\" srcset=\"https:\/\/agora.xtec.cat\/zeroliver\/wp-content\/uploads\/usu798\/2025\/01\/4.-Cantania-25-1024x768.jpeg 1024w, https:\/\/agora.xtec.cat\/zeroliver\/wp-content\/uploads\/usu798\/2025\/01\/4.-Cantania-25-300x225.jpeg 300w, https:\/\/agora.xtec.cat\/zeroliver\/wp-content\/uploads\/usu798\/2025\/01\/4.-Cantania-25-768x576.jpeg 768w, https:\/\/agora.xtec.cat\/zeroliver\/wp-content\/uploads\/usu798\/2025\/01\/4.-Cantania-25-1536x1152.jpeg 1536w, https:\/\/agora.xtec.cat\/zeroliver\/wp-content\/uploads\/usu798\/2025\/01\/4.-Cantania-25.jpeg 1600w\" sizes=\"auto, (max-width: 1024px) 100vw, 1024px\" \/><\/a><\/figure>\n\n\n\n<figure class=\"wp-block-embed aligncenter is-type-video is-provider-youtube wp-block-embed-youtube wp-embed-aspect-16-9 wp-has-aspect-ratio\" style=\"margin-top:var(--wp--preset--spacing--30);margin-right:var(--wp--preset--spacing--30);margin-bottom:var(--wp--preset--spacing--30);margin-left:var(--wp--preset--spacing--30)\"><div class=\"wp-block-embed__wrapper\">\n<div class=\"ast-oembed-container \" style=\"height: 100%;\"><iframe loading=\"lazy\" title=\"Cant\u00e0nia 25 anys\" width=\"500\" height=\"281\" src=\"https:\/\/www.youtube.com\/embed\/3yD5mt31Hv0?feature=oembed\" frameborder=\"0\" allow=\"accelerometer; autoplay; clipboard-write; encrypted-media; gyroscope; picture-in-picture; web-share\" referrerpolicy=\"strict-origin-when-cross-origin\" allowfullscreen><\/iframe><\/div>\n<\/div><\/figure>\n\n\n\n<figure class=\"wp-block-embed is-type-video is-provider-youtube wp-block-embed-youtube wp-embed-aspect-16-9 wp-has-aspect-ratio\" style=\"margin-top:var(--wp--preset--spacing--30);margin-right:var(--wp--preset--spacing--30);margin-bottom:var(--wp--preset--spacing--30);margin-left:var(--wp--preset--spacing--30)\"><div class=\"wp-block-embed__wrapper\">\n<div class=\"ast-oembed-container \" style=\"height: 100%;\"><iframe loading=\"lazy\" title=\"Qu\u00e8 \u00e9s per a tu Cant\u00e0nia?\" width=\"500\" height=\"281\" src=\"https:\/\/www.youtube.com\/embed\/NWZsZxwbLkk?feature=oembed\" frameborder=\"0\" allow=\"accelerometer; autoplay; clipboard-write; encrypted-media; gyroscope; picture-in-picture; web-share\" referrerpolicy=\"strict-origin-when-cross-origin\" allowfullscreen><\/iframe><\/div>\n<\/div><\/figure>\n","protected":false},"excerpt":{"rendered":"<p>El Cant\u00e0nia \u00e9s un projecte de cantata participativa per a escolars dirigida a alumnes de cicle mitj\u00e0 i superior d\u2019educaci\u00f3 [&hellip;]<\/p>\n","protected":false},"author":1,"featured_media":0,"parent":8343,"menu_order":0,"comment_status":"closed","ping_status":"closed","template":"","meta":{"_bbp_topic_count":0,"_bbp_reply_count":0,"_bbp_total_topic_count":0,"_bbp_total_reply_count":0,"_bbp_voice_count":0,"_bbp_anonymous_reply_count":0,"_bbp_topic_count_hidden":0,"_bbp_reply_count_hidden":0,"_bbp_forum_subforum_count":0,"site-sidebar-layout":"left-sidebar","site-content-layout":"","ast-site-content-layout":"normal-width-container","site-content-style":"default","site-sidebar-style":"default","ast-global-header-display":"","ast-banner-title-visibility":"","ast-main-header-display":"","ast-hfb-above-header-display":"","ast-hfb-below-header-display":"","ast-hfb-mobile-header-display":"","site-post-title":"","ast-breadcrumbs-content":"","ast-featured-img":"","footer-sml-layout":"","theme-transparent-header-meta":"","adv-header-id-meta":"","stick-header-meta":"","header-above-stick-meta":"","header-main-stick-meta":"","header-below-stick-meta":"","astra-migrate-meta-layouts":"set","ast-page-background-enabled":"default","ast-page-background-meta":{"desktop":{"background-color":"var(--ast-global-color-4)","background-image":"","background-repeat":"repeat","background-position":"center center","background-size":"auto","background-attachment":"scroll","background-type":"","background-media":"","overlay-type":"","overlay-color":"","overlay-opacity":"","overlay-gradient":""},"tablet":{"background-color":"","background-image":"","background-repeat":"repeat","background-position":"center center","background-size":"auto","background-attachment":"scroll","background-type":"","background-media":"","overlay-type":"","overlay-color":"","overlay-opacity":"","overlay-gradient":""},"mobile":{"background-color":"","background-image":"","background-repeat":"repeat","background-position":"center center","background-size":"auto","background-attachment":"scroll","background-type":"","background-media":"","overlay-type":"","overlay-color":"","overlay-opacity":"","overlay-gradient":""}},"ast-content-background-meta":{"desktop":{"background-color":"var(--ast-global-color-5)","background-image":"","background-repeat":"repeat","background-position":"center center","background-size":"auto","background-attachment":"scroll","background-type":"","background-media":"","overlay-type":"","overlay-color":"","overlay-opacity":"","overlay-gradient":""},"tablet":{"background-color":"var(--ast-global-color-5)","background-image":"","background-repeat":"repeat","background-position":"center center","background-size":"auto","background-attachment":"scroll","background-type":"","background-media":"","overlay-type":"","overlay-color":"","overlay-opacity":"","overlay-gradient":""},"mobile":{"background-color":"var(--ast-global-color-5)","background-image":"","background-repeat":"repeat","background-position":"center center","background-size":"auto","background-attachment":"scroll","background-type":"","background-media":"","overlay-type":"","overlay-color":"","overlay-opacity":"","overlay-gradient":""}},"footnotes":""},"class_list":["post-8353","page","type-page","status-publish","hentry"],"post_mailing_queue_ids":[],"_links":{"self":[{"href":"https:\/\/agora.xtec.cat\/zeroliver\/wp-json\/wp\/v2\/pages\/8353","targetHints":{"allow":["GET"]}}],"collection":[{"href":"https:\/\/agora.xtec.cat\/zeroliver\/wp-json\/wp\/v2\/pages"}],"about":[{"href":"https:\/\/agora.xtec.cat\/zeroliver\/wp-json\/wp\/v2\/types\/page"}],"author":[{"embeddable":true,"href":"https:\/\/agora.xtec.cat\/zeroliver\/wp-json\/wp\/v2\/users\/1"}],"replies":[{"embeddable":true,"href":"https:\/\/agora.xtec.cat\/zeroliver\/wp-json\/wp\/v2\/comments?post=8353"}],"version-history":[{"count":6,"href":"https:\/\/agora.xtec.cat\/zeroliver\/wp-json\/wp\/v2\/pages\/8353\/revisions"}],"predecessor-version":[{"id":8573,"href":"https:\/\/agora.xtec.cat\/zeroliver\/wp-json\/wp\/v2\/pages\/8353\/revisions\/8573"}],"up":[{"embeddable":true,"href":"https:\/\/agora.xtec.cat\/zeroliver\/wp-json\/wp\/v2\/pages\/8343"}],"wp:attachment":[{"href":"https:\/\/agora.xtec.cat\/zeroliver\/wp-json\/wp\/v2\/media?parent=8353"}],"curies":[{"name":"wp","href":"https:\/\/api.w.org\/{rel}","templated":true}]}}