{"id":8351,"date":"2024-12-21T12:48:29","date_gmt":"2024-12-21T11:48:29","guid":{"rendered":"https:\/\/agora.xtec.cat\/zeroliver\/?page_id=8351"},"modified":"2025-01-18T10:39:17","modified_gmt":"2025-01-18T09:39:17","slug":"pla-educatiu-dentorn","status":"publish","type":"page","link":"https:\/\/agora.xtec.cat\/zeroliver\/projectes-de-centre\/pla-educatiu-dentorn\/","title":{"rendered":"Pla Educatiu d&#8217;Entorn"},"content":{"rendered":"\n<p><strong>Els Plans educatius<\/strong>\u00a0<strong>d\u2019entorn\u00a0<\/strong>s\u00f3n una proposta educativa que vol donar resposta a les m\u00faltiples necessitats de la nostra societat. S\u00f3n instruments per donar una resposta integrada i comunit\u00e0ria a les necessitats educatives, coordinant i dinamitzant l\u2019acci\u00f3 educativa en els diferents \u00e0mbits de la vida dels infants i joves.<\/p>\n\n\n\n<figure class=\"wp-block-embed aligncenter is-type-video is-provider-youtube wp-block-embed-youtube wp-embed-aspect-16-9 wp-has-aspect-ratio\" style=\"margin-right:var(--wp--preset--spacing--70);margin-left:var(--wp--preset--spacing--70)\"><div class=\"wp-block-embed__wrapper\">\n<div class=\"ast-oembed-container \" style=\"height: 100%;\"><iframe loading=\"lazy\" title=\"Programa Plans Educatiu d&#039;Entorn\" width=\"500\" height=\"281\" src=\"https:\/\/www.youtube.com\/embed\/6wUOVi7zCuQ?feature=oembed\" frameborder=\"0\" allow=\"accelerometer; autoplay; clipboard-write; encrypted-media; gyroscope; picture-in-picture; web-share\" referrerpolicy=\"strict-origin-when-cross-origin\" allowfullscreen><\/iframe><\/div>\n<\/div><\/figure>\n\n\n\n<p>Els Plans educatius d\u2019entorn s\u00f3n una proposta educativa innovadora que vol donar resposta a les m\u00faltiples necessitats de la nostra societat.<br><br>S\u00f3n instruments per donar una resposta integrada i comunit\u00e0ria a les necessitats educatives dels membres m\u00e9s joves de la nostra societat, coordinant i dinamitzant l\u2019acci\u00f3 educativa en els diferents \u00e0mbits de la vida dels infants i joves. S\u2019adrecen a tot l\u2019alumnat, i a tota la comunitat educativa, per\u00f2 amb una especial sensibilitat als sectors socials m\u00e9s desafavorits.<br><br>L\u2019educaci\u00f3 de ciutadans i ciutadanes per a un m\u00f3n complex i divers hauria de ser:<\/p>\n\n\n\n<ul class=\"wp-block-list\">\n<li>Integral: per abastar tots els aspectes de la persona. No solament ha d\u2019instruir i ensinistrar en unes habilitats intel\u00b7lectuals determinades sin\u00f3 que ha de facilitar tamb\u00e9 compet\u00e8ncies socials i proporcionar capacitats per adaptar-se i conviure en una societat canviant.<\/li>\n\n\n\n<li>Cont\u00ednua: per comprendre tot l\u2019espai-temps vital. El temps de formaci\u00f3 ja no es pot entendre avui parcel\u00b7lat, unes hores al dia (escola) i una \u00e8poca de la vida (inf\u00e0ncia i joventut), ha d\u2019abastar tota la vida.<\/li>\n\n\n\n<li>Arrelada: per tenir uns referents compartits. La incertesa que caracteritza els nostres temps fa que esdevinguin indispensables uns referents identitaris compartits que vinculin les persones a projectes de futur i que donin un sentit al treball i a la conviv\u00e8ncia.<\/li>\n\n\n\n<li>Cohesionadora: per promoure la integraci\u00f3 social. L\u2019arribada de nous ciutadans i ciutadanes al nostre pa\u00eds planteja nous reptes que requereixen una s\u00e8rie d\u2019accions innovadores per promoure la cohesi\u00f3 social mitjan\u00e7ant l\u2019educaci\u00f3 intercultural i l\u2019\u00fas normalitzat de la llengua catalana en un marc multiling\u00fce.<\/li>\n\n\n\n<li>Inclusiva: per incloure a tothom. I per fer-ho possible ha de garantir la igualtat d\u2019oportunitats i evitar qualsevol mena de marginaci\u00f3 i exclusi\u00f3.<\/li>\n\n\n\n<li>En xarxa: per ser-ne tots corresponsables. \u00c9s necessari teixir entre tots una xarxa educativa molt ben cohesionada i aix\u00f2 requereix un treball ben articulat, coordinat i coherent de tots els organismes que treballen en l\u2019atenci\u00f3 i l\u2019educaci\u00f3 dels membres m\u00e9s joves de la societat catalana.<\/li>\n<\/ul>\n","protected":false},"excerpt":{"rendered":"<p>Els Plans educatius\u00a0d\u2019entorn\u00a0s\u00f3n una proposta educativa que vol donar resposta a les m\u00faltiples necessitats de la nostra societat. S\u00f3n instruments [&hellip;]<\/p>\n","protected":false},"author":1,"featured_media":0,"parent":8343,"menu_order":0,"comment_status":"closed","ping_status":"closed","template":"","meta":{"_bbp_topic_count":0,"_bbp_reply_count":0,"_bbp_total_topic_count":0,"_bbp_total_reply_count":0,"_bbp_voice_count":0,"_bbp_anonymous_reply_count":0,"_bbp_topic_count_hidden":0,"_bbp_reply_count_hidden":0,"_bbp_forum_subforum_count":0,"site-sidebar-layout":"left-sidebar","site-content-layout":"","ast-site-content-layout":"normal-width-container","site-content-style":"default","site-sidebar-style":"default","ast-global-header-display":"","ast-banner-title-visibility":"","ast-main-header-display":"","ast-hfb-above-header-display":"","ast-hfb-below-header-display":"","ast-hfb-mobile-header-display":"","site-post-title":"","ast-breadcrumbs-content":"","ast-featured-img":"","footer-sml-layout":"","theme-transparent-header-meta":"","adv-header-id-meta":"","stick-header-meta":"","header-above-stick-meta":"","header-main-stick-meta":"","header-below-stick-meta":"","astra-migrate-meta-layouts":"set","ast-page-background-enabled":"default","ast-page-background-meta":{"desktop":{"background-color":"var(--ast-global-color-4)","background-image":"","background-repeat":"repeat","background-position":"center center","background-size":"auto","background-attachment":"scroll","background-type":"","background-media":"","overlay-type":"","overlay-color":"","overlay-opacity":"","overlay-gradient":""},"tablet":{"background-color":"","background-image":"","background-repeat":"repeat","background-position":"center center","background-size":"auto","background-attachment":"scroll","background-type":"","background-media":"","overlay-type":"","overlay-color":"","overlay-opacity":"","overlay-gradient":""},"mobile":{"background-color":"","background-image":"","background-repeat":"repeat","background-position":"center center","background-size":"auto","background-attachment":"scroll","background-type":"","background-media":"","overlay-type":"","overlay-color":"","overlay-opacity":"","overlay-gradient":""}},"ast-content-background-meta":{"desktop":{"background-color":"var(--ast-global-color-5)","background-image":"","background-repeat":"repeat","background-position":"center center","background-size":"auto","background-attachment":"scroll","background-type":"","background-media":"","overlay-type":"","overlay-color":"","overlay-opacity":"","overlay-gradient":""},"tablet":{"background-color":"var(--ast-global-color-5)","background-image":"","background-repeat":"repeat","background-position":"center center","background-size":"auto","background-attachment":"scroll","background-type":"","background-media":"","overlay-type":"","overlay-color":"","overlay-opacity":"","overlay-gradient":""},"mobile":{"background-color":"var(--ast-global-color-5)","background-image":"","background-repeat":"repeat","background-position":"center center","background-size":"auto","background-attachment":"scroll","background-type":"","background-media":"","overlay-type":"","overlay-color":"","overlay-opacity":"","overlay-gradient":""}},"footnotes":""},"class_list":["post-8351","page","type-page","status-publish","hentry"],"post_mailing_queue_ids":[],"_links":{"self":[{"href":"https:\/\/agora.xtec.cat\/zeroliver\/wp-json\/wp\/v2\/pages\/8351","targetHints":{"allow":["GET"]}}],"collection":[{"href":"https:\/\/agora.xtec.cat\/zeroliver\/wp-json\/wp\/v2\/pages"}],"about":[{"href":"https:\/\/agora.xtec.cat\/zeroliver\/wp-json\/wp\/v2\/types\/page"}],"author":[{"embeddable":true,"href":"https:\/\/agora.xtec.cat\/zeroliver\/wp-json\/wp\/v2\/users\/1"}],"replies":[{"embeddable":true,"href":"https:\/\/agora.xtec.cat\/zeroliver\/wp-json\/wp\/v2\/comments?post=8351"}],"version-history":[{"count":4,"href":"https:\/\/agora.xtec.cat\/zeroliver\/wp-json\/wp\/v2\/pages\/8351\/revisions"}],"predecessor-version":[{"id":8603,"href":"https:\/\/agora.xtec.cat\/zeroliver\/wp-json\/wp\/v2\/pages\/8351\/revisions\/8603"}],"up":[{"embeddable":true,"href":"https:\/\/agora.xtec.cat\/zeroliver\/wp-json\/wp\/v2\/pages\/8343"}],"wp:attachment":[{"href":"https:\/\/agora.xtec.cat\/zeroliver\/wp-json\/wp\/v2\/media?parent=8351"}],"curies":[{"name":"wp","href":"https:\/\/api.w.org\/{rel}","templated":true}]}}