{"id":8349,"date":"2024-12-21T12:48:29","date_gmt":"2024-12-21T11:48:29","guid":{"rendered":"https:\/\/agora.xtec.cat\/zeroliver\/?page_id=8349"},"modified":"2025-01-18T10:37:23","modified_gmt":"2025-01-18T09:37:23","slug":"pla-catala-de-lesport","status":"publish","type":"page","link":"https:\/\/agora.xtec.cat\/zeroliver\/projectes-de-centre\/pla-catala-de-lesport\/","title":{"rendered":"Pla Catal\u00e0 de l&#8217;Esport"},"content":{"rendered":"\n<p>El Govern de la Generalitat de Catalunya, l\u2019any 2004, va creure necess\u00e0ria la impulsi\u00f3 d&#8217;aquest Pla en base a l&#8217;an\u00e0lisi d&#8217;una s\u00e8rie de circumst\u00e0ncies entre les quals podem destacar les seg\u00fcents:<\/p>\n\n\n\n<ul class=\"wp-block-list\">\n<li>\u00cdndex molt redu\u00eft de participaci\u00f3 de l&#8217;alumnat en l&#8217;esport escolar<\/li>\n\n\n\n<li>Increment dels h\u00e0bits sedentaris i de l&#8217;obesitat, amb una incid\u00e8ncia preocupant en la poblaci\u00f3 infantil i juvenil<\/li>\n\n\n\n<li>Demanda social creixent en mat\u00e8ria de salut i benestar<\/li>\n<\/ul>\n\n\n\n<p><strong>El Pla Catal\u00e0 de l&#8217;Esport a l&#8217;Escola<\/strong>&nbsp;es basa en una s\u00e8rie d&#8217;actuacions entre les quals destaquen:<\/p>\n\n\n\n<ul class=\"wp-block-list\">\n<li>Creaci\u00f3 de les Associacions Esportives Escolars i Seccions Esportives Escolars a trav\u00e9s dels centres educatius.<\/li>\n\n\n\n<li>Coordinaci\u00f3 de les activitats esportives extraescolars, per mitj\u00e0 d&#8217;un professor\/a del centre educatiu, principalment d&#8217;Educaci\u00f3 F\u00edsica.<\/li>\n\n\n\n<li>Col\u00b7laboraci\u00f3 entre el centre educatiu, el consell esportiu i l\u2019ajuntament corresponent.<\/li>\n\n\n\n<li>Oferta d&#8217;activitats f\u00edsiques i esportives que responguin als interessos i demandes de l\u2019entorn educatiu.<\/li>\n<\/ul>\n\n\n\n<p>L\u2019equip de comissionats \u00e9s el referent en la implementaci\u00f3 d\u2019aquest programa i de fer-ne el seguiment, en col\u00b7laboraci\u00f3 amb els consells esportius i els ajuntaments, especialment en el cas dels PEE (Plans Educatius d\u2019Entorn). Les seves funcions estan centrades en gestionar i assessorar l\u2019organitzaci\u00f3, l\u2019aplicaci\u00f3 i el funcionament del programa en els centres educatius i estan repartits per territoris, \u00e9s a dir, cada centre educatiu t\u00e9 el seu comissionat\/a de refer\u00e8ncia.<\/p>\n","protected":false},"excerpt":{"rendered":"<p>El Govern de la Generalitat de Catalunya, l\u2019any 2004, va creure necess\u00e0ria la impulsi\u00f3 d&#8217;aquest Pla en base a l&#8217;an\u00e0lisi [&hellip;]<\/p>\n","protected":false},"author":1,"featured_media":0,"parent":8343,"menu_order":0,"comment_status":"closed","ping_status":"closed","template":"","meta":{"_bbp_topic_count":0,"_bbp_reply_count":0,"_bbp_total_topic_count":0,"_bbp_total_reply_count":0,"_bbp_voice_count":0,"_bbp_anonymous_reply_count":0,"_bbp_topic_count_hidden":0,"_bbp_reply_count_hidden":0,"_bbp_forum_subforum_count":0,"site-sidebar-layout":"left-sidebar","site-content-layout":"","ast-site-content-layout":"normal-width-container","site-content-style":"default","site-sidebar-style":"default","ast-global-header-display":"","ast-banner-title-visibility":"","ast-main-header-display":"","ast-hfb-above-header-display":"","ast-hfb-below-header-display":"","ast-hfb-mobile-header-display":"","site-post-title":"","ast-breadcrumbs-content":"","ast-featured-img":"","footer-sml-layout":"","theme-transparent-header-meta":"","adv-header-id-meta":"","stick-header-meta":"","header-above-stick-meta":"","header-main-stick-meta":"","header-below-stick-meta":"","astra-migrate-meta-layouts":"set","ast-page-background-enabled":"default","ast-page-background-meta":{"desktop":{"background-color":"var(--ast-global-color-4)","background-image":"","background-repeat":"repeat","background-position":"center center","background-size":"auto","background-attachment":"scroll","background-type":"","background-media":"","overlay-type":"","overlay-color":"","overlay-opacity":"","overlay-gradient":""},"tablet":{"background-color":"","background-image":"","background-repeat":"repeat","background-position":"center center","background-size":"auto","background-attachment":"scroll","background-type":"","background-media":"","overlay-type":"","overlay-color":"","overlay-opacity":"","overlay-gradient":""},"mobile":{"background-color":"","background-image":"","background-repeat":"repeat","background-position":"center center","background-size":"auto","background-attachment":"scroll","background-type":"","background-media":"","overlay-type":"","overlay-color":"","overlay-opacity":"","overlay-gradient":""}},"ast-content-background-meta":{"desktop":{"background-color":"var(--ast-global-color-5)","background-image":"","background-repeat":"repeat","background-position":"center center","background-size":"auto","background-attachment":"scroll","background-type":"","background-media":"","overlay-type":"","overlay-color":"","overlay-opacity":"","overlay-gradient":""},"tablet":{"background-color":"var(--ast-global-color-5)","background-image":"","background-repeat":"repeat","background-position":"center center","background-size":"auto","background-attachment":"scroll","background-type":"","background-media":"","overlay-type":"","overlay-color":"","overlay-opacity":"","overlay-gradient":""},"mobile":{"background-color":"var(--ast-global-color-5)","background-image":"","background-repeat":"repeat","background-position":"center center","background-size":"auto","background-attachment":"scroll","background-type":"","background-media":"","overlay-type":"","overlay-color":"","overlay-opacity":"","overlay-gradient":""}},"footnotes":""},"class_list":["post-8349","page","type-page","status-publish","hentry"],"post_mailing_queue_ids":[],"_links":{"self":[{"href":"https:\/\/agora.xtec.cat\/zeroliver\/wp-json\/wp\/v2\/pages\/8349","targetHints":{"allow":["GET"]}}],"collection":[{"href":"https:\/\/agora.xtec.cat\/zeroliver\/wp-json\/wp\/v2\/pages"}],"about":[{"href":"https:\/\/agora.xtec.cat\/zeroliver\/wp-json\/wp\/v2\/types\/page"}],"author":[{"embeddable":true,"href":"https:\/\/agora.xtec.cat\/zeroliver\/wp-json\/wp\/v2\/users\/1"}],"replies":[{"embeddable":true,"href":"https:\/\/agora.xtec.cat\/zeroliver\/wp-json\/wp\/v2\/comments?post=8349"}],"version-history":[{"count":3,"href":"https:\/\/agora.xtec.cat\/zeroliver\/wp-json\/wp\/v2\/pages\/8349\/revisions"}],"predecessor-version":[{"id":8601,"href":"https:\/\/agora.xtec.cat\/zeroliver\/wp-json\/wp\/v2\/pages\/8349\/revisions\/8601"}],"up":[{"embeddable":true,"href":"https:\/\/agora.xtec.cat\/zeroliver\/wp-json\/wp\/v2\/pages\/8343"}],"wp:attachment":[{"href":"https:\/\/agora.xtec.cat\/zeroliver\/wp-json\/wp\/v2\/media?parent=8349"}],"curies":[{"name":"wp","href":"https:\/\/api.w.org\/{rel}","templated":true}]}}