{"id":8348,"date":"2024-12-21T12:48:29","date_gmt":"2024-12-21T11:48:29","guid":{"rendered":"https:\/\/agora.xtec.cat\/zeroliver\/?page_id=8348"},"modified":"2025-01-13T14:02:01","modified_gmt":"2025-01-13T13:02:01","slug":"si","status":"publish","type":"page","link":"https:\/\/agora.xtec.cat\/zeroliver\/projectes-de-centre\/si\/","title":{"rendered":"Programa SI! Salut Integral"},"content":{"rendered":"\n<p>Un programa d&#8217;intervenci\u00f3 escolar dirigit a nens i nenes de 3 a 16 anys amb un clar objectiu: demostrar que l&#8217;adquisici\u00f3 d&#8217;h\u00e0bits saludables des de la inf\u00e0ncia redueix els riscs de patir malalties cardiovasculars i millora la qualitat de vida en l&#8217;edat adulta.<\/p>\n\n\n\n<p>El principal factor de risc cardiovascular, tant en adults com en edat infantil, \u00e9s l&#8217;obesitat juntament amb els factors associats com la diabetis i la hipertensi\u00f3, fruit d&#8217;una alimentaci\u00f3 inadequada d&#8217;uns nivells baixos d&#8217;activitat f\u00edsica. A m\u00e9s, altres factors de risc de les malalties cardiovasculars, t\u00edpicament estudiats en poblacions adultes, tamb\u00e9 comencen a estar presents en la poblaci\u00f3 infantil espanyola.<\/p>\n\n\n\n<p>El Programa SI! neix de la voluntat del Dr. Valent\u00ed Fuster de promoure la salut cardiovascular amb l&#8217;objectiu d&#8217;ensenyar a mantenir h\u00e0bits de vida adequats i durant tota la vida.<\/p>\n\n\n\n<p>La investigaci\u00f3 en salut p\u00fablica ha assenyalat que les iniciatives de promoci\u00f3 de la salut han de comen\u00e7ar en la inf\u00e0ncia per aconseguir un canvi de comportament durador i efica\u00e7 i que les intervencions escolars s\u00f3n les m\u00e9s efectives.<\/p>\n\n\n\n<p>En el seg\u00fcent enlla\u00e7 hi trobareu m\u00e9s informaci\u00f3 sobre el programa: <a href=\"https:\/\/www.programasi.org\/\">https:\/\/www.programasi.org\/<\/a><\/p>\n","protected":false},"excerpt":{"rendered":"<p>Un programa d&#8217;intervenci\u00f3 escolar dirigit a nens i nenes de 3 a 16 anys amb un clar objectiu: demostrar que [&hellip;]<\/p>\n","protected":false},"author":1,"featured_media":0,"parent":8343,"menu_order":0,"comment_status":"closed","ping_status":"closed","template":"","meta":{"_bbp_topic_count":0,"_bbp_reply_count":0,"_bbp_total_topic_count":0,"_bbp_total_reply_count":0,"_bbp_voice_count":0,"_bbp_anonymous_reply_count":0,"_bbp_topic_count_hidden":0,"_bbp_reply_count_hidden":0,"_bbp_forum_subforum_count":0,"site-sidebar-layout":"left-sidebar","site-content-layout":"","ast-site-content-layout":"normal-width-container","site-content-style":"default","site-sidebar-style":"default","ast-global-header-display":"","ast-banner-title-visibility":"","ast-main-header-display":"","ast-hfb-above-header-display":"","ast-hfb-below-header-display":"","ast-hfb-mobile-header-display":"","site-post-title":"","ast-breadcrumbs-content":"","ast-featured-img":"","footer-sml-layout":"","theme-transparent-header-meta":"","adv-header-id-meta":"","stick-header-meta":"","header-above-stick-meta":"","header-main-stick-meta":"","header-below-stick-meta":"","astra-migrate-meta-layouts":"set","ast-page-background-enabled":"default","ast-page-background-meta":{"desktop":{"background-color":"var(--ast-global-color-4)","background-image":"","background-repeat":"repeat","background-position":"center center","background-size":"auto","background-attachment":"scroll","background-type":"","background-media":"","overlay-type":"","overlay-color":"","overlay-opacity":"","overlay-gradient":""},"tablet":{"background-color":"","background-image":"","background-repeat":"repeat","background-position":"center center","background-size":"auto","background-attachment":"scroll","background-type":"","background-media":"","overlay-type":"","overlay-color":"","overlay-opacity":"","overlay-gradient":""},"mobile":{"background-color":"","background-image":"","background-repeat":"repeat","background-position":"center center","background-size":"auto","background-attachment":"scroll","background-type":"","background-media":"","overlay-type":"","overlay-color":"","overlay-opacity":"","overlay-gradient":""}},"ast-content-background-meta":{"desktop":{"background-color":"var(--ast-global-color-5)","background-image":"","background-repeat":"repeat","background-position":"center center","background-size":"auto","background-attachment":"scroll","background-type":"","background-media":"","overlay-type":"","overlay-color":"","overlay-opacity":"","overlay-gradient":""},"tablet":{"background-color":"var(--ast-global-color-5)","background-image":"","background-repeat":"repeat","background-position":"center center","background-size":"auto","background-attachment":"scroll","background-type":"","background-media":"","overlay-type":"","overlay-color":"","overlay-opacity":"","overlay-gradient":""},"mobile":{"background-color":"var(--ast-global-color-5)","background-image":"","background-repeat":"repeat","background-position":"center center","background-size":"auto","background-attachment":"scroll","background-type":"","background-media":"","overlay-type":"","overlay-color":"","overlay-opacity":"","overlay-gradient":""}},"footnotes":""},"class_list":["post-8348","page","type-page","status-publish","hentry"],"post_mailing_queue_ids":[],"_links":{"self":[{"href":"https:\/\/agora.xtec.cat\/zeroliver\/wp-json\/wp\/v2\/pages\/8348","targetHints":{"allow":["GET"]}}],"collection":[{"href":"https:\/\/agora.xtec.cat\/zeroliver\/wp-json\/wp\/v2\/pages"}],"about":[{"href":"https:\/\/agora.xtec.cat\/zeroliver\/wp-json\/wp\/v2\/types\/page"}],"author":[{"embeddable":true,"href":"https:\/\/agora.xtec.cat\/zeroliver\/wp-json\/wp\/v2\/users\/1"}],"replies":[{"embeddable":true,"href":"https:\/\/agora.xtec.cat\/zeroliver\/wp-json\/wp\/v2\/comments?post=8348"}],"version-history":[{"count":5,"href":"https:\/\/agora.xtec.cat\/zeroliver\/wp-json\/wp\/v2\/pages\/8348\/revisions"}],"predecessor-version":[{"id":8540,"href":"https:\/\/agora.xtec.cat\/zeroliver\/wp-json\/wp\/v2\/pages\/8348\/revisions\/8540"}],"up":[{"embeddable":true,"href":"https:\/\/agora.xtec.cat\/zeroliver\/wp-json\/wp\/v2\/pages\/8343"}],"wp:attachment":[{"href":"https:\/\/agora.xtec.cat\/zeroliver\/wp-json\/wp\/v2\/media?parent=8348"}],"curies":[{"name":"wp","href":"https:\/\/api.w.org\/{rel}","templated":true}]}}