{"id":974,"date":"2022-07-08T00:44:08","date_gmt":"2022-07-07T22:44:08","guid":{"rendered":"https:\/\/agora.xtec.cat\/zermsp\/?page_id=974"},"modified":"2023-10-25T12:18:33","modified_gmt":"2023-10-25T10:18:33","slug":"estrategia-digital","status":"publish","type":"page","link":"https:\/\/agora.xtec.cat\/zermsp\/estrategia-digital-de-zer\/estrategia-digital\/","title":{"rendered":"ESTRAT\u00c8GIA DIGITAL"},"content":{"rendered":"<p><a href=\"https:\/\/agora.xtec.cat\/zermsp\/wp-content\/uploads\/usu1052\/2022\/07\/Untitled-1.jpg\"><img loading=\"lazy\" decoding=\"async\" class=\"alignnone size-full wp-image-959 aligncenter\" src=\"https:\/\/agora.xtec.cat\/zermsp\/wp-content\/uploads\/usu1052\/2022\/07\/Untitled-1.jpg\" alt=\"\" width=\"1024\" height=\"695\" srcset=\"https:\/\/agora.xtec.cat\/zermsp\/wp-content\/uploads\/usu1052\/2022\/07\/Untitled-1.jpg 1024w, https:\/\/agora.xtec.cat\/zermsp\/wp-content\/uploads\/usu1052\/2022\/07\/Untitled-1-300x204.jpg 300w, https:\/\/agora.xtec.cat\/zermsp\/wp-content\/uploads\/usu1052\/2022\/07\/Untitled-1-768x521.jpg 768w\" sizes=\"auto, (max-width: 1024px) 100vw, 1024px\" \/><\/a><\/p>\n<p class=\"CDt4Ke zfr3Q\" dir=\"ltr\"><strong>Documents de refer\u00e8ncia:<\/strong><\/p>\n<ul class=\"n8H08c UVNKR\">\n<li class=\"TYR86d wXCUfe zfr3Q\" dir=\"ltr\">\n<p class=\"CDt4Ke zfr3Q\" dir=\"ltr\"><span style=\"color: #0000ff;\"><a class=\"XqQF9c rXJpyf\" style=\"color: #0000ff;\" href=\"https:\/\/www.google.com\/url?q=https%3A%2F%2Feducacio.gencat.cat%2Fweb%2F.content%2Fhome%2Fdepartament%2Fpublicacions%2Fcolleccions%2Fpla-educacio-digital%2Festrategia-digital-centre%2Festrategia-digital-centre.pdf&amp;sa=D&amp;sntz=1&amp;usg=AOvVaw3QkFojCNa6Zj4UAhuLYRvv\" target=\"_blank\" rel=\"noopener\"><em>Estrat\u00e8gia Digital de Centre <\/em><\/a><\/span><\/p>\n<\/li>\n<li class=\"TYR86d wXCUfe zfr3Q\" dir=\"ltr\">\n<p class=\"CDt4Ke zfr3Q\" dir=\"ltr\"><span style=\"color: #0000ff;\"><a class=\"XqQF9c rXJpyf\" style=\"color: #0000ff;\" href=\"https:\/\/www.google.com\/url?q=https%3A%2F%2Feducacio.gencat.cat%2Fweb%2F.content%2Fhome%2Fdepartament%2Fpublicacions%2Fcolleccions%2Fpla-educacio-digital%2Ffuncions-comissio-estrategia-digital-centre%2Ffuncions-comissio-estrategia-digital-centre.pdf&amp;sa=D&amp;sntz=1&amp;usg=AOvVaw02q9wGe7YTDtVT9g37fk3a\" target=\"_blank\" rel=\"noopener\"><em>Funcions i organitzaci\u00f3 de la comissi\u00f3 d\u2019estrat\u00e8gia digital de centre <\/em><\/a><\/span><\/p>\n<\/li>\n<li class=\"TYR86d wXCUfe zfr3Q\" dir=\"ltr\">\n<p class=\"CDt4Ke zfr3Q\" dir=\"ltr\"><span style=\"color: #0000ff;\"><a class=\"XqQF9c rXJpyf\" style=\"color: #0000ff;\" href=\"https:\/\/www.google.com\/url?q=https%3A%2F%2Feducacio.gencat.cat%2Fweb%2F.content%2Fhome%2Fdepartament%2Fpublicacions%2Fcolleccions%2Fpla-educacio-digital%2Forientacions-coordinacio-digital-centre%2Forientacions-coordinacio-digital-centre.pdf&amp;sa=D&amp;sntz=1&amp;usg=AOvVaw1n-X86cD89nxnLIZjpCGDu\" target=\"_blank\" rel=\"noopener\"><em>Orientacions per a la coordinaci\u00f3 digital de centre<\/em><\/a><\/span><\/p>\n<\/li>\n<\/ul>\n<p><span style=\"color: #0000ff;\"><a style=\"color: #0000ff;\" href=\"http:\/\/https:\/\/projectes.xtec.cat\/edc-suport\/docs_recursos\/\">http:\/\/https:\/\/projectes.xtec.cat\/edc-suport\/docs_recursos\/<\/a><\/span><\/p>\n","protected":false},"excerpt":{"rendered":"<p>Documents de refer\u00e8ncia: Estrat\u00e8gia Digital de Centre Funcions i organitzaci\u00f3 de la comissi\u00f3 d\u2019estrat\u00e8gia digital de centre Orientacions per a la coordinaci\u00f3 digital de centre http:\/\/https:\/\/projectes.xtec.cat\/edc-suport\/docs_recursos\/<\/p>\n","protected":false},"author":1,"featured_media":0,"parent":933,"menu_order":1,"comment_status":"closed","ping_status":"closed","template":"page-templates\/side-menu.php","meta":{"_bbp_topic_count":0,"_bbp_reply_count":0,"_bbp_total_topic_count":0,"_bbp_total_reply_count":0,"_bbp_voice_count":0,"_bbp_anonymous_reply_count":0,"_bbp_topic_count_hidden":0,"_bbp_reply_count_hidden":0,"_bbp_forum_subforum_count":0,"site-sidebar-layout":"default","site-content-layout":"","ast-site-content-layout":"","site-content-style":"default","site-sidebar-style":"default","ast-global-header-display":"","ast-banner-title-visibility":"","ast-main-header-display":"","ast-hfb-above-header-display":"","ast-hfb-below-header-display":"","ast-hfb-mobile-header-display":"","site-post-title":"","ast-breadcrumbs-content":"","ast-featured-img":"","footer-sml-layout":"","theme-transparent-header-meta":"","adv-header-id-meta":"","stick-header-meta":"","header-above-stick-meta":"","header-main-stick-meta":"","header-below-stick-meta":"","astra-migrate-meta-layouts":"default","ast-page-background-enabled":"default","ast-page-background-meta":{"desktop":{"background-color":"var(--ast-global-color-4)","background-image":"","background-repeat":"repeat","background-position":"center center","background-size":"auto","background-attachment":"scroll","background-type":"","background-media":"","overlay-type":"","overlay-color":"","overlay-opacity":"","overlay-gradient":""},"tablet":{"background-color":"","background-image":"","background-repeat":"repeat","background-position":"center center","background-size":"auto","background-attachment":"scroll","background-type":"","background-media":"","overlay-type":"","overlay-color":"","overlay-opacity":"","overlay-gradient":""},"mobile":{"background-color":"","background-image":"","background-repeat":"repeat","background-position":"center center","background-size":"auto","background-attachment":"scroll","background-type":"","background-media":"","overlay-type":"","overlay-color":"","overlay-opacity":"","overlay-gradient":""}},"ast-content-background-meta":{"desktop":{"background-color":"var(--ast-global-color-5)","background-image":"","background-repeat":"repeat","background-position":"center center","background-size":"auto","background-attachment":"scroll","background-type":"","background-media":"","overlay-type":"","overlay-color":"","overlay-opacity":"","overlay-gradient":""},"tablet":{"background-color":"var(--ast-global-color-5)","background-image":"","background-repeat":"repeat","background-position":"center center","background-size":"auto","background-attachment":"scroll","background-type":"","background-media":"","overlay-type":"","overlay-color":"","overlay-opacity":"","overlay-gradient":""},"mobile":{"background-color":"var(--ast-global-color-5)","background-image":"","background-repeat":"repeat","background-position":"center center","background-size":"auto","background-attachment":"scroll","background-type":"","background-media":"","overlay-type":"","overlay-color":"","overlay-opacity":"","overlay-gradient":""}},"footnotes":""},"class_list":["post-974","page","type-page","status-publish","hentry"],"post_mailing_queue_ids":[],"_links":{"self":[{"href":"https:\/\/agora.xtec.cat\/zermsp\/wp-json\/wp\/v2\/pages\/974","targetHints":{"allow":["GET"]}}],"collection":[{"href":"https:\/\/agora.xtec.cat\/zermsp\/wp-json\/wp\/v2\/pages"}],"about":[{"href":"https:\/\/agora.xtec.cat\/zermsp\/wp-json\/wp\/v2\/types\/page"}],"author":[{"embeddable":true,"href":"https:\/\/agora.xtec.cat\/zermsp\/wp-json\/wp\/v2\/users\/1"}],"replies":[{"embeddable":true,"href":"https:\/\/agora.xtec.cat\/zermsp\/wp-json\/wp\/v2\/comments?post=974"}],"version-history":[{"count":1,"href":"https:\/\/agora.xtec.cat\/zermsp\/wp-json\/wp\/v2\/pages\/974\/revisions"}],"predecessor-version":[{"id":975,"href":"https:\/\/agora.xtec.cat\/zermsp\/wp-json\/wp\/v2\/pages\/974\/revisions\/975"}],"up":[{"embeddable":true,"href":"https:\/\/agora.xtec.cat\/zermsp\/wp-json\/wp\/v2\/pages\/933"}],"wp:attachment":[{"href":"https:\/\/agora.xtec.cat\/zermsp\/wp-json\/wp\/v2\/media?parent=974"}],"curies":[{"name":"wp","href":"https:\/\/api.w.org\/{rel}","templated":true}]}}