{"id":941,"date":"2022-06-02T16:02:39","date_gmt":"2022-06-02T14:02:39","guid":{"rendered":"https:\/\/agora.xtec.cat\/zermsp\/?page_id=941"},"modified":"2023-10-25T12:35:52","modified_gmt":"2023-10-25T10:35:52","slug":"planificacio-i-seguiment","status":"publish","type":"page","link":"https:\/\/agora.xtec.cat\/zermsp\/estrategia-digital-de-zer\/planificacio-i-seguiment\/","title":{"rendered":"PLANIFICACI\u00d3 I SEGUIMENT"},"content":{"rendered":"<p><a href=\"https:\/\/agora.xtec.cat\/zermsp\/wp-content\/uploads\/usu1052\/2022\/07\/Untitled.jpg\"><img loading=\"lazy\" decoding=\"async\" class=\"alignnone  wp-image-958\" src=\"https:\/\/agora.xtec.cat\/zermsp\/wp-content\/uploads\/usu1052\/2022\/07\/Untitled.jpg\" alt=\"\" width=\"646\" height=\"499\" srcset=\"https:\/\/agora.xtec.cat\/zermsp\/wp-content\/uploads\/usu1052\/2022\/07\/Untitled.jpg 993w, https:\/\/agora.xtec.cat\/zermsp\/wp-content\/uploads\/usu1052\/2022\/07\/Untitled-300x232.jpg 300w, https:\/\/agora.xtec.cat\/zermsp\/wp-content\/uploads\/usu1052\/2022\/07\/Untitled-768x593.jpg 768w\" sizes=\"auto, (max-width: 646px) 100vw, 646px\" \/><\/a><\/p>\n<p>&nbsp;<\/p>\n<p><strong>Planificaci\u00f3 de l&#8217;Estrat\u00e8gia Digital de la ZER:<\/strong><\/p>\n<p>Durant el curs 2021 &#8211; 2022 s&#8217;han treballat en la diagnosi a nivell de ZER i s&#8217;han determinat els objectius generals de l&#8217;EDZ.<\/p>\n<p>Durant el curs 2022 &#8211; 2023 s&#8217;han concretat les estrat\u00e8gies i les actuacions a desenvolupar amb temporitzaci\u00f3 i indicadors de valoraci\u00f3.<\/p>\n<p>Durant el curs 2023 &#8211; 2024 s&#8217;iniciar\u00e0 el desplegament de les actuacions previstes per cada curs escolar.<\/p>\n<p>A continuaci\u00f3, disposeu de l&#8217;enlla\u00e7 al document que recull objectius, estrat\u00e8gies i actuacions d&#8217;estrat\u00e8gia digital de la ZER Montsant &#8211; Serra de Prades.<\/p>\n<h4><a href=\"https:\/\/drive.google.com\/file\/d\/1OeBFOTyXirikJ0cML3BmcTPlSNwpGMRB\/view?usp=sharing\"><strong>PLA D&#8217;ESTRAT\u00c8GIA DIGITAL DE ZER<\/strong><\/a><\/h4>\n<p>&nbsp;<\/p>\n","protected":false},"excerpt":{"rendered":"<p>&nbsp; Planificaci\u00f3 de l&#8217;Estrat\u00e8gia Digital de la ZER: Durant el curs 2021 &#8211; 2022 s&#8217;han treballat en la diagnosi a nivell de ZER i s&#8217;han determinat els objectius generals de l&#8217;EDZ. Durant el curs 2022 &#8211; 2023 s&#8217;han concretat les estrat\u00e8gies i les actuacions a desenvolupar amb temporitzaci\u00f3 i indicadors de valoraci\u00f3. Durant el curs [&hellip;]<\/p>\n","protected":false},"author":1,"featured_media":0,"parent":933,"menu_order":4,"comment_status":"closed","ping_status":"closed","template":"","meta":{"_bbp_topic_count":0,"_bbp_reply_count":0,"_bbp_total_topic_count":0,"_bbp_total_reply_count":0,"_bbp_voice_count":0,"_bbp_anonymous_reply_count":0,"_bbp_topic_count_hidden":0,"_bbp_reply_count_hidden":0,"_bbp_forum_subforum_count":0,"site-sidebar-layout":"default","site-content-layout":"","ast-site-content-layout":"","site-content-style":"default","site-sidebar-style":"default","ast-global-header-display":"","ast-banner-title-visibility":"","ast-main-header-display":"","ast-hfb-above-header-display":"","ast-hfb-below-header-display":"","ast-hfb-mobile-header-display":"","site-post-title":"","ast-breadcrumbs-content":"","ast-featured-img":"","footer-sml-layout":"","theme-transparent-header-meta":"","adv-header-id-meta":"","stick-header-meta":"","header-above-stick-meta":"","header-main-stick-meta":"","header-below-stick-meta":"","astra-migrate-meta-layouts":"default","ast-page-background-enabled":"default","ast-page-background-meta":{"desktop":{"background-color":"var(--ast-global-color-4)","background-image":"","background-repeat":"repeat","background-position":"center center","background-size":"auto","background-attachment":"scroll","background-type":"","background-media":"","overlay-type":"","overlay-color":"","overlay-opacity":"","overlay-gradient":""},"tablet":{"background-color":"","background-image":"","background-repeat":"repeat","background-position":"center center","background-size":"auto","background-attachment":"scroll","background-type":"","background-media":"","overlay-type":"","overlay-color":"","overlay-opacity":"","overlay-gradient":""},"mobile":{"background-color":"","background-image":"","background-repeat":"repeat","background-position":"center center","background-size":"auto","background-attachment":"scroll","background-type":"","background-media":"","overlay-type":"","overlay-color":"","overlay-opacity":"","overlay-gradient":""}},"ast-content-background-meta":{"desktop":{"background-color":"var(--ast-global-color-5)","background-image":"","background-repeat":"repeat","background-position":"center center","background-size":"auto","background-attachment":"scroll","background-type":"","background-media":"","overlay-type":"","overlay-color":"","overlay-opacity":"","overlay-gradient":""},"tablet":{"background-color":"var(--ast-global-color-5)","background-image":"","background-repeat":"repeat","background-position":"center center","background-size":"auto","background-attachment":"scroll","background-type":"","background-media":"","overlay-type":"","overlay-color":"","overlay-opacity":"","overlay-gradient":""},"mobile":{"background-color":"var(--ast-global-color-5)","background-image":"","background-repeat":"repeat","background-position":"center center","background-size":"auto","background-attachment":"scroll","background-type":"","background-media":"","overlay-type":"","overlay-color":"","overlay-opacity":"","overlay-gradient":""}},"footnotes":""},"class_list":["post-941","page","type-page","status-publish","hentry"],"post_mailing_queue_ids":[],"_links":{"self":[{"href":"https:\/\/agora.xtec.cat\/zermsp\/wp-json\/wp\/v2\/pages\/941","targetHints":{"allow":["GET"]}}],"collection":[{"href":"https:\/\/agora.xtec.cat\/zermsp\/wp-json\/wp\/v2\/pages"}],"about":[{"href":"https:\/\/agora.xtec.cat\/zermsp\/wp-json\/wp\/v2\/types\/page"}],"author":[{"embeddable":true,"href":"https:\/\/agora.xtec.cat\/zermsp\/wp-json\/wp\/v2\/users\/1"}],"replies":[{"embeddable":true,"href":"https:\/\/agora.xtec.cat\/zermsp\/wp-json\/wp\/v2\/comments?post=941"}],"version-history":[{"count":4,"href":"https:\/\/agora.xtec.cat\/zermsp\/wp-json\/wp\/v2\/pages\/941\/revisions"}],"predecessor-version":[{"id":1126,"href":"https:\/\/agora.xtec.cat\/zermsp\/wp-json\/wp\/v2\/pages\/941\/revisions\/1126"}],"up":[{"embeddable":true,"href":"https:\/\/agora.xtec.cat\/zermsp\/wp-json\/wp\/v2\/pages\/933"}],"wp:attachment":[{"href":"https:\/\/agora.xtec.cat\/zermsp\/wp-json\/wp\/v2\/media?parent=941"}],"curies":[{"name":"wp","href":"https:\/\/api.w.org\/{rel}","templated":true}]}}