{"id":933,"date":"2022-06-02T15:49:24","date_gmt":"2022-06-02T13:49:24","guid":{"rendered":"https:\/\/agora.xtec.cat\/zermsp\/?page_id=933"},"modified":"2022-07-08T00:41:50","modified_gmt":"2022-07-07T22:41:50","slug":"estrategia-digital-de-zer","status":"publish","type":"page","link":"https:\/\/agora.xtec.cat\/zermsp\/estrategia-digital-de-zer\/","title":{"rendered":"ESTRAT\u00c8GIA DIGITAL DE ZER"},"content":{"rendered":"<p>&nbsp;<\/p>\n<p>L\u2019<strong>Estrat\u00e8gia Digital de Centre<\/strong> (EDC) \u00e9s un document que recull totes les accions que es realitzen a totes les escoles de la ZER, i les que es realitzaran a mitj\u00e0 termini, per aconseguir la m\u00e0xima compet\u00e8ncia digital de l\u2019alumnat, dels mestres i de tota la comunitat educativa.<\/p>\n<p><a href=\"https:\/\/agora.xtec.cat\/zermsp\/wp-content\/uploads\/usu1052\/2022\/07\/Untitled-2.jpg\"><img loading=\"lazy\" decoding=\"async\" class=\"size-large wp-image-969 aligncenter\" src=\"https:\/\/agora.xtec.cat\/zermsp\/wp-content\/uploads\/usu1052\/2022\/07\/Untitled-2-1024x726.jpg\" alt=\"\" width=\"1024\" height=\"726\" srcset=\"https:\/\/agora.xtec.cat\/zermsp\/wp-content\/uploads\/usu1052\/2022\/07\/Untitled-2-1024x726.jpg 1024w, https:\/\/agora.xtec.cat\/zermsp\/wp-content\/uploads\/usu1052\/2022\/07\/Untitled-2-300x213.jpg 300w, https:\/\/agora.xtec.cat\/zermsp\/wp-content\/uploads\/usu1052\/2022\/07\/Untitled-2-768x545.jpg 768w, https:\/\/agora.xtec.cat\/zermsp\/wp-content\/uploads\/usu1052\/2022\/07\/Untitled-2.jpg 1162w\" sizes=\"auto, (max-width: 1024px) 100vw, 1024px\" \/><\/a><\/p>\n<p style=\"text-align: center;\"><a href=\"https:\/\/youtu.be\/uS5UUZIYLPQ\">https:\/\/youtu.be\/uS5UUZIYLPQ<\/a><\/p>\n","protected":false},"excerpt":{"rendered":"<p>&nbsp; L\u2019Estrat\u00e8gia Digital de Centre (EDC) \u00e9s un document que recull totes les accions que es realitzen a totes les escoles de la ZER, i les que es realitzaran a mitj\u00e0 termini, per aconseguir la m\u00e0xima compet\u00e8ncia digital de l\u2019alumnat, dels mestres i de tota la comunitat educativa. https:\/\/youtu.be\/uS5UUZIYLPQ<\/p>\n","protected":false},"author":1,"featured_media":0,"parent":0,"menu_order":0,"comment_status":"closed","ping_status":"closed","template":"","meta":{"_bbp_topic_count":0,"_bbp_reply_count":0,"_bbp_total_topic_count":0,"_bbp_total_reply_count":0,"_bbp_voice_count":0,"_bbp_anonymous_reply_count":0,"_bbp_topic_count_hidden":0,"_bbp_reply_count_hidden":0,"_bbp_forum_subforum_count":0,"site-sidebar-layout":"default","site-content-layout":"","ast-site-content-layout":"","site-content-style":"default","site-sidebar-style":"default","ast-global-header-display":"","ast-banner-title-visibility":"","ast-main-header-display":"","ast-hfb-above-header-display":"","ast-hfb-below-header-display":"","ast-hfb-mobile-header-display":"","site-post-title":"","ast-breadcrumbs-content":"","ast-featured-img":"","footer-sml-layout":"","theme-transparent-header-meta":"","adv-header-id-meta":"","stick-header-meta":"","header-above-stick-meta":"","header-main-stick-meta":"","header-below-stick-meta":"","astra-migrate-meta-layouts":"default","ast-page-background-enabled":"default","ast-page-background-meta":{"desktop":{"background-color":"var(--ast-global-color-4)","background-image":"","background-repeat":"repeat","background-position":"center center","background-size":"auto","background-attachment":"scroll","background-type":"","background-media":"","overlay-type":"","overlay-color":"","overlay-opacity":"","overlay-gradient":""},"tablet":{"background-color":"","background-image":"","background-repeat":"repeat","background-position":"center center","background-size":"auto","background-attachment":"scroll","background-type":"","background-media":"","overlay-type":"","overlay-color":"","overlay-opacity":"","overlay-gradient":""},"mobile":{"background-color":"","background-image":"","background-repeat":"repeat","background-position":"center center","background-size":"auto","background-attachment":"scroll","background-type":"","background-media":"","overlay-type":"","overlay-color":"","overlay-opacity":"","overlay-gradient":""}},"ast-content-background-meta":{"desktop":{"background-color":"var(--ast-global-color-5)","background-image":"","background-repeat":"repeat","background-position":"center center","background-size":"auto","background-attachment":"scroll","background-type":"","background-media":"","overlay-type":"","overlay-color":"","overlay-opacity":"","overlay-gradient":""},"tablet":{"background-color":"var(--ast-global-color-5)","background-image":"","background-repeat":"repeat","background-position":"center center","background-size":"auto","background-attachment":"scroll","background-type":"","background-media":"","overlay-type":"","overlay-color":"","overlay-opacity":"","overlay-gradient":""},"mobile":{"background-color":"var(--ast-global-color-5)","background-image":"","background-repeat":"repeat","background-position":"center center","background-size":"auto","background-attachment":"scroll","background-type":"","background-media":"","overlay-type":"","overlay-color":"","overlay-opacity":"","overlay-gradient":""}},"footnotes":""},"class_list":["post-933","page","type-page","status-publish","hentry"],"post_mailing_queue_ids":[],"_links":{"self":[{"href":"https:\/\/agora.xtec.cat\/zermsp\/wp-json\/wp\/v2\/pages\/933","targetHints":{"allow":["GET"]}}],"collection":[{"href":"https:\/\/agora.xtec.cat\/zermsp\/wp-json\/wp\/v2\/pages"}],"about":[{"href":"https:\/\/agora.xtec.cat\/zermsp\/wp-json\/wp\/v2\/types\/page"}],"author":[{"embeddable":true,"href":"https:\/\/agora.xtec.cat\/zermsp\/wp-json\/wp\/v2\/users\/1"}],"replies":[{"embeddable":true,"href":"https:\/\/agora.xtec.cat\/zermsp\/wp-json\/wp\/v2\/comments?post=933"}],"version-history":[{"count":4,"href":"https:\/\/agora.xtec.cat\/zermsp\/wp-json\/wp\/v2\/pages\/933\/revisions"}],"predecessor-version":[{"id":973,"href":"https:\/\/agora.xtec.cat\/zermsp\/wp-json\/wp\/v2\/pages\/933\/revisions\/973"}],"wp:attachment":[{"href":"https:\/\/agora.xtec.cat\/zermsp\/wp-json\/wp\/v2\/media?parent=933"}],"curies":[{"name":"wp","href":"https:\/\/api.w.org\/{rel}","templated":true}]}}