{"id":741,"date":"2020-04-10T12:46:51","date_gmt":"2020-04-10T10:46:51","guid":{"rendered":"http:\/\/agora.xtec.cat\/zermsp\/?page_id=741"},"modified":"2020-06-01T22:32:35","modified_gmt":"2020-06-01T20:32:35","slug":"musica","status":"publish","type":"page","link":"https:\/\/agora.xtec.cat\/zermsp\/arees-i-especialitats-de-zer\/musica\/","title":{"rendered":"M\u00daSICA"},"content":{"rendered":"<p>Benvolgudes fam\u00edlies,<\/p>\n<p>Aquesta p\u00e0gina est\u00e0 dedicada a l&#8217;educaci\u00f3 art\u00edstica. Aqu\u00ed trobareu recursos i propostes de treball en relaci\u00f3 a les \u00e0rees de pl\u00e0stica i m\u00fasica.<\/p>\n<p>&nbsp;<\/p>\n<h1 style=\"text-align: center;\"><strong><span style=\"color: #00ff00;\">3a PROPOSTA DE TREBALL DE L&#8217;\u00c0REA DE M\u00daSICA<\/span><\/strong><\/h1>\n<h2 style=\"text-align: center;\"><strong><span style=\"color: #00ff00;\">EDUCACI\u00d3 PRIM\u00c0RIA<\/span><\/strong><\/h2>\n<p>&nbsp;<\/p>\n<h1>\u00a0 \u00a0 \u00a0 \u00a0 \u00a0 <a href=\"https:\/\/drive.google.com\/file\/d\/1E7Y3_A76h7iuFQviAixPMbht6TBY-X4o\/view?usp=sharing\" target=\"_blank\" rel=\"noopener noreferrer\"><img loading=\"lazy\" decoding=\"async\" class=\"alignnone wp-image-902\" src=\"https:\/\/agora.xtec.cat\/zermsp\/wp-content\/uploads\/usu1052\/2020\/06\/KUKU-MUSICA.jpg\" alt=\"\" width=\"234\" height=\"276\" \/><\/a> \u00a0 \u00a0 \u00a0 \u00a0 \u00a0 \u00a0 <a href=\"https:\/\/drive.google.com\/file\/d\/1_XCYvChdjpyebQzbR7cgdZyCCtIgeR9B\/view?usp=sharing\" target=\"_blank\" rel=\"noopener noreferrer\"><img loading=\"lazy\" decoding=\"async\" class=\"alignnone wp-image-903\" src=\"https:\/\/agora.xtec.cat\/zermsp\/wp-content\/uploads\/usu1052\/2020\/06\/KUKUXUMUSICA.jpg\" alt=\"\" width=\"208\" height=\"256\" \/><\/a> \u00a0 \u00a0 \u00a0 \u00a0 \u00a0 \u00a0 <a href=\"https:\/\/drive.google.com\/file\/d\/1YCztowAerIv7Z_EVWsKMbgzTSRwHnNoC\/view?usp=sharing\" target=\"_blank\" rel=\"noopener noreferrer\"><img loading=\"lazy\" decoding=\"async\" class=\"alignnone wp-image-904\" src=\"https:\/\/agora.xtec.cat\/zermsp\/wp-content\/uploads\/usu1052\/2020\/06\/KUKUXUMUSU-MUSICA.jpg\" alt=\"\" width=\"257\" height=\"257\" srcset=\"https:\/\/agora.xtec.cat\/zermsp\/wp-content\/uploads\/usu1052\/2020\/06\/KUKUXUMUSU-MUSICA.jpg 630w, https:\/\/agora.xtec.cat\/zermsp\/wp-content\/uploads\/usu1052\/2020\/06\/KUKUXUMUSU-MUSICA-150x150.jpg 150w, https:\/\/agora.xtec.cat\/zermsp\/wp-content\/uploads\/usu1052\/2020\/06\/KUKUXUMUSU-MUSICA-300x300.jpg 300w\" sizes=\"auto, (max-width: 257px) 100vw, 257px\" \/><\/a><\/h1>\n<h4><span style=\"color: #3366ff;\"><strong>\u00a0 \u00a0\u00a0 \u00a0\u00a0 \u00a0\u00a0 \u00a0\u00a0 \u00a0\u00a0 <a href=\"https:\/\/drive.google.com\/file\/d\/1E7Y3_A76h7iuFQviAixPMbht6TBY-X4o\/view?usp=sharing\" target=\"_blank\" rel=\"noopener noreferrer\"><span style=\"color: #000000;\">TASCA CICLE INICIAL<\/span>\u00a0 <\/a>\u00a0 \u00a0 \u00a0 \u00a0 \u00a0 \u00a0 \u00a0 \u00a0\u00a0\u00a0\u00a0\u00a0<a href=\"https:\/\/drive.google.com\/file\/d\/1_XCYvChdjpyebQzbR7cgdZyCCtIgeR9B\/view?usp=sharing\" target=\"_blank\" rel=\"noopener noreferrer\"> \u00a0 <span style=\"color: #000000;\">TASCA CICLE MITJ\u00c0\u00a0<\/span> \u00a0<\/a> \u00a0 \u00a0 \u00a0 \u00a0 \u00a0 \u00a0 \u00a0 \u00a0 \u00a0\u00a0 \u00a0\u00a0 \u00a0<a href=\"https:\/\/drive.google.com\/file\/d\/1YCztowAerIv7Z_EVWsKMbgzTSRwHnNoC\/view?usp=sharing\" target=\"_blank\" rel=\"noopener noreferrer\">\u00a0<span style=\"color: #000000;\">TASCA CICLE SUPERIOR<\/span><\/a><\/strong><\/span><\/h4>\n<h4><span style=\"color: #3366ff;\"><strong>\u00a0 \u00a0 \u00a0 \u00a0 \u00a0 \u00a0 \u00a0 \u00a0 \u00a0 <span style=\"color: #00ff00;\">\u00a0 (1r i 2n Prim\u00e0ria)<\/span> \u00a0 \u00a0 \u00a0 \u00a0 \u00a0 \u00a0 \u00a0 \u00a0 \u00a0 \u00a0 \u00a0 \u00a0 \u00a0 \u00a0 \u00a0 \u00a0 <span style=\"color: #00ff00;\">(3r i 4t Prim\u00e0ria)\u00a0<\/span> \u00a0 \u00a0 \u00a0 \u00a0 \u00a0 \u00a0 \u00a0 \u00a0 \u00a0 \u00a0 \u00a0 \u00a0 \u00a0 \u00a0 \u00a0 \u00a0 \u00a0 \u00a0 \u00a0<span style=\"color: #00ff00;\">(5\u00e8 i 6\u00e8 Prim\u00e0ria)<\/span><\/strong><\/span><\/h4>\n<p>&nbsp;<\/p>\n<p>&nbsp;<\/p>\n<p style=\"text-align: center;\"><span style=\"color: #000000;\"><strong>TROBAREU M\u00c9S <span style=\"color: #800080;\">RECURSOS<\/span> AL BLOG DE M\u00daSICA DE LA ZER MONTSANT &#8211; SERRA DE PRADES:<\/strong><\/span><\/p>\n<h3 style=\"text-align: center;\"><span style=\"color: #800080;\"><a style=\"color: #800080;\" href=\"https:\/\/blocs.xtec.cat\/musicazermsp\/\">https:\/\/blocs.xtec.cat\/musicazermsp\/<\/a><\/span><\/h3>\n<p><span style=\"color: #00ff00;\">________________________________________________________________________________________________________________________________________________<\/span><\/p>\n<p>&nbsp;<\/p>\n<p>&nbsp;<\/p>\n<h1 style=\"text-align: center;\"><span style=\"color: #ff6600;\">2a PROPOSTA DE TREBALL DE L&#8217;\u00c0REA DE M\u00daSICA<\/span><\/h1>\n<h2 style=\"text-align: center;\"><span style=\"color: #ff6600;\">3r Trimestre<\/span><\/h2>\n<p>&nbsp;<\/p>\n<h2 style=\"text-align: center;\"><span style=\"color: #ff6600;\">EDUCACI\u00d3 INFANTIL<\/span><\/h2>\n<p>&nbsp;<\/p>\n<div id=\":1t2\" class=\"ii gt\">\n<div id=\":1t1\" class=\"a3s aXjCH \">\n<div dir=\"ltr\">\n<div class=\"gmail_quote\">\n<div dir=\"ltr\">\n<div dir=\"ltr\">\n<h4 dir=\"ltr\" style=\"text-align: center;\"><span style=\"color: #000000;\">Repte musical per a INFANTIL<\/span><br \/>\n<span style=\"color: #000000;\">Canta i balla &#8221; El Jard\u00ed &#8220;<\/span><\/h4>\n<p>&nbsp;<\/p>\n<h6 style=\"text-align: center;\"><span style=\"color: #000000;\">Gaudiu d&#8217;aquesta can\u00e7oneta ara que la primavera ens regala tot de colors i olors mentre passegem pel jard\u00ed de casa, guaitem al nostre balc\u00f3 o passegem pels boscos.<\/span><\/h6>\n<h6><\/h6>\n<h6 style=\"text-align: center;\"><span style=\"color: #000000;\">Si us animeu, feu un dibuix o fotografia d&#8217;aquest meravell\u00f3s moment i compartiu-lo!<\/span><\/h6>\n<p>&nbsp;<\/p>\n<\/div>\n<div><\/div>\n<\/div>\n<\/div>\n<\/div>\n<\/div>\n<\/div>\n<div class=\"ast-oembed-container \" style=\"height: 100%;\"><iframe loading=\"lazy\" title=\"El Pot Petit - El Jard\u00ed (videoclip oficial)\" width=\"500\" height=\"281\" src=\"https:\/\/www.youtube.com\/embed\/di8VXleCyrE?feature=oembed\" frameborder=\"0\" allow=\"accelerometer; autoplay; clipboard-write; encrypted-media; gyroscope; picture-in-picture; web-share\" referrerpolicy=\"strict-origin-when-cross-origin\" allowfullscreen><\/iframe><\/div>\n<h3><\/h3>\n<h3><\/h3>\n<p>&nbsp;<\/p>\n<h2 style=\"text-align: center;\"><span style=\"color: #ff6600;\">EDUCACI\u00d3 PRIM\u00c0RIA<\/span><\/h2>\n<pre><a href=\"https:\/\/drive.google.com\/file\/d\/1UX62RCfS_Rt9xA0xNSczSssHoklNje1L\/view?usp=sharing\" target=\"_blank\" rel=\"noopener noreferrer\"><img loading=\"lazy\" decoding=\"async\" class=\"alignnone wp-image-862\" src=\"https:\/\/agora.xtec.cat\/zermsp\/wp-content\/uploads\/usu1052\/2020\/05\/MUSICA-TURU3.jpg\" alt=\"\" width=\"277\" height=\"295\" \/><\/a> \u00a0 <a href=\"https:\/\/drive.google.com\/file\/d\/1t17AYdhP-eX9DYj0jYjfvIbKkvJC2exD\/view?usp=sharing\" target=\"_blank\" rel=\"noopener noreferrer\"><img loading=\"lazy\" decoding=\"async\" class=\"alignnone wp-image-864\" src=\"https:\/\/agora.xtec.cat\/zermsp\/wp-content\/uploads\/usu1052\/2020\/05\/MUSICA-TURU2.jpg\" alt=\"\" width=\"357\" height=\"216\" data-wp-editing=\"1\" srcset=\"https:\/\/agora.xtec.cat\/zermsp\/wp-content\/uploads\/usu1052\/2020\/05\/MUSICA-TURU2.jpg 720w, https:\/\/agora.xtec.cat\/zermsp\/wp-content\/uploads\/usu1052\/2020\/05\/MUSICA-TURU2-300x182.jpg 300w\" sizes=\"auto, (max-width: 357px) 100vw, 357px\" \/><\/a> \u00a0 <a href=\"https:\/\/drive.google.com\/file\/d\/12orSC0AVvjdUxG_E6nfxMFXsMrzdrc7N\/view?usp=sharing\" target=\"_blank\" rel=\"noopener noreferrer\"><img loading=\"lazy\" decoding=\"async\" class=\"alignnone wp-image-863\" src=\"https:\/\/agora.xtec.cat\/zermsp\/wp-content\/uploads\/usu1052\/2020\/05\/MUSICA-TURU1-1024x598.jpg\" alt=\"\" width=\"342\" height=\"200\" srcset=\"https:\/\/agora.xtec.cat\/zermsp\/wp-content\/uploads\/usu1052\/2020\/05\/MUSICA-TURU1-1024x598.jpg 1024w, https:\/\/agora.xtec.cat\/zermsp\/wp-content\/uploads\/usu1052\/2020\/05\/MUSICA-TURU1-300x175.jpg 300w, https:\/\/agora.xtec.cat\/zermsp\/wp-content\/uploads\/usu1052\/2020\/05\/MUSICA-TURU1-768x449.jpg 768w, https:\/\/agora.xtec.cat\/zermsp\/wp-content\/uploads\/usu1052\/2020\/05\/MUSICA-TURU1.jpg 1600w\" sizes=\"auto, (max-width: 342px) 100vw, 342px\" \/><\/a><\/pre>\n<h4><span style=\"color: #3366ff;\"><strong>\u00a0 \u00a0 \u00a0 \u00a0 \u00a0 \u00a0 \u00a0 \u00a0<a href=\"https:\/\/drive.google.com\/file\/d\/1UX62RCfS_Rt9xA0xNSczSssHoklNje1L\/view?usp=sharing\" target=\"_blank\" rel=\"noopener noreferrer\">TASCA CICLE INICIAL\u00a0<\/a> \u00a0 \u00a0 \u00a0 \u00a0 \u00a0 \u00a0 \u00a0 \u00a0 <a href=\"https:\/\/drive.google.com\/file\/d\/1t17AYdhP-eX9DYj0jYjfvIbKkvJC2exD\/view?usp=sharing\" target=\"_blank\" rel=\"noopener noreferrer\">TASCA CICLE MITJ\u00c0\u00a0<\/a> \u00a0 \u00a0 \u00a0 \u00a0 \u00a0 \u00a0 \u00a0 \u00a0 \u00a0 \u00a0\u00a0 \u00a0\u00a0 \u00a0<a href=\"https:\/\/drive.google.com\/file\/d\/12orSC0AVvjdUxG_E6nfxMFXsMrzdrc7N\/view?usp=sharing\" target=\"_blank\" rel=\"noopener noreferrer\">\u00a0TASCA CICLE SUPERIOR<\/a><\/strong><\/span><\/h4>\n<h4><span style=\"color: #3366ff;\"><strong>\u00a0 \u00a0 \u00a0 \u00a0 \u00a0 \u00a0 \u00a0 \u00a0 \u00a0 \u00a0 (1r i 2n Prim\u00e0ria)\u00a0 \u00a0 \u00a0 \u00a0 \u00a0 \u00a0 \u00a0 \u00a0 \u00a0 \u00a0 \u00a0 \u00a0 \u00a0 (3r i 4t Prim\u00e0ria)\u00a0 \u00a0 \u00a0 \u00a0 \u00a0 \u00a0 \u00a0 \u00a0 \u00a0 \u00a0 \u00a0 \u00a0 \u00a0 \u00a0 \u00a0 \u00a0 \u00a0 \u00a0 \u00a0 \u00a0(5\u00e8 i 6\u00e8 Prim\u00e0ria)<\/strong><\/span><\/h4>\n<p>&nbsp;<\/p>\n<p style=\"text-align: center;\"><span style=\"color: #000000;\"><strong>TROBAREU M\u00c9S <span style=\"color: #800080;\">RECURSOS<\/span> AL BLOG DE M\u00daSICA DE LA ZER MONTSANT &#8211; SERRA DE PRADES:<\/strong><\/span><\/p>\n<h3 style=\"text-align: center;\"><a href=\"https:\/\/blocs.xtec.cat\/musicazermsp\/\">https:\/\/blocs.xtec.cat\/musicazermsp\/<\/a><\/h3>\n<h3><\/h3>\n<h3><span style=\"color: #800080;\">_____________________________________________________________________________________<\/span><\/h3>\n<h3 style=\"text-align: center;\"><strong><span style=\"color: #800080;\">1a PROPOSTA DE TREBALL DE L&#8217;\u00c0REA DE M\u00daSICA<\/span><\/strong><\/h3>\n<h4 style=\"text-align: center;\"><strong><span style=\"color: #800080;\">3r TRIMESTRE<\/span><\/strong><\/h4>\n<p>&nbsp;<\/p>\n<h2 style=\"text-align: center;\"><span style=\"color: #800080;\">EDUCACI\u00d3 INFANTIL<\/span><\/h2>\n<p>&nbsp;<\/p>\n<h3 style=\"text-align: center;\"><span style=\"color: #008000;\">LES TASQUES D&#8217;EN DRAC PUFF!!<\/span><\/h3>\n<h6 style=\"text-align: center;\"><span style=\"color: #008000;\">(Heu de clicar damunt la fotografia i us portar\u00e0 al v\u00eddeo de la tasca)<\/span><\/h6>\n<p>&nbsp;<\/p>\n<p><a href=\"https:\/\/drive.google.com\/file\/d\/1FBoiSHE2mEORkDzvhXhl3SxdTw92Buj5\/view?usp=sharing\"><img loading=\"lazy\" decoding=\"async\" class=\"wp-image-855 aligncenter\" src=\"https:\/\/agora.xtec.cat\/zermsp\/wp-content\/uploads\/usu1052\/2020\/05\/Screenshot_20200504-114508-1024x551.png\" alt=\"\" width=\"457\" height=\"246\" srcset=\"https:\/\/agora.xtec.cat\/zermsp\/wp-content\/uploads\/usu1052\/2020\/05\/Screenshot_20200504-114508-1024x551.png 1024w, https:\/\/agora.xtec.cat\/zermsp\/wp-content\/uploads\/usu1052\/2020\/05\/Screenshot_20200504-114508-300x161.png 300w, https:\/\/agora.xtec.cat\/zermsp\/wp-content\/uploads\/usu1052\/2020\/05\/Screenshot_20200504-114508-768x413.png 768w, https:\/\/agora.xtec.cat\/zermsp\/wp-content\/uploads\/usu1052\/2020\/05\/Screenshot_20200504-114508.png 1080w\" sizes=\"auto, (max-width: 457px) 100vw, 457px\" \/><\/a><\/p>\n<p>&nbsp;<\/p>\n<p>&nbsp;<\/p>\n<p><a href=\"https:\/\/drive.google.com\/file\/d\/1ujNOFNa07TI76_3n-ZpOJ0Z7FH8XO-Pm\/view?usp=sharing\"><img loading=\"lazy\" decoding=\"async\" class=\"wp-image-856 aligncenter\" src=\"https:\/\/agora.xtec.cat\/zermsp\/wp-content\/uploads\/usu1052\/2020\/05\/Screenshot_20200504-114234-1024x562.png\" alt=\"\" width=\"514\" height=\"282\" srcset=\"https:\/\/agora.xtec.cat\/zermsp\/wp-content\/uploads\/usu1052\/2020\/05\/Screenshot_20200504-114234-1024x562.png 1024w, https:\/\/agora.xtec.cat\/zermsp\/wp-content\/uploads\/usu1052\/2020\/05\/Screenshot_20200504-114234-300x165.png 300w, https:\/\/agora.xtec.cat\/zermsp\/wp-content\/uploads\/usu1052\/2020\/05\/Screenshot_20200504-114234-768x422.png 768w, https:\/\/agora.xtec.cat\/zermsp\/wp-content\/uploads\/usu1052\/2020\/05\/Screenshot_20200504-114234.png 1080w\" sizes=\"auto, (max-width: 514px) 100vw, 514px\" \/><\/a><\/p>\n<p>&nbsp;<\/p>\n<p>&nbsp;<\/p>\n<h3 style=\"text-align: center;\"><strong><span style=\"color: #800080;\">1a PROPOSTA DE TREBALL DE L&#8217;\u00c0REA DE M\u00daSICA<\/span><\/strong><\/h3>\n<h4 style=\"text-align: center;\"><strong><span style=\"color: #800080;\">3r TRIMESTRE<\/span><\/strong><\/h4>\n<p>&nbsp;<\/p>\n<h2 style=\"text-align: center;\"><span style=\"color: #800080;\">EDUCACI\u00d3 PRIM\u00c0RIA<\/span><\/h2>\n<p>&nbsp;<\/p>\n<p>&nbsp;<\/p>\n<p><a href=\"https:\/\/drive.google.com\/a\/xtec.cat\/file\/d\/1M71Zmq-V0c0rD7dO5-hsi8wZiQxa2OcQ\/view?usp=sharing\"><img loading=\"lazy\" decoding=\"async\" class=\"wp-image-784 alignleft\" src=\"https:\/\/agora.xtec.cat\/zermsp\/wp-content\/uploads\/usu1052\/2020\/04\/LLAPIS-MUSICA-1-664x1024.jpg\" alt=\"\" width=\"180\" height=\"279\" srcset=\"https:\/\/agora.xtec.cat\/zermsp\/wp-content\/uploads\/usu1052\/2020\/04\/LLAPIS-MUSICA-1-664x1024.jpg 664w, https:\/\/agora.xtec.cat\/zermsp\/wp-content\/uploads\/usu1052\/2020\/04\/LLAPIS-MUSICA-1-768x1184.jpg 768w, https:\/\/agora.xtec.cat\/zermsp\/wp-content\/uploads\/usu1052\/2020\/04\/LLAPIS-MUSICA-1.jpg 843w\" sizes=\"auto, (max-width: 180px) 100vw, 180px\" \/><\/a> \u00a0 \u00a0 \u00a0 \u00a0 \u00a0 \u00a0 \u00a0 \u00a0 \u00a0 \u00a0 \u00a0 \u00a0 \u00a0 \u00a0 \u00a0 \u00a0 \u00a0 \u00a0 \u00a0 \u00a0 \u00a0 \u00a0 \u00a0<a href=\"https:\/\/drive.google.com\/a\/xtec.cat\/file\/d\/1THGykAZlEZUczb0TPx1TJq5ZdW_-Ot-J\/view?usp=sharing\"><img loading=\"lazy\" decoding=\"async\" class=\"alignnone wp-image-785\" src=\"https:\/\/agora.xtec.cat\/zermsp\/wp-content\/uploads\/usu1052\/2020\/04\/LLAPIS-MUSICA2-633x1024.jpg\" alt=\"\" width=\"194\" height=\"315\" srcset=\"https:\/\/agora.xtec.cat\/zermsp\/wp-content\/uploads\/usu1052\/2020\/04\/LLAPIS-MUSICA2-633x1024.jpg 633w, https:\/\/agora.xtec.cat\/zermsp\/wp-content\/uploads\/usu1052\/2020\/04\/LLAPIS-MUSICA2-768x1242.jpg 768w, https:\/\/agora.xtec.cat\/zermsp\/wp-content\/uploads\/usu1052\/2020\/04\/LLAPIS-MUSICA2.jpg 804w\" sizes=\"auto, (max-width: 194px) 100vw, 194px\" \/><\/a> \u00a0 \u00a0 \u00a0 \u00a0 \u00a0 \u00a0 \u00a0 \u00a0 \u00a0 \u00a0 \u00a0 \u00a0 \u00a0 \u00a0 \u00a0 \u00a0 \u00a0 \u00a0 \u00a0 \u00a0 \u00a0 \u00a0<a href=\"https:\/\/drive.google.com\/a\/xtec.cat\/file\/d\/1kZtKWc_nm06OXw8BxW4r6zm5DYeVSYbF\/view?usp=sharing\"><img loading=\"lazy\" decoding=\"async\" class=\"alignnone wp-image-786\" src=\"https:\/\/agora.xtec.cat\/zermsp\/wp-content\/uploads\/usu1052\/2020\/04\/LLAPIS-MUSICA3-628x1024.jpg\" alt=\"\" width=\"195\" height=\"318\" srcset=\"https:\/\/agora.xtec.cat\/zermsp\/wp-content\/uploads\/usu1052\/2020\/04\/LLAPIS-MUSICA3-628x1024.jpg 628w, https:\/\/agora.xtec.cat\/zermsp\/wp-content\/uploads\/usu1052\/2020\/04\/LLAPIS-MUSICA3-184x300.jpg 184w, https:\/\/agora.xtec.cat\/zermsp\/wp-content\/uploads\/usu1052\/2020\/04\/LLAPIS-MUSICA3-768x1253.jpg 768w, https:\/\/agora.xtec.cat\/zermsp\/wp-content\/uploads\/usu1052\/2020\/04\/LLAPIS-MUSICA3.jpg 797w\" sizes=\"auto, (max-width: 195px) 100vw, 195px\" \/><\/a><\/p>\n<h4><span style=\"color: #3366ff;\"><strong><a href=\"https:\/\/drive.google.com\/a\/xtec.cat\/file\/d\/1M71Zmq-V0c0rD7dO5-hsi8wZiQxa2OcQ\/view?usp=sharing\">TASCA CICLE INICIAL\u00a0<\/a> \u00a0 \u00a0 \u00a0 \u00a0 \u00a0 \u00a0 \u00a0 \u00a0 \u00a0 \u00a0 <a href=\"https:\/\/drive.google.com\/a\/xtec.cat\/file\/d\/1THGykAZlEZUczb0TPx1TJq5ZdW_-Ot-J\/view?usp=sharing\">\u00a0TASCA CICLE MITJ\u00c0\u00a0<\/a> \u00a0 \u00a0 \u00a0 \u00a0 \u00a0 \u00a0 \u00a0 \u00a0 \u00a0 \u00a0\u00a0 \u00a0\u00a0 \u00a0\u00a0<a href=\"https:\/\/drive.google.com\/a\/xtec.cat\/file\/d\/1kZtKWc_nm06OXw8BxW4r6zm5DYeVSYbF\/view?usp=sharing\">TASCA CICLE SUPERIOR<\/a><\/strong><\/span><\/h4>\n<h4><span style=\"color: #3366ff;\"><strong>\u00a0 \u00a0 (1r i 2n Prim\u00e0ria)\u00a0 \u00a0 \u00a0 \u00a0 \u00a0 \u00a0 \u00a0 \u00a0 \u00a0 \u00a0 \u00a0 \u00a0 \u00a0 \u00a0 \u00a0 \u00a0 (3r i 4t Prim\u00e0ria)\u00a0 \u00a0 \u00a0 \u00a0 \u00a0 \u00a0 \u00a0 \u00a0 \u00a0 \u00a0 \u00a0 \u00a0 \u00a0 \u00a0 \u00a0 \u00a0 \u00a0 \u00a0 \u00a0 \u00a0(5\u00e8 i 6\u00e8 Prim\u00e0ria)<\/strong><\/span><\/h4>\n<p>&nbsp;<\/p>\n<p style=\"text-align: center;\"><span style=\"color: #000000;\"><strong>TROBAREU M\u00c9S <span style=\"color: #800080;\">RECURSOS<\/span> AL BLOG DE M\u00daSICA DE LA ZER MONTSANT &#8211; SERRA DE PRADES:<\/strong><\/span><\/p>\n<h3 style=\"text-align: center;\"><a href=\"https:\/\/blocs.xtec.cat\/musicazermsp\/\">https:\/\/blocs.xtec.cat\/musicazermsp\/<\/a><\/h3>\n<p>&nbsp;<\/p>\n<h5><span style=\"color: #800080;\">&#8212;&#8212;&#8212;&#8212;&#8212;&#8212;&#8212;&#8212;&#8212;&#8212;&#8212;&#8212;&#8212;&#8212;&#8212;&#8212;&#8212;&#8212;&#8212;&#8212;&#8212;&#8212;&#8212;&#8212;&#8212;&#8212;&#8212;&#8212;&#8212;&#8212;&#8212;&#8212;&#8212;&#8212;&#8212;&#8212;&#8212;&#8212;&#8212;&#8212;&#8212;&#8212;&#8212;&#8212;&#8212;&#8212;&#8212;&#8212;&#8212;&#8212;&#8212;&#8212;&#8212;&#8212;&#8212;&#8212;&#8212;&#8212;&#8212;&#8212;&#8212;&#8212;&#8212;&#8212;&#8212;&#8212;&#8212;&#8212;&#8212;&#8212;&#8212;-<\/span><\/h5>\n<h2><\/h2>\n<h2 style=\"text-align: center;\"><span style=\"color: #ff6600;\">29 d&#8217;abril, Dia internacional de la dansa!!<\/span><\/h2>\n<p><img loading=\"lazy\" decoding=\"async\" class=\"size-full wp-image-854 aligncenter\" src=\"https:\/\/agora.xtec.cat\/ceip-garbi-poboleda\/wp-content\/uploads\/usu1762\/2020\/04\/guillem_cabrera_4020.jpg\" alt=\"\" width=\"662\" height=\"441\" \/><\/p>\n<h4 style=\"text-align: center;\"><span style=\"color: #800080;\">Us compartim la hist\u00f2ria del &#8220;Billy Elliot&#8221; catal\u00e0!\u00a0 \u00a0Esperem que us agradi!!<\/span><\/h4>\n<h3 style=\"text-align: center;\"><span style=\"color: #800080;\"><a style=\"color: #800080;\" href=\"https:\/\/drive.google.com\/file\/d\/1EuhKvKyufQwzayHNHFYg4AN2V0Utik7U\/view?usp=sharing\">https:\/\/drive.google.com\/file\/d\/1EuhKvKyufQwzayHNHFYg4AN2V0Utik7U\/view?usp=sharing<\/a><\/span><\/h3>\n<p>&nbsp;<\/p>\n<p>&nbsp;<\/p>\n<h4><span style=\"color: #800080;\">&#8212;&#8212;&#8212;&#8212;&#8212;&#8212;&#8212;&#8212;&#8212;&#8212;&#8212;&#8212;&#8212;&#8212;&#8212;&#8212;&#8212;&#8212;&#8212;&#8212;&#8212;&#8212;&#8212;&#8212;&#8212;&#8212;&#8212;&#8212;&#8212;&#8212;&#8212;&#8212;&#8212;&#8212;&#8212;&#8212;&#8212;&#8212;&#8212;&#8212;&#8212;&#8212;&#8212;&#8212;&#8212;&#8212;&#8212;&#8212;&#8212;&#8212;&#8212;&#8212;&#8212;&#8212;&#8212;&#8211;<\/span><\/h4>\n<h3 style=\"text-align: center;\"><span style=\"color: #ff0000;\">M\u00daSICA DE SANT JORDI<\/span><\/h3>\n<div class=\"ast-oembed-container \" style=\"height: 100%;\"><iframe loading=\"lazy\" title=\"Un Sant Jordi Diferent - Can\u00e7\u00f3 Col\u00b7lectiva (Videoclip Oficial)\" width=\"500\" height=\"281\" src=\"https:\/\/www.youtube.com\/embed\/5Blo20LToGM?feature=oembed\" frameborder=\"0\" allow=\"accelerometer; autoplay; clipboard-write; encrypted-media; gyroscope; picture-in-picture; web-share\" referrerpolicy=\"strict-origin-when-cross-origin\" allowfullscreen><\/iframe><\/div>\n<p>&nbsp;<\/p>\n<div class=\"ast-oembed-container \" style=\"height: 100%;\"><iframe loading=\"lazy\" title=\"Sant Jordi i el drac - Rikus\" width=\"500\" height=\"281\" src=\"https:\/\/www.youtube.com\/embed\/BYNF9fQvl6s?feature=oembed\" frameborder=\"0\" allow=\"accelerometer; autoplay; clipboard-write; encrypted-media; gyroscope; picture-in-picture; web-share\" referrerpolicy=\"strict-origin-when-cross-origin\" allowfullscreen><\/iframe><\/div>\n<p>&nbsp;<\/p>\n","protected":false},"excerpt":{"rendered":"<p>Benvolgudes fam\u00edlies, Aquesta p\u00e0gina est\u00e0 dedicada a l&#8217;educaci\u00f3 art\u00edstica. Aqu\u00ed trobareu recursos i propostes de treball en relaci\u00f3 a les \u00e0rees de pl\u00e0stica i m\u00fasica. &nbsp; 3a PROPOSTA DE TREBALL DE L&#8217;\u00c0REA DE M\u00daSICA EDUCACI\u00d3 PRIM\u00c0RIA &nbsp; \u00a0 \u00a0 \u00a0 \u00a0 \u00a0 \u00a0 \u00a0 \u00a0 \u00a0 \u00a0 \u00a0 \u00a0 \u00a0 \u00a0 \u00a0 \u00a0 \u00a0 \u00a0 [&hellip;]<\/p>\n","protected":false},"author":1,"featured_media":0,"parent":763,"menu_order":1,"comment_status":"closed","ping_status":"closed","template":"page-templates\/side-menu.php","meta":{"_bbp_topic_count":0,"_bbp_reply_count":0,"_bbp_total_topic_count":0,"_bbp_total_reply_count":0,"_bbp_voice_count":0,"_bbp_anonymous_reply_count":0,"_bbp_topic_count_hidden":0,"_bbp_reply_count_hidden":0,"_bbp_forum_subforum_count":0,"site-sidebar-layout":"default","site-content-layout":"","ast-site-content-layout":"","site-content-style":"default","site-sidebar-style":"default","ast-global-header-display":"","ast-banner-title-visibility":"","ast-main-header-display":"","ast-hfb-above-header-display":"","ast-hfb-below-header-display":"","ast-hfb-mobile-header-display":"","site-post-title":"","ast-breadcrumbs-content":"","ast-featured-img":"","footer-sml-layout":"","theme-transparent-header-meta":"","adv-header-id-meta":"","stick-header-meta":"","header-above-stick-meta":"","header-main-stick-meta":"","header-below-stick-meta":"","astra-migrate-meta-layouts":"default","ast-page-background-enabled":"default","ast-page-background-meta":{"desktop":{"background-color":"var(--ast-global-color-4)","background-image":"","background-repeat":"repeat","background-position":"center center","background-size":"auto","background-attachment":"scroll","background-type":"","background-media":"","overlay-type":"","overlay-color":"","overlay-opacity":"","overlay-gradient":""},"tablet":{"background-color":"","background-image":"","background-repeat":"repeat","background-position":"center center","background-size":"auto","background-attachment":"scroll","background-type":"","background-media":"","overlay-type":"","overlay-color":"","overlay-opacity":"","overlay-gradient":""},"mobile":{"background-color":"","background-image":"","background-repeat":"repeat","background-position":"center center","background-size":"auto","background-attachment":"scroll","background-type":"","background-media":"","overlay-type":"","overlay-color":"","overlay-opacity":"","overlay-gradient":""}},"ast-content-background-meta":{"desktop":{"background-color":"var(--ast-global-color-5)","background-image":"","background-repeat":"repeat","background-position":"center center","background-size":"auto","background-attachment":"scroll","background-type":"","background-media":"","overlay-type":"","overlay-color":"","overlay-opacity":"","overlay-gradient":""},"tablet":{"background-color":"var(--ast-global-color-5)","background-image":"","background-repeat":"repeat","background-position":"center center","background-size":"auto","background-attachment":"scroll","background-type":"","background-media":"","overlay-type":"","overlay-color":"","overlay-opacity":"","overlay-gradient":""},"mobile":{"background-color":"var(--ast-global-color-5)","background-image":"","background-repeat":"repeat","background-position":"center center","background-size":"auto","background-attachment":"scroll","background-type":"","background-media":"","overlay-type":"","overlay-color":"","overlay-opacity":"","overlay-gradient":""}},"footnotes":""},"class_list":["post-741","page","type-page","status-publish","hentry"],"post_mailing_queue_ids":[],"_links":{"self":[{"href":"https:\/\/agora.xtec.cat\/zermsp\/wp-json\/wp\/v2\/pages\/741","targetHints":{"allow":["GET"]}}],"collection":[{"href":"https:\/\/agora.xtec.cat\/zermsp\/wp-json\/wp\/v2\/pages"}],"about":[{"href":"https:\/\/agora.xtec.cat\/zermsp\/wp-json\/wp\/v2\/types\/page"}],"author":[{"embeddable":true,"href":"https:\/\/agora.xtec.cat\/zermsp\/wp-json\/wp\/v2\/users\/1"}],"replies":[{"embeddable":true,"href":"https:\/\/agora.xtec.cat\/zermsp\/wp-json\/wp\/v2\/comments?post=741"}],"version-history":[{"count":4,"href":"https:\/\/agora.xtec.cat\/zermsp\/wp-json\/wp\/v2\/pages\/741\/revisions"}],"predecessor-version":[{"id":912,"href":"https:\/\/agora.xtec.cat\/zermsp\/wp-json\/wp\/v2\/pages\/741\/revisions\/912"}],"up":[{"embeddable":true,"href":"https:\/\/agora.xtec.cat\/zermsp\/wp-json\/wp\/v2\/pages\/763"}],"wp:attachment":[{"href":"https:\/\/agora.xtec.cat\/zermsp\/wp-json\/wp\/v2\/media?parent=741"}],"curies":[{"name":"wp","href":"https:\/\/api.w.org\/{rel}","templated":true}]}}