{"id":737,"date":"2020-04-10T12:43:43","date_gmt":"2020-04-10T10:43:43","guid":{"rendered":"http:\/\/agora.xtec.cat\/zermsp\/?page_id=737"},"modified":"2020-06-01T22:55:26","modified_gmt":"2020-06-01T20:55:26","slug":"educacio-fisica","status":"publish","type":"page","link":"https:\/\/agora.xtec.cat\/zermsp\/arees-i-especialitats-de-zer\/educacio-fisica\/","title":{"rendered":"EDUCACI\u00d3 F\u00cdSICA i PSICOMOTRICITAT"},"content":{"rendered":"<p>Benvolgudes fam\u00edlies,<\/p>\n<p>Aquesta p\u00e0gina est\u00e0 dedicada a l&#8217;\u00e0rea d&#8217;Educaci\u00f3 F\u00edsica i a la psicomotricitat. Aqu\u00ed hi trobareu activitats i propostes per a fer a casa relacionades amb l&#8217;exercici f\u00edsic i la psicomotricitat, entre d&#8217;altres temes relacionats amb la salut i els h\u00e0bits saludables.<\/p>\n<p><a href=\"https:\/\/agora.xtec.cat\/zermsp\/wp-content\/uploads\/usu1052\/2020\/04\/ED-FISICA.jpg\"><img loading=\"lazy\" decoding=\"async\" class=\"wp-image-813 aligncenter\" src=\"https:\/\/agora.xtec.cat\/zermsp\/wp-content\/uploads\/usu1052\/2020\/04\/ED-FISICA.jpg\" alt=\"\" width=\"630\" height=\"445\" srcset=\"https:\/\/agora.xtec.cat\/zermsp\/wp-content\/uploads\/usu1052\/2020\/04\/ED-FISICA.jpg 960w, https:\/\/agora.xtec.cat\/zermsp\/wp-content\/uploads\/usu1052\/2020\/04\/ED-FISICA-300x212.jpg 300w, https:\/\/agora.xtec.cat\/zermsp\/wp-content\/uploads\/usu1052\/2020\/04\/ED-FISICA-768x542.jpg 768w\" sizes=\"auto, (max-width: 630px) 100vw, 630px\" \/><\/a><\/p>\n<h1><\/h1>\n<h1 style=\"text-align: center;\"><span style=\"color: #00ff00;\">3a PROPOSTA DE TASQUES D&#8217;EDUCACI\u00d3 F\u00cdSICA<\/span><\/h1>\n<h2 style=\"text-align: center;\"><span style=\"color: #00ff00;\">EDUCACI\u00d3 PRIM\u00c0RIA<\/span><\/h2>\n<p>&nbsp;<\/p>\n<p>&nbsp;<\/p>\n<h3><a href=\"https:\/\/drive.google.com\/file\/d\/1Io1_I5o0bd3BEt734t3ZcwH2d35oPsGt\/view?usp=sharing\" target=\"_blank\" rel=\"noopener noreferrer\"><img loading=\"lazy\" decoding=\"async\" class=\"wp-image-914 aligncenter\" src=\"https:\/\/agora.xtec.cat\/zermsp\/wp-content\/uploads\/usu1052\/2020\/06\/EFISICA.png\" alt=\"\" width=\"371\" height=\"310\" srcset=\"https:\/\/agora.xtec.cat\/zermsp\/wp-content\/uploads\/usu1052\/2020\/06\/EFISICA.png 860w, https:\/\/agora.xtec.cat\/zermsp\/wp-content\/uploads\/usu1052\/2020\/06\/EFISICA-300x250.png 300w, https:\/\/agora.xtec.cat\/zermsp\/wp-content\/uploads\/usu1052\/2020\/06\/EFISICA-768x642.png 768w\" sizes=\"auto, (max-width: 371px) 100vw, 371px\" \/><\/a><\/h3>\n<h2 style=\"text-align: center;\"><a href=\"https:\/\/drive.google.com\/file\/d\/1Io1_I5o0bd3BEt734t3ZcwH2d35oPsGt\/view?usp=sharing\" target=\"_blank\" rel=\"noopener noreferrer\"><strong><span style=\"color: #00ff00;\">1r, 2n i 3r de Prim\u00e0ria<\/span><\/strong><\/a><\/h2>\n<p>&nbsp;<\/p>\n<h3><a href=\"https:\/\/drive.google.com\/file\/d\/1UFjMpMvJqMU1k4fSVuQfe0XF-7H9mPrC\/view?usp=sharing\" target=\"_blank\" rel=\"noopener noreferrer\"><img loading=\"lazy\" decoding=\"async\" class=\" wp-image-915 aligncenter\" src=\"https:\/\/agora.xtec.cat\/zermsp\/wp-content\/uploads\/usu1052\/2020\/06\/CICLE-SUPERIOR.png\" alt=\"\" width=\"466\" height=\"328\" srcset=\"https:\/\/agora.xtec.cat\/zermsp\/wp-content\/uploads\/usu1052\/2020\/06\/CICLE-SUPERIOR.png 354w, https:\/\/agora.xtec.cat\/zermsp\/wp-content\/uploads\/usu1052\/2020\/06\/CICLE-SUPERIOR-300x211.png 300w\" sizes=\"auto, (max-width: 466px) 100vw, 466px\" \/><\/a><\/h3>\n<h2 style=\"text-align: center;\"><a href=\"https:\/\/drive.google.com\/file\/d\/1UFjMpMvJqMU1k4fSVuQfe0XF-7H9mPrC\/view?usp=sharing\" target=\"_blank\" rel=\"noopener noreferrer\"><strong><span style=\"color: #00ff00;\"> 4t, 5\u00e8 i 6\u00e8 de Prim\u00e0ria<\/span><\/strong><\/a><\/h2>\n<p>&nbsp;<\/p>\n<h3><strong>&#8212;&#8212;&#8212;&#8212;&#8212;&#8212;&#8212;&#8212;&#8212;&#8212;&#8212;&#8212;&#8212;&#8212;&#8212;&#8212;&#8212;&#8212;&#8212;&#8212;&#8212;&#8212;&#8212;&#8212;&#8212;&#8212;&#8212;&#8212;&#8212;&#8212;&#8212;&#8212;&#8212;&#8212;&#8212;&#8212;&#8212;&#8212;&#8212;&#8212;&#8212;&#8212;&#8212;&#8212;&#8212;&#8212;&#8212;&#8211;<\/strong><\/h3>\n<h1><\/h1>\n<h1 style=\"text-align: center;\"><strong><span style=\"color: #ff6600;\">2a PROPOSTA DE TASQUES D&#8217;EDUCACI\u00d3 F\u00cdSICA\u00a0<\/span><\/strong><\/h1>\n<h5 style=\"text-align: center;\"><span style=\"color: #000000;\">La segona proposta de treball va relacionada amb els h\u00e0bits saludables.<\/span><\/h5>\n<h5 style=\"text-align: center;\"><span style=\"color: #000000;\">Us proposem respondre una enquesta sobre quins s\u00f3n els vostres h\u00e0bits d&#8217;alimentaci\u00f3 i d&#8217;exercici f\u00edsic.<\/span><\/h5>\n<h5 style=\"text-align: center;\"><span style=\"color: #000000;\">Tamb\u00e9 cal que contesteu el formulari d&#8217;autoavaluaci\u00f3!<\/span><\/h5>\n<p>&nbsp;<\/p>\n<h1 style=\"text-align: center;\"><span style=\"color: #800080;\">1r, 2n i 3r de Prim\u00e0ria<\/span><a href=\"https:\/\/forms.gle\/rsHMiKw6Rb6chLgn8\" target=\"_blank\" rel=\"noopener noreferrer\"><img loading=\"lazy\" decoding=\"async\" class=\"aligncenter wp-image-875\" src=\"https:\/\/agora.xtec.cat\/zermsp\/wp-content\/uploads\/usu1052\/2020\/05\/iconos-peres-1.jpg\" alt=\"\" width=\"457\" height=\"247\" srcset=\"https:\/\/agora.xtec.cat\/zermsp\/wp-content\/uploads\/usu1052\/2020\/05\/iconos-peres-1.jpg 400w, https:\/\/agora.xtec.cat\/zermsp\/wp-content\/uploads\/usu1052\/2020\/05\/iconos-peres-1-300x162.jpg 300w\" sizes=\"auto, (max-width: 457px) 100vw, 457px\" \/><\/a><\/h1>\n<h4 style=\"text-align: center;\"><a href=\"https:\/\/forms.gle\/rsHMiKw6Rb6chLgn8\" target=\"_blank\" rel=\"noopener noreferrer\"><span style=\"color: #800080;\">ENQUESTA D&#8217;H\u00c0BITS SALUDABLES<\/span><\/a><\/h4>\n<p>&nbsp;<\/p>\n<p><a href=\"https:\/\/forms.gle\/dWujcVZWQYkXGYMm9\" target=\"_blank\" rel=\"noopener noreferrer\"><img loading=\"lazy\" decoding=\"async\" class=\"aligncenter wp-image-873\" src=\"https:\/\/agora.xtec.cat\/zermsp\/wp-content\/uploads\/usu1052\/2020\/05\/questionari2.png\" alt=\"\" width=\"227\" height=\"228\" srcset=\"https:\/\/agora.xtec.cat\/zermsp\/wp-content\/uploads\/usu1052\/2020\/05\/questionari2.png 512w, https:\/\/agora.xtec.cat\/zermsp\/wp-content\/uploads\/usu1052\/2020\/05\/questionari2-150x150.png 150w, https:\/\/agora.xtec.cat\/zermsp\/wp-content\/uploads\/usu1052\/2020\/05\/questionari2-300x300.png 300w\" sizes=\"auto, (max-width: 227px) 100vw, 227px\" \/><\/a><\/p>\n<h4 style=\"text-align: center;\"><a href=\"https:\/\/forms.gle\/dWujcVZWQYkXGYMm9\" target=\"_blank\" rel=\"noopener noreferrer\"><span style=\"color: #800080;\">FORMULARI D&#8217;AUTOAVALUACI\u00d3\u00a0<\/span><\/a><\/h4>\n<p>&nbsp;<\/p>\n<p>&nbsp;<\/p>\n<h1 style=\"text-align: center;\"><span style=\"color: #ff6600;\">4t, 5\u00e8 i 6\u00e8 de PRIM\u00c0RIA<\/span><\/h1>\n<p><a href=\"https:\/\/forms.gle\/LhQtwstSSXP8LcK36\" target=\"_blank\" rel=\"noopener noreferrer\"><img loading=\"lazy\" decoding=\"async\" class=\"aligncenter wp-image-876\" src=\"https:\/\/agora.xtec.cat\/zermsp\/wp-content\/uploads\/usu1052\/2020\/05\/iconos-pomes.jpg\" alt=\"\" width=\"498\" height=\"216\" srcset=\"https:\/\/agora.xtec.cat\/zermsp\/wp-content\/uploads\/usu1052\/2020\/05\/iconos-pomes.jpg 963w, https:\/\/agora.xtec.cat\/zermsp\/wp-content\/uploads\/usu1052\/2020\/05\/iconos-pomes-300x130.jpg 300w, https:\/\/agora.xtec.cat\/zermsp\/wp-content\/uploads\/usu1052\/2020\/05\/iconos-pomes-768x333.jpg 768w\" sizes=\"auto, (max-width: 498px) 100vw, 498px\" \/><\/a><\/p>\n<h4 style=\"text-align: center;\"><a href=\"https:\/\/forms.gle\/LhQtwstSSXP8LcK36\" target=\"_blank\" rel=\"noopener noreferrer\"><span style=\"color: #ff6600;\">ENQUESTA H\u00c0BITS SALUDABLES<\/span><\/a><\/h4>\n<p>&nbsp;<\/p>\n<p><a href=\"https:\/\/forms.gle\/2ZH6G2pmW7fSnXX68\" target=\"_blank\" rel=\"noopener noreferrer\"><img loading=\"lazy\" decoding=\"async\" class=\"wp-image-877 aligncenter\" src=\"https:\/\/agora.xtec.cat\/zermsp\/wp-content\/uploads\/usu1052\/2020\/05\/questionari-150x150.png\" alt=\"\" width=\"183\" height=\"183\" srcset=\"https:\/\/agora.xtec.cat\/zermsp\/wp-content\/uploads\/usu1052\/2020\/05\/questionari-150x150.png 150w, https:\/\/agora.xtec.cat\/zermsp\/wp-content\/uploads\/usu1052\/2020\/05\/questionari.png 225w\" sizes=\"auto, (max-width: 183px) 100vw, 183px\" \/><\/a><\/p>\n<h4 style=\"text-align: center;\"><a href=\"https:\/\/forms.gle\/2ZH6G2pmW7fSnXX68\" target=\"_blank\" rel=\"noopener noreferrer\"><span style=\"color: #ff6600;\">FORMULARI D&#8217;AUTOAVALUACI\u00d3<\/span><\/a><\/h4>\n<p>&nbsp;<\/p>\n<p>&nbsp;<\/p>\n<p>&nbsp;<\/p>\n<p>&#8212;&#8212;&#8212;&#8212;&#8212;&#8212;&#8212;&#8212;&#8212;&#8212;&#8212;&#8212;&#8212;&#8212;&#8212;&#8212;&#8212;&#8212;&#8212;&#8212;&#8212;&#8212;&#8212;&#8212;&#8212;&#8212;&#8212;&#8212;&#8212;&#8212;&#8212;&#8212;&#8212;&#8212;&#8212;&#8212;&#8212;&#8212;&#8212;&#8212;&#8212;&#8212;&#8212;&#8212;&#8212;&#8212;&#8212;&#8212;&#8212;&#8212;&#8212;&#8212;&#8212;&#8212;&#8212;&#8212;&#8212;&#8212;&#8212;&#8212;&#8212;&#8212;&#8212;&#8212;&#8212;&#8212;&#8212;&#8212;&#8212;&#8212;&#8212;&#8212;&#8212;&#8212;&#8212;&#8212;&#8212;&#8212;&#8212;&#8212;-<\/p>\n<h3 style=\"text-align: center;\"><strong><span style=\"color: #0000ff;\">TASQUES DE L&#8217;\u00c0REA D&#8217;EDUCACI\u00d3 F\u00cdSICA<\/span><\/strong><\/h3>\n<p>&nbsp;<\/p>\n<p style=\"font-family: 'Helvetica Neue', Helvetica, Helvetica, Arial, sans-serif; font-size: 16px;\"><a href=\"https:\/\/drive.google.com\/a\/xtec.cat\/file\/d\/13Xxy_P34bp1fSOZuaC7GAtnEZE1u6MG8\/view?usp=sharing\"> <img loading=\"lazy\" decoding=\"async\" class=\"size-full wp-image-812 aligncenter\" src=\"https:\/\/agora.xtec.cat\/zermsp\/wp-content\/uploads\/usu1052\/2020\/04\/EF.jpg\" alt=\"\" width=\"242\" height=\"208\" \/><\/a><\/p>\n<h3 style=\"text-align: center;\"><a href=\"https:\/\/drive.google.com\/a\/xtec.cat\/file\/d\/13Xxy_P34bp1fSOZuaC7GAtnEZE1u6MG8\/view?usp=sharing\"><span style=\"color: #ff0000;\"><strong>TASQUES DE 1r, 2n i 3r de PRIM\u00c0RIA<\/strong><\/span><\/a><\/h3>\n<p>&nbsp;<\/p>\n<p>&nbsp;<\/p>\n<p><a href=\"https:\/\/drive.google.com\/a\/xtec.cat\/file\/d\/1EbcGB-lDe4O-00Z8nx0ep_WuxBeTuu04\/view?usp=sharing\"><img loading=\"lazy\" decoding=\"async\" class=\"size-full wp-image-816 aligncenter\" src=\"https:\/\/agora.xtec.cat\/zermsp\/wp-content\/uploads\/usu1052\/2020\/04\/Healthy-Heart.png\" alt=\"\" width=\"332\" height=\"221\" srcset=\"https:\/\/agora.xtec.cat\/zermsp\/wp-content\/uploads\/usu1052\/2020\/04\/Healthy-Heart.png 332w, https:\/\/agora.xtec.cat\/zermsp\/wp-content\/uploads\/usu1052\/2020\/04\/Healthy-Heart-300x200.png 300w\" sizes=\"auto, (max-width: 332px) 100vw, 332px\" \/><\/a><\/p>\n<h3 style=\"text-align: center;\"><a href=\"https:\/\/drive.google.com\/a\/xtec.cat\/file\/d\/1EbcGB-lDe4O-00Z8nx0ep_WuxBeTuu04\/view?usp=sharing\"><span style=\"color: #ff0000;\"><strong>TASQUES DE 4t, 5\u00e8 i 6\u00e8 de PRIM\u00c0RIA<\/strong><\/span><\/a><\/h3>\n<p>&nbsp;<\/p>\n<p>&nbsp;<\/p>\n","protected":false},"excerpt":{"rendered":"<p>Benvolgudes fam\u00edlies, Aquesta p\u00e0gina est\u00e0 dedicada a l&#8217;\u00e0rea d&#8217;Educaci\u00f3 F\u00edsica i a la psicomotricitat. Aqu\u00ed hi trobareu activitats i propostes per a fer a casa relacionades amb l&#8217;exercici f\u00edsic i la psicomotricitat, entre d&#8217;altres temes relacionats amb la salut i els h\u00e0bits saludables. 3a PROPOSTA DE TASQUES D&#8217;EDUCACI\u00d3 F\u00cdSICA EDUCACI\u00d3 PRIM\u00c0RIA &nbsp; &nbsp; 1r, 2n [&hellip;]<\/p>\n","protected":false},"author":1,"featured_media":0,"parent":763,"menu_order":2,"comment_status":"closed","ping_status":"closed","template":"page-templates\/side-menu.php","meta":{"_bbp_topic_count":0,"_bbp_reply_count":0,"_bbp_total_topic_count":0,"_bbp_total_reply_count":0,"_bbp_voice_count":0,"_bbp_anonymous_reply_count":0,"_bbp_topic_count_hidden":0,"_bbp_reply_count_hidden":0,"_bbp_forum_subforum_count":0,"site-sidebar-layout":"default","site-content-layout":"","ast-site-content-layout":"","site-content-style":"default","site-sidebar-style":"default","ast-global-header-display":"","ast-banner-title-visibility":"","ast-main-header-display":"","ast-hfb-above-header-display":"","ast-hfb-below-header-display":"","ast-hfb-mobile-header-display":"","site-post-title":"","ast-breadcrumbs-content":"","ast-featured-img":"","footer-sml-layout":"","theme-transparent-header-meta":"","adv-header-id-meta":"","stick-header-meta":"","header-above-stick-meta":"","header-main-stick-meta":"","header-below-stick-meta":"","astra-migrate-meta-layouts":"default","ast-page-background-enabled":"default","ast-page-background-meta":{"desktop":{"background-color":"var(--ast-global-color-4)","background-image":"","background-repeat":"repeat","background-position":"center center","background-size":"auto","background-attachment":"scroll","background-type":"","background-media":"","overlay-type":"","overlay-color":"","overlay-opacity":"","overlay-gradient":""},"tablet":{"background-color":"","background-image":"","background-repeat":"repeat","background-position":"center center","background-size":"auto","background-attachment":"scroll","background-type":"","background-media":"","overlay-type":"","overlay-color":"","overlay-opacity":"","overlay-gradient":""},"mobile":{"background-color":"","background-image":"","background-repeat":"repeat","background-position":"center center","background-size":"auto","background-attachment":"scroll","background-type":"","background-media":"","overlay-type":"","overlay-color":"","overlay-opacity":"","overlay-gradient":""}},"ast-content-background-meta":{"desktop":{"background-color":"var(--ast-global-color-5)","background-image":"","background-repeat":"repeat","background-position":"center center","background-size":"auto","background-attachment":"scroll","background-type":"","background-media":"","overlay-type":"","overlay-color":"","overlay-opacity":"","overlay-gradient":""},"tablet":{"background-color":"var(--ast-global-color-5)","background-image":"","background-repeat":"repeat","background-position":"center center","background-size":"auto","background-attachment":"scroll","background-type":"","background-media":"","overlay-type":"","overlay-color":"","overlay-opacity":"","overlay-gradient":""},"mobile":{"background-color":"var(--ast-global-color-5)","background-image":"","background-repeat":"repeat","background-position":"center center","background-size":"auto","background-attachment":"scroll","background-type":"","background-media":"","overlay-type":"","overlay-color":"","overlay-opacity":"","overlay-gradient":""}},"footnotes":""},"class_list":["post-737","page","type-page","status-publish","hentry"],"post_mailing_queue_ids":[],"_links":{"self":[{"href":"https:\/\/agora.xtec.cat\/zermsp\/wp-json\/wp\/v2\/pages\/737","targetHints":{"allow":["GET"]}}],"collection":[{"href":"https:\/\/agora.xtec.cat\/zermsp\/wp-json\/wp\/v2\/pages"}],"about":[{"href":"https:\/\/agora.xtec.cat\/zermsp\/wp-json\/wp\/v2\/types\/page"}],"author":[{"embeddable":true,"href":"https:\/\/agora.xtec.cat\/zermsp\/wp-json\/wp\/v2\/users\/1"}],"replies":[{"embeddable":true,"href":"https:\/\/agora.xtec.cat\/zermsp\/wp-json\/wp\/v2\/comments?post=737"}],"version-history":[{"count":3,"href":"https:\/\/agora.xtec.cat\/zermsp\/wp-json\/wp\/v2\/pages\/737\/revisions"}],"predecessor-version":[{"id":917,"href":"https:\/\/agora.xtec.cat\/zermsp\/wp-json\/wp\/v2\/pages\/737\/revisions\/917"}],"up":[{"embeddable":true,"href":"https:\/\/agora.xtec.cat\/zermsp\/wp-json\/wp\/v2\/pages\/763"}],"wp:attachment":[{"href":"https:\/\/agora.xtec.cat\/zermsp\/wp-json\/wp\/v2\/media?parent=737"}],"curies":[{"name":"wp","href":"https:\/\/api.w.org\/{rel}","templated":true}]}}