{"id":57,"date":"2014-09-17T17:01:07","date_gmt":"2014-09-17T17:01:07","guid":{"rendered":"http:\/\/agora.xtec.cat\/zermsp\/?page_id=57"},"modified":"2025-02-27T13:50:22","modified_gmt":"2025-02-27T12:50:22","slug":"projecte-educatiu","status":"publish","type":"page","link":"https:\/\/agora.xtec.cat\/zermsp\/zer\/projecte-educatiu\/","title":{"rendered":"Documents de ZER: Projecte educatiu"},"content":{"rendered":"<p>Durant el curs 2023 &#8211; 2024 el Projecte Educatiu de ZER est\u00e0 en proc\u00e9s d&#8217;actualitzaci\u00f3 i pendent d&#8217;aprovaci\u00f3 pel Consell Escolar de la ZER Montsant &#8211; Serra de Prades.<\/p>\n<p>&nbsp;<\/p>\n<p>A continuaci\u00f3 es disposen els enlla\u00e7os per accedir als documents de la ZER Montsant &#8211; Serra de Prades: PEZ, NOFZ, <span style=\"font-family: inherit; font-size: 1em;\">Projecte Ling\u00fc\u00edstic (PLZ)\u00a0 i Projecte de Conviv\u00e8ncia (PCZ).<\/span><\/p>\n<ul>\n<li><a href=\"https:\/\/agora.xtec.cat\/zermsp\/wp-content\/uploads\/usu1052\/2025\/02\/PROJECTE-EDUCATIU-ZER-MONTSANT-SERRA-DE-PRADES_DESEMBRE-2023.pdf\">PEZ-actualitzat el 2023<\/a><\/li>\n<li><a href=\"https:\/\/agora.xtec.cat\/zermsp\/wp-content\/uploads\/usu1052\/2020\/01\/NOFC.pdf\">NOFZ. Pendent de revisi\u00f3 &#8211; curs 2023\/2024<\/a><\/li>\n<li><a href=\"https:\/\/agora.xtec.cat\/zermsp\/wp-content\/uploads\/usu1052\/bp-attachments\/704\/PLZ-ZER-Montsant-Serra-de-Prades.pdf\">PLZ ZER Montsant &#8211; Serra de Prades (pendent d&#8217;actualitzaci\u00f3)<\/a><\/li>\n<li><a href=\"https:\/\/agora.xtec.cat\/zermsp\/wp-content\/uploads\/usu1052\/2020\/03\/PROJECTE-CONVIV\u00c8NCIA-ZER-Montsant-Serra-de-Prades-ACTUALITZAT-MAR\u00c7-2020.pdf\">PROJECTE CONVIV\u00c8NCIA ZER Montsant &#8211; Serra de Prades (pendent d&#8217;actualitzaci\u00f3)<\/a><\/li>\n<\/ul>\n<p>&nbsp;<\/p>\n<p>&nbsp;<\/p>\n","protected":false},"excerpt":{"rendered":"<p>Durant el curs 2023 &#8211; 2024 el Projecte Educatiu de ZER est\u00e0 en proc\u00e9s d&#8217;actualitzaci\u00f3 i pendent d&#8217;aprovaci\u00f3 pel Consell Escolar de la ZER Montsant &#8211; Serra de Prades. &nbsp; A continuaci\u00f3 es disposen els enlla\u00e7os per accedir als documents de la ZER Montsant &#8211; Serra de Prades: PEZ, NOFZ, Projecte Ling\u00fc\u00edstic (PLZ)\u00a0 i Projecte [&hellip;]<\/p>\n","protected":false},"author":1,"featured_media":0,"parent":19,"menu_order":30,"comment_status":"closed","ping_status":"closed","template":"page-templates\/side-menu.php","meta":{"_bbp_topic_count":0,"_bbp_reply_count":0,"_bbp_total_topic_count":0,"_bbp_total_reply_count":0,"_bbp_voice_count":0,"_bbp_anonymous_reply_count":0,"_bbp_topic_count_hidden":0,"_bbp_reply_count_hidden":0,"_bbp_forum_subforum_count":0,"site-sidebar-layout":"default","site-content-layout":"","ast-site-content-layout":"","site-content-style":"default","site-sidebar-style":"default","ast-global-header-display":"","ast-banner-title-visibility":"","ast-main-header-display":"","ast-hfb-above-header-display":"","ast-hfb-below-header-display":"","ast-hfb-mobile-header-display":"","site-post-title":"","ast-breadcrumbs-content":"","ast-featured-img":"","footer-sml-layout":"","theme-transparent-header-meta":"","adv-header-id-meta":"","stick-header-meta":"","header-above-stick-meta":"","header-main-stick-meta":"","header-below-stick-meta":"","astra-migrate-meta-layouts":"default","ast-page-background-enabled":"default","ast-page-background-meta":{"desktop":{"background-color":"var(--ast-global-color-4)","background-image":"","background-repeat":"repeat","background-position":"center center","background-size":"auto","background-attachment":"scroll","background-type":"","background-media":"","overlay-type":"","overlay-color":"","overlay-opacity":"","overlay-gradient":""},"tablet":{"background-color":"","background-image":"","background-repeat":"repeat","background-position":"center center","background-size":"auto","background-attachment":"scroll","background-type":"","background-media":"","overlay-type":"","overlay-color":"","overlay-opacity":"","overlay-gradient":""},"mobile":{"background-color":"","background-image":"","background-repeat":"repeat","background-position":"center center","background-size":"auto","background-attachment":"scroll","background-type":"","background-media":"","overlay-type":"","overlay-color":"","overlay-opacity":"","overlay-gradient":""}},"ast-content-background-meta":{"desktop":{"background-color":"var(--ast-global-color-5)","background-image":"","background-repeat":"repeat","background-position":"center center","background-size":"auto","background-attachment":"scroll","background-type":"","background-media":"","overlay-type":"","overlay-color":"","overlay-opacity":"","overlay-gradient":""},"tablet":{"background-color":"var(--ast-global-color-5)","background-image":"","background-repeat":"repeat","background-position":"center center","background-size":"auto","background-attachment":"scroll","background-type":"","background-media":"","overlay-type":"","overlay-color":"","overlay-opacity":"","overlay-gradient":""},"mobile":{"background-color":"var(--ast-global-color-5)","background-image":"","background-repeat":"repeat","background-position":"center center","background-size":"auto","background-attachment":"scroll","background-type":"","background-media":"","overlay-type":"","overlay-color":"","overlay-opacity":"","overlay-gradient":""}},"footnotes":""},"class_list":["post-57","page","type-page","status-publish","hentry"],"post_mailing_queue_ids":[],"_links":{"self":[{"href":"https:\/\/agora.xtec.cat\/zermsp\/wp-json\/wp\/v2\/pages\/57","targetHints":{"allow":["GET"]}}],"collection":[{"href":"https:\/\/agora.xtec.cat\/zermsp\/wp-json\/wp\/v2\/pages"}],"about":[{"href":"https:\/\/agora.xtec.cat\/zermsp\/wp-json\/wp\/v2\/types\/page"}],"author":[{"embeddable":true,"href":"https:\/\/agora.xtec.cat\/zermsp\/wp-json\/wp\/v2\/users\/1"}],"replies":[{"embeddable":true,"href":"https:\/\/agora.xtec.cat\/zermsp\/wp-json\/wp\/v2\/comments?post=57"}],"version-history":[{"count":6,"href":"https:\/\/agora.xtec.cat\/zermsp\/wp-json\/wp\/v2\/pages\/57\/revisions"}],"predecessor-version":[{"id":1139,"href":"https:\/\/agora.xtec.cat\/zermsp\/wp-json\/wp\/v2\/pages\/57\/revisions\/1139"}],"up":[{"embeddable":true,"href":"https:\/\/agora.xtec.cat\/zermsp\/wp-json\/wp\/v2\/pages\/19"}],"wp:attachment":[{"href":"https:\/\/agora.xtec.cat\/zermsp\/wp-json\/wp\/v2\/media?parent=57"}],"curies":[{"name":"wp","href":"https:\/\/api.w.org\/{rel}","templated":true}]}}