{"id":43,"date":"2014-09-17T16:45:07","date_gmt":"2014-09-17T16:45:07","guid":{"rendered":"http:\/\/agora.xtec.cat\/zermsp\/?page_id=43"},"modified":"2025-06-27T12:02:48","modified_gmt":"2025-06-27T10:02:48","slug":"consell-escolar","status":"publish","type":"page","link":"https:\/\/agora.xtec.cat\/zermsp\/zer\/consell-escolar\/","title":{"rendered":"Consell escolar"},"content":{"rendered":"<p>El consell escolar del centre \u00e9s l\u2019\u00f2rgan col\u00b7legiat de participaci\u00f3 de la comunitat escolar en el govern del centre. Corresponen al consell escolar les funcions establertes a la Llei 12\/2009, de 10 de juliol, d\u2019educaci\u00f3.<\/p>\n<h4><strong><span style=\"color: #800080;\">Composici\u00f3 del consell escolar<\/span><\/strong><\/h4>\n<ul>\n<li>President: Direcci\u00f3 de ZER<\/li>\n<li>Cap d\u2019Estudis: Cap d&#8217;estudis de ZER<\/li>\n<li>Secretari: Secretaria de ZER<\/li>\n<li>Mestres del Claustre: tres representants dels mestres que formen la ZER<\/li>\n<li>Representants dels Pares\/Mares.<\/li>\n<li>Representant de l\u2019AMPA.<\/li>\n<li>Representant del personal no docent (PAS).<\/li>\n<li>Representant de l\u2019Ajuntament: Regidor d&#8217;educaci\u00f3 dels Ajuntaments dels municipis que formen la ZER.<\/li>\n<\/ul>\n<h4><span style=\"color: #800080;\"><strong>Acords del Consell Escolar de ZER:<\/strong><\/span><\/h4>\n<table style=\"height: 463px; width: 100%; border-collapse: collapse; background-color: #faf7f7; border-style: inset;\">\n<tbody>\n<tr style=\"height: 47px;\">\n<td style=\"width: 33.7724%; height: 47px;\"><span style=\"color: #800080;\"><strong>DATA DEL CONSELL ESCOLAR DE ZER<\/strong><\/span><\/td>\n<td style=\"width: 66.2276%; height: 47px;\"><span style=\"color: #800080;\"><strong>DOCUMENT D&#8217;ACORDS<\/strong><\/span><\/td>\n<\/tr>\n<tr style=\"height: 32px;\">\n<td style=\"width: 33.7724%; height: 32px;\">9\/06\/2025<\/td>\n<td style=\"width: 66.2276%; height: 32px;\"><a href=\"https:\/\/drive.google.com\/file\/d\/14pvJRBV2thR_ueoSrs579bie7HqbePUn\/view?usp=sharing\">Veure<\/a><\/td>\n<\/tr>\n<tr style=\"height: 32px;\">\n<td style=\"width: 33.7724%; height: 32px;\">26\/02\/2025<\/td>\n<td style=\"width: 66.2276%; height: 32px;\"><a href=\"https:\/\/drive.google.com\/file\/d\/1IUTrYPkUED36K_D2fV19Awtt6WRLGmIB\/view?usp=drive_link\">Veure<\/a><\/td>\n<\/tr>\n<tr style=\"background-color: #faf7f7;\">\n<td style=\"width: 33.7724%; height: 32px;\">31\/01\/2025<\/td>\n<td style=\"width: 66.2276%; height: 32px;\"><a href=\"https:\/\/drive.google.com\/file\/d\/1VAdQcGjbu_jmwnDGGFlOR9wzKt8OeBJe\/view?usp=sharing\">Veure<\/a><\/td>\n<\/tr>\n<tr style=\"background-color: #faf7f7;\">\n<td style=\"width: 33.7724%; height: 32px;\">23\/10\/2024<\/td>\n<td style=\"width: 66.2276%; height: 32px;\"><a href=\"https:\/\/drive.google.com\/file\/d\/1Booi0sbmvmmTMgljy7iwAam1zopem3dA\/view?usp=sharing\">Veure<\/a><\/td>\n<\/tr>\n<tr style=\"background-color: #faf7f7;\">\n<td style=\"width: 33.7724%; height: 32px;\">22\/05\/2024<\/td>\n<td style=\"width: 66.2276%; height: 32px;\"><a href=\"https:\/\/drive.google.com\/file\/d\/1fgLbQNGppWZB-sXRYgH1dU-ubfU5jZ2b\/view?usp=sharing\">Veure<\/a><\/td>\n<\/tr>\n<tr style=\"background-color: #faf7f7;\">\n<td style=\"width: 33.7724%; height: 32px;\">19\/12\/2023<\/td>\n<td style=\"width: 66.2276%; height: 32px;\"><a href=\"https:\/\/drive.google.com\/file\/d\/1vBAHHOdDXbqAKUm8q_6IqkLUXwoWe8TQ\/view?usp=sharing\">Veure<\/a><\/td>\n<\/tr>\n<tr style=\"background-color: #faf7f7;\">\n<td style=\"width: 33.7724%; height: 32px;\">19\/12\/2023<\/td>\n<td style=\"width: 66.2276%; height: 32px;\"><a href=\"https:\/\/drive.google.com\/file\/d\/1zXzrB3AprakPPMA4FWHrmXJ8-0GiBSaL\/view?usp=sharing\">Veure<\/a><\/td>\n<\/tr>\n<tr style=\"background-color: #faf7f7;\">\n<td style=\"width: 33.7724%; height: 32px;\">18\/10\/2023<\/td>\n<td style=\"width: 66.2276%; height: 32px;\"><a href=\"https:\/\/drive.google.com\/file\/d\/1i2DCUskDNT62539VQ5s7c02KiWsHpQWp\/view?usp=sharing\">Veure<\/a><\/td>\n<\/tr>\n<tr style=\"background-color: #faf7f7;\">\n<td style=\"width: 33.7724%; height: 32px;\">13\/07\/2023<\/td>\n<td style=\"width: 66.2276%; height: 32px;\"><a href=\"https:\/\/drive.google.com\/file\/d\/1ALVIPUQepu49KfKmhlUmPWyCd6O4kM-p\/view?usp=sharing\">Veure<\/a><\/td>\n<\/tr>\n<tr style=\"background-color: #faf7f7;\">\n<td style=\"width: 33.7724%; height: 32px;\">23\/05\/2023<\/td>\n<td style=\"width: 66.2276%; height: 32px;\"><a href=\"https:\/\/drive.google.com\/file\/d\/1ExVF-dNdP5MGQ4h24j5BYP4jasG7f14G\/view?usp=sharing\">Veure<\/a><\/td>\n<\/tr>\n<tr style=\"background-color: #faf7f7;\">\n<td style=\"width: 33.7724%; height: 32px;\">08\/03\/2023<\/td>\n<td style=\"width: 66.2276%; height: 32px;\"><a href=\"https:\/\/drive.google.com\/file\/d\/1Hc97G75LUd6NODqKkpWGrqkhbIufOomi\/view?usp=sharing\">Veure<\/a><\/td>\n<\/tr>\n<tr style=\"background-color: #faf7f7;\">\n<td style=\"width: 33.7724%; height: 32px;\">11\/10\/2022<\/td>\n<td style=\"width: 66.2276%; height: 32px;\"><a href=\"https:\/\/drive.google.com\/file\/d\/1U5T1_mtkg2VSeNz72zqkwk5qudHLgYym\/view?usp=sharing\">Veure<\/a><\/td>\n<\/tr>\n<\/tbody>\n<\/table>\n<p>&nbsp;<\/p>\n<h4><strong><span style=\"color: #800080;\">Funcions del consell escolar dels centres p\u00fablics<\/span><\/strong><\/h4>\n<ol>\n<li>Aprovar el projecte educatiu i les modificacions corresponents per una majoria de tres cinquenes parts dels membres.<\/li>\n<li>Aprovar la programaci\u00f3 general anual del centre i avaluar-ne el desenvolupament i els resultats.<\/li>\n<li>Aprovar les propostes d\u2019acords de co-responsabilitat, convenis i altres acords de col\u00b7\u0097col\u00b7laboraci\u00f3 del centre amb entitats o institucions.<\/li>\n<li>Aprovar les normes d\u2019organitzaci\u00f3 i funcionament i les modificacions corresponents.<\/li>\n<li>Aprovar la carta de comprom\u00eds educatiu.<\/li>\n<li>Aprovar el pressupost del centre i el rendiment de comptes.<\/li>\n<li>Intervenir en el procediment d\u2019admissi\u00f3 d\u2019alumnes.<\/li>\n<li>Participar en el procediment de selecci\u00f3 i en la proposta de cessament del director o directora.<\/li>\n<li>Intervenir en la resoluci\u00f3 dels conflictes i, si escau, revisar les sancions als alumnes.<\/li>\n<li>Aprovar les directrius per a la programaci\u00f3 d\u2019activitats escolars complement\u00e0ries i d\u2019activitats extraescolars, i avaluar-ne el desenvolupament.<\/li>\n<li>Participar en les an\u00e0lisis i les avaluacions del funcionament general del centre i con\u00e8ixer l\u2019evoluci\u00f3 del rendiment escolar.<\/li>\n<li>Aprovar els criteris de col\u00b7laboraci\u00f3 amb altres centres i amb l\u2019entorn.<\/li>\n<li>Qualsevol altra que li sigui atribu\u00efda per les normes legals o reglament\u00e0ries.<\/li>\n<\/ol>\n","protected":false},"excerpt":{"rendered":"<p>El consell escolar del centre \u00e9s l\u2019\u00f2rgan col\u00b7legiat de participaci\u00f3 de la comunitat escolar en el govern del centre. Corresponen al consell escolar les funcions establertes a la Llei 12\/2009, de 10 de juliol, d\u2019educaci\u00f3. Composici\u00f3 del consell escolar President: Direcci\u00f3 de ZER Cap d\u2019Estudis: Cap d&#8217;estudis de ZER Secretari: Secretaria de ZER Mestres del [&hellip;]<\/p>\n","protected":false},"author":1,"featured_media":0,"parent":19,"menu_order":3,"comment_status":"closed","ping_status":"closed","template":"page-templates\/side-menu.php","meta":{"_bbp_topic_count":0,"_bbp_reply_count":0,"_bbp_total_topic_count":0,"_bbp_total_reply_count":0,"_bbp_voice_count":0,"_bbp_anonymous_reply_count":0,"_bbp_topic_count_hidden":0,"_bbp_reply_count_hidden":0,"_bbp_forum_subforum_count":0,"site-sidebar-layout":"default","site-content-layout":"","ast-site-content-layout":"","site-content-style":"default","site-sidebar-style":"default","ast-global-header-display":"","ast-banner-title-visibility":"","ast-main-header-display":"","ast-hfb-above-header-display":"","ast-hfb-below-header-display":"","ast-hfb-mobile-header-display":"","site-post-title":"","ast-breadcrumbs-content":"","ast-featured-img":"","footer-sml-layout":"","theme-transparent-header-meta":"","adv-header-id-meta":"","stick-header-meta":"","header-above-stick-meta":"","header-main-stick-meta":"","header-below-stick-meta":"","astra-migrate-meta-layouts":"default","ast-page-background-enabled":"default","ast-page-background-meta":{"desktop":{"background-color":"var(--ast-global-color-4)","background-image":"","background-repeat":"repeat","background-position":"center center","background-size":"auto","background-attachment":"scroll","background-type":"","background-media":"","overlay-type":"","overlay-color":"","overlay-opacity":"","overlay-gradient":""},"tablet":{"background-color":"","background-image":"","background-repeat":"repeat","background-position":"center center","background-size":"auto","background-attachment":"scroll","background-type":"","background-media":"","overlay-type":"","overlay-color":"","overlay-opacity":"","overlay-gradient":""},"mobile":{"background-color":"","background-image":"","background-repeat":"repeat","background-position":"center center","background-size":"auto","background-attachment":"scroll","background-type":"","background-media":"","overlay-type":"","overlay-color":"","overlay-opacity":"","overlay-gradient":""}},"ast-content-background-meta":{"desktop":{"background-color":"var(--ast-global-color-5)","background-image":"","background-repeat":"repeat","background-position":"center center","background-size":"auto","background-attachment":"scroll","background-type":"","background-media":"","overlay-type":"","overlay-color":"","overlay-opacity":"","overlay-gradient":""},"tablet":{"background-color":"var(--ast-global-color-5)","background-image":"","background-repeat":"repeat","background-position":"center center","background-size":"auto","background-attachment":"scroll","background-type":"","background-media":"","overlay-type":"","overlay-color":"","overlay-opacity":"","overlay-gradient":""},"mobile":{"background-color":"var(--ast-global-color-5)","background-image":"","background-repeat":"repeat","background-position":"center center","background-size":"auto","background-attachment":"scroll","background-type":"","background-media":"","overlay-type":"","overlay-color":"","overlay-opacity":"","overlay-gradient":""}},"footnotes":""},"class_list":["post-43","page","type-page","status-publish","hentry"],"post_mailing_queue_ids":[],"_links":{"self":[{"href":"https:\/\/agora.xtec.cat\/zermsp\/wp-json\/wp\/v2\/pages\/43","targetHints":{"allow":["GET"]}}],"collection":[{"href":"https:\/\/agora.xtec.cat\/zermsp\/wp-json\/wp\/v2\/pages"}],"about":[{"href":"https:\/\/agora.xtec.cat\/zermsp\/wp-json\/wp\/v2\/types\/page"}],"author":[{"embeddable":true,"href":"https:\/\/agora.xtec.cat\/zermsp\/wp-json\/wp\/v2\/users\/1"}],"replies":[{"embeddable":true,"href":"https:\/\/agora.xtec.cat\/zermsp\/wp-json\/wp\/v2\/comments?post=43"}],"version-history":[{"count":6,"href":"https:\/\/agora.xtec.cat\/zermsp\/wp-json\/wp\/v2\/pages\/43\/revisions"}],"predecessor-version":[{"id":1148,"href":"https:\/\/agora.xtec.cat\/zermsp\/wp-json\/wp\/v2\/pages\/43\/revisions\/1148"}],"up":[{"embeddable":true,"href":"https:\/\/agora.xtec.cat\/zermsp\/wp-json\/wp\/v2\/pages\/19"}],"wp:attachment":[{"href":"https:\/\/agora.xtec.cat\/zermsp\/wp-json\/wp\/v2\/media?parent=43"}],"curies":[{"name":"wp","href":"https:\/\/api.w.org\/{rel}","templated":true}]}}