{"id":1104,"date":"2023-10-25T11:58:56","date_gmt":"2023-10-25T09:58:56","guid":{"rendered":"https:\/\/agora.xtec.cat\/zermsp\/?page_id=1104"},"modified":"2023-10-25T11:58:56","modified_gmt":"2023-10-25T09:58:56","slug":"comissio-destrategia-digital-de-zer","status":"publish","type":"page","link":"https:\/\/agora.xtec.cat\/zermsp\/cultura-digital\/comissio-destrategia-digital-de-zer\/","title":{"rendered":"COMISSI\u00d3 D&#8217;ESTRAT\u00c8GIA DIGITAL DE ZER"},"content":{"rendered":"<p>La comissi\u00f3 digital de la ZER \u00e9s l\u2019equip encarregat de definir i implementar l\u2019estrat\u00e8gia en relaci\u00f3 amb les tecnologies digitals, amb l\u2019objectiu que l\u2019alumnat, els docents i el centre assoleixin el nivell m\u00e9s alt possible de maduresa i compet\u00e8ncia digital des d\u2019una perspectiva d\u2019innovaci\u00f3 i de millora cont\u00ednua. Per tant, ha de ser l\u2019equip impulsor de l\u2019Estrat\u00e8gia Digital a nivell de ZER.<br \/>\nPer portar a terme aquesta funci\u00f3, ha de comprendre tots els \u00e0mbits del centre: organitzatius, metodol\u00f2gics, curriculars i comunicatius.<br \/>\nLa Comissi\u00f3 ha de ser un equip dinamitzador que faci arribar l\u2019estrat\u00e8gia digital a tota la comunitat educativa.<\/p>\n<p>S\u2019ha publicat un document espec\u00edfic sobre les\u00a0<a href=\"http:\/\/educacio.gencat.cat\/web\/.content\/home\/departament\/publicacions\/colleccions\/pla-educacio-digital\/funcions-comissio-estrategia-digital-centre\/funcions-comissio-estrategia-digital-centre.pdf\" target=\"_blank\" rel=\"noopener noreferrer\">funcions i organitzaci\u00f3 de la comissi\u00f3 d\u2019estrat\u00e8gia digital de centre<\/a>.<\/p>\n<p><a href=\"http:\/\/educacio.gencat.cat\/web\/.content\/home\/departament\/publicacions\/colleccions\/pla-educacio-digital\/funcions-comissio-estrategia-digital-centre\/funcions-comissio-estrategia-digital-centre.pdf\" target=\"_blank\" rel=\"noopener noreferrer\"><img loading=\"lazy\" decoding=\"async\" class=\"wp-image-8836 alignleft\" src=\"https:\/\/projectes.xtec.cat\/edc-suport\/wp-content\/uploads\/usu2435\/2021\/04\/comissio-210x300.png\" sizes=\"auto, (max-width: 186px) 100vw, 186px\" srcset=\"https:\/\/projectes.xtec.cat\/edc-suport\/wp-content\/uploads\/usu2435\/2021\/04\/comissio-210x300.png 210w, https:\/\/projectes.xtec.cat\/edc-suport\/wp-content\/uploads\/usu2435\/2021\/04\/comissio.png 323w\" alt=\"\" width=\"186\" height=\"266\" \/><\/a><\/p>\n","protected":false},"excerpt":{"rendered":"<p>La comissi\u00f3 digital de la ZER \u00e9s l\u2019equip encarregat de definir i implementar l\u2019estrat\u00e8gia en relaci\u00f3 amb les tecnologies digitals, amb l\u2019objectiu que l\u2019alumnat, els docents i el centre assoleixin el nivell m\u00e9s alt possible de maduresa i compet\u00e8ncia digital des d\u2019una perspectiva d\u2019innovaci\u00f3 i de millora cont\u00ednua. Per tant, ha de ser l\u2019equip impulsor [&hellip;]<\/p>\n","protected":false},"author":1,"featured_media":0,"parent":977,"menu_order":3,"comment_status":"closed","ping_status":"closed","template":"page-templates\/side-menu.php","meta":{"_bbp_topic_count":0,"_bbp_reply_count":0,"_bbp_total_topic_count":0,"_bbp_total_reply_count":0,"_bbp_voice_count":0,"_bbp_anonymous_reply_count":0,"_bbp_topic_count_hidden":0,"_bbp_reply_count_hidden":0,"_bbp_forum_subforum_count":0,"site-sidebar-layout":"default","site-content-layout":"","ast-site-content-layout":"","site-content-style":"default","site-sidebar-style":"default","ast-global-header-display":"","ast-banner-title-visibility":"","ast-main-header-display":"","ast-hfb-above-header-display":"","ast-hfb-below-header-display":"","ast-hfb-mobile-header-display":"","site-post-title":"","ast-breadcrumbs-content":"","ast-featured-img":"","footer-sml-layout":"","theme-transparent-header-meta":"","adv-header-id-meta":"","stick-header-meta":"","header-above-stick-meta":"","header-main-stick-meta":"","header-below-stick-meta":"","astra-migrate-meta-layouts":"default","ast-page-background-enabled":"default","ast-page-background-meta":{"desktop":{"background-color":"var(--ast-global-color-4)","background-image":"","background-repeat":"repeat","background-position":"center center","background-size":"auto","background-attachment":"scroll","background-type":"","background-media":"","overlay-type":"","overlay-color":"","overlay-opacity":"","overlay-gradient":""},"tablet":{"background-color":"","background-image":"","background-repeat":"repeat","background-position":"center center","background-size":"auto","background-attachment":"scroll","background-type":"","background-media":"","overlay-type":"","overlay-color":"","overlay-opacity":"","overlay-gradient":""},"mobile":{"background-color":"","background-image":"","background-repeat":"repeat","background-position":"center center","background-size":"auto","background-attachment":"scroll","background-type":"","background-media":"","overlay-type":"","overlay-color":"","overlay-opacity":"","overlay-gradient":""}},"ast-content-background-meta":{"desktop":{"background-color":"var(--ast-global-color-5)","background-image":"","background-repeat":"repeat","background-position":"center center","background-size":"auto","background-attachment":"scroll","background-type":"","background-media":"","overlay-type":"","overlay-color":"","overlay-opacity":"","overlay-gradient":""},"tablet":{"background-color":"var(--ast-global-color-5)","background-image":"","background-repeat":"repeat","background-position":"center center","background-size":"auto","background-attachment":"scroll","background-type":"","background-media":"","overlay-type":"","overlay-color":"","overlay-opacity":"","overlay-gradient":""},"mobile":{"background-color":"var(--ast-global-color-5)","background-image":"","background-repeat":"repeat","background-position":"center center","background-size":"auto","background-attachment":"scroll","background-type":"","background-media":"","overlay-type":"","overlay-color":"","overlay-opacity":"","overlay-gradient":""}},"footnotes":""},"class_list":["post-1104","page","type-page","status-publish","hentry"],"post_mailing_queue_ids":[],"_links":{"self":[{"href":"https:\/\/agora.xtec.cat\/zermsp\/wp-json\/wp\/v2\/pages\/1104","targetHints":{"allow":["GET"]}}],"collection":[{"href":"https:\/\/agora.xtec.cat\/zermsp\/wp-json\/wp\/v2\/pages"}],"about":[{"href":"https:\/\/agora.xtec.cat\/zermsp\/wp-json\/wp\/v2\/types\/page"}],"author":[{"embeddable":true,"href":"https:\/\/agora.xtec.cat\/zermsp\/wp-json\/wp\/v2\/users\/1"}],"replies":[{"embeddable":true,"href":"https:\/\/agora.xtec.cat\/zermsp\/wp-json\/wp\/v2\/comments?post=1104"}],"version-history":[{"count":1,"href":"https:\/\/agora.xtec.cat\/zermsp\/wp-json\/wp\/v2\/pages\/1104\/revisions"}],"predecessor-version":[{"id":1105,"href":"https:\/\/agora.xtec.cat\/zermsp\/wp-json\/wp\/v2\/pages\/1104\/revisions\/1105"}],"up":[{"embeddable":true,"href":"https:\/\/agora.xtec.cat\/zermsp\/wp-json\/wp\/v2\/pages\/977"}],"wp:attachment":[{"href":"https:\/\/agora.xtec.cat\/zermsp\/wp-json\/wp\/v2\/media?parent=1104"}],"curies":[{"name":"wp","href":"https:\/\/api.w.org\/{rel}","templated":true}]}}