{"id":1070,"date":"2023-10-25T11:01:44","date_gmt":"2023-10-25T09:01:44","guid":{"rendered":"https:\/\/agora.xtec.cat\/zermsp\/?page_id=1070"},"modified":"2023-10-25T12:37:37","modified_gmt":"2023-10-25T10:37:37","slug":"documentacio-de-zer","status":"publish","type":"page","link":"https:\/\/agora.xtec.cat\/zermsp\/cultura-digital\/documentacio-de-zer\/","title":{"rendered":"DOCUMENTACI\u00d3 DE ZER"},"content":{"rendered":"<p class=\"CDt4Ke zfr3Q\" dir=\"ltr\">La cultura digital apareix en tots els documents de la ZER.<\/p>\n<p dir=\"ltr\">Actualment s&#8217;est\u00e0 treballant en l&#8217;actualitzaci\u00f3 de tota la documentaci\u00f3 de ZER per tal d&#8217;incloure les novetats en estrat\u00e8gia i cultura digital.<\/p>\n<p class=\"CDt4Ke zfr3Q\" dir=\"ltr\">A continuaci\u00f3, us especifiquem els documents de ZER que inclouen el desplegament de la cultura digital.<\/p>\n<p class=\"CDt4Ke zfr3Q\" dir=\"ltr\"><em><strong>Projecte Educatiu de ZER (en proc\u00e9s d&#8217;actualitzaci\u00f3).<\/strong><\/em><\/p>\n<p dir=\"ltr\"><strong>Projecte de Direcci\u00f3 de ZER<\/strong><\/p>\n<p dir=\"ltr\">En el PdD de la ZER s&#8217;inclou l&#8217;objectiu espec\u00edfic de desplegament digital: <strong>Potenciar el desenvolupament de la cultura digital\u00a0 i l\u2019\u00fas de les noves tecnologies entre tota la comunitat educativa.<\/strong><\/p>\n<p dir=\"ltr\">Aquest objectiu es desenvolupar\u00e0 mitjan\u00e7ant les seg\u00fcents estrat\u00e8gies:<\/p>\n<ul>\n<li>Emprar els recursos digitals com a eina de difusi\u00f3 i de transpar\u00e8ncia entre la comunitat educativa.<\/li>\n<li>Fomentar l\u2019\u00fas de les noves tecnologies amb l\u2019alumnat de tots els nivells educatius.<\/li>\n<li>Elaboraci\u00f3 i desenvolupament del Pla d\u2019Estrat\u00e8gia Digital a nivell de ZER.<\/li>\n<li>Compartir recursos de cultura digital entre l\u2019equip docent de ZER<\/li>\n<\/ul>\n<p class=\"CDt4Ke zfr3Q\" dir=\"ltr\"><em><strong>Normes d&#8217;Organitzaci\u00f3 i Funcionament de ZER (en proc\u00e9s d&#8217;actualitzaci\u00f3).<\/strong><\/em><\/p>\n<p class=\"CDt4Ke zfr3Q\" dir=\"ltr\">\n","protected":false},"excerpt":{"rendered":"<p>La cultura digital apareix en tots els documents de la ZER. Actualment s&#8217;est\u00e0 treballant en l&#8217;actualitzaci\u00f3 de tota la documentaci\u00f3 de ZER per tal d&#8217;incloure les novetats en estrat\u00e8gia i cultura digital. A continuaci\u00f3, us especifiquem els documents de ZER que inclouen el desplegament de la cultura digital. Projecte Educatiu de ZER (en proc\u00e9s d&#8217;actualitzaci\u00f3). [&hellip;]<\/p>\n","protected":false},"author":1,"featured_media":0,"parent":977,"menu_order":0,"comment_status":"closed","ping_status":"closed","template":"page-templates\/side-menu.php","meta":{"_bbp_topic_count":0,"_bbp_reply_count":0,"_bbp_total_topic_count":0,"_bbp_total_reply_count":0,"_bbp_voice_count":0,"_bbp_anonymous_reply_count":0,"_bbp_topic_count_hidden":0,"_bbp_reply_count_hidden":0,"_bbp_forum_subforum_count":0,"site-sidebar-layout":"default","site-content-layout":"","ast-site-content-layout":"","site-content-style":"default","site-sidebar-style":"default","ast-global-header-display":"","ast-banner-title-visibility":"","ast-main-header-display":"","ast-hfb-above-header-display":"","ast-hfb-below-header-display":"","ast-hfb-mobile-header-display":"","site-post-title":"","ast-breadcrumbs-content":"","ast-featured-img":"","footer-sml-layout":"","theme-transparent-header-meta":"","adv-header-id-meta":"","stick-header-meta":"","header-above-stick-meta":"","header-main-stick-meta":"","header-below-stick-meta":"","astra-migrate-meta-layouts":"default","ast-page-background-enabled":"default","ast-page-background-meta":{"desktop":{"background-color":"var(--ast-global-color-4)","background-image":"","background-repeat":"repeat","background-position":"center center","background-size":"auto","background-attachment":"scroll","background-type":"","background-media":"","overlay-type":"","overlay-color":"","overlay-opacity":"","overlay-gradient":""},"tablet":{"background-color":"","background-image":"","background-repeat":"repeat","background-position":"center center","background-size":"auto","background-attachment":"scroll","background-type":"","background-media":"","overlay-type":"","overlay-color":"","overlay-opacity":"","overlay-gradient":""},"mobile":{"background-color":"","background-image":"","background-repeat":"repeat","background-position":"center center","background-size":"auto","background-attachment":"scroll","background-type":"","background-media":"","overlay-type":"","overlay-color":"","overlay-opacity":"","overlay-gradient":""}},"ast-content-background-meta":{"desktop":{"background-color":"var(--ast-global-color-5)","background-image":"","background-repeat":"repeat","background-position":"center center","background-size":"auto","background-attachment":"scroll","background-type":"","background-media":"","overlay-type":"","overlay-color":"","overlay-opacity":"","overlay-gradient":""},"tablet":{"background-color":"var(--ast-global-color-5)","background-image":"","background-repeat":"repeat","background-position":"center center","background-size":"auto","background-attachment":"scroll","background-type":"","background-media":"","overlay-type":"","overlay-color":"","overlay-opacity":"","overlay-gradient":""},"mobile":{"background-color":"var(--ast-global-color-5)","background-image":"","background-repeat":"repeat","background-position":"center center","background-size":"auto","background-attachment":"scroll","background-type":"","background-media":"","overlay-type":"","overlay-color":"","overlay-opacity":"","overlay-gradient":""}},"footnotes":""},"class_list":["post-1070","page","type-page","status-publish","hentry"],"post_mailing_queue_ids":[],"_links":{"self":[{"href":"https:\/\/agora.xtec.cat\/zermsp\/wp-json\/wp\/v2\/pages\/1070","targetHints":{"allow":["GET"]}}],"collection":[{"href":"https:\/\/agora.xtec.cat\/zermsp\/wp-json\/wp\/v2\/pages"}],"about":[{"href":"https:\/\/agora.xtec.cat\/zermsp\/wp-json\/wp\/v2\/types\/page"}],"author":[{"embeddable":true,"href":"https:\/\/agora.xtec.cat\/zermsp\/wp-json\/wp\/v2\/users\/1"}],"replies":[{"embeddable":true,"href":"https:\/\/agora.xtec.cat\/zermsp\/wp-json\/wp\/v2\/comments?post=1070"}],"version-history":[{"count":3,"href":"https:\/\/agora.xtec.cat\/zermsp\/wp-json\/wp\/v2\/pages\/1070\/revisions"}],"predecessor-version":[{"id":1127,"href":"https:\/\/agora.xtec.cat\/zermsp\/wp-json\/wp\/v2\/pages\/1070\/revisions\/1127"}],"up":[{"embeddable":true,"href":"https:\/\/agora.xtec.cat\/zermsp\/wp-json\/wp\/v2\/pages\/977"}],"wp:attachment":[{"href":"https:\/\/agora.xtec.cat\/zermsp\/wp-json\/wp\/v2\/media?parent=1070"}],"curies":[{"name":"wp","href":"https:\/\/api.w.org\/{rel}","templated":true}]}}