{"id":43,"date":"2014-09-17T16:45:07","date_gmt":"2014-09-17T16:45:07","guid":{"rendered":"http:\/\/agora.xtec.cat\/zermontsia\/?page_id=43"},"modified":"2025-08-24T21:53:43","modified_gmt":"2025-08-24T19:53:43","slug":"consell-escolar","status":"publish","type":"page","link":"https:\/\/agora.xtec.cat\/zermontsia\/zer\/projecte-educatiu\/consell-escolar\/","title":{"rendered":"Consell escolar"},"content":{"rendered":"\n<p>Existeix un Consell escolar de ZER i a m\u00e9s a m\u00e9s, cadascuna<strong> <\/strong>de les escoles de la ZER Montsi\u00e0 t\u00e9 el seu Consell Escolar.<\/p>\n\n\n\n<p><strong>ACORDS DEL CONSELL ESCOLAR<\/strong><\/p>\n\n\n\n<ul class=\"wp-block-list\">\n<li><a href=\"https:\/\/drive.google.com\/drive\/folders\/1OqeKh0y2xFmrOhkZkG5rkFCPQe0HBg_L?usp=drive_link\">Certificats del acords del Consell Escolar de la ZER Montsi\u00e0<\/a><\/li>\n\n\n\n<li><a href=\"https:\/\/drive.google.com\/drive\/folders\/1gV13asy3lk_I87Suiw1DnFi9_lgHDa9z?usp=sharing\">Certificats del acords del Consell Escolar de l&#8217;Escola Mestre Josep Roncero i Pallar\u00e8s-ZER Montsi\u00e0<\/a><\/li>\n\n\n\n<li><a href=\"https:\/\/drive.google.com\/drive\/folders\/18RT1CFC_rOLYR7FsaSgz3KDLq2nn-p-4?usp=sharing\">Certificats del acords del Consell Escolar de l&#8217;Escola Sant Lloren\u00e7-ZER Montsi\u00e0<\/a><\/li>\n\n\n\n<li><a href=\"https:\/\/drive.google.com\/drive\/folders\/14TOQECh5iSmowIGJAGHXToW5jwpRxGFH?usp=sharing\">Certificats del acords del Consell Escolar de l&#8217;Escola Sant Salvador-ZER Montsi\u00e0<\/a><\/li>\n\n\n\n<li><a href=\"https:\/\/drive.google.com\/drive\/folders\/10-v2bdRhGQS6MWCD6RNVByd7tDDQcjW0?usp=sharing\">Certificats del acords del Consell Escolar de l&#8217;Escola Teresa Subirats i Mestre-ZER Montsi\u00e0<\/a><\/li>\n\n\n\n<li><a href=\"https:\/\/drive.google.com\/drive\/folders\/1jLdXuw4RYJDePD0_MDB7dsnzGF_u347P?usp=sharing\">Certificats del acords del Consell Escolar de l&#8217;Escola Rosa Gisbert-ZER Montsi\u00e0<\/a><\/li>\n<\/ul>\n\n\n\n<p>El consell escolar del centre \u00e9s l\u2019\u00f2rgan col\u00b7legiat de participaci\u00f3 de la comunitat escolar en el govern del centre. Corresponen al consell escolar les funcions establertes a la Llei 12\/2009, de 10 de juliol, d\u2019educaci\u00f3.<\/p>\n\n\n\n<h4 class=\"wp-block-heading\">Funcions del consell escolar dels centres p\u00fablics<\/h4>\n\n\n\n<ol class=\"wp-block-list\">\n<li>Aprovar el projecte educatiu i les modificacions corresponents per una majoria de tres cinquenes parts dels membres.<\/li>\n\n\n\n<li>Aprovar la programaci\u00f3 general anual del centre i avaluar-ne el desenvolupament i els resultats.<\/li>\n\n\n\n<li>Aprovar les propostes d\u2019acords de co-responsabilitat, convenis i altres acords de col\u00b7\u0097col\u00b7laboraci\u00f3 del centre amb entitats o institucions.<\/li>\n\n\n\n<li>Aprovar les normes d\u2019organitzaci\u00f3 i funcionament i les modificacions corresponents.<\/li>\n\n\n\n<li>Aprovar la carta de comprom\u00eds educatiu.<\/li>\n\n\n\n<li>Aprovar el pressupost del centre i el rendiment de comptes.<\/li>\n\n\n\n<li>Intervenir en el procediment d\u2019admissi\u00f3 d\u2019alumnes.<\/li>\n\n\n\n<li>Participar en el procediment de selecci\u00f3 i en la proposta de cessament del director o directora.<\/li>\n\n\n\n<li>Intervenir en la resoluci\u00f3 dels conflictes i, si escau, revisar les sancions als alumnes.<\/li>\n\n\n\n<li>Aprovar les directrius per a la programaci\u00f3 d\u2019activitats escolars complement\u00e0ries i d\u2019activitats extraescolars, i avaluar-ne el desenvolupament.<\/li>\n\n\n\n<li>Participar en les an\u00e0lisis i les avaluacions del funcionament general del centre i con\u00e8ixer l\u2019evoluci\u00f3 del rendiment escolar.<\/li>\n\n\n\n<li>Aprovar els criteris de col\u00b7laboraci\u00f3 amb altres centres i amb l\u2019entorn.<\/li>\n\n\n\n<li>Qualsevol altra que li sigui atribu\u00efda per les normes legals o reglament\u00e0ries.<\/li>\n<\/ol>\n\n\n\n<p>&nbsp;<\/p>\n","protected":false},"excerpt":{"rendered":"<p>Existeix un Consell escolar de ZER i a m\u00e9s a m\u00e9s, cadascuna de les escoles de la ZER Montsi\u00e0 t\u00e9 el seu Consell Escolar. ACORDS DEL CONSELL ESCOLAR El consell escolar del centre \u00e9s l\u2019\u00f2rgan col\u00b7legiat de participaci\u00f3 de la comunitat escolar en el govern del centre. Corresponen al consell escolar les funcions establertes a [&hellip;]<\/p>\n","protected":false},"author":1,"featured_media":0,"parent":57,"menu_order":60,"comment_status":"closed","ping_status":"closed","template":"","meta":{"_bbp_topic_count":0,"_bbp_reply_count":0,"_bbp_total_topic_count":0,"_bbp_total_reply_count":0,"_bbp_voice_count":0,"_bbp_anonymous_reply_count":0,"_bbp_topic_count_hidden":0,"_bbp_reply_count_hidden":0,"_bbp_forum_subforum_count":0,"site-sidebar-layout":"default","site-content-layout":"","ast-site-content-layout":"default","site-content-style":"default","site-sidebar-style":"default","ast-global-header-display":"","ast-banner-title-visibility":"","ast-main-header-display":"","ast-hfb-above-header-display":"","ast-hfb-below-header-display":"","ast-hfb-mobile-header-display":"","site-post-title":"","ast-breadcrumbs-content":"","ast-featured-img":"","footer-sml-layout":"","theme-transparent-header-meta":"","adv-header-id-meta":"","stick-header-meta":"","header-above-stick-meta":"","header-main-stick-meta":"","header-below-stick-meta":"","astra-migrate-meta-layouts":"set","ast-page-background-enabled":"default","ast-page-background-meta":{"desktop":{"background-color":"var(--ast-global-color-4)","background-image":"","background-repeat":"repeat","background-position":"center center","background-size":"auto","background-attachment":"scroll","background-type":"","background-media":"","overlay-type":"","overlay-color":"","overlay-opacity":"","overlay-gradient":""},"tablet":{"background-color":"","background-image":"","background-repeat":"repeat","background-position":"center center","background-size":"auto","background-attachment":"scroll","background-type":"","background-media":"","overlay-type":"","overlay-color":"","overlay-opacity":"","overlay-gradient":""},"mobile":{"background-color":"","background-image":"","background-repeat":"repeat","background-position":"center center","background-size":"auto","background-attachment":"scroll","background-type":"","background-media":"","overlay-type":"","overlay-color":"","overlay-opacity":"","overlay-gradient":""}},"ast-content-background-meta":{"desktop":{"background-color":"var(--ast-global-color-5)","background-image":"","background-repeat":"repeat","background-position":"center center","background-size":"auto","background-attachment":"scroll","background-type":"","background-media":"","overlay-type":"","overlay-color":"","overlay-opacity":"","overlay-gradient":""},"tablet":{"background-color":"var(--ast-global-color-5)","background-image":"","background-repeat":"repeat","background-position":"center center","background-size":"auto","background-attachment":"scroll","background-type":"","background-media":"","overlay-type":"","overlay-color":"","overlay-opacity":"","overlay-gradient":""},"mobile":{"background-color":"var(--ast-global-color-5)","background-image":"","background-repeat":"repeat","background-position":"center center","background-size":"auto","background-attachment":"scroll","background-type":"","background-media":"","overlay-type":"","overlay-color":"","overlay-opacity":"","overlay-gradient":""}},"footnotes":""},"class_list":["post-43","page","type-page","status-publish","hentry"],"post_mailing_queue_ids":[],"_links":{"self":[{"href":"https:\/\/agora.xtec.cat\/zermontsia\/wp-json\/wp\/v2\/pages\/43","targetHints":{"allow":["GET"]}}],"collection":[{"href":"https:\/\/agora.xtec.cat\/zermontsia\/wp-json\/wp\/v2\/pages"}],"about":[{"href":"https:\/\/agora.xtec.cat\/zermontsia\/wp-json\/wp\/v2\/types\/page"}],"author":[{"embeddable":true,"href":"https:\/\/agora.xtec.cat\/zermontsia\/wp-json\/wp\/v2\/users\/1"}],"replies":[{"embeddable":true,"href":"https:\/\/agora.xtec.cat\/zermontsia\/wp-json\/wp\/v2\/comments?post=43"}],"version-history":[{"count":6,"href":"https:\/\/agora.xtec.cat\/zermontsia\/wp-json\/wp\/v2\/pages\/43\/revisions"}],"predecessor-version":[{"id":4743,"href":"https:\/\/agora.xtec.cat\/zermontsia\/wp-json\/wp\/v2\/pages\/43\/revisions\/4743"}],"up":[{"embeddable":true,"href":"https:\/\/agora.xtec.cat\/zermontsia\/wp-json\/wp\/v2\/pages\/57"}],"wp:attachment":[{"href":"https:\/\/agora.xtec.cat\/zermontsia\/wp-json\/wp\/v2\/media?parent=43"}],"curies":[{"name":"wp","href":"https:\/\/api.w.org\/{rel}","templated":true}]}}