{"id":3596,"date":"2022-03-01T15:25:48","date_gmt":"2022-03-01T14:25:48","guid":{"rendered":"https:\/\/agora.xtec.cat\/zermontsia\/?page_id=3596"},"modified":"2026-01-21T15:11:57","modified_gmt":"2026-01-21T14:11:57","slug":"estrategia-digital-de-la-zer-montsia","status":"publish","type":"page","link":"https:\/\/agora.xtec.cat\/zermontsia\/estrategia-digital-de-la-zer-montsia\/","title":{"rendered":"Estrat\u00e8gia Digital de les escoles de la ZER Montsi\u00e0"},"content":{"rendered":"\n<p>L\u2019Estrat\u00e8gia Digital de les escoles de la ZER Montsi\u00e0 (EDZ) \u00e9s un <a href=\"https:\/\/docs.google.com\/document\/d\/17zu8-i5havXDAKiZiKe5gFIL88inqmd59yg9590UBio\/edit?usp=sharing\">document<\/a> que recull totes les accions que es realitzen , i les que es realitzaran a mitj\u00e0 termini, per aconseguir la m\u00e0xima compet\u00e8ncia digital de l\u2019alumnat, del professorat i del centre educatiu.  T\u00e9 com a referent el<a href=\"https:\/\/educacio.gencat.cat\/web\/.content\/home\/departament\/publicacions\/colleccions\/pla-educacio-digital\/pla-educacio-digital-catalunya\/pla-educacio-digital.pdf\"> Pla d\u2019educaci\u00f3 digital de Catalunya (PEDC),<\/a> on s\u2019indica la necessitat d\u2019assolir la fita d\u2019una societat digitalment competent, fent \u00e8mfasi en l\u2019equitat i tenint en compte l\u2019evoluci\u00f3 del context social i tecnol\u00f2gic.<\/p>\n\n\n\n<div class=\"wp-block-getwid-tabs\" data-active-tab=\"1\"><ul class=\"wp-block-getwid-tabs__nav-links\"><\/ul>\n<div class=\"wp-block-getwid-tabs__nav-link\"><span class=\"wp-block-getwid-tabs__title-wrapper\"><a href=\"#\"><span class=\"wp-block-getwid-tabs__title\">DIAGNOSI<\/span><\/a><\/span><\/div><div class=\"wp-block-getwid-tabs__tab-content-wrapper\"><div class=\"wp-block-getwid-tabs__tab-content\">\n<p>Un dels passos per cofeccionar l&#8217;Estrat\u00e8gia Digital de les Escoles de la ZER Montsi\u00e0 ha estat elaborar una diagnosi. Per tal de fer-ho s&#8217;han realitzat enquestes a tota la comunitat educativa (fam\u00edlies, alumnat, mestres i equips directius).&nbsp; Tamb\u00e9 s&#8217;han analitzat els documents de centre (NOFZ, PEZ, i PdDZ). Nivells de participaci\u00f3 a les enquestes:<\/p>\n\n\n\n<figure class=\"wp-block-image size-large\"><img decoding=\"async\" src=\"https:\/\/lh3.googleusercontent.com\/pw\/AM-JKLWi7XIwDtty6acsBvgVxSOph9EeXlBTmBEFT6bXTbgXGF7t4CQt2AMAd64s1arZchLxMPh6okWPDpyBwoZXj2435SLqdraaQHe9NNivyPvIieV_NFFx3pRLP3uzGZHFzmlJsnEZJf_hGRiLSlpZU324=w1336-h217-no\" alt=\"\"\/><\/figure>\n\n\n\n<p>La valoraci\u00f3 d&#8217;aquesta diagnosi en permet observar els seg\u00fcents punts forts i punts a treballar:<\/p>\n\n\n\n<figure class=\"wp-block-table\"><table class=\"has-very-light-gray-to-cyan-bluish-gray-gradient-background has-background has-fixed-layout\"><thead><tr><th class=\"has-text-align-center\" data-align=\"center\"><strong>PUNTS FORTS<\/strong><\/th><th class=\"has-text-align-center\" data-align=\"center\"><strong><strong>PUNTS A TREBALLAR<\/strong><\/strong><\/th><\/tr><\/thead><tbody><tr><td class=\"has-text-align-center\" data-align=\"center\">Infraestructura <br>Competencia digital de l&#8217;alumnat <br>Lideratge<\/td><td class=\"has-text-align-center\" data-align=\"center\">Pr\u00e0ctiques d&#8217;avaluaci\u00f3 <br>Col\u00b7laboraci\u00f3 <br>Pedagogia i implementaci\u00f3 a l&#8217;aula<\/td><\/tr><\/tbody><\/table><\/figure>\n<\/div><\/div>\n\n\n\n<div class=\"wp-block-getwid-tabs__nav-link\"><span class=\"wp-block-getwid-tabs__title-wrapper\"><a href=\"#\"><span class=\"wp-block-getwid-tabs__title\">OBJECTIUS<\/span><\/a><\/span><\/div><div class=\"wp-block-getwid-tabs__tab-content-wrapper\"><div class=\"wp-block-getwid-tabs__tab-content\">\n<p>Un cop realizada la diagnosi, ens proposem els seg\u00fcents objectius:<\/p>\n\n\n\n<ul class=\"wp-block-list\">\n<li> <strong>Millorar la compet\u00e8ncia digital del professorat<\/strong><\/li>\n\n\n\n<li><strong>Apropar l\u2019\u00fas de les tecnologies del centre a les fam\u00edlies per tal de millorar la seva compet\u00e8ncia digital.<\/strong>\u00e7<\/li>\n\n\n\n<li><strong>Promoure la seguretat i protecci\u00f3 digital de l&#8217;alumnat amb la finalitat d&#8217;esdevenir ciutadans digitals conscients.<\/strong><\/li>\n\n\n\n<li><strong>Millorar la compet\u00e8ncia digital docent duent a terme activitats formatives en l&#8217;\u00e0mbit digital per contribuir en la qualitat dels aprenentatges de l\u2019alumnat.<\/strong><\/li>\n\n\n\n<li><strong>Redefinir la pres\u00e8ncia de les escoles de la ZER a internet, en funci\u00f3 de la finalitat comunicativa<\/strong><\/li>\n\n\n\n<li><strong>Potenciar el desenvolupament de compet\u00e8ncies digitals i tecnol\u00f2giques de l&#8217;alumnat de prim\u00e0ria mitjan\u00e7ant activitats de programaci\u00f3 i rob\u00f2tica, afavorint el pensament computacional i la creaci\u00f3 de projectes tecnol\u00f2gics.<\/strong><\/li>\n<\/ul>\n<\/div><\/div>\n\n\n\n<div class=\"wp-block-getwid-tabs__nav-link\"><span class=\"wp-block-getwid-tabs__title-wrapper\"><a href=\"#\"><span class=\"wp-block-getwid-tabs__title\">ACTUACIONS I AVALUACI\u00d3<\/span><\/a><\/span><\/div><div class=\"wp-block-getwid-tabs__tab-content-wrapper\"><div class=\"wp-block-getwid-tabs__tab-content\">\n<p><iframe loading=\"lazy\" src=\"https:\/\/docs.google.com\/spreadsheets\/d\/e\/2PACX-1vRuqilLS7NYJMk24gcavRokZwQu6YtHdhbGVQDSrH9mYsWKm-_58ba2CoB1z15KQaSqmqZlnKOkO_oe\/pubhtml\" width=\"1200\" height=\"810\"><\/iframe><\/p>\n\n\n\n<p><\/p>\n<\/div><\/div>\n\n\n\n<div class=\"wp-block-getwid-tabs__nav-link\"><span class=\"wp-block-getwid-tabs__title-wrapper\"><a href=\"#\"><span class=\"wp-block-getwid-tabs__title\">CULTURA DIGITAL<\/span><\/a><\/span><\/div><div class=\"wp-block-getwid-tabs__tab-content-wrapper\"><div class=\"wp-block-getwid-tabs__tab-content\">\n<div class=\"wp-block-getwid-accordion has-icon-left\" data-active-element=\"none\">\n<div class=\"wp-block-getwid-accordion__header-wrapper\"><span class=\"wp-block-getwid-accordion__header\"><a href=\"#\"><span class=\"wp-block-getwid-accordion__header-title\">Serveis digitals<\/span><span class=\"wp-block-getwid-accordion__icon is-active\"><i class=\"fas fa-plus\"><\/i><\/span><span class=\"wp-block-getwid-accordion__icon is-passive\"><i class=\"fas fa-minus\"><\/i><\/span><\/a><\/span><\/div><div class=\"wp-block-getwid-accordion__content-wrapper\"><div class=\"wp-block-getwid-accordion__content\">\n<p>Les escoles de la ZER Montsi\u00e0 disposen del seg\u00fcent equipament:<\/p>\n\n\n\n<ul class=\"wp-block-list\">\n<li>Ordinadors per als docents<\/li>\n\n\n\n<li>Ordinadors per a l\u2019alumnat de sis\u00e8<\/li>\n\n\n\n<li>Ordinadors d\u2019aula<\/li>\n\n\n\n<li>Sistemes de projecci\u00f3 a la majoria d\u2019aules<\/li>\n\n\n\n<li>Servei d\u2019impressi\u00f3 en xarxa<\/li>\n\n\n\n<li>Servidor d\u2019impressi\u00f3 i d\u2019emmagatzematge en xarxa<\/li>\n\n\n\n<li>Xarxa LAN transformada a totes les escoles<\/li>\n\n\n\n<li>Equipament de programaci\u00f3 i rob\u00f2tica adquirit dintre el Programa finan\u00e7at pel Ministeri d&#8217;Educaci\u00f3, Formaci\u00f3 Professional i Esports, amb el suport de la Generalitat de Catalunya\u200b<\/li>\n<\/ul>\n\n\n\n<figure class=\"wp-block-image size-large\"><img decoding=\"async\" src=\"https:\/\/camieducacio.com\/content\/uploads\/2025\/10\/Logos-entidades-robotica.png\" alt=\"\"\/><\/figure>\n<\/div><\/div>\n\n\n\n<div class=\"wp-block-getwid-accordion__header-wrapper\"><span class=\"wp-block-getwid-accordion__header\"><a href=\"#\"><span class=\"wp-block-getwid-accordion__header-title\">Comunicaci\u00f3<\/span><span class=\"wp-block-getwid-accordion__icon is-active\"><i class=\"fas fa-plus\"><\/i><\/span><span class=\"wp-block-getwid-accordion__icon is-passive\"><i class=\"fas fa-minus\"><\/i><\/span><\/a><\/span><\/div><div class=\"wp-block-getwid-accordion__content-wrapper\"><div class=\"wp-block-getwid-accordion__content\">\n<div class=\"wp-block-columns is-layout-flex wp-container-core-columns-is-layout-1 wp-block-columns-is-layout-flex\">\n<div class=\"wp-block-column is-layout-flow wp-block-column-is-layout-flow\">\n<figure class=\"wp-block-image size-large is-resized\"><img decoding=\"async\" src=\"https:\/\/media-exp1.licdn.com\/dms\/image\/C560BAQFprk49sApXgg\/company-logo_200_200\/0\/1630532108765?e=2159024400&amp;v=beta&amp;t=KpIpQdajpGMSqh7muUtZlKofQI-Jy_DbLFONaJmFUdM\" alt=\"\" style=\"width:130px;height:auto\"\/><\/figure>\n\n\n\n<p>Totes les escoles de la ZER Montsi\u00e0 utilitzem l\u2019aplicaci\u00f3 Classdojo per comunicar-nos amb les fam\u00edlies.<\/p>\n\n\n\n<p>Les tutores i els tutors de l\u2019alumnat faciliten a les fam\u00edlies un paper amb el codi de l\u2019alumne per tal de poder realitzar el registre a l&#8217;aplicaci\u00f3.<\/p>\n<\/div>\n\n\n\n<div class=\"wp-block-column is-layout-flow wp-block-column-is-layout-flow\">\n<figure class=\"wp-block-image size-large is-resized\"><img decoding=\"async\" src=\"data:image\/jpeg;base64,\/9j\/4AAQSkZJRgABAQAAAQABAAD\/2wCEAAkGBxATDxIQEA8SFRAQFRAVFhUVDxUZFxcTFRIXGBURFhgYHSggGBslGxYVIjEhJSkrLi4uFx8zODMsNygtLisBCgoKDg0OGxAQGy0lHyUtLSswLTItLS0tLy0tLS0wMC0tLy0tLS0tNS0tLS0tLzUwLS8rNS8tLS8tLS0tLy0tL\/\/AABEIAOEA4AMBIgACEQEDEQH\/xAAbAAEAAQUBAAAAAAAAAAAAAAAAAgEDBAYHBf\/EAEEQAAIBAgEIBwUGAwgDAAAAAAABAgMRBAUGEiExQVFhEyIycYGRoUJSscHRByNicuHwFIKSFSQzQ1OissJj0vH\/xAAaAQEAAwEBAQAAAAAAAAAAAAAAAwQFBgEC\/8QANBEAAgEDAQQJAwMEAwAAAAAAAAECAwQRIRIxQVEFYXGBkbHB0fATQqEyUuEiM1PxFBUj\/9oADAMBAAIRAxEAPwDuIAAAAAAAAAAAAAAAIuRF1UAXAWHXRH+JXEAyQY38SuJJV0AXwW1VRJSAJAAAAAAAAAAAAAAAAAAAAAAAAFLlJSLEqjbtFXYBdlUSLTqt9lXKwob5O\/LcX0gDHVGT2u3qSWHjvu\/H6F8AFtUY+6vIloLgvIkAMEXBcF5EOgh7q8i6ADHeGjubXj9SLpTWxp+jMoAGJGu07STT5l6FVMnKKepq6MaWGtrg\/BgGUmVMOnXs7PUzJjMAmAAAAAAAAAAAAAAAQnOwqTsWYQ0tb7PxAKRTlyjx+hfhBJWSJgAFupNRTlJpJbW3ZLvZ42WM4adG8I9eqt1+rF\/ifHkvQ1HH5Qq1nepNvgtiXcvntK9W5jDRaspV72nS0Wr+cTbcdnRQhqgnUly1R\/qfyTPFxOdOIl2NGC5Ru\/OWo8MFOdxUlxx2fMmbO9rT447NP5MurlTES7VeXhJpeWwx3Wm9s3\/UyAIW295WcpPe2+9l2OImtkpLukzIpZYxMezXn4tS9HcwgE2tzPVOS3N+OPI97DZ1V49uMZru0X5rV6Ht4HOShU1Sbpy\/Fs\/q2edjRgTQuakeOfniWad7Whvee333nUk761sZI5xk7Ktai+pLq74PXH9PA3DJGW6Vfq9mp7re3nF7\/iXaVxGppuZp0LyFXTc+Xs\/9PqPTq01JWf6oxXpQevWtzM4jKKas9jJy2Rp1LlwwZpwf4XsfyZlU53ALgAAAAAAAABGTJGNWk3qW1gFEtJ8lt+hlEIQsrImADTs4M4m708PKy2SqJbeUeXPy4uWdWW9bw9J7NVSS\/wCC+flxNWuUbi4+2PezJvbxpunT736IrcXKXFyiZWStxcpcXAyVuLlLi4GStxcpcXAyVuLlLi4GStwm0002mtaaetPiilxcA3HN3OHTtRrPr7Iz3S\/C+Evj37dnOT3NyzXy10i6Cq\/vIrqyftxW5\/iXqvEv29xn+mW\/mbFleOX\/AJz38Hz6n817d+yTimrPYzCi3CWi9m58UZ5ZxFLSjbeta7y6aZOErkzCwtXc9qMxAFQAAAAAQqS1FnDq95eCGIe5bXqL8I2SXAAkeLnLlboKPVf3s7qPJe1Lw+LR7JzLLmPdevKp7PZh+VfXW\/Er3FXYhpvZTva\/0qem96L1fzi0YaFyAMs58u04SlJRim5SdkltbNsweZ8dFOtVk5cI2SXK7Tv6FzM3JijT6eS687qPKPHvfwtxNoL9C3i47U1vNi0soOO3UWc8PnE1LH5pQVOTozk5pXUXovSt7K1KzNSTOtHOs6cD0WJlZdSp1o+PaXnfzR8XNGMUpRRHf20YRU4LHB+55VxchcXKZlk7i5C4uATuLkLi4BO4uQuLgE7lYVHGSlF2lFpprc1sZbuLg9ydLyLlBV6KqbJLVJcGvk9viekc8zTyh0WIUW+pWtF8pW6svPV\/MdDNahV+pDL3nRWlf61PL37mYOJjozUlslqff+\/gZVKV0UxFPSi1v3d+4x8HUuiYsmaAAAUkVIVHqALNPXPuMksYZdp8X8C+AeJnXjOjws7dqpaC\/mfW\/wBqZzu5s+fuIvUpU\/cjKT75NJfD1NWuZd1PaqY5GB0hUcqzXLT19SVw7vUtr+JG5KE7NS91p+TuVyi9x1mhRUIRhHZCMYruSsi8UuVNw63GAa9nngtPD9Il1qLuvyvU\/k\/A2ExMpVoQo1J1Owk7rjfVo+N7eJ8VIqUWmR1oRnTcZcjldxcgitzGOWySuLkbi4PSVxcjcXAJXFyNxcAlcXI3FwCVzqGRsX02Hp1N8o9b8y1S9UzltzdswsTenUpf6bhJd01s84vzLVpLE8czQ6NqYq7PNeWvlk2s89LRqyW5u\/n+tz0DBxqtOL4pry\/+s0jcMyDJFui9RcABarPUXSziNgAwq6i8fiXi3Q7C7i4Ac0ztq6WNq8I6EV\/RG\/q2ePcz84Jf3uv+eXpqPPuY1TWb7WctWeakn1vzZW4uUuLnwRnTs2sZ0uFpy9qK0Zfmjqu+9Wfiesc6zNyr0Vbo5v7utZclJdl+Ozy4HRTWoVNuHYdHZ1vq0k+K0fzrBzjOfLrrz0IP7iD1fjfvPlwX7XRzmec+SHh6z0V91UvKHLjHw+FuZHd7Wxpu4kHSTmqS2d3H07s7+48i4uUuLmaYZW4uUuLgFbi5S4uAVuLlLi4BW4uUuLgFbmy5h1bYicd0oPzi429GzWbnu5kv++R5qf8AxJaLxUj2li0eK8O06OYeUl1YvhJfBmYYuUex4o1zpSeHeovmPhdhkAAs4jYXi1WWoAYbsIuljCdm3Bv43+ZfAOV5yxtjK6\/Ffzin8zzbnuZ80NHGSl\/qKnLyio\/9TwLmNUWJtdZy9xHZrTXW\/MncXIXFz4ISR0PNHLPTU+iqP76kt+1x2KXetj8HvOdXL2ExU6VSNWm7Tg7r5p8U1qJaNV05Z4Fi2uHQntcOPzmuB2MwcqZPhXpSpT2OzT3xktkl++JbyNlWGIpKpDU9ko31xlw7uDPSNbSUeaZ0acakeaaORZRwNShVdKorSWx7pR3SjyMa51TLOSqWIp6FRa1fRku1F8Vy4o5xljI1bDStUjeLfVmtkvo+T9dpmV6Dp6rcYF1ZyovaWsfLt99xhXFyIK5TJXFzYc0831WvVrJ9ErpK7WnLfrWuy5b+5nrZSzKptXw83B8JXkvN60Txt6ko7SRbhZVpw24r869vzuNIuLmTlLJleg7Vqbit0tqfdJavDaYhA008MqtOLw1hkri5EA8JXNgzHjfGLlGb9LfM102v7OqV6tafuxgv65N\/9SW31qR7SzZrNeHb5a+hvph5RfUXOSMwwcovsLi7+S\/U1zpS9hdhkFnDrUXgAQqLUTKMAxsK9cl3P9+hlGJe00+Orz\/WxlgGl\/aLherSrL2XKD8VpR+EvM0m51nLmBVfD1KW+SuvzRtKPqkcjvuas1ue1PgZl3HE88zA6Sp7NXa\/d5rf6Eri5S4uVjPK3K3I3FzwGdknKdTD1VUpvlKL2Sj7r+T3HT8k5Tp4imqlN8pRfajL3ZI5Fcycm5Rq0aiqUpWlvW6S92S3osUK7pvD3F20vHQeHrHly618\/Op2MtVqUZxcZxUoy1NNXTXNM8jIOcVHEpRvo1ba4N+bT3r1PcNOMlJZW434TjUjtReUadlTMqDvLDT0H7srteEr3XqeRkzNHESrKNaDhSi+tLSi7rgrPa+O70OkAhdrTbzj2Ksuj6EpbWMdS3P51YLVCjGEYwhFKMUkktiS2IugFgulupTUk4yScXqaaumuDTNTzgzTo6E6tG8JxjJuO2LsrtK+x+nI3A8rOTEKng68n7jS759VesiKrCMovaRBcU6c4PbWiTfZg5VcXIpi5jnLErnRMw8LoYRTe2rKT\/li3FfBvxOe4XDyqVIU4dqpJRXe3tfJbfA7DhcPGnThTj2YRUV3JWLlnDMnLl6mp0XTzNz5LHe\/ZeZfPPxbvVS91er\/AGj0DzMO9Kblxfpu9DRNwz6S1FwjFEgAAADGxULouUKmlFPfv7yVRajFoO03HdLX3NAGac2z5yV0dfp4rqVm2+U12l49rz4HSTxM7uj\/AIKq6qvFRTXKd0oNeLXhchuKanB9WpVvKKqUmnw1XccruLkbi5kHMEri5G4uASuLkbi4BNNppp2a1pp601saNoyRnpWhaNddJBe1e00u\/Y\/GzNUuLn3CcoPMWS0q06T2oPB1vJuX8NXsqdVaT9mXVl3JPb4XPWOGs9TA5fxVHVTry0V7MrOPck728LFyF7+5eBp0ulf8kfD2fudeBz2hn9WS+8oQl+WUo\/8AsSqfaBUa6uFinzqN+iSJv+VS5\/gt\/wDY2\/N+D9sG+VKiinKTSildtuyS4tvYc6zwzhVdqjS\/wYu7l70lv7l6+CPIyrlzEYj\/ABal47VCOqK+vfrZ51yrXuXNbMdEZ130g6q2IaLjzfsSuLkbnoZDyXPE1o0o3S2zl7sd7791uPiVUm3hGfGLk1FLVmzfZ9krXLFTWpXjT79am13bPFm9lnDYeNOEacFaEFZLki8bFKmqcVE6m3oqjTUF39vExMfVtCy2y1eG9+RTB07IsSl0lS\/srUvqZ9KNkSExcAAAAABGbLGHj1pPhq+vyLlaWopho9Xv1\/vwALxp32j4u1CnRvrqSlLwglq\/3LyNxOXZ\/Y3TxjgnqoqEfFq8n\/uS\/lK91LZpvr0+dxR6RqbFB9enj\/GTXQUuLmUc4VBC5K4PMlRcpcXB6VuLlLi4BW4uUuLgFbi5S4uAVuLlLno5FyLXxU9GlG0U+tUeyP1fJem09SbeEexjKb2YrLMfAYOpWqRpUo6U5eSW+UnuS4\/M6rkLJEMLSVOGuT1zlbXKXySvqX6srkTI9LDU9CmrydtKT7Unz4Lgt3meqadvb\/T1e86GzslRW1LWXl1L1fpvGDjq3+XHbLbyX6l7FYhQXGT2L59xi4ai29KWtvW2WS+XsLRsjLRSKJAAAAAAowDGxL3cdRkrgYy11FyuzKALdWooxcpO0YptvgkrtnIv7MxeJqzqww830jcrtJR1ybspOy38TsIIatFVMZZVubVV8KUmkuX8nN8HmBXlrq1YU1wUdOXxt6s97B5jYSOupGdR\/ik0vKNvVs2oHkbanHh88jyFhbw+3Pbr56HmPImF6N0v4emoS2pRs78brXfne5p+WMxJq8sLLSj\/AKcrKS5Rk9UvG3ezoYPqdGE1ho+61rSqrEl4aP5+Dh2Kw1SnLQqwlCXCUWn3q+1cy0dvxOGhUjo1IRnF7pRTXkzwMXmVg5a4xlTf4Zu3k7peFinOzkv0syqnRU0\/6JJrr0fszmAN3r\/Z3L\/LxStwlR+al8jFl9n+I3VqTXNyXyZC7equBVdhcL7Pyvc1IG3Q+z7Ee1WpJctJ\/wDVGZQ+z23+JibrhGlb1cvkeq2qvgeqwuH9v5XuaIZGBwFatLRo0pTf4VZL8z9nxZ0zA5nYKm1Lo3OS2Ocm\/RWT8j3aNKMYqMIqMVsUUkl3JE0LNv8AU\/D5gt0+ipP+5LHZr+X7M0rI2Yi1Txc9L\/xxbt4z2vuVu9m6UKMIRUIRUYR1KMUkkuSReBcp0owWIo1aNvTorEFjz7wY+KxKguMnsXzfIs18Z7NPW+O5d3EhQw7vd6297JCYjRpOT0pa2\/3ZHoU4WEIWJgAAAAAAAhUeomW6uwAt4Vdp8XbyMgxumjGKWtvkixPFzfZil36wD0C1UrRj2pJeJguNSXam\/DV8CVPBLgAXJ4+Pspy8LL1LUsVVexKPqzJhhkXVSQB58KtWLu3pLg\/lbYZdPFxe3qvn9S66aLNTDJgGUDzuglHsya7n8iSrVVts+9fQAzwYKxr30\/KX6Ev49e5L0+oBmAw\/7QXuS9PqReOlup+cv0AM4jJpa3sMB16r4LuX1IrDN65NvvYBfq4+K1R6z5bPMsS059p6uC2fqZFPDJGRGABj0cMkZMYkgAAAAAAAAAACjRUAFp0kFSRdABFRK2KgAAAAAAAo0RcETABadFFOgReABY6BElRRdABBU0SSKgAAAAAAAAAAAAAAAAAAAAAAAAAAAAAAAAAAAAAAAAAAAAAAAAAAAAAAAAAA\/9k=\" alt=\"\" style=\"width:130px;height:auto\"\/><\/figure>\n\n\n\n<p>Alguna de&nbsp; les escoles de la ZER Montsi\u00e0 tamb\u00e9 utilitza l\u2019aplicaci\u00f3 Whatsapp&nbsp; per comunicar-se amb algunes&nbsp; fam\u00edlies.<\/p>\n\n\n\n<p>La direcci\u00f3 de l&#8217;escola crea els grups de difusi\u00f3.<\/p>\n<\/div>\n\n\n\n<div class=\"wp-block-column is-layout-flow wp-block-column-is-layout-flow\">\n<figure class=\"wp-block-image size-large\"><img decoding=\"async\" src=\"https:\/\/thespeechstudiony.com\/img\/logo_large.png\" alt=\"\"\/><\/figure>\n\n\n\n<p><strong><a href=\"https:\/\/docs.google.com\/document\/d\/12xgcn4ur2onR9Cv70QXBR2vPFJjljqJHX1HInLnBpMs\/edit?usp=share_link\">Pla de comunicaci\u00f3 de les escoles de la ZER Montsi\u00e0<\/a><\/strong><\/p>\n<\/div>\n<\/div>\n\n\n\n<p><\/p>\n<\/div><\/div>\n\n\n\n<div class=\"wp-block-getwid-accordion__header-wrapper\"><span class=\"wp-block-getwid-accordion__header\"><a href=\"#\"><span class=\"wp-block-getwid-accordion__header-title\">Acords  de l&#8217;\u00e0mbit digital (Claustre i Consell escolar)<\/span><span class=\"wp-block-getwid-accordion__icon is-active\"><i class=\"fas fa-plus\"><\/i><\/span><span class=\"wp-block-getwid-accordion__icon is-passive\"><i class=\"fas fa-minus\"><\/i><\/span><\/a><\/span><\/div><div class=\"wp-block-getwid-accordion__content-wrapper\"><div class=\"wp-block-getwid-accordion__content\">\n<p><iframe loading=\"lazy\" src=\"https:\/\/docs.google.com\/document\/d\/e\/2PACX-1vTV6-tdKojFaoCfm2nmODMkoItbzRkrYVEzjz2FSxAuz5QRnnBP2CIaNLXvg0Rj74XcfAYW5yINSYgC\/pub?embedded=true\" width=\"900\" height=\"450\"><\/iframe><\/p>\n<\/div><\/div>\n\n\n\n<div class=\"wp-block-getwid-accordion__header-wrapper\"><span class=\"wp-block-getwid-accordion__header\"><a href=\"#\"><span class=\"wp-block-getwid-accordion__header-title\">Acollida digital<\/span><span class=\"wp-block-getwid-accordion__icon is-active\"><i class=\"fas fa-plus\"><\/i><\/span><span class=\"wp-block-getwid-accordion__icon is-passive\"><i class=\"fas fa-minus\"><\/i><\/span><\/a><\/span><\/div><div class=\"wp-block-getwid-accordion__content-wrapper\"><div class=\"wp-block-getwid-accordion__content\">\n<div class=\"wp-block-columns is-layout-flex wp-container-core-columns-is-layout-2 wp-block-columns-is-layout-flex\">\n<div class=\"wp-block-column is-layout-flow wp-block-column-is-layout-flow\">\n<figure class=\"wp-block-image size-large\"><a href=\"https:\/\/drive.google.com\/file\/d\/18n4mn0NsEj_IZBDWlkajb7ck2YLig0BG\/view\"><img decoding=\"async\" src=\"https:\/\/lh3.googleusercontent.com\/pw\/AP1GczPGH-w3OpxamWDn3tt6xJi9ZH2z2E3Xd8uv_ZDzmOO6BONBNTUbMO6eJTtqp-lDoQCd-wLQOUy2D_EfqiSIi--itmIsmN1OpOdTyMezk0A_FMb325cSLITLw_T_XECzVVNO-5xM4eU6srMDKKk6maQu=w601-h625-s-no-gm?authuser=3\" alt=\"\"\/><\/a><\/figure>\n<\/div>\n\n\n\n<div class=\"wp-block-column is-layout-flow wp-block-column-is-layout-flow\">\n<figure class=\"wp-block-image size-large\"><a href=\"https:\/\/drive.google.com\/file\/d\/13NUyy0HdEWqNM-R-I58w6k1NAznR5p0i\/view\"><img decoding=\"async\" src=\"https:\/\/lh3.googleusercontent.com\/pw\/AP1GczOTFrK56h2tckQuzn5AstKyEYDmpEbkE39v2aba43jR8h1mlLOympMd9_jF_6yGnpQk1sQiPU_Cx_P_ghTXE_gB8apE6YSk_LPJt1F7hiWnV0dzvOP1N0GgyS7ugqX4RztHPCFwVoL6o_cPoPsghjyw=w598-h618-s-no-gm?authuser=3\" alt=\"\"\/><\/a><\/figure>\n<\/div>\n<\/div>\n<\/div><\/div>\n\n\n\n<div class=\"wp-block-getwid-accordion__header-wrapper\"><span class=\"wp-block-getwid-accordion__header\"><a href=\"#\"><span class=\"wp-block-getwid-accordion__header-title\">Compet\u00e8ncia Digital de l&#8217;Alumnat (CDA)<\/span><span class=\"wp-block-getwid-accordion__icon is-active\"><i class=\"fas fa-plus\"><\/i><\/span><span class=\"wp-block-getwid-accordion__icon is-passive\"><i class=\"fas fa-minus\"><\/i><\/span><\/a><\/span><\/div><div class=\"wp-block-getwid-accordion__content-wrapper\"><div class=\"wp-block-getwid-accordion__content\">\n<p><\/p>\n<\/div><\/div>\n\n\n\n<div class=\"wp-block-getwid-accordion__header-wrapper\"><span class=\"wp-block-getwid-accordion__header\"><a href=\"#\"><span class=\"wp-block-getwid-accordion__header-title\">Documents de centre<\/span><span class=\"wp-block-getwid-accordion__icon is-active\"><i class=\"fas fa-plus\"><\/i><\/span><span class=\"wp-block-getwid-accordion__icon is-passive\"><i class=\"fas fa-minus\"><\/i><\/span><\/a><\/span><\/div><div class=\"wp-block-getwid-accordion__content-wrapper\"><div class=\"wp-block-getwid-accordion__content\">\n<p><a href=\"https:\/\/agora.xtec.cat\/zermontsia\/zer\/projecte-educatiu\/\">Enlla\u00e7 als  els documents de centre<\/a><\/p>\n<\/div><\/div>\n<\/div>\n<\/div><\/div>\n<\/div>\n\n\n\n<p><\/p>\n","protected":false},"excerpt":{"rendered":"<p>L\u2019Estrat\u00e8gia Digital de les escoles de la ZER Montsi\u00e0 (EDZ) \u00e9s un document que recull totes les accions que es realitzen , i les que es realitzaran a mitj\u00e0 termini, per aconseguir la m\u00e0xima compet\u00e8ncia digital de l\u2019alumnat, del professorat i del centre educatiu. T\u00e9 com a referent el Pla d\u2019educaci\u00f3 digital de Catalunya (PEDC), [&hellip;]<\/p>\n","protected":false},"author":1,"featured_media":0,"parent":0,"menu_order":0,"comment_status":"closed","ping_status":"closed","template":"","meta":{"_bbp_topic_count":0,"_bbp_reply_count":0,"_bbp_total_topic_count":0,"_bbp_total_reply_count":0,"_bbp_voice_count":0,"_bbp_anonymous_reply_count":0,"_bbp_topic_count_hidden":0,"_bbp_reply_count_hidden":0,"_bbp_forum_subforum_count":0,"site-sidebar-layout":"default","site-content-layout":"","ast-site-content-layout":"default","site-content-style":"default","site-sidebar-style":"default","ast-global-header-display":"","ast-banner-title-visibility":"","ast-main-header-display":"","ast-hfb-above-header-display":"","ast-hfb-below-header-display":"","ast-hfb-mobile-header-display":"","site-post-title":"disabled","ast-breadcrumbs-content":"","ast-featured-img":"","footer-sml-layout":"","theme-transparent-header-meta":"","adv-header-id-meta":"","stick-header-meta":"","header-above-stick-meta":"","header-main-stick-meta":"","header-below-stick-meta":"","astra-migrate-meta-layouts":"set","ast-page-background-enabled":"default","ast-page-background-meta":{"desktop":{"background-color":"var(--ast-global-color-4)","background-image":"","background-repeat":"repeat","background-position":"center center","background-size":"auto","background-attachment":"scroll","background-type":"","background-media":"","overlay-type":"","overlay-color":"","overlay-opacity":"","overlay-gradient":""},"tablet":{"background-color":"","background-image":"","background-repeat":"repeat","background-position":"center center","background-size":"auto","background-attachment":"scroll","background-type":"","background-media":"","overlay-type":"","overlay-color":"","overlay-opacity":"","overlay-gradient":""},"mobile":{"background-color":"","background-image":"","background-repeat":"repeat","background-position":"center center","background-size":"auto","background-attachment":"scroll","background-type":"","background-media":"","overlay-type":"","overlay-color":"","overlay-opacity":"","overlay-gradient":""}},"ast-content-background-meta":{"desktop":{"background-color":"var(--ast-global-color-5)","background-image":"","background-repeat":"repeat","background-position":"center center","background-size":"auto","background-attachment":"scroll","background-type":"","background-media":"","overlay-type":"","overlay-color":"","overlay-opacity":"","overlay-gradient":""},"tablet":{"background-color":"var(--ast-global-color-5)","background-image":"","background-repeat":"repeat","background-position":"center center","background-size":"auto","background-attachment":"scroll","background-type":"","background-media":"","overlay-type":"","overlay-color":"","overlay-opacity":"","overlay-gradient":""},"mobile":{"background-color":"var(--ast-global-color-5)","background-image":"","background-repeat":"repeat","background-position":"center center","background-size":"auto","background-attachment":"scroll","background-type":"","background-media":"","overlay-type":"","overlay-color":"","overlay-opacity":"","overlay-gradient":""}},"footnotes":""},"class_list":["post-3596","page","type-page","status-publish","hentry"],"post_mailing_queue_ids":[],"_links":{"self":[{"href":"https:\/\/agora.xtec.cat\/zermontsia\/wp-json\/wp\/v2\/pages\/3596","targetHints":{"allow":["GET"]}}],"collection":[{"href":"https:\/\/agora.xtec.cat\/zermontsia\/wp-json\/wp\/v2\/pages"}],"about":[{"href":"https:\/\/agora.xtec.cat\/zermontsia\/wp-json\/wp\/v2\/types\/page"}],"author":[{"embeddable":true,"href":"https:\/\/agora.xtec.cat\/zermontsia\/wp-json\/wp\/v2\/users\/1"}],"replies":[{"embeddable":true,"href":"https:\/\/agora.xtec.cat\/zermontsia\/wp-json\/wp\/v2\/comments?post=3596"}],"version-history":[{"count":6,"href":"https:\/\/agora.xtec.cat\/zermontsia\/wp-json\/wp\/v2\/pages\/3596\/revisions"}],"predecessor-version":[{"id":4922,"href":"https:\/\/agora.xtec.cat\/zermontsia\/wp-json\/wp\/v2\/pages\/3596\/revisions\/4922"}],"wp:attachment":[{"href":"https:\/\/agora.xtec.cat\/zermontsia\/wp-json\/wp\/v2\/media?parent=3596"}],"curies":[{"name":"wp","href":"https:\/\/api.w.org\/{rel}","templated":true}]}}