{"id":911,"date":"2017-10-05T19:54:50","date_gmt":"2017-10-05T17:54:50","guid":{"rendered":"http:\/\/agora.xtec.cat\/zermontgri\/?page_id=911"},"modified":"2025-10-16T08:52:00","modified_gmt":"2025-10-16T06:52:00","slug":"documents-el-rajaret","status":"publish","type":"page","link":"https:\/\/agora.xtec.cat\/zermontgri\/elrajaret\/documents-el-rajaret\/","title":{"rendered":"Documents El Rajaret"},"content":{"rendered":"<ul style=\"font-size: 16px; font-family: 'Helvetica Neue', Helvetica, Helvetica, Arial, sans-serif;\">\n<li><a href=\"https:\/\/drive.google.com\/file\/d\/1z5z4ZCikl2Hi3RIpHtNsdqNegnMRmRk_\/view?usp=sharing\">LLIBRET INFORMATIU DE L&#8217;ESCOLA<\/a><\/li>\n<li><a href=\"https:\/\/drive.google.com\/file\/d\/1pigQWJb4d5SZSgXDcfIlsy8rTsm_kDH9\/view?usp=sharing\">Calendari escolar 2025-26<\/a><\/li>\n<\/ul>\n<p style=\"font-family: 'Helvetica Neue', Helvetica, Helvetica, Arial, sans-serif; font-size: 16px;\">LLISTAT DE MATERIAL Curs 25\/26<\/p>\n<ul style=\"font-size: 16px; font-family: 'Helvetica Neue', Helvetica, Helvetica, Arial, sans-serif;\">\n<li><a href=\"https:\/\/drive.google.com\/file\/d\/1L5IOrWyFri-1U-Z752EePqYe1rYMDoOg\/view?usp=sharing\">Qu\u00e8 cal portar a l&#8217;escola I1 i I2<\/a><\/li>\n<li><a href=\"https:\/\/drive.google.com\/file\/d\/13Jve_hID1YN7e4Hwofo7Extc_xFBPhMD\/view?usp=sharing\">Qu\u00e8 cal portar a l&#8217;escola I3, I4 i I5<\/a><\/li>\n<li><a href=\"https:\/\/drive.google.com\/file\/d\/14gMkYhr8Cu2lB5yJS0zg7FY_F95GKsPk\/view?usp=sharing\">Llistat de llibres a comprar (Prim\u00e0ria)<\/a><\/li>\n<\/ul>\n<p>QUOTES 25\/26<\/p>\n<ul style=\"font-size: 16px; font-family: 'Helvetica Neue', Helvetica, Helvetica, Arial, sans-serif;\">\n<li><a href=\"https:\/\/drive.google.com\/file\/d\/1saVn2TEWN708JRBkCSQYFr0PM5maAlOi\/view?usp=sharing\">Quota I1 Preus p\u00fablics<\/a><\/li>\n<li><a href=\"https:\/\/drive.google.com\/file\/d\/1z6IyRcmbxbc_Yd_HuJ18t3yI1Fjovdbz\/view?usp=sharing\">Quotes de Material i Sortides (I2, I3, I4 i I5)<\/a><\/li>\n<li><a href=\"https:\/\/drive.google.com\/file\/d\/1AJUmdJ3syssxBxdozXnRSJJdb4UthmWx\/view?usp=sharing\">Quotes de Material i Sortides (Prim\u00e0ria)<\/a><\/li>\n<\/ul>\n<p>MENJADOR ESCOLAR<\/p>\n<ul>\n<li><a href=\"https:\/\/drive.google.com\/file\/d\/1IH5xPjd314KLQ0qHucB653MkF2taY0oA\/view?usp=sharing\">Preguntes freq\u00fcents<\/a><\/li>\n<\/ul>\n<p>AUTORITZACIONS:<\/p>\n<ul style=\"font-size: 16px; font-family: 'Helvetica Neue', Helvetica, Helvetica, Arial, sans-serif;\">\n<li><a href=\"https:\/\/drive.google.com\/file\/d\/1tyeQfRFG9d81cM9sPlIn7wEexPpQ4PCy\/view?usp=sharing\">Autoritzacions: sortides i activitats escolars, imatge i materials, paracetamol i medicaments, compte correu electr\u00f2nic.\u00a0\u00a0<\/a><\/li>\n<\/ul>\n<p>PROJECTES:<\/p>\n<ul>\n<li><a href=\"https:\/\/drive.google.com\/file\/d\/1bAfyYKp7Ge3K4YsSdeHnlhmEneFxQv9q\/view?usp=sharing\">Programaci\u00f3 General Anual (PGA)<\/a><\/li>\n<li><a href=\"https:\/\/drive.google.com\/file\/d\/1nwlo4Q8L4Oippd7gQFDvMr0g_akQUFmJ\/view?usp=sharing\">Pressupost 2025<\/a><\/li>\n<li><a href=\"https:\/\/drive.google.com\/file\/d\/119GPQ_8jMWYZgolL5-KM8ZGSnJOWbyV7\/view?usp=sharing\">Pla de Menjador 2025-26<\/a><\/li>\n<li><a style=\"color: #2795b6;\" href=\"https:\/\/drive.google.com\/file\/d\/1cRQ2pZVht6aqeyy9xJ7ZSiJPznJU0oub\/view?usp=sharing\">Protocol d&#8217;emerg\u00e8ncia<\/a><\/li>\n<li><a style=\"color: #2795b6;\" href=\"https:\/\/drive.google.com\/file\/d\/1JTcbMKPhVJfklb82qZMF6-AE9yvQ0jWS\/view?usp=sharing\">Pla d&#8217;emerg\u00e8ncia<\/a><\/li>\n<li><a href=\"https:\/\/drive.google.com\/file\/d\/1tf6oUmQNneJuCOPB9rT7ud3_Y2YE7RmH\/view?usp=drive_link\">NOFZ El Rajaret\u00a0<\/a>(actualitzades el 2018)<\/li>\n<li><a href=\"https:\/\/agora.xtec.cat\/zermontgri\/wp-content\/uploads\/usu467\/2019\/05\/PROJECTE-LING\u00dc\u00cdSTIC-ZER-MONTGR\u00cd.pdf\" target=\"_blank\" rel=\"noopener noreferrer\">Projecte Ling\u00fc\u00edstic<\/a><\/li>\n<li><a href=\"https:\/\/docs.google.com\/document\/d\/1TrU3LGbpdDaTyaPXA-w_kqRgGD6Ge8JR\/edit?usp=sharing&amp;ouid=103819052589181061150&amp;rtpof=true&amp;sd=true\">Projecte d&#8217;Educaci\u00f3 per a la Sostenibilitat<\/a><\/li>\n<li><a style=\"color: #2795b6;\" href=\"https:\/\/drive.google.com\/file\/d\/1KaJHK18riYfInkzHHtIsCtPEjM_L5MGU\/view?usp=sharing\">Projecte de Direcci\u00f3 2024-28<\/a><\/li>\n<\/ul>\n","protected":false},"excerpt":{"rendered":"<ul style=\"font-size: 16px; font-family: 'Helvetica Neue', Helvetica, Helvetica, Arial, sans-serif;\">\n<li><a href=\"https:\/\/drive.google.com\/file\/d\/1z5z4ZCikl2Hi3RIpHtNsdqNegnMRmRk_\/view?usp=sharing\">LLIBRET INFORMATIU DE L&#8217;ESCOLA<\/a><\/li>\n<li><a href=\"https:\/\/drive.google.com\/file\/d\/1pigQWJb4d5SZSgXDcfIlsy8rTsm_kDH9\/view?usp=sharing\">Calendari escolar 2025-26<\/a><\/li>\n<\/ul>\n<p>LLISTAT DE MATERIAL Curs 25\/26<\/p>\n<ul style=\"font-size: 16px; font-family: 'Helvetica Neue', Helvetica, Helvetica, Arial, sans-serif;\">\n<li><a href=\"https:\/\/drive.google.com\/file\/d\/1L5IOrWyFri-1U-Z752EePqYe1rYMDoOg\/view?usp=sharing\">Qu\u00e8 cal portar a l&#8217;escola I1 i I2<\/a><\/li>\n<li><a href=\"https:\/\/drive.google.com\/file\/d\/13Jve_hID1YN7e4Hwofo7Extc_xFBPhMD\/view?usp=sharing\">Qu\u00e8 cal portar a l&#8217;escola I3, I4&hellip;  <a href=\"https:\/\/agora.xtec.cat\/zermontgri\/elrajaret\/documents-el-rajaret\/\" title=\"Read Documents El Rajaret\">Llegeix m\u00e9s\u00bb<\/a><br \/>\n","protected":false},"author":1,"featured_media":0,"parent":266,"menu_order":55,"comment_status":"closed","ping_status":"closed","template":"page-templates\/side-menu.php","meta":{"_bbp_topic_count":0,"_bbp_reply_count":0,"_bbp_total_topic_count":0,"_bbp_total_reply_count":0,"_bbp_voice_count":0,"_bbp_anonymous_reply_count":0,"_bbp_topic_count_hidden":0,"_bbp_reply_count_hidden":0,"_bbp_forum_subforum_count":0,"footnotes":""},"class_list":["post-911","page","type-page","status-publish","hentry"],"post_mailing_queue_ids":[],"_links":{"self":[{"href":"https:\/\/agora.xtec.cat\/zermontgri\/wp-json\/wp\/v2\/pages\/911","targetHints":{"allow":["GET"]}}],"collection":[{"href":"https:\/\/agora.xtec.cat\/zermontgri\/wp-json\/wp\/v2\/pages"}],"about":[{"href":"https:\/\/agora.xtec.cat\/zermontgri\/wp-json\/wp\/v2\/types\/page"}],"author":[{"embeddable":true,"href":"https:\/\/agora.xtec.cat\/zermontgri\/wp-json\/wp\/v2\/users\/1"}],"replies":[{"embeddable":true,"href":"https:\/\/agora.xtec.cat\/zermontgri\/wp-json\/wp\/v2\/comments?post=911"}],"version-history":[{"count":7,"href":"https:\/\/agora.xtec.cat\/zermontgri\/wp-json\/wp\/v2\/pages\/911\/revisions"}],"predecessor-version":[{"id":10223,"href":"https:\/\/agora.xtec.cat\/zermontgri\/wp-json\/wp\/v2\/pages\/911\/revisions\/10223"}],"up":[{"embeddable":true,"href":"https:\/\/agora.xtec.cat\/zermontgri\/wp-json\/wp\/v2\/pages\/266"}],"wp:attachment":[{"href":"https:\/\/agora.xtec.cat\/zermontgri\/wp-json\/wp\/v2\/media?parent=911"}],"curies":[{"name":"wp","href":"https:\/\/api.w.org\/{rel}","templated":true}]}}