{"id":635,"date":"2017-07-05T01:24:50","date_gmt":"2017-07-04T23:24:50","guid":{"rendered":"http:\/\/agora.xtec.cat\/zermontgri\/?page_id=635"},"modified":"2025-09-03T13:38:02","modified_gmt":"2025-09-03T11:38:02","slug":"organigrama","status":"publish","type":"page","link":"https:\/\/agora.xtec.cat\/zermontgri\/zer\/organigrama\/","title":{"rendered":"Mestres i Personal d&#8217;Administraci\u00f3 i Serveis"},"content":{"rendered":"<ul>\n<li>Directora de la ZER: Llu\u00efsa Piferrer<\/li>\n<li>Secret\u00e0ria de la ZER: Ester Mat\u00f3<\/li>\n<li>Mestra de m\u00fasica: Gemma Mart\u00ednez<\/li>\n<li>Mestres d\u2019educaci\u00f3 f\u00edsica: Cristina Rodr\u00edguez i Nelson Megia<\/li>\n<li>Mestres d\u2019atenci\u00f3 a la diversitat: Vict\u00f2ria Roura i Marta Reixach<\/li>\n<li>Psicopedagoga de l\u2019EAP: L\u00eddia Mas\u00f3<\/li>\n<li>Inspectora de la zona: Cati Riembau<\/li>\n<\/ul>\n","protected":false},"excerpt":{"rendered":"<ul>\n<li>Directora de la ZER: Llu\u00efsa Piferrer<\/li>\n<li>Secret\u00e0ria de la ZER: Ester Mat\u00f3<\/li>\n<li>Mestra de m\u00fasica: Gemma Mart\u00ednez<\/li>\n<li>Mestres d\u2019educaci\u00f3 f\u00edsica: Cristina Rodr\u00edguez i Nelson Megia<\/li>\n<li>Mestres d\u2019atenci\u00f3 a la diversitat: Vict\u00f2ria Roura i Marta Reixach<\/li>\n<li>Psicopedagoga de l\u2019EAP: L\u00eddia Mas\u00f3<\/li>\n<li>Inspectora de la zona: Cati Riembau<\/li>\n<\/ul>\n","protected":false},"author":1,"featured_media":0,"parent":19,"menu_order":30,"comment_status":"closed","ping_status":"closed","template":"page-templates\/side-menu.php","meta":{"_bbp_topic_count":0,"_bbp_reply_count":0,"_bbp_total_topic_count":0,"_bbp_total_reply_count":0,"_bbp_voice_count":0,"_bbp_anonymous_reply_count":0,"_bbp_topic_count_hidden":0,"_bbp_reply_count_hidden":0,"_bbp_forum_subforum_count":0,"footnotes":""},"class_list":["post-635","page","type-page","status-publish","hentry"],"post_mailing_queue_ids":[],"_links":{"self":[{"href":"https:\/\/agora.xtec.cat\/zermontgri\/wp-json\/wp\/v2\/pages\/635","targetHints":{"allow":["GET"]}}],"collection":[{"href":"https:\/\/agora.xtec.cat\/zermontgri\/wp-json\/wp\/v2\/pages"}],"about":[{"href":"https:\/\/agora.xtec.cat\/zermontgri\/wp-json\/wp\/v2\/types\/page"}],"author":[{"embeddable":true,"href":"https:\/\/agora.xtec.cat\/zermontgri\/wp-json\/wp\/v2\/users\/1"}],"replies":[{"embeddable":true,"href":"https:\/\/agora.xtec.cat\/zermontgri\/wp-json\/wp\/v2\/comments?post=635"}],"version-history":[{"count":8,"href":"https:\/\/agora.xtec.cat\/zermontgri\/wp-json\/wp\/v2\/pages\/635\/revisions"}],"predecessor-version":[{"id":10131,"href":"https:\/\/agora.xtec.cat\/zermontgri\/wp-json\/wp\/v2\/pages\/635\/revisions\/10131"}],"up":[{"embeddable":true,"href":"https:\/\/agora.xtec.cat\/zermontgri\/wp-json\/wp\/v2\/pages\/19"}],"wp:attachment":[{"href":"https:\/\/agora.xtec.cat\/zermontgri\/wp-json\/wp\/v2\/media?parent=635"}],"curies":[{"name":"wp","href":"https:\/\/api.w.org\/{rel}","templated":true}]}}