{"id":448,"date":"2015-07-24T15:50:21","date_gmt":"2015-07-24T14:50:21","guid":{"rendered":"http:\/\/agora.xtec.cat\/zermontgri\/?page_id=448"},"modified":"2025-03-13T20:00:52","modified_gmt":"2025-03-13T19:00:52","slug":"documents","status":"publish","type":"page","link":"https:\/\/agora.xtec.cat\/zermontgri\/zer\/documents\/","title":{"rendered":"Documents ZER"},"content":{"rendered":"<p>Documents comuns de les escoles de la ZER Montgr\u00ed.<\/p>\n<ul>\n<li><a href=\"https:\/\/drive.google.com\/file\/d\/18P63gQKfmDphWPCRxmGlmCs5PHIPsjqn\/view?usp=sharing\">Projecte Educatiu de ZER<\/a><\/li>\n<li><a href=\"https:\/\/drive.google.com\/file\/d\/1tf6oUmQNneJuCOPB9rT7ud3_Y2YE7RmH\/view?usp=sharing\">NOFZ El Rajaret <\/a>(\u00faltima actualitzaci\u00f3 2018)<\/li>\n<li><a href=\"https:\/\/drive.google.com\/file\/d\/1W3e6C4biNBIS99GXdlDBuBoHPO3V8fjs\/view?usp=sharing\">NOFZ Puig Rod\u00f3<\/a> (\u00faltima actualitzaci\u00f3 2018)<\/li>\n<li><a href=\"https:\/\/drive.google.com\/file\/d\/1Erqm17M6_B03HcXdKGg31WPB7FoSzY_p\/view?usp=sharing\">NOFZ La Branca<\/a> (\u00faltima actualitzaci\u00f3 2018)<\/li>\n<li><a href=\"https:\/\/agora.xtec.cat\/zermontgri\/wp-content\/uploads\/usu467\/2020\/02\/PROJECTE-LING\u00dc\u00cdSTIC-ZER-MONTGR\u00cd-1.pdf\">Projecte Ling\u00fc\u00edstic<\/a> (revisat curs 17-18)<\/li>\n<li><a href=\"https:\/\/agora.xtec.cat\/zermontgri\/wp-content\/uploads\/usu467\/2019\/05\/PROJECTE-CONVIV\u00c8NCIA-ZER-MONTGRI.pdf\" target=\"_blank\" rel=\"noopener noreferrer\">Projecte de Conviv\u00e8ncia<\/a><\/li>\n<li><a href=\"https:\/\/agora.xtec.cat\/zermontgri\/wp-content\/uploads\/usu467\/2019\/05\/PAT-ZER-MONTGR\u00cd-2018.pdf\" target=\"_blank\" rel=\"noopener noreferrer\">Pla d&#8217;Acci\u00f3 Tutorial (PAT)<\/a><\/li>\n<li><a href=\"https:\/\/agora.xtec.cat\/zermontgri\/wp-content\/uploads\/usu467\/2019\/05\/Carta-de-comprom\u00eds.pdf\" target=\"_blank\" rel=\"noopener noreferrer\">Carta de comprom\u00eds<\/a><\/li>\n<li><a href=\"https:\/\/drive.google.com\/file\/d\/1HBkfBJq60oyU6AgzEfXPeXe5hGGOL5sM\/view?usp=sharing\">Programaci\u00f3 general anual<\/a> (PGA)<\/li>\n<li><a href=\"https:\/\/drive.google.com\/file\/d\/1Fuv5KpbZ96dx1AwCCB0saHiOuC0AD2sP\/view?usp=sharing\">Liquidaci\u00f3 del pressupost 2023<\/a><\/li>\n<li><a href=\"https:\/\/drive.google.com\/file\/d\/1NRPLYB9QZEiA45PEpbVdcNzz0wy-lQfb\/view?usp=sharing\">Compte general de rendes p\u00fabliques 2024<\/a><\/li>\n<li><a href=\"https:\/\/drive.google.com\/file\/d\/11sNEgxjCykwBUw08LH3ThC8NhNx2bPCY\/view?usp=sharing\">Compte general de despeses 2024<\/a><\/li>\n<li><a href=\"https:\/\/sites.google.com\/xtec.cat\/edczermontgr\/inici\" target=\"_blank\" rel=\"noopener\">Estrat\u00e8gia Digital de Centre<\/a> (EDC) En proc\u00e9s de construcci\u00f3<\/li>\n<\/ul>\n","protected":false},"excerpt":{"rendered":"<p>Documents comuns de les escoles de la ZER Montgr\u00ed.<\/p>\n<ul>\n<li><a href=\"https:\/\/drive.google.com\/file\/d\/18P63gQKfmDphWPCRxmGlmCs5PHIPsjqn\/view?usp=sharing\">Projecte Educatiu de ZER<\/a><\/li>\n<li><a href=\"https:\/\/drive.google.com\/file\/d\/1tf6oUmQNneJuCOPB9rT7ud3_Y2YE7RmH\/view?usp=sharing\">NOFZ El Rajaret <\/a>(\u00faltima actualitzaci\u00f3 2018)<\/li>\n<li><a href=\"https:\/\/drive.google.com\/file\/d\/1W3e6C4biNBIS99GXdlDBuBoHPO3V8fjs\/view?usp=sharing\">NOFZ Puig Rod\u00f3<\/a> (\u00faltima actualitzaci\u00f3 2018)<\/li>\n<li><a href=\"https:\/\/drive.google.com\/file\/d\/1Erqm17M6_B03HcXdKGg31WPB7FoSzY_p\/view?usp=sharing\">NOFZ La Branca<\/a> (\u00faltima actualitzaci\u00f3 2018)<\/li>\n<li><a href=\"https:\/\/agora.xtec.cat\/zermontgri\/wp-content\/uploads\/usu467\/2020\/02\/PROJECTE-LING\u00dc\u00cdSTIC-ZER-MONTGR\u00cd-1.pdf\">Projecte Ling\u00fc\u00edstic<\/a> (revisat curs 17-18)<\/li>\n<li><a href=\"https:\/\/agora.xtec.cat\/zermontgri\/wp-content\/uploads\/usu467\/2019\/05\/PROJECTE-CONVIV\u00c8NCIA-ZER-MONTGRI.pdf\" target=\"_blank\" rel=\"noopener noreferrer\">Projecte de Conviv\u00e8ncia<\/a><\/li>\n<li><a href=\"https:\/\/agora.xtec.cat\/zermontgri\/wp-content\/uploads\/usu467\/2019\/05\/PAT-ZER-MONTGR\u00cd-2018.pdf\" target=\"_blank\" rel=\"noopener&hellip;  <a href=\"https:\/\/agora.xtec.cat\/zermontgri\/zer\/documents\/\" title=\"Read Documents ZER\">Llegeix m\u00e9s\u00bb<\/a><br \/>\n","protected":false},"author":1,"featured_media":0,"parent":19,"menu_order":69,"comment_status":"closed","ping_status":"closed","template":"page-templates\/side-menu.php","meta":{"_bbp_topic_count":0,"_bbp_reply_count":0,"_bbp_total_topic_count":0,"_bbp_total_reply_count":0,"_bbp_voice_count":0,"_bbp_anonymous_reply_count":0,"_bbp_topic_count_hidden":0,"_bbp_reply_count_hidden":0,"_bbp_forum_subforum_count":0,"footnotes":""},"class_list":["post-448","page","type-page","status-publish","hentry"],"post_mailing_queue_ids":[],"_links":{"self":[{"href":"https:\/\/agora.xtec.cat\/zermontgri\/wp-json\/wp\/v2\/pages\/448","targetHints":{"allow":["GET"]}}],"collection":[{"href":"https:\/\/agora.xtec.cat\/zermontgri\/wp-json\/wp\/v2\/pages"}],"about":[{"href":"https:\/\/agora.xtec.cat\/zermontgri\/wp-json\/wp\/v2\/types\/page"}],"author":[{"embeddable":true,"href":"https:\/\/agora.xtec.cat\/zermontgri\/wp-json\/wp\/v2\/users\/1"}],"replies":[{"embeddable":true,"href":"https:\/\/agora.xtec.cat\/zermontgri\/wp-json\/wp\/v2\/comments?post=448"}],"version-history":[{"count":7,"href":"https:\/\/agora.xtec.cat\/zermontgri\/wp-json\/wp\/v2\/pages\/448\/revisions"}],"predecessor-version":[{"id":9825,"href":"https:\/\/agora.xtec.cat\/zermontgri\/wp-json\/wp\/v2\/pages\/448\/revisions\/9825"}],"up":[{"embeddable":true,"href":"https:\/\/agora.xtec.cat\/zermontgri\/wp-json\/wp\/v2\/pages\/19"}],"wp:attachment":[{"href":"https:\/\/agora.xtec.cat\/zermontgri\/wp-json\/wp\/v2\/media?parent=448"}],"curies":[{"name":"wp","href":"https:\/\/api.w.org\/{rel}","templated":true}]}}