{"id":435,"date":"2015-07-24T15:14:37","date_gmt":"2015-07-24T14:14:37","guid":{"rendered":"http:\/\/agora.xtec.cat\/zermontgri\/?page_id=435"},"modified":"2024-01-19T11:53:21","modified_gmt":"2024-01-19T10:53:21","slug":"ampa-r","status":"publish","type":"page","link":"https:\/\/agora.xtec.cat\/zermontgri\/elrajaret\/ampa-r\/","title":{"rendered":"AFA"},"content":{"rendered":"<p><strong>Pots veure les \u00faltimes not\u00edcies de l\u2019AFA de l\u2019escola El Rajaret <a href=\"http:\/\/agora.xtec.cat\/zermontgri\/categoria\/escola-beta\/ampa-escola-beta\/\">aqu\u00ed<\/a>.<\/strong><\/p>\n<p>L\u2019AFA \u00e9s l\u2019entitat que agrupa a les mares i els pares d\u2019alumnes de l\u2019Escola per a la defensa dels seus interessos en tot all\u00f2 que fa refer\u00e8ncia a l\u2019educaci\u00f3 dels nens i nenes i col\u00b7labora en el funcionament del centre.<br \/>\n\u00c9s una entitat constitu\u00efda com associaci\u00f3 sense \u00e0nim de lucre. Est\u00e0 regulada per uns estatuts i s\u2019organitza a trav\u00e9s de: La Junta Directiva i l\u2019Assemblea General.<br \/>\nL&#8217;objectiu fonamental de l&#8217;AFA \u00e9s contribuir a la millora de la qualitat de l&#8217;ensenyament que reben els nostres fills i filles.<\/p>\n<p><a href=\"http:\/\/agora.xtec.cat\/zermontgri\/wp-content\/uploads\/usu467\/2014\/09\/ampa.png\"><img loading=\"lazy\" decoding=\"async\" class=\" size-medium wp-image-185 aligncenter\" src=\"http:\/\/agora.xtec.cat\/zermontgri\/wp-content\/uploads\/usu467\/2014\/09\/ampa-300x120.png\" alt=\"ampa\" width=\"300\" height=\"120\" \/><\/a><\/p>\n<p>Algunes de les tasques que es fan s\u00f3n:<\/p>\n<ul>\n<li>Promoure la participaci\u00f3 de pares i mares dels alumnes: Castanyada, Xocolatada per Carnaval, Projecte pati, Fireta Escolar i sopar de fi de curs.<\/li>\n<li>Promoure la representaci\u00f3 i la participaci\u00f3 dels pares i mares dels alumnes en el Consell Escolar.<\/li>\n<li>Promociona les activitats extraescolars.<\/li>\n<li>Ajuda al finan\u00e7ament d\u2019activitats o equipaments que el centre necessita: col\u00f2nies, material matem\u00e0tic, material inform\u00e0tic, estructures del pati&#8230;<\/li>\n<\/ul>\n<h6>Qui \u00e9s de l\u2019AFA?<\/h6>\n<p>L\u2019Associaci\u00f3 est\u00e0 formada per les fam\u00edlies que s\u2019han inscrit com a s\u00f2cies. L\u2019actual Junta est\u00e0 formada per:<\/p>\n<ul>\n<li>Presid\u00e8ncia: Astrid Sallar\u00e8s<\/li>\n<li>Secretaria: Anna Mu\u00f1oz<\/li>\n<li>Tresoreria: M\u00f2nica Morilla<\/li>\n<\/ul>\n<p>A m\u00e9s, hi ha els vocals que formen diferents grups de treball.<br \/>\nLa quota \u00e9s de: 1 fill\/a 36\u20ac \u00a0 \u00a0 \u00a0 \u00a02 fills\/es 54\u20ac \u00a0 \u00a0 \u00a0 \u00a03 fills\/es 63\u20ac<\/p>\n<h6>Contactar<\/h6>\n<ul>\n<li>Correu electr\u00f2nic: afarajaret@zermontgri.cat<\/li>\n<\/ul>\n","protected":false},"excerpt":{"rendered":"<p>Pots veure les \u00faltimes not\u00edcies de l\u2019AFA de l\u2019escola El Rajaret <a href=\"http:\/\/agora.xtec.cat\/zermontgri\/categoria\/escola-beta\/ampa-escola-beta\/\">aqu\u00ed<\/a>.<br \/>\nL\u2019AFA \u00e9s l\u2019entitat que agrupa a les mares i els pares d\u2019alumnes de l\u2019Escola per a la defensa dels seus interessos en tot all\u00f2 que fa refer\u00e8ncia a l\u2019educaci\u00f3 dels nens i nenes&hellip;  <a href=\"https:\/\/agora.xtec.cat\/zermontgri\/elrajaret\/ampa-r\/\" title=\"Read AFA\">Llegeix m\u00e9s\u00bb<\/a><\/p>\n","protected":false},"author":1,"featured_media":0,"parent":266,"menu_order":70,"comment_status":"closed","ping_status":"closed","template":"page-templates\/side-menu.php","meta":{"_bbp_topic_count":0,"_bbp_reply_count":0,"_bbp_total_topic_count":0,"_bbp_total_reply_count":0,"_bbp_voice_count":0,"_bbp_anonymous_reply_count":0,"_bbp_topic_count_hidden":0,"_bbp_reply_count_hidden":0,"_bbp_forum_subforum_count":0,"footnotes":""},"class_list":["post-435","page","type-page","status-publish","hentry"],"post_mailing_queue_ids":[],"_links":{"self":[{"href":"https:\/\/agora.xtec.cat\/zermontgri\/wp-json\/wp\/v2\/pages\/435","targetHints":{"allow":["GET"]}}],"collection":[{"href":"https:\/\/agora.xtec.cat\/zermontgri\/wp-json\/wp\/v2\/pages"}],"about":[{"href":"https:\/\/agora.xtec.cat\/zermontgri\/wp-json\/wp\/v2\/types\/page"}],"author":[{"embeddable":true,"href":"https:\/\/agora.xtec.cat\/zermontgri\/wp-json\/wp\/v2\/users\/1"}],"replies":[{"embeddable":true,"href":"https:\/\/agora.xtec.cat\/zermontgri\/wp-json\/wp\/v2\/comments?post=435"}],"version-history":[{"count":7,"href":"https:\/\/agora.xtec.cat\/zermontgri\/wp-json\/wp\/v2\/pages\/435\/revisions"}],"predecessor-version":[{"id":8822,"href":"https:\/\/agora.xtec.cat\/zermontgri\/wp-json\/wp\/v2\/pages\/435\/revisions\/8822"}],"up":[{"embeddable":true,"href":"https:\/\/agora.xtec.cat\/zermontgri\/wp-json\/wp\/v2\/pages\/266"}],"wp:attachment":[{"href":"https:\/\/agora.xtec.cat\/zermontgri\/wp-json\/wp\/v2\/media?parent=435"}],"curies":[{"name":"wp","href":"https:\/\/api.w.org\/{rel}","templated":true}]}}