{"id":426,"date":"2015-07-24T14:45:35","date_gmt":"2015-07-24T13:45:35","guid":{"rendered":"http:\/\/agora.xtec.cat\/zermontgri\/?page_id=426"},"modified":"2025-07-09T11:20:45","modified_gmt":"2025-07-09T09:20:45","slug":"ampa-br","status":"publish","type":"page","link":"https:\/\/agora.xtec.cat\/zermontgri\/labranca\/ampa-br\/","title":{"rendered":"AMPA"},"content":{"rendered":"<p>L\u2019AMPA \u00e9s l\u2019entitat que agrupa a les mares i els pares d\u2019alumnes de l\u2019escola per a la defensa dels seus interessos en tot all\u00f2 que fa refer\u00e8ncia a l\u2019educaci\u00f3 dels nens i nenes i col\u00b7labora en el funcionament del centre. \u00c9s una entitat constitu\u00efda com associaci\u00f3 sense \u00e0nim de lucre. Est\u00e0 regulada per uns estatuts i s\u2019organitza a trav\u00e9s de: La Junta Directiva i l\u2019Assemblea General. L&#8217;objectiu fonamental de l&#8217;AMPA \u00e9s contribuir a la millora de la qualitat de l&#8217;ensenyament que reben els nostres fills i filles.<\/p>\n<p>&nbsp;<\/p>\n<p>Algunes de les tasques que es fan s\u00f3n:<\/p>\n<ul>\n<li>Promoure la participaci\u00f3 de pares i mares dels alumnes: Castanyada, Carnaval, Sant Jordi, Festa de les Fam\u00edlies, Festa de final de curs&#8230;<\/li>\n<li>Promoure la representaci\u00f3 i la participaci\u00f3 dels pares i mares dels alumnes en el Consell Escolar.<\/li>\n<li>Col\u00b7laborar en les activitats educatives, organitzar i gestionar les activitats extraescolars.<\/li>\n<li>Venda de material escolar.<\/li>\n<li>Col\u00b7laborar en el Projecte per a la Reutilitzaci\u00f3 i Socialitzaci\u00f3 de llibres.<\/li>\n<li>Ajudar al finan\u00e7ament d\u2019aquelles activitats o equipaments que el centre necessita: sortides, col\u00f2nies, biblioteca, material escolar, etc.<\/li>\n<\/ul>\n<h6>Qui \u00e9s de l\u2019AMPA?<\/h6>\n<p>L\u2019Associaci\u00f3 est\u00e0 formada per les fam\u00edlies que s\u2019han inscrit com a s\u00f2cies. L\u2019actual Junta est\u00e0 formada per:<\/p>\n<ul>\n<li>Presid\u00e8ncia: Carles Xandri<\/li>\n<li>Secretaria: Mireia Monterde<\/li>\n<li>Tresoreria: Hern\u00e1n Mateo<\/li>\n<\/ul>\n<p>A m\u00e9s, hi ha els\/les vocals que formen diferents grups de treball.<\/p>\n<p>L&#8217;aportaci\u00f3 que fa cada fam\u00edlia a l&#8217;associaci\u00f3 \u00e9s de 10\u20ac per alumne\/a<\/p>\n<h6>Contacte<\/h6>\n<ul>\n<li>Correu electr\u00f2nic: ampalabranca@gmail.com<\/li>\n<\/ul>\n","protected":false},"excerpt":{"rendered":"<p>L\u2019AMPA \u00e9s l\u2019entitat que agrupa a les mares i els pares d\u2019alumnes de l\u2019escola per a la defensa dels seus interessos en tot all\u00f2 que fa refer\u00e8ncia a l\u2019educaci\u00f3 dels nens i nenes i col\u00b7labora en el funcionament del centre. \u00c9s una entitat constitu\u00efda com&hellip;  <a href=\"https:\/\/agora.xtec.cat\/zermontgri\/labranca\/ampa-br\/\" title=\"Read AMPA\">Llegeix m\u00e9s\u00bb<\/a><\/p>\n","protected":false},"author":1,"featured_media":0,"parent":264,"menu_order":70,"comment_status":"closed","ping_status":"closed","template":"page-templates\/side-menu.php","meta":{"_bbp_topic_count":0,"_bbp_reply_count":0,"_bbp_total_topic_count":0,"_bbp_total_reply_count":0,"_bbp_voice_count":0,"_bbp_anonymous_reply_count":0,"_bbp_topic_count_hidden":0,"_bbp_reply_count_hidden":0,"_bbp_forum_subforum_count":0,"footnotes":""},"class_list":["post-426","page","type-page","status-publish","hentry"],"post_mailing_queue_ids":[],"_links":{"self":[{"href":"https:\/\/agora.xtec.cat\/zermontgri\/wp-json\/wp\/v2\/pages\/426","targetHints":{"allow":["GET"]}}],"collection":[{"href":"https:\/\/agora.xtec.cat\/zermontgri\/wp-json\/wp\/v2\/pages"}],"about":[{"href":"https:\/\/agora.xtec.cat\/zermontgri\/wp-json\/wp\/v2\/types\/page"}],"author":[{"embeddable":true,"href":"https:\/\/agora.xtec.cat\/zermontgri\/wp-json\/wp\/v2\/users\/1"}],"replies":[{"embeddable":true,"href":"https:\/\/agora.xtec.cat\/zermontgri\/wp-json\/wp\/v2\/comments?post=426"}],"version-history":[{"count":4,"href":"https:\/\/agora.xtec.cat\/zermontgri\/wp-json\/wp\/v2\/pages\/426\/revisions"}],"predecessor-version":[{"id":10114,"href":"https:\/\/agora.xtec.cat\/zermontgri\/wp-json\/wp\/v2\/pages\/426\/revisions\/10114"}],"up":[{"embeddable":true,"href":"https:\/\/agora.xtec.cat\/zermontgri\/wp-json\/wp\/v2\/pages\/264"}],"wp:attachment":[{"href":"https:\/\/agora.xtec.cat\/zermontgri\/wp-json\/wp\/v2\/media?parent=426"}],"curies":[{"name":"wp","href":"https:\/\/api.w.org\/{rel}","templated":true}]}}