{"id":367,"date":"2015-07-23T15:21:30","date_gmt":"2015-07-23T14:21:30","guid":{"rendered":"http:\/\/agora.xtec.cat\/zermontgri\/?page_id=367"},"modified":"2025-09-19T12:13:33","modified_gmt":"2025-09-19T10:13:33","slug":"qui-som","status":"publish","type":"page","link":"https:\/\/agora.xtec.cat\/zermontgri\/puigrodo\/qui-som\/","title":{"rendered":"Qui som?"},"content":{"rendered":"<p>L&#8217;escola Puig Rod\u00f3 \u00e9s una escola de poble, p\u00fablica i petita. Situada al peu del mass\u00eds del Montgr\u00ed, sota la muntanya que li dona el nom.<\/p>\n<p><strong>EQUIP DIRECTIU:<\/strong><\/p>\n<p>Cristina Rostey: directora<\/p>\n<p>Mireia Ribas: secret\u00e0ria<\/p>\n<p><strong>EQUIP DOCENT:<\/strong><\/p>\n<ul>\n<li style=\"text-align: justify;\">Tutora de I3-I4: Ester Puig<\/li>\n<li>Tutora de I5-1r: Anna Frigola<\/li>\n<li style=\"text-align: justify;\">Tutora de 2n: Neus Gifre<\/li>\n<li style=\"text-align: justify;\">Tutora de 3r i 4t: Cristina Rostey<\/li>\n<li>Tutora de 5\u00e8 i 6\u00e8: Mireia Ribas<\/li>\n<li>Mestre d&#8217; angl\u00e8s i suport: Joel Pag\u00e8s<\/li>\n<li style=\"text-align: justify;\">Mestre de m\u00fasica: Gemma Mart\u00ednez<\/li>\n<li style=\"text-align: justify;\">Mestra d&#8217;educaci\u00f3 f\u00edsica &#8211; Cristina Rodr\u00edguez i Nelson Meg\u00eda<\/li>\n<li style=\"text-align: justify;\">Mestres d&#8217;educaci\u00f3 especial &#8211; Vict\u00f2ria Roura<\/li>\n<li>Vetlladora: Montse S\u00e1nchez<\/li>\n<\/ul>\n<p>&nbsp;<\/p>\n<p>Psicopedagoga de l&#8217;EAP: L\u00eddia Mas\u00f3<\/p>\n<p>Inspectora de la zona: Catalina Riembau<\/p>\n","protected":false},"excerpt":{"rendered":"<p>L&#8217;escola Puig Rod\u00f3 \u00e9s una escola de poble, p\u00fablica i petita. Situada al peu del mass\u00eds del Montgr\u00ed, sota la muntanya que li dona el nom.<br \/>\nEQUIP DIRECTIU:<br \/>\nCristina Rostey: directora<br \/>\nMireia Ribas: secret\u00e0ria<br \/>\nEQUIP DOCENT:<\/p>\n<ul>\n<li style=\"text-align: justify;\">Tutora de I3-I4: Ester Puig<\/li>\n<li>Tutora de I5-1r: Anna Frigola<\/li>\n<li style=\"text-align: justify;\">Tutora de&hellip;  <a href=\"https:\/\/agora.xtec.cat\/zermontgri\/puigrodo\/qui-som\/\" title=\"Read Qui som?\">Llegeix m\u00e9s\u00bb<\/a><br \/>\n","protected":false},"author":1,"featured_media":0,"parent":268,"menu_order":10,"comment_status":"closed","ping_status":"closed","template":"page-templates\/side-menu.php","meta":{"_bbp_topic_count":0,"_bbp_reply_count":0,"_bbp_total_topic_count":0,"_bbp_total_reply_count":0,"_bbp_voice_count":0,"_bbp_anonymous_reply_count":0,"_bbp_topic_count_hidden":0,"_bbp_reply_count_hidden":0,"_bbp_forum_subforum_count":0,"footnotes":""},"class_list":["post-367","page","type-page","status-publish","hentry"],"post_mailing_queue_ids":[],"_links":{"self":[{"href":"https:\/\/agora.xtec.cat\/zermontgri\/wp-json\/wp\/v2\/pages\/367","targetHints":{"allow":["GET"]}}],"collection":[{"href":"https:\/\/agora.xtec.cat\/zermontgri\/wp-json\/wp\/v2\/pages"}],"about":[{"href":"https:\/\/agora.xtec.cat\/zermontgri\/wp-json\/wp\/v2\/types\/page"}],"author":[{"embeddable":true,"href":"https:\/\/agora.xtec.cat\/zermontgri\/wp-json\/wp\/v2\/users\/1"}],"replies":[{"embeddable":true,"href":"https:\/\/agora.xtec.cat\/zermontgri\/wp-json\/wp\/v2\/comments?post=367"}],"version-history":[{"count":8,"href":"https:\/\/agora.xtec.cat\/zermontgri\/wp-json\/wp\/v2\/pages\/367\/revisions"}],"predecessor-version":[{"id":10152,"href":"https:\/\/agora.xtec.cat\/zermontgri\/wp-json\/wp\/v2\/pages\/367\/revisions\/10152"}],"up":[{"embeddable":true,"href":"https:\/\/agora.xtec.cat\/zermontgri\/wp-json\/wp\/v2\/pages\/268"}],"wp:attachment":[{"href":"https:\/\/agora.xtec.cat\/zermontgri\/wp-json\/wp\/v2\/media?parent=367"}],"curies":[{"name":"wp","href":"https:\/\/api.w.org\/{rel}","templated":true}]}}