{"id":261,"date":"2015-07-20T13:05:00","date_gmt":"2015-07-20T12:05:00","guid":{"rendered":"http:\/\/agora.xtec.cat\/zermontgri\/?page_id=261"},"modified":"2025-10-20T13:27:13","modified_gmt":"2025-10-20T11:27:13","slug":"qui-som-br","status":"publish","type":"page","link":"https:\/\/agora.xtec.cat\/zermontgri\/labranca\/qui-som-br\/","title":{"rendered":"Qui som?"},"content":{"rendered":"<p style=\"text-align: left;\">L\u2019escola La Branca d&#8217;Albons forma part de la ZER Montgr\u00ed des dels inicis d\u2019aquesta ara fa 30 anys. Tot i que les tres escoles que formem la ZER som tres realitats diferents, cadascuna amb les nostres particularitats, la ZER ens ofereix l\u2019oportunitat de compartir idees, activitats i projectes que ens fan millors.<\/p>\n<p style=\"text-align: left;\">Som una escola petita, de poble, situada enmig de la plana de l&#8217;Empord\u00e0, ben a prop del Mass\u00eds del Montgr\u00ed i del mar. Som una escola respectuosa amb l&#8217;entorn i oberta a tota la comunitat educativa ja que, com diu el proverbi afric\u00e0: PER EDUCAR UN INFANT CAL TOTA LA TRIBU.<\/p>\n<p>&nbsp;<\/p>\n<p style=\"text-align: left;\"><span style=\"font-weight: 400;\">Aquest curs 2025-26 som en total 75 alumnes, repartits en 6 aules, i l\u2019equip de mestres seg\u00fcent:<\/span><\/p>\n<ul>\n<li style=\"list-style-type: none;\">\n<ul>\n<li style=\"list-style-type: none;\">\n<ul>\n<li style=\"list-style-type: none;\">\n<ul>\n<li style=\"list-style-type: none;\">\n<ul>\n<li style=\"list-style-type: none;\">\n<ul>\n<li style=\"font-weight: 400;\"><span style=\"font-weight: 400;\">Tutora d&#8217;i1 i i2 &#8211; Jose Garcia<\/span><\/li>\n<li>Tutora d&#8217;i3: Mar Molina (substituint la Laia Pag\u00e8s)<\/li>\n<li style=\"font-weight: 400;\"><span style=\"font-weight: 400;\">Tutores d&#8217;i4, i5 i 1r \u2013 Mireia Foix i S\u00f2nia L\u00f3pez<\/span><\/li>\n<li style=\"font-weight: 400;\">Tutora de 2n i 3r &#8211; Ester Alberch<\/li>\n<li style=\"font-weight: 400;\"><span style=\"font-weight: 400;\">Tutora de 4t \u2013\u00a0 Carme Hyland<\/span><\/li>\n<li style=\"font-weight: 400;\"><span style=\"font-weight: 400;\">Tutora de 5\u00e8 i 6\u00e8 \u2013 <\/span>Tamen G\u00f3ngora<\/li>\n<li style=\"font-weight: 400;\"><span style=\"font-weight: 400;\">Mestra d\u2019angl\u00e8s \u2013 Carme Hyland<\/span><\/li>\n<li>Mestres de suport a educaci\u00f3 infantil &#8211; \u00c8ric Cruz<\/li>\n<li>Mestre d&#8217;educaci\u00f3 f\u00edsica i suport a prim\u00e0ria &#8211; Enric Bold\u00f3<\/li>\n<li>Mestra de suport a i1-i2 &#8211; Laura Ministral (directora)<\/li>\n<li style=\"font-weight: 400;\"><span style=\"font-weight: 400;\">Mestra de m\u00fasica \u2013 Gemma Mart\u00ed<\/span><\/li>\n<li style=\"font-weight: 400;\"><span style=\"font-weight: 400;\">Mestra d\u2019educaci\u00f3 especial \u2013 Vict\u00f2ria Roura i Marta Reixach<\/span><\/li>\n<li style=\"font-weight: 400;\"><span style=\"font-weight: 400;\">Psicopedagoga de l\u2019EAP &#8211;\u00a0 L\u00eddia Mas\u00f3<\/span><\/li>\n<li style=\"font-weight: 400;\"><span style=\"font-weight: 400;\">Inspector d\u2019educaci\u00f3 &#8211; Cati Riembau<\/span><\/li>\n<\/ul>\n<\/li>\n<\/ul>\n<\/li>\n<\/ul>\n<\/li>\n<\/ul>\n<\/li>\n<\/ul>\n<\/li>\n<\/ul>\n<p><span style=\"font-weight: 400;\">Formen part d\u2019aquest equip tamb\u00e9 la Susana (conserge), l&#8217;Adriana, la Maria i l&#8217;Eva i en Pol (monitoratge del servei de menjador) i la Dolors i la Vanesa (personal de neteja del centre).<\/span><\/p>\n","protected":false},"excerpt":{"rendered":"<p>L\u2019escola La Branca d&#8217;Albons forma part de la ZER Montgr\u00ed des dels inicis d\u2019aquesta ara fa 30 anys. Tot i que les tres escoles que formem la ZER som tres realitats diferents, cadascuna amb les nostres particularitats, la ZER ens ofereix l\u2019oportunitat de compartir idees,&hellip;  <a href=\"https:\/\/agora.xtec.cat\/zermontgri\/labranca\/qui-som-br\/\" title=\"Read Qui som?\">Llegeix m\u00e9s\u00bb<\/a><\/p>\n","protected":false},"author":1,"featured_media":0,"parent":264,"menu_order":10,"comment_status":"closed","ping_status":"closed","template":"page-templates\/side-menu.php","meta":{"_bbp_topic_count":0,"_bbp_reply_count":0,"_bbp_total_topic_count":0,"_bbp_total_reply_count":0,"_bbp_voice_count":0,"_bbp_anonymous_reply_count":0,"_bbp_topic_count_hidden":0,"_bbp_reply_count_hidden":0,"_bbp_forum_subforum_count":0,"footnotes":""},"class_list":["post-261","page","type-page","status-publish","hentry"],"post_mailing_queue_ids":[],"_links":{"self":[{"href":"https:\/\/agora.xtec.cat\/zermontgri\/wp-json\/wp\/v2\/pages\/261","targetHints":{"allow":["GET"]}}],"collection":[{"href":"https:\/\/agora.xtec.cat\/zermontgri\/wp-json\/wp\/v2\/pages"}],"about":[{"href":"https:\/\/agora.xtec.cat\/zermontgri\/wp-json\/wp\/v2\/types\/page"}],"author":[{"embeddable":true,"href":"https:\/\/agora.xtec.cat\/zermontgri\/wp-json\/wp\/v2\/users\/1"}],"replies":[{"embeddable":true,"href":"https:\/\/agora.xtec.cat\/zermontgri\/wp-json\/wp\/v2\/comments?post=261"}],"version-history":[{"count":7,"href":"https:\/\/agora.xtec.cat\/zermontgri\/wp-json\/wp\/v2\/pages\/261\/revisions"}],"predecessor-version":[{"id":10243,"href":"https:\/\/agora.xtec.cat\/zermontgri\/wp-json\/wp\/v2\/pages\/261\/revisions\/10243"}],"up":[{"embeddable":true,"href":"https:\/\/agora.xtec.cat\/zermontgri\/wp-json\/wp\/v2\/pages\/264"}],"wp:attachment":[{"href":"https:\/\/agora.xtec.cat\/zermontgri\/wp-json\/wp\/v2\/media?parent=261"}],"curies":[{"name":"wp","href":"https:\/\/api.w.org\/{rel}","templated":true}]}}