{"id":258,"date":"2015-07-20T12:40:06","date_gmt":"2015-07-20T11:40:06","guid":{"rendered":"http:\/\/agora.xtec.cat\/zermontgri\/?page_id=258"},"modified":"2017-07-17T17:32:49","modified_gmt":"2017-07-17T15:32:49","slug":"historia-zer","status":"publish","type":"page","link":"https:\/\/agora.xtec.cat\/zermontgri\/zer\/historia-zer\/","title":{"rendered":"Hist\u00f2ria"},"content":{"rendered":"<p>Les zones escolars rurals (ZER) s\u00f3n institucions escolars de car\u00e0cter p\u00fablic formades per l\u2019agrupaci\u00f3 de centres d&#8217;educaci\u00f3 infantil i prim\u00e0ria que es constitueixen amb la finalitat d\u2019oferir el servei d\u2019ensenyament en condicions de major qualitat en zones de baixa demografia escolar.<\/p>\n<p>L\u2019Escola Rural, l\u2019escola de les tres \u201cP\u201d: Petita, de Poble i P\u00fablica, \u00e9s una escola arrelada al territori, que d\u00f3na vida al municipi, que a vegades n\u2019\u00e9s el pal de paller i\/o dinamitzadora d\u2019una part de la vida que el poble genera, que aglutina activitats, persones, i que \u00e9s motiu de trobada i aprenentatge<\/p>\n<p>La zona escolar rural t\u00e9 consideraci\u00f3 de centre educatiu \u00fanic amb les caracter\u00edstiques i els efectes que es determinen en el <a href=\"http:\/\/dogc.gencat.cat\/ca\/pdogc_canals_interns\/pdogc_resultats_fitxa\/?documentId=545262&amp;language=ca_ES&amp;action=fitxa\" target=\"_blank\" rel=\"noopener noreferrer\">Decret 102\/2010, de 3 d\u2019agost d\u2019autonomia dels centres educatius<\/a>, sense perjudici de respectar la identitat jur\u00eddica de cadascuna de les escoles que la integren.<\/p>\n<p>Cada ZER t\u00e9 un projecte educatiu per a tots els centres que la integren i les mateixes normes d\u2019organitzaci\u00f3 i funcionament i la mateixa programaci\u00f3 general anual, que ha de respectar la singularitat de cadascuna de les escoles.<\/p>\n<p>La ZER Montgr\u00ed est\u00e0 formada per les escoles d&#8217;Albons, Bellcaire i Ull\u00e0, i t\u00e9 la seu a l&#8217;escola de Bellcaire.<\/p>\n<p>El curs 93-94 es van comen\u00e7ar a fer reunions per tal de sol.licitar al Departament la creaci\u00f3 de la ZER. El 21 de mar\u00e7 de 1994 va apar\u00e8ixer una resoluci\u00f3 on es creava amb car\u00e0cter provisional la ZER Montgr\u00ed i el curs 94-95 es constitu\u00efa definitivament, amb la novetat de l&#8217;adhesi\u00f3 de l&#8217;escola de Gualta.<\/p>\n<p>Per tant, la ZER Montgr\u00ed estava formada per:<\/p>\n<ul>\n<li>Escola La Branca, d&#8217;Albons.<\/li>\n<li>Escola El Rajaret, de Bellcaire d&#8217;Empord\u00e0.<\/li>\n<li>Escola de Gualta.<\/li>\n<li>Escola Puig Rod\u00f3, d&#8217;Ull\u00e0.<\/li>\n<\/ul>\n<p>Aquest any es disposava de dues mestres especialistes d&#8217;educaci\u00f3 anglesa i educaci\u00f3 musical, que es compartien amb les quatre escoles.<\/p>\n<p>Es van comen\u00e7ar a fer documents comuns: Projecte ling\u00fc\u00edstic, Projecte Educatiu de Zona, Reglament de R\u00e8gim Intern i Projecte Curricular.<\/p>\n<p>El curs 98-99 l&#8217;escola de Gualta va desapar\u00e8ixer per manca d&#8217;alumnes.<\/p>\n<p>El curs 96-97 es va incorporar una mestra itinerant d&#8217;educaci\u00f3 f\u00edsica i el 2000-01 una mestra d&#8217;educaci\u00f3 especial.<\/p>\n<p>Actualment hi ha mestres de llengua anglesa fixes a cada escola.<\/p>\n<p class=\"Estilo4\">L&#8217;equip directiu de la ZER realitza les mateixes funcions que qualsevol equip directiu d\u2019un centre graduat, per\u00f2 respectant la idiosincr\u00e0sia de cadascun del centres que formen la ZER (que t\u00e9 un equip directiu propi). El claustre est\u00e0 format pels mestres de cada escola juntament amb els itinerants. Es reuneixen peri\u00f2dicament per cicles i hi ha coordinaci\u00f3 amb els equips de cada escola. Durant el curs es realitzen diferents activitats conjuntes.<\/p>\n","protected":false},"excerpt":{"rendered":"<p>Les zones escolars rurals (ZER) s\u00f3n institucions escolars de car\u00e0cter p\u00fablic formades per l\u2019agrupaci\u00f3 de centres d&#8217;educaci\u00f3 infantil i prim\u00e0ria que es constitueixen amb la finalitat d\u2019oferir el servei d\u2019ensenyament en condicions de major qualitat en zones de baixa demografia escolar.<br \/>\nL\u2019Escola Rural, l\u2019escola de les&hellip;  <a href=\"https:\/\/agora.xtec.cat\/zermontgri\/zer\/historia-zer\/\" title=\"Read Hist\u00f2ria\">Llegeix m\u00e9s\u00bb<\/a><\/p>\n","protected":false},"author":1,"featured_media":0,"parent":19,"menu_order":1,"comment_status":"closed","ping_status":"closed","template":"page-templates\/side-menu.php","meta":{"_bbp_topic_count":0,"_bbp_reply_count":0,"_bbp_total_topic_count":0,"_bbp_total_reply_count":0,"_bbp_voice_count":0,"_bbp_anonymous_reply_count":0,"_bbp_topic_count_hidden":0,"_bbp_reply_count_hidden":0,"_bbp_forum_subforum_count":0,"footnotes":""},"class_list":["post-258","page","type-page","status-publish","hentry"],"post_mailing_queue_ids":[],"_links":{"self":[{"href":"https:\/\/agora.xtec.cat\/zermontgri\/wp-json\/wp\/v2\/pages\/258","targetHints":{"allow":["GET"]}}],"collection":[{"href":"https:\/\/agora.xtec.cat\/zermontgri\/wp-json\/wp\/v2\/pages"}],"about":[{"href":"https:\/\/agora.xtec.cat\/zermontgri\/wp-json\/wp\/v2\/types\/page"}],"author":[{"embeddable":true,"href":"https:\/\/agora.xtec.cat\/zermontgri\/wp-json\/wp\/v2\/users\/1"}],"replies":[{"embeddable":true,"href":"https:\/\/agora.xtec.cat\/zermontgri\/wp-json\/wp\/v2\/comments?post=258"}],"version-history":[{"count":4,"href":"https:\/\/agora.xtec.cat\/zermontgri\/wp-json\/wp\/v2\/pages\/258\/revisions"}],"predecessor-version":[{"id":770,"href":"https:\/\/agora.xtec.cat\/zermontgri\/wp-json\/wp\/v2\/pages\/258\/revisions\/770"}],"up":[{"embeddable":true,"href":"https:\/\/agora.xtec.cat\/zermontgri\/wp-json\/wp\/v2\/pages\/19"}],"wp:attachment":[{"href":"https:\/\/agora.xtec.cat\/zermontgri\/wp-json\/wp\/v2\/media?parent=258"}],"curies":[{"name":"wp","href":"https:\/\/api.w.org\/{rel}","templated":true}]}}