{"id":435,"date":"2015-07-24T15:14:37","date_gmt":"2015-07-24T14:14:37","guid":{"rendered":"http:\/\/agora.xtec.cat\/zermontcaro\/?page_id=435"},"modified":"2025-08-30T17:52:43","modified_gmt":"2025-08-30T15:52:43","slug":"ampa","status":"publish","type":"page","link":"https:\/\/agora.xtec.cat\/zermontcaro\/raval\/ampa\/","title":{"rendered":"AMPA"},"content":{"rendered":"<p><a href=\"https:\/\/agora.xtec.cat\/zermontcaro\/wp-content\/uploads\/usu2042\/2020\/12\/photo.jpg\"><img loading=\"lazy\" decoding=\"async\" class=\"wp-image-2025 alignleft\" src=\"https:\/\/agora.xtec.cat\/zermontcaro\/wp-content\/uploads\/usu2042\/2020\/12\/photo.jpg\" alt=\"\" width=\"226\" height=\"226\" srcset=\"https:\/\/agora.xtec.cat\/zermontcaro\/wp-content\/uploads\/usu2042\/2020\/12\/photo.jpg 500w, https:\/\/agora.xtec.cat\/zermontcaro\/wp-content\/uploads\/usu2042\/2020\/12\/photo-150x150.jpg 150w, https:\/\/agora.xtec.cat\/zermontcaro\/wp-content\/uploads\/usu2042\/2020\/12\/photo-300x300.jpg 300w\" sizes=\"auto, (max-width: 226px) 100vw, 226px\" \/><\/a><\/p>\n<p>L\u2019AMPA \u00e9s l\u2019entitat que agrupa les mares i els pares de l&#8217;alumnat de l\u2019Escola per a la defensa dels seus interessos en tot all\u00f2 que fa refer\u00e8ncia a l\u2019educaci\u00f3 dels nens i les nenes, i col\u00b7labora en el funcionament del centre.<br \/>\n\u00c9s una entitat constitu\u00efda com associaci\u00f3 sense \u00e0nim de lucre. Est\u00e0 regulada per uns estatuts i s\u2019organitza a trav\u00e9s de: La Junta Directiva i l\u2019Assemblea General.<br \/>\nL&#8217;objectiu fonamental de l&#8217;AMPA \u00e9s contribuir a la millora de la qualitat de l&#8217;ensenyament que reben els nostres fills i filles.<\/p>\n<p>Algunes de les tasques que es fan s\u00f3n:<\/p>\n<ul>\n<li>Promoure la participaci\u00f3 de pares i mares de l&#8217;alumnat: Detall de benvinguda, Castanyada, Xocolatada per Nadal i Ti\u00f3, Festa\u00a0 Multicultural, Carnestoltes, Fi de curs\u2026<\/li>\n<li>Promoure la representaci\u00f3 i la participaci\u00f3 dels pares i mares de l&#8217;alumnat en el Consell Escolar.<\/li>\n<li>Col\u00b7labora en les activitats educatives.<\/li>\n<li>Organitza i gestiona el menjador de l\u2019Escola.<\/li>\n<li>Ajuda al finan\u00e7ament d\u2019aquelles activitats o equipaments que el centre necessita.<\/li>\n<\/ul>\n<h6>Qui \u00e9s de l\u2019AMPA?<\/h6>\n<p>L\u2019Associaci\u00f3 est\u00e0 formada per les fam\u00edlies que s\u2019han inscrit com a s\u00f2cies.<\/p>\n<p>L\u2019actual Junta est\u00e0 formada per:<\/p>\n<ul>\n<li>President<\/li>\n<li>Secret\u00e0ria<\/li>\n<li>Tresorera<\/li>\n<\/ul>\n<p>La quota, que es paga per fam\u00edlia, \u00e9s de 20\u20ac.<\/p>\n<h6>Contacte<\/h6>\n<ul>\n<li>Correu electr\u00f2nic: ampaescolaravaldecristo@gmail.com<\/li>\n<\/ul>\n<p><a href=\"https:\/\/agora.xtec.cat\/zermontcaro\/wp-content\/uploads\/usu2042\/2021\/01\/educo.jpg\"><img loading=\"lazy\" decoding=\"async\" class=\"alignnone wp-image-2039\" src=\"https:\/\/agora.xtec.cat\/zermontcaro\/wp-content\/uploads\/usu2042\/2021\/01\/educo.jpg\" alt=\"\" width=\"281\" height=\"199\" srcset=\"https:\/\/agora.xtec.cat\/zermontcaro\/wp-content\/uploads\/usu2042\/2021\/01\/educo.jpg 320w, https:\/\/agora.xtec.cat\/zermontcaro\/wp-content\/uploads\/usu2042\/2021\/01\/educo-300x213.jpg 300w\" sizes=\"auto, (max-width: 281px) 100vw, 281px\" \/><\/a><\/p>\n<p>Entitat col\u00b7laboradora.<\/p>\n","protected":false},"excerpt":{"rendered":"<p><a href=\"https:\/\/agora.xtec.cat\/zermontcaro\/wp-content\/uploads\/usu2042\/2020\/12\/photo.jpg\"><\/a><br \/>\nL\u2019AMPA \u00e9s l\u2019entitat que agrupa les mares i els pares de l&#8217;alumnat de l\u2019Escola per a la defensa dels seus interessos en tot all\u00f2 que fa refer\u00e8ncia a l\u2019educaci\u00f3 dels nens i les nenes, i col\u00b7labora en el funcionament del centre.<br \/>\n\u00c9s una entitat constitu\u00efda&hellip;  <a href=\"https:\/\/agora.xtec.cat\/zermontcaro\/raval\/ampa\/\" title=\"Read AMPA\">Llegeix m\u00e9s\u00bb<\/a><\/p>\n","protected":false},"author":1,"featured_media":0,"parent":266,"menu_order":70,"comment_status":"closed","ping_status":"closed","template":"page-templates\/side-menu.php","meta":{"_bbp_topic_count":0,"_bbp_reply_count":0,"_bbp_total_topic_count":0,"_bbp_total_reply_count":0,"_bbp_voice_count":0,"_bbp_anonymous_reply_count":0,"_bbp_topic_count_hidden":0,"_bbp_reply_count_hidden":0,"_bbp_forum_subforum_count":0,"footnotes":""},"class_list":["post-435","page","type-page","status-publish","hentry"],"post_mailing_queue_ids":[],"_links":{"self":[{"href":"https:\/\/agora.xtec.cat\/zermontcaro\/wp-json\/wp\/v2\/pages\/435","targetHints":{"allow":["GET"]}}],"collection":[{"href":"https:\/\/agora.xtec.cat\/zermontcaro\/wp-json\/wp\/v2\/pages"}],"about":[{"href":"https:\/\/agora.xtec.cat\/zermontcaro\/wp-json\/wp\/v2\/types\/page"}],"author":[{"embeddable":true,"href":"https:\/\/agora.xtec.cat\/zermontcaro\/wp-json\/wp\/v2\/users\/1"}],"replies":[{"embeddable":true,"href":"https:\/\/agora.xtec.cat\/zermontcaro\/wp-json\/wp\/v2\/comments?post=435"}],"version-history":[{"count":4,"href":"https:\/\/agora.xtec.cat\/zermontcaro\/wp-json\/wp\/v2\/pages\/435\/revisions"}],"predecessor-version":[{"id":5187,"href":"https:\/\/agora.xtec.cat\/zermontcaro\/wp-json\/wp\/v2\/pages\/435\/revisions\/5187"}],"up":[{"embeddable":true,"href":"https:\/\/agora.xtec.cat\/zermontcaro\/wp-json\/wp\/v2\/pages\/266"}],"wp:attachment":[{"href":"https:\/\/agora.xtec.cat\/zermontcaro\/wp-json\/wp\/v2\/media?parent=435"}],"curies":[{"name":"wp","href":"https:\/\/api.w.org\/{rel}","templated":true}]}}