{"id":426,"date":"2015-07-24T14:45:35","date_gmt":"2015-07-24T13:45:35","guid":{"rendered":"http:\/\/agora.xtec.cat\/zermontcaro\/?page_id=426"},"modified":"2020-02-06T23:44:44","modified_gmt":"2020-02-06T22:44:44","slug":"ampa","status":"publish","type":"page","link":"https:\/\/agora.xtec.cat\/zermontcaro\/alfara\/ampa\/","title":{"rendered":"AMPA"},"content":{"rendered":"<p>L\u2019AMPA \u00e9s l\u2019entitat que agrupa a les mares i els pares d\u2019alumnes de l\u2019Escola per a la defensa dels seus interessos en tot all\u00f2 que fa refer\u00e8ncia a l\u2019educaci\u00f3 dels nens i nenes i col\u00b7labora en el funcionament del centre.<br \/>\n\u00c9s una entitat constitu\u00efda com associaci\u00f3 sense \u00e0nim de lucre. Est\u00e0 regulada per uns estatuts i s\u2019organitza a trav\u00e9s de: La Junta Directiva i l\u2019Assemblea General.<br \/>\nL&#8217;objectiu fonamental de l&#8217;AMPA \u00e9s contribuir a la millora de la qualitat de l&#8217;ensenyament que reben els nostres fills i filles.<\/p>\n<p><a href=\"http:\/\/agora.xtec.cat\/zermontcaro\/wp-content\/uploads\/usu2042\/2014\/09\/ampa.png\"><img loading=\"lazy\" decoding=\"async\" class=\" size-medium wp-image-185 aligncenter\" src=\"http:\/\/agora.xtec.cat\/zermontcaro\/wp-content\/uploads\/usu2042\/2014\/09\/ampa-300x120.png\" alt=\"ampa\" width=\"300\" height=\"120\" \/><\/a><\/p>\n<h6>Horari d\u2019atenci\u00f3 de l\u2019AMPA<\/h6>\n<ul>\n<li>Dilluns i dimecres de 00h. a\u00a000h.<\/li>\n<li>Dimarts i dijous de 00h. a 00h.<\/li>\n<\/ul>\n<h6>Contactar<\/h6>\n<ul>\n<li>Tel\u00e8fon: 123 456 78<\/li>\n<li>Correu electr\u00f2nic: ampa@esc-alfa.cat<\/li>\n<\/ul>\n","protected":false},"excerpt":{"rendered":"<p>L\u2019AMPA \u00e9s l\u2019entitat que agrupa a les mares i els pares d\u2019alumnes de l\u2019Escola per a la defensa dels seus interessos en tot all\u00f2 que fa refer\u00e8ncia a l\u2019educaci\u00f3 dels nens i nenes i col\u00b7labora en el funcionament del centre.<br \/>\n\u00c9s una entitat constitu\u00efda com associaci\u00f3&hellip;  <a href=\"https:\/\/agora.xtec.cat\/zermontcaro\/alfara\/ampa\/\" title=\"Read AMPA\">Llegeix m\u00e9s\u00bb<\/a><\/p>\n","protected":false},"author":1,"featured_media":0,"parent":264,"menu_order":70,"comment_status":"closed","ping_status":"closed","template":"page-templates\/side-menu.php","meta":{"_bbp_topic_count":0,"_bbp_reply_count":0,"_bbp_total_topic_count":0,"_bbp_total_reply_count":0,"_bbp_voice_count":0,"_bbp_anonymous_reply_count":0,"_bbp_topic_count_hidden":0,"_bbp_reply_count_hidden":0,"_bbp_forum_subforum_count":0,"footnotes":""},"class_list":["post-426","page","type-page","status-publish","hentry"],"post_mailing_queue_ids":[],"_links":{"self":[{"href":"https:\/\/agora.xtec.cat\/zermontcaro\/wp-json\/wp\/v2\/pages\/426","targetHints":{"allow":["GET"]}}],"collection":[{"href":"https:\/\/agora.xtec.cat\/zermontcaro\/wp-json\/wp\/v2\/pages"}],"about":[{"href":"https:\/\/agora.xtec.cat\/zermontcaro\/wp-json\/wp\/v2\/types\/page"}],"author":[{"embeddable":true,"href":"https:\/\/agora.xtec.cat\/zermontcaro\/wp-json\/wp\/v2\/users\/1"}],"replies":[{"embeddable":true,"href":"https:\/\/agora.xtec.cat\/zermontcaro\/wp-json\/wp\/v2\/comments?post=426"}],"version-history":[{"count":1,"href":"https:\/\/agora.xtec.cat\/zermontcaro\/wp-json\/wp\/v2\/pages\/426\/revisions"}],"predecessor-version":[{"id":775,"href":"https:\/\/agora.xtec.cat\/zermontcaro\/wp-json\/wp\/v2\/pages\/426\/revisions\/775"}],"up":[{"embeddable":true,"href":"https:\/\/agora.xtec.cat\/zermontcaro\/wp-json\/wp\/v2\/pages\/264"}],"wp:attachment":[{"href":"https:\/\/agora.xtec.cat\/zermontcaro\/wp-json\/wp\/v2\/media?parent=426"}],"curies":[{"name":"wp","href":"https:\/\/api.w.org\/{rel}","templated":true}]}}