{"id":354,"date":"2015-07-21T15:55:03","date_gmt":"2015-07-21T14:55:03","guid":{"rendered":"http:\/\/agora.xtec.cat\/zermontcaro\/?page_id=354"},"modified":"2023-07-17T10:07:00","modified_gmt":"2023-07-17T08:07:00","slug":"grups","status":"publish","type":"page","link":"https:\/\/agora.xtec.cat\/zermontcaro\/alfara\/grups\/","title":{"rendered":"Grups"},"content":{"rendered":"<p>El fet de ser una escola rural ens permet gestionar els agrupaments dels alumnes d\u2019acord amb les necessitats de cada moment. Actualment i donat al nombre d\u2019alumnes i de mestres s\u2019ha optat per distribuir els nens i nenes en dos grups diferents. El fet de compartir el mateix espai grups de nivell diferent fa que els nens i nenes m\u00e9s grans de cada grup siguin m\u00e9s aut\u00f2noms, coneguin les rutines i puguin ajudar als m\u00e9s petits, posant en valor el seu coneixement.<\/p>\n<p>Actualment tenim dos grups:<\/p>\n<p>&#8211; Educaci\u00f3 Infantil, primer, segon i tercer.<\/p>\n<p>&#8211; Quart, cinqu\u00e8 i sis\u00e8.<\/p>\n","protected":false},"excerpt":{"rendered":"<p>El fet de ser una escola rural ens permet gestionar els agrupaments dels alumnes d\u2019acord amb les necessitats de cada moment. Actualment i donat al nombre d\u2019alumnes i de mestres s\u2019ha optat per distribuir els nens i nenes en dos grups diferents. El fet de&hellip;  <a href=\"https:\/\/agora.xtec.cat\/zermontcaro\/alfara\/grups\/\" title=\"Read Grups\">Llegeix m\u00e9s\u00bb<\/a><\/p>\n","protected":false},"author":1,"featured_media":0,"parent":264,"menu_order":50,"comment_status":"closed","ping_status":"closed","template":"page-templates\/side-menu.php","meta":{"_bbp_topic_count":0,"_bbp_reply_count":0,"_bbp_total_topic_count":0,"_bbp_total_reply_count":0,"_bbp_voice_count":0,"_bbp_anonymous_reply_count":0,"_bbp_topic_count_hidden":0,"_bbp_reply_count_hidden":0,"_bbp_forum_subforum_count":0,"footnotes":""},"class_list":["post-354","page","type-page","status-publish","hentry"],"post_mailing_queue_ids":[],"_links":{"self":[{"href":"https:\/\/agora.xtec.cat\/zermontcaro\/wp-json\/wp\/v2\/pages\/354","targetHints":{"allow":["GET"]}}],"collection":[{"href":"https:\/\/agora.xtec.cat\/zermontcaro\/wp-json\/wp\/v2\/pages"}],"about":[{"href":"https:\/\/agora.xtec.cat\/zermontcaro\/wp-json\/wp\/v2\/types\/page"}],"author":[{"embeddable":true,"href":"https:\/\/agora.xtec.cat\/zermontcaro\/wp-json\/wp\/v2\/users\/1"}],"replies":[{"embeddable":true,"href":"https:\/\/agora.xtec.cat\/zermontcaro\/wp-json\/wp\/v2\/comments?post=354"}],"version-history":[{"count":4,"href":"https:\/\/agora.xtec.cat\/zermontcaro\/wp-json\/wp\/v2\/pages\/354\/revisions"}],"predecessor-version":[{"id":4345,"href":"https:\/\/agora.xtec.cat\/zermontcaro\/wp-json\/wp\/v2\/pages\/354\/revisions\/4345"}],"up":[{"embeddable":true,"href":"https:\/\/agora.xtec.cat\/zermontcaro\/wp-json\/wp\/v2\/pages\/264"}],"wp:attachment":[{"href":"https:\/\/agora.xtec.cat\/zermontcaro\/wp-json\/wp\/v2\/media?parent=354"}],"curies":[{"name":"wp","href":"https:\/\/api.w.org\/{rel}","templated":true}]}}