{"id":266,"date":"2015-07-20T13:08:55","date_gmt":"2015-07-20T12:08:55","guid":{"rendered":"http:\/\/agora.xtec.cat\/zermontcaro\/?page_id=266"},"modified":"2025-08-30T17:47:31","modified_gmt":"2025-08-30T15:47:31","slug":"raval","status":"publish","type":"page","link":"https:\/\/agora.xtec.cat\/zermontcaro\/raval\/","title":{"rendered":"Escola Raval de Cristo"},"content":{"rendered":"<p>Benvingudes a la nostra escola!<\/p>\n<p>L&#8217;escola Raval de Cristo \u00e9s una petita gran escola\u00a0 situada a dos kil\u00f2metres del centre de Roquetes.<\/p>\n<p>El Centre disposa de cinc aules on els alumnes realitzen les seves activitats di\u00e0ries.\u00a0 Les dos aules d&#8217;educaci\u00f3 infantil estan a la planta baixa. Al primer pis estan situades les classes de prim\u00e0ria. Aquestes aules disposen totes de mitjans audiovisuals que permeten treballar amb continguts motivadors per l&#8217;alumnat, com monitors interactius, chromebooks i tauletes.<\/p>\n<p>A m\u00e9s a m\u00e9s, al Centre hi ha una aula de m\u00fasica i una de noves tecnologies. Aix\u00ed com una petita aula de psicomotricitat on els infants fan ioga i altres activitats educatives.<\/p>\n<p>Tenim tres zones de pati diferenciades per als alumnes d&#8217;Infantil, els de Cicle Inicial i Cicle Mitj\u00e0 i Superior.<\/p>\n<p>S&#8217;ofereix servei de menjador, gestionat per l&#8217;AMPA de l&#8217;escola, durant els migdies de 13h a 15h.<\/p>\n\r\n\t<div class=\"slideshow_container slideshow_container_style-light\" style=\"height: 300px; \" data-slideshow-id=\"732\" data-style-name=\"style-light\" data-style-version=\"2.3.1\" >\r\n\r\n\t\t\t\t\t<div class=\"slideshow_loading_icon\"><\/div>\r\n\t\t\r\n\t\t<div class=\"slideshow_content\" style=\"display: none;\">\r\n\r\n\t\t\t<div class=\"slideshow_view\">\r\n\t\t\t\t<div class=\"slideshow_slide slideshow_slide_image\">\r\n\t\t\t\t\t\t\t\t\t\t\t<img src=\"https:\/\/agora.xtec.cat\/zermontcaro\/wp-content\/uploads\/usu2042\/2020\/12\/IMG_20201214_113625.jpg\" alt=\"IMG_20201214_113625\" width=\"1632\" height=\"1224\" \/>\r\n\t\t\t\t\t\t\t\t\t\t<div class=\"slideshow_description_box slideshow_transparent\">\r\n\t\t\t\t\t\t<div class=\"slideshow_title\">IMG_20201214_113625<\/div>\t\t\t\t\t\t\t\t\t\t\t<\/div>\r\n\t\t\t\t<\/div>\r\n\r\n\t\t\t\t\t\t\r\n\t\t\t\t<div class=\"slideshow_slide slideshow_slide_image\">\r\n\t\t\t\t\t\t\t\t\t\t\t<img src=\"https:\/\/agora.xtec.cat\/zermontcaro\/wp-content\/uploads\/usu2042\/2020\/12\/IMG_20201214_112325.jpg\" alt=\"IMG_20201214_112325\" width=\"1632\" height=\"1224\" \/>\r\n\t\t\t\t\t\t\t\t\t\t<div class=\"slideshow_description_box slideshow_transparent\">\r\n\t\t\t\t\t\t<div class=\"slideshow_title\">IMG_20201214_112325<\/div>\t\t\t\t\t\t\t\t\t\t\t<\/div>\r\n\t\t\t\t<\/div>\r\n\r\n\t\t\t\t\t\t<div style=\"clear: both;\"><\/div><\/div><div class=\"slideshow_view\">\r\n\t\t\t\t<div class=\"slideshow_slide slideshow_slide_image\">\r\n\t\t\t\t\t\t\t\t\t\t\t<img src=\"https:\/\/agora.xtec.cat\/zermontcaro\/wp-content\/uploads\/usu2042\/2020\/12\/IMG_20201214_113913.jpg\" alt=\"IMG_20201214_113913\" width=\"1632\" height=\"1224\" \/>\r\n\t\t\t\t\t\t\t\t\t\t<div class=\"slideshow_description_box slideshow_transparent\">\r\n\t\t\t\t\t\t<div class=\"slideshow_title\">IMG_20201214_113913<\/div>\t\t\t\t\t\t\t\t\t\t\t<\/div>\r\n\t\t\t\t<\/div>\r\n\r\n\t\t\t\t\t\t\r\n\t\t\t\t<div class=\"slideshow_slide slideshow_slide_image\">\r\n\t\t\t\t\t\t\t\t\t\t\t<img src=\"https:\/\/agora.xtec.cat\/zermontcaro\/wp-content\/uploads\/usu2042\/2020\/12\/IMG_20201214_113816-1.jpg\" alt=\"IMG_20201214_113816 (1)\" width=\"1632\" height=\"1224\" \/>\r\n\t\t\t\t\t\t\t\t\t\t<div class=\"slideshow_description_box slideshow_transparent\">\r\n\t\t\t\t\t\t<div class=\"slideshow_title\">IMG_20201214_113816 (1)<\/div>\t\t\t\t\t\t\t\t\t\t\t<\/div>\r\n\t\t\t\t<\/div>\r\n\r\n\t\t\t\t\t\t<div style=\"clear: both;\"><\/div><\/div><div class=\"slideshow_view\">\r\n\t\t\t\t<div class=\"slideshow_slide slideshow_slide_image\">\r\n\t\t\t\t\t\t\t\t\t\t\t<img src=\"https:\/\/agora.xtec.cat\/zermontcaro\/wp-content\/uploads\/usu2042\/2020\/12\/IMG_20201214_113723-1.jpg\" alt=\"IMG_20201214_113723 (1)\" width=\"1632\" height=\"1224\" \/>\r\n\t\t\t\t\t\t\t\t\t\t<div class=\"slideshow_description_box slideshow_transparent\">\r\n\t\t\t\t\t\t<div class=\"slideshow_title\">IMG_20201214_113723 (1)<\/div>\t\t\t\t\t\t\t\t\t\t\t<\/div>\r\n\t\t\t\t<\/div>\r\n\r\n\t\t\t\t\t\t\r\n\t\t\t\t<div class=\"slideshow_slide slideshow_slide_image\">\r\n\t\t\t\t\t\t\t\t\t\t\t<img src=\"https:\/\/agora.xtec.cat\/zermontcaro\/wp-content\/uploads\/usu2042\/2020\/12\/IMG_20201214_113755.jpg\" alt=\"IMG_20201214_113755\" width=\"1632\" height=\"1224\" \/>\r\n\t\t\t\t\t\t\t\t\t\t<div class=\"slideshow_description_box slideshow_transparent\">\r\n\t\t\t\t\t\t<div class=\"slideshow_title\">IMG_20201214_113755<\/div>\t\t\t\t\t\t\t\t\t\t\t<\/div>\r\n\t\t\t\t<\/div>\r\n\r\n\t\t\t\t\t\t<div style=\"clear: both;\"><\/div><\/div><div class=\"slideshow_view\">\r\n\t\t\t\t<div class=\"slideshow_slide slideshow_slide_image\">\r\n\t\t\t\t\t\t\t\t\t\t\t<img src=\"https:\/\/agora.xtec.cat\/zermontcaro\/wp-content\/uploads\/usu2042\/2020\/02\/2020-02-06_204148.png\" alt=\"2020-02-06_204148\" width=\"454\" height=\"304\" \/>\r\n\t\t\t\t\t\t\t\t\t\t<div class=\"slideshow_description_box slideshow_transparent\">\r\n\t\t\t\t\t\t<div class=\"slideshow_title\">2020-02-06_204148<\/div>\t\t\t\t\t\t\t\t\t\t\t<\/div>\r\n\t\t\t\t<\/div>\r\n\r\n\t\t\t\t\t\t\r\n\t\t\t\t<div class=\"slideshow_slide slideshow_slide_image\">\r\n\t\t\t\t\t\t\t\t\t\t\t<img src=\"https:\/\/agora.xtec.cat\/zermontcaro\/wp-content\/uploads\/usu2042\/2020\/02\/2020-02-06_204226.png\" alt=\"2020-02-06_204226\" width=\"452\" height=\"318\" \/>\r\n\t\t\t\t\t\t\t\t\t\t<div class=\"slideshow_description_box slideshow_transparent\">\r\n\t\t\t\t\t\t<div class=\"slideshow_title\">2020-02-06_204226<\/div>\t\t\t\t\t\t\t\t\t\t\t<\/div>\r\n\t\t\t\t<\/div>\r\n\r\n\t\t\t\t\t\t<div style=\"clear: both;\"><\/div><\/div>\r\n\t\t<\/div>\r\n\r\n\t\t<div class=\"slideshow_controlPanel slideshow_transparent\" style=\"display: none;\"><ul><li class=\"slideshow_togglePlay\" data-play-text=\"Visualitza\" data-pause-text=\"Pausa\"><\/li><\/ul><\/div>\r\n\r\n\t\t<div class=\"slideshow_button slideshow_previous slideshow_transparent\" role=\"button\" data-previous-text=\"Anterior\" style=\"display: none;\"><\/div>\r\n\t\t<div class=\"slideshow_button slideshow_next slideshow_transparent\" role=\"button\" data-next-text=\"Seg\u00fcent\" style=\"display: none;\"><\/div>\r\n\r\n\t\t<div class=\"slideshow_pagination\" style=\"display: none;\" data-go-to-text=\"V\u00e9s a la diapositiva\"><div class=\"slideshow_pagination_center\"><\/div><\/div>\r\n\r\n\t\t<!-- WordPress Slideshow Version 2.3.1 -->\r\n\r\n\t\t\t<\/div>\r\n\r\n\n","protected":false},"excerpt":{"rendered":"<p>Benvingudes a la nostra escola!<br \/>\nL&#8217;escola Raval de Cristo \u00e9s una petita gran escola\u00a0 situada a dos kil\u00f2metres del centre de Roquetes.<br \/>\nEl Centre disposa de cinc aules on els alumnes realitzen les seves activitats di\u00e0ries.\u00a0 Les dos aules d&#8217;educaci\u00f3 infantil estan a la planta baixa. Al&hellip;  <a href=\"https:\/\/agora.xtec.cat\/zermontcaro\/raval\/\" title=\"Read Escola Raval de Cristo\">Llegeix m\u00e9s\u00bb<\/a><\/p>\n","protected":false},"author":1,"featured_media":0,"parent":0,"menu_order":0,"comment_status":"closed","ping_status":"closed","template":"page-templates\/side-menu.php","meta":{"_bbp_topic_count":0,"_bbp_reply_count":0,"_bbp_total_topic_count":0,"_bbp_total_reply_count":0,"_bbp_voice_count":0,"_bbp_anonymous_reply_count":0,"_bbp_topic_count_hidden":0,"_bbp_reply_count_hidden":0,"_bbp_forum_subforum_count":0,"footnotes":""},"class_list":["post-266","page","type-page","status-publish","hentry"],"post_mailing_queue_ids":[],"_links":{"self":[{"href":"https:\/\/agora.xtec.cat\/zermontcaro\/wp-json\/wp\/v2\/pages\/266","targetHints":{"allow":["GET"]}}],"collection":[{"href":"https:\/\/agora.xtec.cat\/zermontcaro\/wp-json\/wp\/v2\/pages"}],"about":[{"href":"https:\/\/agora.xtec.cat\/zermontcaro\/wp-json\/wp\/v2\/types\/page"}],"author":[{"embeddable":true,"href":"https:\/\/agora.xtec.cat\/zermontcaro\/wp-json\/wp\/v2\/users\/1"}],"replies":[{"embeddable":true,"href":"https:\/\/agora.xtec.cat\/zermontcaro\/wp-json\/wp\/v2\/comments?post=266"}],"version-history":[{"count":5,"href":"https:\/\/agora.xtec.cat\/zermontcaro\/wp-json\/wp\/v2\/pages\/266\/revisions"}],"predecessor-version":[{"id":5185,"href":"https:\/\/agora.xtec.cat\/zermontcaro\/wp-json\/wp\/v2\/pages\/266\/revisions\/5185"}],"wp:attachment":[{"href":"https:\/\/agora.xtec.cat\/zermontcaro\/wp-json\/wp\/v2\/media?parent=266"}],"curies":[{"name":"wp","href":"https:\/\/api.w.org\/{rel}","templated":true}]}}