{"id":264,"date":"2015-07-20T13:06:26","date_gmt":"2015-07-20T12:06:26","guid":{"rendered":"http:\/\/agora.xtec.cat\/zermontcaro\/?page_id=264"},"modified":"2026-01-09T16:45:30","modified_gmt":"2026-01-09T15:45:30","slug":"alfara","status":"publish","type":"page","link":"https:\/\/agora.xtec.cat\/zermontcaro\/alfara\/","title":{"rendered":"Escola Alfara de Carles"},"content":{"rendered":"<p>Benvinguts a la nostra escola!!!.<\/p>\n<p>El nostre centre disposa de tres aules on els alumnes realitzen les seves activitats di\u00e0ries.\u00a0 Aquestes s\u00f3n l&#8217;aula d&#8217;Educaci\u00f3 Infantil, l&#8217;aula de l&#8217;alumnat de segon i tercer i l&#8217;aula de l&#8217;alumnat de quart, cinqu\u00e8 i sis\u00e8. A m\u00e9s a m\u00e9s, des d&#8217;aquest curs 2025-26 el centre disposa de llar d&#8217;infants rural amb dues alumnes (I1 i I2). Tamb\u00e9 comptem amb una \u00e0mplia aula on es duu a terme la psicomotricitat, activitats conjuntes de tot l&#8217;alumnat, etc. Disposem d&#8217;una aula destinada exclusivament a les \u00e0rees d&#8217;Educaci\u00f3 Art\u00edstica i Rob\u00f2tica.<\/p>\n<p>Aquest curs, hem inaugurat tamb\u00e9 un petit parc infantil, on els infants de totes les edats s&#8217;ho passen d&#8217;all\u00f2 m\u00e9s b\u00e9.<\/p>\n\r\n\t<div class=\"slideshow_container slideshow_container_style-light\" style=\"height: 300px; \" data-slideshow-id=\"5542\" data-style-name=\"style-light\" data-style-version=\"2.3.1\" >\r\n\r\n\t\t\t\t\t<div class=\"slideshow_loading_icon\"><\/div>\r\n\t\t\r\n\t\t<div class=\"slideshow_content\" style=\"display: none;\">\r\n\r\n\t\t\t<div class=\"slideshow_view\">\r\n\t\t\t\t<div class=\"slideshow_slide slideshow_slide_image\">\r\n\t\t\t\t\t\t\t\t\t\t\t<img src=\"https:\/\/agora.xtec.cat\/zermontcaro\/wp-content\/uploads\/usu2042\/2026\/01\/Captura-de-pantalla-2026-01-09-154024.jpg\" alt=\"Captura de pantalla 2026-01-09 154024\" width=\"948\" height=\"637\" \/>\r\n\t\t\t\t\t\t\t\t\t\t<div class=\"slideshow_description_box slideshow_transparent\">\r\n\t\t\t\t\t\t<div class=\"slideshow_title\">Captura de pantalla 2026-01-09 154024<\/div>\t\t\t\t\t\t\t\t\t\t\t<\/div>\r\n\t\t\t\t<\/div>\r\n\r\n\t\t\t\t\t\t<div style=\"clear: both;\"><\/div><\/div><div class=\"slideshow_view\">\r\n\t\t\t\t<div class=\"slideshow_slide slideshow_slide_image\">\r\n\t\t\t\t\t\t\t\t\t\t\t<img src=\"https:\/\/agora.xtec.cat\/zermontcaro\/wp-content\/uploads\/usu2042\/2026\/01\/Captura-de-pantalla-2026-01-09-154006.jpg\" alt=\"Captura de pantalla 2026-01-09 154006\" width=\"955\" height=\"664\" \/>\r\n\t\t\t\t\t\t\t\t\t\t<div class=\"slideshow_description_box slideshow_transparent\">\r\n\t\t\t\t\t\t<div class=\"slideshow_title\">Captura de pantalla 2026-01-09 154006<\/div>\t\t\t\t\t\t\t\t\t\t\t<\/div>\r\n\t\t\t\t<\/div>\r\n\r\n\t\t\t\t\t\t<div style=\"clear: both;\"><\/div><\/div><div class=\"slideshow_view\">\r\n\t\t\t\t<div class=\"slideshow_slide slideshow_slide_image\">\r\n\t\t\t\t\t\t\t\t\t\t\t<img src=\"https:\/\/agora.xtec.cat\/zermontcaro\/wp-content\/uploads\/usu2042\/2026\/01\/Captura-de-pantalla-2026-01-09-153950.jpg\" alt=\"Captura de pantalla 2026-01-09 153950\" width=\"952\" height=\"573\" \/>\r\n\t\t\t\t\t\t\t\t\t\t<div class=\"slideshow_description_box slideshow_transparent\">\r\n\t\t\t\t\t\t<div class=\"slideshow_title\">Captura de pantalla 2026-01-09 153950<\/div>\t\t\t\t\t\t\t\t\t\t\t<\/div>\r\n\t\t\t\t<\/div>\r\n\r\n\t\t\t\t\t\t<div style=\"clear: both;\"><\/div><\/div><div class=\"slideshow_view\">\r\n\t\t\t\t<div class=\"slideshow_slide slideshow_slide_image\">\r\n\t\t\t\t\t\t\t\t\t\t\t<img src=\"https:\/\/agora.xtec.cat\/zermontcaro\/wp-content\/uploads\/usu2042\/2026\/01\/Captura-de-pantalla-2026-01-09-153925.jpg\" alt=\"Captura de pantalla 2026-01-09 153925\" width=\"948\" height=\"517\" \/>\r\n\t\t\t\t\t\t\t\t\t\t<div class=\"slideshow_description_box slideshow_transparent\">\r\n\t\t\t\t\t\t<div class=\"slideshow_title\">Captura de pantalla 2026-01-09 153925<\/div>\t\t\t\t\t\t\t\t\t\t\t<\/div>\r\n\t\t\t\t<\/div>\r\n\r\n\t\t\t\t\t\t<div style=\"clear: both;\"><\/div><\/div><div class=\"slideshow_view\">\r\n\t\t\t\t<div class=\"slideshow_slide slideshow_slide_image\">\r\n\t\t\t\t\t\t\t\t\t\t\t<img src=\"https:\/\/agora.xtec.cat\/zermontcaro\/wp-content\/uploads\/usu2042\/2026\/01\/LOGO-SENSE-FONS-2.png\" alt=\"LOGO SENSE FONS\" width=\"1548\" height=\"1418\" \/>\r\n\t\t\t\t\t\t\t\t\t\t<div class=\"slideshow_description_box slideshow_transparent\">\r\n\t\t\t\t\t\t<div class=\"slideshow_title\">LOGO SENSE FONS<\/div>\t\t\t\t\t\t\t\t\t\t\t<\/div>\r\n\t\t\t\t<\/div>\r\n\r\n\t\t\t\t\t\t<div style=\"clear: both;\"><\/div><\/div><div class=\"slideshow_view\">\r\n\t\t\t\t<div class=\"slideshow_slide slideshow_slide_image\">\r\n\t\t\t\t\t\t\t\t\t\t\t<img src=\"https:\/\/agora.xtec.cat\/zermontcaro\/wp-content\/uploads\/usu2042\/2026\/01\/LOGO-1-COLOR-NEGRE.png\" alt=\"LOGO 1 COLOR NEGRE\" width=\"1622\" height=\"1598\" \/>\r\n\t\t\t\t\t\t\t\t\t\t<div class=\"slideshow_description_box slideshow_transparent\">\r\n\t\t\t\t\t\t<div class=\"slideshow_title\">LOGO 1 COLOR NEGRE<\/div>\t\t\t\t\t\t\t\t\t\t\t<\/div>\r\n\t\t\t\t<\/div>\r\n\r\n\t\t\t\t\t\t<div style=\"clear: both;\"><\/div><\/div>\r\n\t\t<\/div>\r\n\r\n\t\t<div class=\"slideshow_controlPanel slideshow_transparent\" style=\"display: none;\"><ul><li class=\"slideshow_togglePlay\" data-play-text=\"Visualitza\" data-pause-text=\"Pausa\"><\/li><\/ul><\/div>\r\n\r\n\t\t<div class=\"slideshow_button slideshow_previous slideshow_transparent\" role=\"button\" data-previous-text=\"Anterior\" style=\"display: none;\"><\/div>\r\n\t\t<div class=\"slideshow_button slideshow_next slideshow_transparent\" role=\"button\" data-next-text=\"Seg\u00fcent\" style=\"display: none;\"><\/div>\r\n\r\n\t\t<div class=\"slideshow_pagination\" style=\"display: none;\" data-go-to-text=\"V\u00e9s a la diapositiva\"><div class=\"slideshow_pagination_center\"><\/div><\/div>\r\n\r\n\t\t<!-- WordPress Slideshow Version 2.3.1 -->\r\n\r\n\t\t\t<\/div>\r\n\r\n\n","protected":false},"excerpt":{"rendered":"<p>Benvinguts a la nostra escola!!!.<br \/>\nEl nostre centre disposa de tres aules on els alumnes realitzen les seves activitats di\u00e0ries.\u00a0 Aquestes s\u00f3n l&#8217;aula d&#8217;Educaci\u00f3 Infantil, l&#8217;aula de l&#8217;alumnat de segon i tercer i l&#8217;aula de l&#8217;alumnat de quart, cinqu\u00e8 i sis\u00e8. A m\u00e9s a m\u00e9s, des&hellip;  <a href=\"https:\/\/agora.xtec.cat\/zermontcaro\/alfara\/\" title=\"Read Escola Alfara de Carles\">Llegeix m\u00e9s\u00bb<\/a><\/p>\n","protected":false},"author":1,"featured_media":0,"parent":0,"menu_order":0,"comment_status":"closed","ping_status":"closed","template":"page-templates\/side-menu.php","meta":{"_bbp_topic_count":0,"_bbp_reply_count":0,"_bbp_total_topic_count":0,"_bbp_total_reply_count":0,"_bbp_voice_count":0,"_bbp_anonymous_reply_count":0,"_bbp_topic_count_hidden":0,"_bbp_reply_count_hidden":0,"_bbp_forum_subforum_count":0,"footnotes":""},"class_list":["post-264","page","type-page","status-publish","hentry"],"post_mailing_queue_ids":[],"_links":{"self":[{"href":"https:\/\/agora.xtec.cat\/zermontcaro\/wp-json\/wp\/v2\/pages\/264","targetHints":{"allow":["GET"]}}],"collection":[{"href":"https:\/\/agora.xtec.cat\/zermontcaro\/wp-json\/wp\/v2\/pages"}],"about":[{"href":"https:\/\/agora.xtec.cat\/zermontcaro\/wp-json\/wp\/v2\/types\/page"}],"author":[{"embeddable":true,"href":"https:\/\/agora.xtec.cat\/zermontcaro\/wp-json\/wp\/v2\/users\/1"}],"replies":[{"embeddable":true,"href":"https:\/\/agora.xtec.cat\/zermontcaro\/wp-json\/wp\/v2\/comments?post=264"}],"version-history":[{"count":7,"href":"https:\/\/agora.xtec.cat\/zermontcaro\/wp-json\/wp\/v2\/pages\/264\/revisions"}],"predecessor-version":[{"id":5552,"href":"https:\/\/agora.xtec.cat\/zermontcaro\/wp-json\/wp\/v2\/pages\/264\/revisions\/5552"}],"wp:attachment":[{"href":"https:\/\/agora.xtec.cat\/zermontcaro\/wp-json\/wp\/v2\/media?parent=264"}],"curies":[{"name":"wp","href":"https:\/\/api.w.org\/{rel}","templated":true}]}}