{"id":261,"date":"2015-07-20T13:05:00","date_gmt":"2015-07-20T12:05:00","guid":{"rendered":"http:\/\/agora.xtec.cat\/zermontcaro\/?page_id=261"},"modified":"2020-01-14T16:15:16","modified_gmt":"2020-01-14T15:15:16","slug":"qui-som","status":"publish","type":"page","link":"https:\/\/agora.xtec.cat\/zermontcaro\/alfara\/qui-som\/","title":{"rendered":"Qui som"},"content":{"rendered":"<p>L\u2019Escola Alfara de Carles \u00e9s una escola molt petita, d\u2019\u00e0mbit rural. L\u2019alumnat que assisteix al centre\u00a0 prov\u00e9 majorit\u00e0riament de la gent del municipi, treballadora , sense massa problemes econ\u00f2mics ni socials. Comptem amb un total de 21 alumnes.<\/p>\n<p>El centre actual \u00e9s de nova construcci\u00f3, es tracta d\u2019un \u00fanic edifici, amb dues aules d\u2019Educaci\u00f3 Prim\u00e0ria i una aula d\u2019Educaci\u00f3 Infantil, aula d\u2019Inform\u00e0tica, de M\u00fasica, sala d\u2019usos m\u00faltiples, zona de despatx, cuina i menjador.<\/p>\n<p>El fet de ser una escola rural ens permet gestionar els agrupaments dels alumnes d\u2019acord amb les necessitats de cada moment. Actualment i donat al nombre d\u2019alumnes i de mestres s\u2019ha optat per distribuir els nens i nenes en grup de tres nivells diferents.<\/p>\n<p>L\u2019entorn \u00e9s un altre element a destacar ja que ens dona l\u2019oportunitat de viure en directe els canvis i processos tan socials com naturals que es produeixen i que ajuden a con\u00e8ixer, estimar i valorar el que tenim.<\/p>\n<p>&nbsp;<\/p>\n","protected":false},"excerpt":{"rendered":"<p>L\u2019Escola Alfara de Carles \u00e9s una escola molt petita, d\u2019\u00e0mbit rural. L\u2019alumnat que assisteix al centre\u00a0 prov\u00e9 majorit\u00e0riament de la gent del municipi, treballadora , sense massa problemes econ\u00f2mics ni socials. Comptem amb un total de 21 alumnes.<br \/>\nEl centre actual \u00e9s de nova construcci\u00f3, es&hellip;  <a href=\"https:\/\/agora.xtec.cat\/zermontcaro\/alfara\/qui-som\/\" title=\"Read Qui som\">Llegeix m\u00e9s\u00bb<\/a><\/p>\n","protected":false},"author":1,"featured_media":0,"parent":264,"menu_order":10,"comment_status":"closed","ping_status":"closed","template":"page-templates\/side-menu.php","meta":{"_bbp_topic_count":0,"_bbp_reply_count":0,"_bbp_total_topic_count":0,"_bbp_total_reply_count":0,"_bbp_voice_count":0,"_bbp_anonymous_reply_count":0,"_bbp_topic_count_hidden":0,"_bbp_reply_count_hidden":0,"_bbp_forum_subforum_count":0,"footnotes":""},"class_list":["post-261","page","type-page","status-publish","hentry"],"post_mailing_queue_ids":[],"_links":{"self":[{"href":"https:\/\/agora.xtec.cat\/zermontcaro\/wp-json\/wp\/v2\/pages\/261","targetHints":{"allow":["GET"]}}],"collection":[{"href":"https:\/\/agora.xtec.cat\/zermontcaro\/wp-json\/wp\/v2\/pages"}],"about":[{"href":"https:\/\/agora.xtec.cat\/zermontcaro\/wp-json\/wp\/v2\/types\/page"}],"author":[{"embeddable":true,"href":"https:\/\/agora.xtec.cat\/zermontcaro\/wp-json\/wp\/v2\/users\/1"}],"replies":[{"embeddable":true,"href":"https:\/\/agora.xtec.cat\/zermontcaro\/wp-json\/wp\/v2\/comments?post=261"}],"version-history":[{"count":2,"href":"https:\/\/agora.xtec.cat\/zermontcaro\/wp-json\/wp\/v2\/pages\/261\/revisions"}],"predecessor-version":[{"id":695,"href":"https:\/\/agora.xtec.cat\/zermontcaro\/wp-json\/wp\/v2\/pages\/261\/revisions\/695"}],"up":[{"embeddable":true,"href":"https:\/\/agora.xtec.cat\/zermontcaro\/wp-json\/wp\/v2\/pages\/264"}],"wp:attachment":[{"href":"https:\/\/agora.xtec.cat\/zermontcaro\/wp-json\/wp\/v2\/media?parent=261"}],"curies":[{"name":"wp","href":"https:\/\/api.w.org\/{rel}","templated":true}]}}