{"id":258,"date":"2015-07-20T12:40:06","date_gmt":"2015-07-20T11:40:06","guid":{"rendered":"http:\/\/agora.xtec.cat\/zermontcaro\/?page_id=258"},"modified":"2020-12-13T22:48:25","modified_gmt":"2020-12-13T21:48:25","slug":"qui-som","status":"publish","type":"page","link":"https:\/\/agora.xtec.cat\/zermontcaro\/zer\/qui-som\/","title":{"rendered":"Qui som"},"content":{"rendered":"<div class=\"entry-content\">\n<p>La ZER Mont Caro es va constituir el curs 1999. Consta de tres escoles d\u2019 Educaci\u00f3 Infantil i Prim\u00e0ria.<\/p>\n<ul>\n<li>Escola Raval de Cristo.<\/li>\n<li>Escola Sant Antoni Abat de Els Reguers.<\/li>\n<li>Escola Alfara de Carles.<\/li>\n<\/ul>\n<p>Les tres escoles que formen la ZER s\u00f3n incompletes. La de la Raval de Cristo (ESC Raval de Cristo) amb sis unitats \u00e9s c\u00edclica, les dels Reguers (ESC Sant Antoni Abat) i la d&#8217;Alfara de Carles (ESC Alfara de Carles) tenen tres i dos unitats respectivament.<\/p>\n<p>Les tres escoles realitzen la sisena hora de manera que el seu horari \u00e9s de 9:00 a 13:00 h i de 15:00 a 17:00 h.<\/p>\n<p>Les 3 escoles estan ubicades enmig d\u2019un entorn natural immillorable, molt a prop dels Ports, del Delta i del riu Ebre.<\/p>\n<p>El nostre alumnat prov\u00e9 de fam\u00edlies dedicades al m\u00f3n rural, industrial, de serveis i a d&#8217;altres sectors.<\/p>\n<\/div>\n<p>La zona escolar rural t\u00e9 consideraci\u00f3 de centre educatiu \u00fanic amb les caracter\u00edstiques i els efectes que es determinen en el <a href=\"http:\/\/dogc.gencat.cat\/ca\/pdogc_canals_interns\/pdogc_resultats_fitxa\/?documentId=545262&amp;language=ca_ES&amp;action=fitxa\" target=\"_blank\" rel=\"noopener noreferrer\">Decret 102\/2010, de 3 d\u2019agost d\u2019autonomia dels centres educatius<\/a>, sense perjudici de respectar la identitat jur\u00eddica de cadascuna de les escoles que la integren.<\/p>\n","protected":false},"excerpt":{"rendered":"<p>La ZER Mont Caro es va constituir el curs 1999. Consta de tres escoles d\u2019 Educaci\u00f3 Infantil i Prim\u00e0ria.<\/p>\n<ul>\n<li>Escola Raval de Cristo.<\/li>\n<li>Escola Sant Antoni Abat de Els Reguers.<\/li>\n<li>Escola Alfara de Carles.<\/li>\n<\/ul>\n<p>Les tres escoles que formen la ZER s\u00f3n incompletes. La de la Raval de Cristo&hellip;  <a href=\"https:\/\/agora.xtec.cat\/zermontcaro\/zer\/qui-som\/\" title=\"Read Qui som\">Llegeix m\u00e9s\u00bb<\/a><\/p>\n","protected":false},"author":1,"featured_media":0,"parent":19,"menu_order":0,"comment_status":"closed","ping_status":"closed","template":"page-templates\/side-menu.php","meta":{"_bbp_topic_count":0,"_bbp_reply_count":0,"_bbp_total_topic_count":0,"_bbp_total_reply_count":0,"_bbp_voice_count":0,"_bbp_anonymous_reply_count":0,"_bbp_topic_count_hidden":0,"_bbp_reply_count_hidden":0,"_bbp_forum_subforum_count":0,"footnotes":""},"class_list":["post-258","page","type-page","status-publish","hentry"],"post_mailing_queue_ids":[],"_links":{"self":[{"href":"https:\/\/agora.xtec.cat\/zermontcaro\/wp-json\/wp\/v2\/pages\/258","targetHints":{"allow":["GET"]}}],"collection":[{"href":"https:\/\/agora.xtec.cat\/zermontcaro\/wp-json\/wp\/v2\/pages"}],"about":[{"href":"https:\/\/agora.xtec.cat\/zermontcaro\/wp-json\/wp\/v2\/types\/page"}],"author":[{"embeddable":true,"href":"https:\/\/agora.xtec.cat\/zermontcaro\/wp-json\/wp\/v2\/users\/1"}],"replies":[{"embeddable":true,"href":"https:\/\/agora.xtec.cat\/zermontcaro\/wp-json\/wp\/v2\/comments?post=258"}],"version-history":[{"count":4,"href":"https:\/\/agora.xtec.cat\/zermontcaro\/wp-json\/wp\/v2\/pages\/258\/revisions"}],"predecessor-version":[{"id":1901,"href":"https:\/\/agora.xtec.cat\/zermontcaro\/wp-json\/wp\/v2\/pages\/258\/revisions\/1901"}],"up":[{"embeddable":true,"href":"https:\/\/agora.xtec.cat\/zermontcaro\/wp-json\/wp\/v2\/pages\/19"}],"wp:attachment":[{"href":"https:\/\/agora.xtec.cat\/zermontcaro\/wp-json\/wp\/v2\/media?parent=258"}],"curies":[{"name":"wp","href":"https:\/\/api.w.org\/{rel}","templated":true}]}}