{"id":9904,"date":"2023-11-26T16:57:53","date_gmt":"2023-11-26T15:57:53","guid":{"rendered":"https:\/\/agora.xtec.cat\/zermoianesllevant\/?page_id=9904"},"modified":"2024-07-09T22:09:22","modified_gmt":"2024-07-09T20:09:22","slug":"preveure-els-incendis","status":"publish","type":"page","link":"https:\/\/agora.xtec.cat\/zermoianesllevant\/steam\/introduccio\/preveure-els-incendis\/","title":{"rendered":"Predir els incendis"},"content":{"rendered":"<p>A la ZER Moian\u00e8s Llevant volem introduir a l&#8217;alumnat en qu\u00e8 \u00e9s la predicci\u00f3 d&#8217;incendis, tasca que actualment fa el grup d&#8217;Agents Rurals de la Generalitat de Catalunya amb gran precisi\u00f3, aqu\u00ed tenim un enlla\u00e7 al mapa de risc de les nostres comarques en temps real.<\/p>\n<p style=\"text-align: center;\"><iframe loading=\"lazy\" src=\"https:\/\/experience.arcgis.com\/experience\/2cf7ebbe492f401db826cb21eae9bfae\" width=\"100%\" height=\"650px\" frameborder=\"0\" allowfullscreen=\"allowfullscreen\"><\/iframe><\/p>\n<p>En la realitat el Pla Alfa, \u00e9s el resultat de combinar una s\u00e8rie de eines de software molt potents que poden ingerir dades preses des de l&#8217;espai i plasmar-les en un mapa a on totes les organitzacions seg\u00fcents tenen alguna cosa a veure: <a href=\"https:\/\/www.ign.es\/web\/ign\/portal\">Instituto Geogr\u00e1fico Nacional<\/a>, <a href=\"https:\/\/es.wikipedia.org\/wiki\/Esri\">Esri<\/a>, <a href=\"https:\/\/maps.here.com\/\">HERE<\/a>, <a href=\"https:\/\/www.garmin.com\/es-ES\/maps\/updates\/\">Garmin<\/a>, <a href=\"https:\/\/en.wikipedia.org\/wiki\/Foursquare_(company)\">Foursquare<\/a>, <a href=\"https:\/\/www.fao.org\/home\/en\/\">FAO<\/a>, <a href=\"https:\/\/lpdaac.usgs.gov\/news\/nasa-and-meti-release-aster-global-dem-version-3\/\">METI\/NASA, USGS<\/a><\/p>\n<p>Amb l&#8217;alumnat s\u00b4ha simplificat \/ imaginat l&#8217;elaboraci\u00f3 d&#8217;aquest mapa com el resultat d&#8217;executar un algoritme que t\u00e9 una s\u00e8rie de dades a la seva entrada i un mapa a la seva sortida tal com es pot veure en la imatge seg\u00fcent:<\/p>\n<p><a href=\"https:\/\/agora.xtec.cat\/zermoianesllevant\/wp-content\/uploads\/usu130\/2023\/11\/algotitma-mapa.png\"><img loading=\"lazy\" decoding=\"async\" class=\"size-large wp-image-9913 aligncenter\" src=\"https:\/\/agora.xtec.cat\/zermoianesllevant\/wp-content\/uploads\/usu130\/2023\/11\/algotitma-mapa-1024x160.png\" alt=\"\" width=\"1024\" height=\"160\" srcset=\"https:\/\/agora.xtec.cat\/zermoianesllevant\/wp-content\/uploads\/usu130\/2023\/11\/algotitma-mapa-1024x160.png 1024w, https:\/\/agora.xtec.cat\/zermoianesllevant\/wp-content\/uploads\/usu130\/2023\/11\/algotitma-mapa-300x47.png 300w, https:\/\/agora.xtec.cat\/zermoianesllevant\/wp-content\/uploads\/usu130\/2023\/11\/algotitma-mapa-768x120.png 768w, https:\/\/agora.xtec.cat\/zermoianesllevant\/wp-content\/uploads\/usu130\/2023\/11\/algotitma-mapa-1536x239.png 1536w, https:\/\/agora.xtec.cat\/zermoianesllevant\/wp-content\/uploads\/usu130\/2023\/11\/algotitma-mapa.png 1912w\" sizes=\"auto, (max-width: 1024px) 100vw, 1024px\" \/><\/a><\/p>\n<p>\u00c9s per tant, l&#8217;objectiu d&#8217;aquesta sessi\u00f3 de treball simular amb un petit algoritme la relaci\u00f3 entre els diferents nivell d&#8217;humitat del terra i prendre una acci\u00f3 o b\u00e9, emetre un codi de colors.<a href=\"https:\/\/agora.xtec.cat\/zermoianesllevant\/wp-content\/uploads\/usu130\/2023\/11\/algoritme-simple.png\"><img loading=\"lazy\" decoding=\"async\" class=\"size-large wp-image-9917 aligncenter\" src=\"https:\/\/agora.xtec.cat\/zermoianesllevant\/wp-content\/uploads\/usu130\/2023\/11\/algoritme-simple-1024x178.png\" alt=\"\" width=\"1024\" height=\"178\" srcset=\"https:\/\/agora.xtec.cat\/zermoianesllevant\/wp-content\/uploads\/usu130\/2023\/11\/algoritme-simple-1024x178.png 1024w, https:\/\/agora.xtec.cat\/zermoianesllevant\/wp-content\/uploads\/usu130\/2023\/11\/algoritme-simple-300x52.png 300w, https:\/\/agora.xtec.cat\/zermoianesllevant\/wp-content\/uploads\/usu130\/2023\/11\/algoritme-simple-768x134.png 768w, https:\/\/agora.xtec.cat\/zermoianesllevant\/wp-content\/uploads\/usu130\/2023\/11\/algoritme-simple.png 1453w\" sizes=\"auto, (max-width: 1024px) 100vw, 1024px\" \/><\/a><\/p>\n<p>Primer, amb el simulador TinkerCAD.<\/p>\n<p>&nbsp;<\/p>\n<p><a href=\"https:\/\/agora.xtec.cat\/zermoianesllevant\/wp-content\/uploads\/usu130\/2023\/12\/circuit.png\"><img loading=\"lazy\" decoding=\"async\" class=\"size-large wp-image-9932 aligncenter\" src=\"https:\/\/agora.xtec.cat\/zermoianesllevant\/wp-content\/uploads\/usu130\/2023\/12\/circuit-1024x504.png\" alt=\"\" width=\"1024\" height=\"504\" srcset=\"https:\/\/agora.xtec.cat\/zermoianesllevant\/wp-content\/uploads\/usu130\/2023\/12\/circuit-1024x504.png 1024w, https:\/\/agora.xtec.cat\/zermoianesllevant\/wp-content\/uploads\/usu130\/2023\/12\/circuit-300x148.png 300w, https:\/\/agora.xtec.cat\/zermoianesllevant\/wp-content\/uploads\/usu130\/2023\/12\/circuit-768x378.png 768w, https:\/\/agora.xtec.cat\/zermoianesllevant\/wp-content\/uploads\/usu130\/2023\/12\/circuit-1536x756.png 1536w, https:\/\/agora.xtec.cat\/zermoianesllevant\/wp-content\/uploads\/usu130\/2023\/12\/circuit-2048x1007.png 2048w\" sizes=\"auto, (max-width: 1024px) 100vw, 1024px\" \/><\/a><\/p>\n<p>&nbsp;<\/p>\n<p><a href=\"https:\/\/agora.xtec.cat\/zermoianesllevant\/wp-content\/uploads\/usu130\/2023\/12\/programacio.png\"><img loading=\"lazy\" decoding=\"async\" class=\"size-large wp-image-9933 aligncenter\" src=\"https:\/\/agora.xtec.cat\/zermoianesllevant\/wp-content\/uploads\/usu130\/2023\/12\/programacio-1024x565.png\" alt=\"\" width=\"1024\" height=\"565\" srcset=\"https:\/\/agora.xtec.cat\/zermoianesllevant\/wp-content\/uploads\/usu130\/2023\/12\/programacio-1024x565.png 1024w, https:\/\/agora.xtec.cat\/zermoianesllevant\/wp-content\/uploads\/usu130\/2023\/12\/programacio-300x165.png 300w, https:\/\/agora.xtec.cat\/zermoianesllevant\/wp-content\/uploads\/usu130\/2023\/12\/programacio-768x424.png 768w, https:\/\/agora.xtec.cat\/zermoianesllevant\/wp-content\/uploads\/usu130\/2023\/12\/programacio-1536x847.png 1536w, https:\/\/agora.xtec.cat\/zermoianesllevant\/wp-content\/uploads\/usu130\/2023\/12\/programacio.png 1936w\" sizes=\"auto, (max-width: 1024px) 100vw, 1024px\" \/><\/a><\/p>\n<p>Una vegada s&#8217;han corregit els problemes en el simulador, l&#8217;alumnat passa a construir el prototip de una soluci\u00f3 real.<\/p>\n<p><a href=\"https:\/\/agora.xtec.cat\/zermoianesllevant\/wp-content\/uploads\/usu130\/2023\/12\/predir.jpg\"><img loading=\"lazy\" decoding=\"async\" class=\"size-large wp-image-9934 aligncenter\" src=\"https:\/\/agora.xtec.cat\/zermoianesllevant\/wp-content\/uploads\/usu130\/2023\/12\/predir-1024x497.jpg\" alt=\"\" width=\"1024\" height=\"497\" srcset=\"https:\/\/agora.xtec.cat\/zermoianesllevant\/wp-content\/uploads\/usu130\/2023\/12\/predir-1024x497.jpg 1024w, https:\/\/agora.xtec.cat\/zermoianesllevant\/wp-content\/uploads\/usu130\/2023\/12\/predir-300x146.jpg 300w, https:\/\/agora.xtec.cat\/zermoianesllevant\/wp-content\/uploads\/usu130\/2023\/12\/predir-768x373.jpg 768w, https:\/\/agora.xtec.cat\/zermoianesllevant\/wp-content\/uploads\/usu130\/2023\/12\/predir-1536x746.jpg 1536w, https:\/\/agora.xtec.cat\/zermoianesllevant\/wp-content\/uploads\/usu130\/2023\/12\/predir.jpg 1600w\" sizes=\"auto, (max-width: 1024px) 100vw, 1024px\" \/><\/a><\/p>\n<p>I finalment, ja poden validar el seu muntatge amb el microprocessador Arduino i una simulaci\u00f3 del bosc amb un test de terra.<\/p>\n<p><a href=\"https:\/\/agora.xtec.cat\/zermoianesllevant\/wp-content\/uploads\/usu130\/2023\/12\/Planta.jpg\"><img loading=\"lazy\" decoding=\"async\" class=\"size-large wp-image-9935 aligncenter\" src=\"https:\/\/agora.xtec.cat\/zermoianesllevant\/wp-content\/uploads\/usu130\/2023\/12\/Planta-1024x497.jpg\" alt=\"\" width=\"1024\" height=\"497\" srcset=\"https:\/\/agora.xtec.cat\/zermoianesllevant\/wp-content\/uploads\/usu130\/2023\/12\/Planta-1024x497.jpg 1024w, https:\/\/agora.xtec.cat\/zermoianesllevant\/wp-content\/uploads\/usu130\/2023\/12\/Planta-300x146.jpg 300w, https:\/\/agora.xtec.cat\/zermoianesllevant\/wp-content\/uploads\/usu130\/2023\/12\/Planta-768x373.jpg 768w, https:\/\/agora.xtec.cat\/zermoianesllevant\/wp-content\/uploads\/usu130\/2023\/12\/Planta-1536x746.jpg 1536w, https:\/\/agora.xtec.cat\/zermoianesllevant\/wp-content\/uploads\/usu130\/2023\/12\/Planta.jpg 1600w\" sizes=\"auto, (max-width: 1024px) 100vw, 1024px\" \/><\/a><\/p>\n<p>Aqu\u00ed, en m\u00e9s detall, es pot veure el treball que finalment ha fet l&#8217;alumnat amb una guia : <a href=\"https:\/\/agora.xtec.cat\/zermoianesllevant\/wp-content\/uploads\/usu130\/2023\/11\/17.0.00-T-ESP-Sensor-humedad-1-1.pdf\">17.0.00-[T]-[ESP]-Sensor humedad-<\/a><\/p>\n<div>Si b\u00e9, abans d&#8217;arribar aqu\u00ed, l&#8217;alumnat ha fet part del seg\u00fcent entrenament:<\/div>\n<div>.<\/div>\n<div><\/div>\n<div><\/div>\n<div>\n<table style=\"border-collapse: collapse; width: 94.0864%;\">\n<tbody>\n<tr>\n<td style=\"width: 50.4434%; text-align: center;\"><a href=\"https:\/\/www.tinkercad.com\/\"><strong>TINKERCAD (Arduino)<\/strong><\/a><\/td>\n<td style=\"width: 47.354%; text-align: center;\"><a href=\"https:\/\/makecode.microbit.org\/#\"><strong>MAKECODE (micro:bit)<\/strong><\/a><\/td>\n<\/tr>\n<tr>\n<td style=\"width: 50.4434%;\">\n<ol>\n<li><a href=\"https:\/\/agora.xtec.cat\/zermoianesllevant\/steam\/tinkercad\/mi-vieja-linterna\/\">Mi vieja linterna<\/a><\/li>\n<li><a href=\"https:\/\/agora.xtec.cat\/zermoianesllevant\/steam\/tinkercad\/mi-primer-circuito\/\">Mi primer circuito<\/a><\/li>\n<li><a href=\"https:\/\/agora.xtec.cat\/zermoianesllevant\/steam\/tinkercad\/circuito-sobre-placa-de-pruebas\/\">Circuito sobre placa de pruebas<\/a><\/li>\n<li><a href=\"https:\/\/agora.xtec.cat\/zermoianesllevant\/steam\/tinkercad\/arduino-preparacion-entorno\/\">Arduino: Preparaci\u00f3n del entorno<\/a><\/li>\n<li><a href=\"https:\/\/agora.xtec.cat\/zermoianesllevant\/steam\/tinkercad\/arduino-circuito-led\/\">Arduino: Circuito LED<\/a><\/li>\n<li><a href=\"https:\/\/agora.xtec.cat\/zermoianesllevant\/steam\/tinkercad\/arduino-semaforo\/\">Arduino; Sem\u00e1foro de coches<\/a><\/li>\n<li><a href=\"https:\/\/agora.xtec.cat\/zermoianesllevant\/steam\/tinkercad\/arduino-semaforo-coches-y-peatones\/\">Arduino: Sem\u00e1foro de coches y peatones<\/a><\/li>\n<li>Arduino: Se\u00f1ales digitales y analogicas<\/li>\n<li>Arduino: Inyectar una se\u00f1al anal\u00f3gica desde un sensor<\/li>\n<li>Arduino: Tomar una decisi\u00f3n en base al valor anal\u00f3gico<\/li>\n<\/ol>\n<\/td>\n<td style=\"width: 47.354%;\">\n<ol>\n<li style=\"list-style-type: none;\">\n<ol>\n<li style=\"list-style-type: none;\">\n<ol>\n<li><a href=\"https:\/\/agora.xtec.cat\/zermoianesllevant\/steam\/micro-bit\/makecode\/\">Conociendo MakeCode<\/a><\/li>\n<li><a href=\"https:\/\/agora.xtec.cat\/zermoianesllevant\/steam\/micro-bit\/contador-en-micro_bit-con-makecode\/\">Contador<\/a><\/li>\n<li><a href=\"https:\/\/agora.xtec.cat\/zermoianesllevant\/steam\/micro-bit\/luces-en-microbit-con-makecode\/\">Gestionar luminosidad de la clase<\/a><\/li>\n<li><a href=\"https:\/\/agora.xtec.cat\/zermoianesllevant\/steam\/micro-bit\/temperatura-en-microbit\/\">Temperatura cerca del microbit<\/a><\/li>\n<li>Comunicaci\u00f3n entre microbits<\/li>\n<li>Inyectar una se\u00f1al anal\u00f3gica desde un sensor<\/li>\n<li>Comunicar temperatura y humedad a un micobit central<\/li>\n<\/ol>\n<\/li>\n<\/ol>\n<\/li>\n<\/ol>\n<p><strong>CONSTRUIR UNA SOLUCI\u00d3N QUE COMBINE TEMPERATURA Y HUMEDAD<\/strong><\/td>\n<\/tr>\n<\/tbody>\n<\/table>\n<\/div>\n<p>En el punt 7 es far\u00e0 servir aquest quadre per relacionar la temperatura i humitat del lloc i determinar el color de la zona.<\/p>\n<p><a href=\"https:\/\/agora.xtec.cat\/zermoianesllevant\/wp-content\/uploads\/usu130\/2024\/06\/Plantilla-colors-risk-dincendis.jpg\"><img loading=\"lazy\" decoding=\"async\" class=\"wp-image-10197 aligncenter\" src=\"https:\/\/agora.xtec.cat\/zermoianesllevant\/wp-content\/uploads\/usu130\/2024\/06\/Plantilla-colors-risk-dincendis.jpg\" alt=\"\" width=\"915\" height=\"483\" srcset=\"https:\/\/agora.xtec.cat\/zermoianesllevant\/wp-content\/uploads\/usu130\/2024\/06\/Plantilla-colors-risk-dincendis.jpg 1105w, https:\/\/agora.xtec.cat\/zermoianesllevant\/wp-content\/uploads\/usu130\/2024\/06\/Plantilla-colors-risk-dincendis-300x158.jpg 300w, https:\/\/agora.xtec.cat\/zermoianesllevant\/wp-content\/uploads\/usu130\/2024\/06\/Plantilla-colors-risk-dincendis-1024x540.jpg 1024w, https:\/\/agora.xtec.cat\/zermoianesllevant\/wp-content\/uploads\/usu130\/2024\/06\/Plantilla-colors-risk-dincendis-768x405.jpg 768w\" sizes=\"auto, (max-width: 915px) 100vw, 915px\" \/><\/a><\/p>\n","protected":false},"excerpt":{"rendered":"<p>A la ZER Moian\u00e8s Llevant volem introduir a l&#8217;alumnat en qu\u00e8 \u00e9s la predicci\u00f3 d&#8217;incendis, tasca que actualment fa el grup d&#8217;Agents Rurals de la Generalitat de Catalunya amb gran precisi\u00f3, aqu\u00ed tenim un enlla\u00e7 al mapa de risc de les nostres comarques en temps&hellip;  <a href=\"https:\/\/agora.xtec.cat\/zermoianesllevant\/steam\/introduccio\/preveure-els-incendis\/\" title=\"Read Predir els incendis\">Llegeix m\u00e9s\u00bb<\/a><\/p>\n","protected":false},"author":1,"featured_media":0,"parent":9829,"menu_order":20,"comment_status":"closed","ping_status":"closed","template":"page-templates\/side-menu.php","meta":{"_bbp_topic_count":0,"_bbp_reply_count":0,"_bbp_total_topic_count":0,"_bbp_total_reply_count":0,"_bbp_voice_count":0,"_bbp_anonymous_reply_count":0,"_bbp_topic_count_hidden":0,"_bbp_reply_count_hidden":0,"_bbp_forum_subforum_count":0,"footnotes":""},"class_list":["post-9904","page","type-page","status-publish","hentry"],"post_mailing_queue_ids":[],"_links":{"self":[{"href":"https:\/\/agora.xtec.cat\/zermoianesllevant\/wp-json\/wp\/v2\/pages\/9904","targetHints":{"allow":["GET"]}}],"collection":[{"href":"https:\/\/agora.xtec.cat\/zermoianesllevant\/wp-json\/wp\/v2\/pages"}],"about":[{"href":"https:\/\/agora.xtec.cat\/zermoianesllevant\/wp-json\/wp\/v2\/types\/page"}],"author":[{"embeddable":true,"href":"https:\/\/agora.xtec.cat\/zermoianesllevant\/wp-json\/wp\/v2\/users\/1"}],"replies":[{"embeddable":true,"href":"https:\/\/agora.xtec.cat\/zermoianesllevant\/wp-json\/wp\/v2\/comments?post=9904"}],"version-history":[{"count":7,"href":"https:\/\/agora.xtec.cat\/zermoianesllevant\/wp-json\/wp\/v2\/pages\/9904\/revisions"}],"predecessor-version":[{"id":10213,"href":"https:\/\/agora.xtec.cat\/zermoianesllevant\/wp-json\/wp\/v2\/pages\/9904\/revisions\/10213"}],"up":[{"embeddable":true,"href":"https:\/\/agora.xtec.cat\/zermoianesllevant\/wp-json\/wp\/v2\/pages\/9829"}],"wp:attachment":[{"href":"https:\/\/agora.xtec.cat\/zermoianesllevant\/wp-json\/wp\/v2\/media?parent=9904"}],"curies":[{"name":"wp","href":"https:\/\/api.w.org\/{rel}","templated":true}]}}