{"id":9883,"date":"2023-11-25T19:48:09","date_gmt":"2023-11-25T18:48:09","guid":{"rendered":"https:\/\/agora.xtec.cat\/zermoianesllevant\/?page_id=9883"},"modified":"2023-11-26T16:57:07","modified_gmt":"2023-11-26T15:57:07","slug":"materia","status":"publish","type":"page","link":"https:\/\/agora.xtec.cat\/zermoianesllevant\/steam\/introduccio\/materia\/","title":{"rendered":"La materia"},"content":{"rendered":"<div class=\"entry-content\">\n<p>Nom\u00e9s existeix el que veiem?<\/p>\n<p>El misteri de les espelmes que s&#8217;apaguen soles.<\/p>\n<table style=\"border-collapse: collapse; width: 100%;\">\n<tbody>\n<tr>\n<td style=\"width: 50%;\"><a href=\"https:\/\/agora.xtec.cat\/zermoianesllevant\/wp-content\/uploads\/usu130\/2023\/10\/velas.png\"><img loading=\"lazy\" decoding=\"async\" class=\"alignnone size-full wp-image-9808\" src=\"https:\/\/agora.xtec.cat\/zermoianesllevant\/wp-content\/uploads\/usu130\/2023\/10\/velas.png\" alt=\"\" width=\"637\" height=\"439\" srcset=\"https:\/\/agora.xtec.cat\/zermoianesllevant\/wp-content\/uploads\/usu130\/2023\/10\/velas.png 637w, https:\/\/agora.xtec.cat\/zermoianesllevant\/wp-content\/uploads\/usu130\/2023\/10\/velas-300x207.png 300w\" sizes=\"auto, (max-width: 637px) 100vw, 637px\" \/><\/a><\/td>\n<td style=\"width: 50%;\"><a href=\"https:\/\/agora.xtec.cat\/zermoianesllevant\/wp-content\/uploads\/usu130\/2023\/11\/Extintor.png\"><img loading=\"lazy\" decoding=\"async\" class=\"alignnone wp-image-9894\" src=\"https:\/\/agora.xtec.cat\/zermoianesllevant\/wp-content\/uploads\/usu130\/2023\/11\/Extintor.png\" alt=\"\" width=\"503\" height=\"372\" srcset=\"https:\/\/agora.xtec.cat\/zermoianesllevant\/wp-content\/uploads\/usu130\/2023\/11\/Extintor.png 658w, https:\/\/agora.xtec.cat\/zermoianesllevant\/wp-content\/uploads\/usu130\/2023\/11\/Extintor-300x222.png 300w\" sizes=\"auto, (max-width: 503px) 100vw, 503px\" \/><\/a><\/td>\n<\/tr>\n<tr>\n<td style=\"width: 50%; text-align: center;\"><em>Sincrotr\u00f3 Alba (Cerdanyola)<\/em><\/td>\n<td style=\"width: 50%; text-align: center;\"><em>Font: Ludus Global<\/em><\/td>\n<\/tr>\n<\/tbody>\n<\/table>\n<p>&nbsp;<\/p>\n<p>Guies de treball:\u00a0<a href=\"https:\/\/agora.xtec.cat\/zermoianesllevant\/wp-content\/uploads\/usu130\/2020\/10\/MA_Lab1_cat.pdf\">MA_Lab1_cat<\/a><\/p>\n<p>Aclariments: La efic\u00e0cia de fer servir CO2 davant d&#8217;un incendi es basa en la seva capacitat per despla\u00e7ar r\u00e0pidament l&#8217;oxigen, aconseguint aix\u00ed extingir el foc.<\/p>\n<p>Aquest m\u00e8tode \u00e9s ideal per a l&#8217;extinci\u00f3 d&#8217;incendis produ\u00efts o generats per combustibles l\u00edquids, com ara gasolines, pintures o olis o focs amb pres\u00e8ncia de corrent el\u00e8ctric. De fet, s\u00f3n els \u00fanics recomanats per evitar el foc originat en equips el\u00e8ctrics. En aquests tipus de foc l&#8217;\u00fas d&#8217;aigua serveix de ben poc, al contrari del que passar\u00e0 amb un extintor de CO2, que permetr\u00e0 refredar el combustible fins a asfixiar-lo. En no conduir el CO2 l&#8217;electricitat, \u00e9s l&#8217;apropiat per als incendis en qu\u00e8 hi ha risc de corrent el\u00e8ctric.<\/p>\n<p>Els extintor de CO2 refreden el medi al qual es dirigeix \u200b\u200ba una temperatura que oscil\u00b7la els -80\u00ba, per la qual cosa cal extremar les precaucions d&#8217;\u00fas. La seva projecci\u00f3 sobre la pell pot derivar en cremades per congelaci\u00f3, per la qual cosa cal agafar-les per la zona m\u00e9s allunyada del punt de projecci\u00f3.<\/p>\n<p>Els extintors de CO2 no deixen residus despr\u00e9s d&#8217;utilitzar-los, com passa amb els extintors qu\u00edmics, ni tampoc perjudica els elements que hi ha al voltant del foc, en tractar-se d&#8217;un gas. \u00c9s una cosa que no passa, per exemple, amb un extintor convencional.<\/p>\n<p>Tampoc no podem perdre de vista que el CO2 \u00e9s un gas que despla\u00e7a l&#8217;oxigen de l&#8217;aire, i aquesta caracter\u00edstica el converteixen en perill\u00f3s per a la salut en llocs tancats.<\/p>\n<p><em>Font: <a href=\"https:\/\/www.grupread.com\/actualidad\/como-actua-el-extintor-de-co2-frente-a-un-fuego\">GrupRead<\/a><\/em><\/p>\n<p>&nbsp;<\/p>\n<\/div>\n","protected":false},"excerpt":{"rendered":"<p>Nom\u00e9s existeix el que veiem?<br \/>\nEl misteri de les espelmes que s&#8217;apaguen soles.<\/p>\n<p><a href=\"https:\/\/agora.xtec.cat\/zermoianesllevant\/wp-content\/uploads\/usu130\/2023\/10\/velas.png\"><\/a><br \/>\n<a href=\"https:\/\/agora.xtec.cat\/zermoianesllevant\/wp-content\/uploads\/usu130\/2023\/11\/Extintor.png\"><\/a><\/p>\n<p>Sincrotr\u00f3 Alba (Cerdanyola)<br \/>\nFont: Ludus Global<\/p>\n<p>&nbsp;<br \/>\nGuies de treball:\u00a0<a href=\"https:\/\/agora.xtec.cat\/zermoianesllevant\/wp-content\/uploads\/usu130\/2020\/10\/MA_Lab1_cat.pdf\">MA_Lab1_cat<\/a><br \/>\nAclariments: La efic\u00e0cia de fer servir CO2 davant d&#8217;un incendi es basa en la seva capacitat per despla\u00e7ar r\u00e0pidament l&#8217;oxigen, aconseguint aix\u00ed extingir el foc.<br \/>\nAquest&hellip;  <a href=\"https:\/\/agora.xtec.cat\/zermoianesllevant\/steam\/introduccio\/materia\/\" title=\"Read La materia\">Llegeix m\u00e9s\u00bb<\/a><\/p>\n","protected":false},"author":1,"featured_media":0,"parent":9829,"menu_order":10,"comment_status":"closed","ping_status":"closed","template":"page-templates\/side-menu.php","meta":{"_bbp_topic_count":0,"_bbp_reply_count":0,"_bbp_total_topic_count":0,"_bbp_total_reply_count":0,"_bbp_voice_count":0,"_bbp_anonymous_reply_count":0,"_bbp_topic_count_hidden":0,"_bbp_reply_count_hidden":0,"_bbp_forum_subforum_count":0,"footnotes":""},"class_list":["post-9883","page","type-page","status-publish","hentry"],"post_mailing_queue_ids":[],"_links":{"self":[{"href":"https:\/\/agora.xtec.cat\/zermoianesllevant\/wp-json\/wp\/v2\/pages\/9883","targetHints":{"allow":["GET"]}}],"collection":[{"href":"https:\/\/agora.xtec.cat\/zermoianesllevant\/wp-json\/wp\/v2\/pages"}],"about":[{"href":"https:\/\/agora.xtec.cat\/zermoianesllevant\/wp-json\/wp\/v2\/types\/page"}],"author":[{"embeddable":true,"href":"https:\/\/agora.xtec.cat\/zermoianesllevant\/wp-json\/wp\/v2\/users\/1"}],"replies":[{"embeddable":true,"href":"https:\/\/agora.xtec.cat\/zermoianesllevant\/wp-json\/wp\/v2\/comments?post=9883"}],"version-history":[{"count":6,"href":"https:\/\/agora.xtec.cat\/zermoianesllevant\/wp-json\/wp\/v2\/pages\/9883\/revisions"}],"predecessor-version":[{"id":9903,"href":"https:\/\/agora.xtec.cat\/zermoianesllevant\/wp-json\/wp\/v2\/pages\/9883\/revisions\/9903"}],"up":[{"embeddable":true,"href":"https:\/\/agora.xtec.cat\/zermoianesllevant\/wp-json\/wp\/v2\/pages\/9829"}],"wp:attachment":[{"href":"https:\/\/agora.xtec.cat\/zermoianesllevant\/wp-json\/wp\/v2\/media?parent=9883"}],"curies":[{"name":"wp","href":"https:\/\/api.w.org\/{rel}","templated":true}]}}