{"id":9881,"date":"2023-11-25T19:41:00","date_gmt":"2023-11-25T18:41:00","guid":{"rendered":"https:\/\/agora.xtec.cat\/zermoianesllevant\/?page_id=9881"},"modified":"2023-11-26T16:51:40","modified_gmt":"2023-11-26T15:51:40","slug":"lenergia","status":"publish","type":"page","link":"https:\/\/agora.xtec.cat\/zermoianesllevant\/steam\/introduccio\/lenergia\/","title":{"rendered":"L&#8217;energia"},"content":{"rendered":"<p>Qu\u00e8 provoca els canvis en la mat\u00e8ria?<\/p>\n<table style=\"border-collapse: collapse; width: 100%;\">\n<tbody>\n<tr>\n<td style=\"width: 33.3333%;\"><a href=\"https:\/\/agora.xtec.cat\/zermoianesllevant\/wp-content\/uploads\/usu130\/2023\/11\/provocar-un-incendi.png\"><img loading=\"lazy\" decoding=\"async\" class=\"alignnone size-full wp-image-9848\" src=\"https:\/\/agora.xtec.cat\/zermoianesllevant\/wp-content\/uploads\/usu130\/2023\/11\/provocar-un-incendi.png\" alt=\"\" width=\"588\" height=\"321\" srcset=\"https:\/\/agora.xtec.cat\/zermoianesllevant\/wp-content\/uploads\/usu130\/2023\/11\/provocar-un-incendi.png 588w, https:\/\/agora.xtec.cat\/zermoianesllevant\/wp-content\/uploads\/usu130\/2023\/11\/provocar-un-incendi-300x164.png 300w\" sizes=\"auto, (max-width: 588px) 100vw, 588px\" \/><\/a><\/td>\n<td style=\"width: 33.3333%;\"><a href=\"https:\/\/agora.xtec.cat\/zermoianesllevant\/wp-content\/uploads\/usu130\/2023\/11\/ampolles.png\"><img loading=\"lazy\" decoding=\"async\" class=\"alignnone size-full wp-image-9900\" src=\"https:\/\/agora.xtec.cat\/zermoianesllevant\/wp-content\/uploads\/usu130\/2023\/11\/ampolles.png\" alt=\"\" width=\"472\" height=\"309\" srcset=\"https:\/\/agora.xtec.cat\/zermoianesllevant\/wp-content\/uploads\/usu130\/2023\/11\/ampolles.png 472w, https:\/\/agora.xtec.cat\/zermoianesllevant\/wp-content\/uploads\/usu130\/2023\/11\/ampolles-300x196.png 300w\" sizes=\"auto, (max-width: 472px) 100vw, 472px\" \/><\/a><\/td>\n<td style=\"width: 33.3333%;\"><a href=\"https:\/\/agora.xtec.cat\/zermoianesllevant\/wp-content\/uploads\/usu130\/2023\/11\/greenpeace.png\"><img loading=\"lazy\" decoding=\"async\" class=\"alignnone size-full wp-image-9898\" src=\"https:\/\/agora.xtec.cat\/zermoianesllevant\/wp-content\/uploads\/usu130\/2023\/11\/greenpeace.png\" alt=\"\" width=\"762\" height=\"510\" srcset=\"https:\/\/agora.xtec.cat\/zermoianesllevant\/wp-content\/uploads\/usu130\/2023\/11\/greenpeace.png 762w, https:\/\/agora.xtec.cat\/zermoianesllevant\/wp-content\/uploads\/usu130\/2023\/11\/greenpeace-300x201.png 300w\" sizes=\"auto, (max-width: 762px) 100vw, 762px\" \/><\/a><\/td>\n<\/tr>\n<tr>\n<td style=\"width: 33.3333%; text-align: center;\"><em>Sincrotr\u00f3 Alba<\/em><\/td>\n<td style=\"width: 33.3333%; text-align: center;\"><em>Font: Internet<\/em><\/td>\n<td style=\"width: 33.3333%; text-align: center;\"><em>Font: Greenpeace<\/em><\/td>\n<\/tr>\n<\/tbody>\n<\/table>\n<p><a href=\"https:\/\/agora.xtec.cat\/zermoianesllevant\/wp-content\/uploads\/usu130\/2020\/10\/MA_Lab3_cat.pdf\">Guia de treball: MA_Lab3_cat<\/a><\/p>\n<p>La ZER (Zona d\u2019escoles rurals) Moian\u00e8s Llevant situada en una zona d\u2019alt risc d\u2019incendis (ZAR) te una especial sensibilitat, des de la seva fundaci\u00f3, en realitzar tasques de prevenci\u00f3 d\u2019incendis. \u00c9s quelcom en el ADN del col\u00b7lectiu escolar rural.<\/p>\n<p>Cada any alumnes, professors, fam\u00edlies i ve\u00efns surten al bosc a fer tasques de prevenci\u00f3 d\u2019incendis retirant tot tipus de brossa, en especial ampolles que poden fer de disparador d\u2019incendis.<\/p>\n<p>Ara, aquest curs 23-24 la comunitat escolar ha volgut donar un pas endavant, no sol demostrant que una ampolla pot provocar un incendi, com es fa en aquesta sessi\u00f3 escolar, sin\u00f3, com es demostrar\u00e0 en les properes sessions com extingir un foc i tamb\u00e9 com preveure a on es pot produir un incendi.<\/p>\n","protected":false},"excerpt":{"rendered":"<p>Qu\u00e8 provoca els canvis en la mat\u00e8ria?<\/p>\n<p><a href=\"https:\/\/agora.xtec.cat\/zermoianesllevant\/wp-content\/uploads\/usu130\/2023\/11\/provocar-un-incendi.png\"><\/a><br \/>\n<a href=\"https:\/\/agora.xtec.cat\/zermoianesllevant\/wp-content\/uploads\/usu130\/2023\/11\/ampolles.png\"><\/a><br \/>\n<a href=\"https:\/\/agora.xtec.cat\/zermoianesllevant\/wp-content\/uploads\/usu130\/2023\/11\/greenpeace.png\"><\/a><\/p>\n<p>Sincrotr\u00f3 Alba<br \/>\nFont: Internet<br \/>\nFont: Greenpeace<\/p>\n<p><a href=\"https:\/\/agora.xtec.cat\/zermoianesllevant\/wp-content\/uploads\/usu130\/2020\/10\/MA_Lab3_cat.pdf\">Guia de treball: MA_Lab3_cat<\/a><br \/>\nLa ZER (Zona d\u2019escoles rurals) Moian\u00e8s Llevant situada en una zona d\u2019alt risc d\u2019incendis (ZAR) te una especial sensibilitat, des de la seva fundaci\u00f3, en realitzar tasques de prevenci\u00f3&hellip;  <a href=\"https:\/\/agora.xtec.cat\/zermoianesllevant\/steam\/introduccio\/lenergia\/\" title=\"Read L&#8217;energia\">Llegeix m\u00e9s\u00bb<\/a><\/p>\n","protected":false},"author":1,"featured_media":0,"parent":9829,"menu_order":5,"comment_status":"closed","ping_status":"closed","template":"page-templates\/side-menu.php","meta":{"_bbp_topic_count":0,"_bbp_reply_count":0,"_bbp_total_topic_count":0,"_bbp_total_reply_count":0,"_bbp_voice_count":0,"_bbp_anonymous_reply_count":0,"_bbp_topic_count_hidden":0,"_bbp_reply_count_hidden":0,"_bbp_forum_subforum_count":0,"footnotes":""},"class_list":["post-9881","page","type-page","status-publish","hentry"],"post_mailing_queue_ids":[],"_links":{"self":[{"href":"https:\/\/agora.xtec.cat\/zermoianesllevant\/wp-json\/wp\/v2\/pages\/9881","targetHints":{"allow":["GET"]}}],"collection":[{"href":"https:\/\/agora.xtec.cat\/zermoianesllevant\/wp-json\/wp\/v2\/pages"}],"about":[{"href":"https:\/\/agora.xtec.cat\/zermoianesllevant\/wp-json\/wp\/v2\/types\/page"}],"author":[{"embeddable":true,"href":"https:\/\/agora.xtec.cat\/zermoianesllevant\/wp-json\/wp\/v2\/users\/1"}],"replies":[{"embeddable":true,"href":"https:\/\/agora.xtec.cat\/zermoianesllevant\/wp-json\/wp\/v2\/comments?post=9881"}],"version-history":[{"count":6,"href":"https:\/\/agora.xtec.cat\/zermoianesllevant\/wp-json\/wp\/v2\/pages\/9881\/revisions"}],"predecessor-version":[{"id":9902,"href":"https:\/\/agora.xtec.cat\/zermoianesllevant\/wp-json\/wp\/v2\/pages\/9881\/revisions\/9902"}],"up":[{"embeddable":true,"href":"https:\/\/agora.xtec.cat\/zermoianesllevant\/wp-json\/wp\/v2\/pages\/9829"}],"wp:attachment":[{"href":"https:\/\/agora.xtec.cat\/zermoianesllevant\/wp-json\/wp\/v2\/media?parent=9881"}],"curies":[{"name":"wp","href":"https:\/\/api.w.org\/{rel}","templated":true}]}}