{"id":9829,"date":"2023-11-14T16:32:39","date_gmt":"2023-11-14T15:32:39","guid":{"rendered":"https:\/\/agora.xtec.cat\/zermoianesllevant\/?page_id=9829"},"modified":"2024-07-09T23:06:25","modified_gmt":"2024-07-09T21:06:25","slug":"introduccio","status":"publish","type":"page","link":"https:\/\/agora.xtec.cat\/zermoianesllevant\/steam\/introduccio\/","title":{"rendered":"LLuitadors contra els focs forestals"},"content":{"rendered":"<p>De reaccionar (apagar el foc) a prevenir (evitar el foc) i a predir (imaginar el futur) en la defensa forestal amb recursos STEM!<\/p>\n<p><strong>Introducci\u00f3 al projecte: <a href=\"https:\/\/agora.xtec.cat\/zermoianesllevant\/wp-content\/uploads\/usu130\/2023\/09\/Lluitadors-del-foc_v2.pdf\">Lluitadors del foc_v2<\/a><\/strong><\/p>\n<p><span style=\"font-family: inherit; font-size: 1em;\">Durant el curs 2023 &#8211; 2024 els tutors dels graus superior de prim\u00e0ria a la ZER Moian\u00e8s Llevant \u00a0estan seleccionant una s\u00e8rie d&#8217;activitats per adquirir uns coneixements b\u00e0sics per part de l&#8217;alumnat per a entendre com es poden produir incendis forestals i t\u00e8cniques per eliminar les flames.<\/span><\/p>\n<table style=\"border-collapse: collapse; width: 87.4027%;\">\n<tbody>\n<tr>\n<td style=\"width: 41.2597%;\"><a href=\"https:\/\/agora.xtec.cat\/zermoianesllevant\/wp-content\/uploads\/usu130\/2023\/11\/provocar-un-incendi.png\"><img loading=\"lazy\" decoding=\"async\" class=\"wp-image-9848 aligncenter\" src=\"https:\/\/agora.xtec.cat\/zermoianesllevant\/wp-content\/uploads\/usu130\/2023\/11\/provocar-un-incendi.png\" alt=\"\" width=\"442\" height=\"242\" srcset=\"https:\/\/agora.xtec.cat\/zermoianesllevant\/wp-content\/uploads\/usu130\/2023\/11\/provocar-un-incendi.png 588w, https:\/\/agora.xtec.cat\/zermoianesllevant\/wp-content\/uploads\/usu130\/2023\/11\/provocar-un-incendi-300x164.png 300w\" sizes=\"auto, (max-width: 442px) 100vw, 442px\" \/><\/a><\/td>\n<td style=\"width: 46.1439%;\"><a href=\"https:\/\/agora.xtec.cat\/zermoianesllevant\/wp-content\/uploads\/usu130\/2023\/10\/velas.png\"><img loading=\"lazy\" decoding=\"async\" class=\"wp-image-9808 aligncenter\" src=\"https:\/\/agora.xtec.cat\/zermoianesllevant\/wp-content\/uploads\/usu130\/2023\/10\/velas.png\" alt=\"\" width=\"355\" height=\"245\" srcset=\"https:\/\/agora.xtec.cat\/zermoianesllevant\/wp-content\/uploads\/usu130\/2023\/10\/velas.png 637w, https:\/\/agora.xtec.cat\/zermoianesllevant\/wp-content\/uploads\/usu130\/2023\/10\/velas-300x207.png 300w\" sizes=\"auto, (max-width: 355px) 100vw, 355px\" \/><\/a><\/td>\n<\/tr>\n<tr>\n<td style=\"width: 41.2597%; text-align: center;\"><strong>Provocar un incendi<\/strong><\/td>\n<td style=\"width: 46.1439%; text-align: center;\"><strong>Extinci\u00f3 d&#8217;incendis<\/strong><\/td>\n<\/tr>\n<\/tbody>\n<\/table>\n<p>A m\u00e9s, l&#8217;alumnat intentar\u00e0 assolir uns coneixements que els permetr\u00e0 entendre un circuit de monitoritzaci\u00f3 de la humitat del terra, ja sigui el terra d&#8217;una torreta o del terra d&#8217;un bosc.<\/p>\n<table style=\"border-collapse: collapse; width: 97.1722%;\">\n<tbody>\n<tr>\n<td style=\"width: 33.3333%;\"><a href=\"https:\/\/agora.xtec.cat\/zermoianesllevant\/wp-content\/uploads\/usu130\/2023\/11\/arduino-sensor-vermell.png\"><img loading=\"lazy\" decoding=\"async\" class=\"alignnone size-full wp-image-9868\" src=\"https:\/\/agora.xtec.cat\/zermoianesllevant\/wp-content\/uploads\/usu130\/2023\/11\/arduino-sensor-vermell.png\" alt=\"\" width=\"673\" height=\"721\" srcset=\"https:\/\/agora.xtec.cat\/zermoianesllevant\/wp-content\/uploads\/usu130\/2023\/11\/arduino-sensor-vermell.png 673w, https:\/\/agora.xtec.cat\/zermoianesllevant\/wp-content\/uploads\/usu130\/2023\/11\/arduino-sensor-vermell-280x300.png 280w\" sizes=\"auto, (max-width: 673px) 100vw, 673px\" \/><\/a><\/td>\n<td style=\"width: 33.3333%;\"><a href=\"https:\/\/agora.xtec.cat\/zermoianesllevant\/wp-content\/uploads\/usu130\/2023\/11\/orientacio.drawio-1.png\"><img loading=\"lazy\" decoding=\"async\" class=\"alignnone size-full wp-image-9870\" src=\"https:\/\/agora.xtec.cat\/zermoianesllevant\/wp-content\/uploads\/usu130\/2023\/11\/orientacio.drawio-1.png\" alt=\"\" width=\"287\" height=\"443\" srcset=\"https:\/\/agora.xtec.cat\/zermoianesllevant\/wp-content\/uploads\/usu130\/2023\/11\/orientacio.drawio-1.png 287w, https:\/\/agora.xtec.cat\/zermoianesllevant\/wp-content\/uploads\/usu130\/2023\/11\/orientacio.drawio-1-194x300.png 194w\" sizes=\"auto, (max-width: 287px) 100vw, 287px\" \/><\/a><\/td>\n<td style=\"width: 30.5055%;\"><iframe loading=\"lazy\" src=\"https:\/\/experience.arcgis.com\/experience\/2cf7ebbe492f401db826cb21eae9bfae\" width=\"100%\" height=\"650px\" frameborder=\"0\" allowfullscreen=\"allowfullscreen\"><\/iframe><\/td>\n<\/tr>\n<tr>\n<td style=\"width: 33.3333%; text-align: center;\">Arduino + sensor d&#8217;humitat<\/td>\n<td style=\"width: 33.3333%; text-align: center;\">Base d&#8217;orientaci\u00f3<\/td>\n<td style=\"width: 30.5055%; text-align: center;\">Mapa del pla Alfa<\/td>\n<\/tr>\n<\/tbody>\n<\/table>\n<p>Tamb\u00e9, l&#8217;alumnat ser\u00e0 capa\u00e7 amb els processadors microbit fer lectures d&#8217;humitat i temperatura de diferents llocs, fins a quatre, i enviar-lo a un concentrador que podria simular un mapa del pla Alfa.<\/p>\n<figure class=\"figure wp-caption aligncenter\"><a href=\"https:\/\/agora.xtec.cat\/zermoianesllevant\/wp-content\/uploads\/usu130\/2024\/06\/microbits-reportando-1.png\"><img loading=\"lazy\" decoding=\"async\" class=\" wp-image-10208\" src=\"https:\/\/agora.xtec.cat\/zermoianesllevant\/wp-content\/uploads\/usu130\/2024\/06\/microbits-reportando-1.png\" alt=\"\" width=\"701\" height=\"547\" srcset=\"https:\/\/agora.xtec.cat\/zermoianesllevant\/wp-content\/uploads\/usu130\/2024\/06\/microbits-reportando-1.png 897w, https:\/\/agora.xtec.cat\/zermoianesllevant\/wp-content\/uploads\/usu130\/2024\/06\/microbits-reportando-1-300x234.png 300w, https:\/\/agora.xtec.cat\/zermoianesllevant\/wp-content\/uploads\/usu130\/2024\/06\/microbits-reportando-1-768x599.png 768w\" sizes=\"auto, (max-width: 701px) 100vw, 701px\" \/><\/a><figcaption class=\"wp-caption-text\">microbits reportant<\/figcaption><\/figure>\n<div class=\"mceTemp\"><\/div>\n","protected":false},"excerpt":{"rendered":"<p>De reaccionar (apagar el foc) a prevenir (evitar el foc) i a predir (imaginar el futur) en la defensa forestal amb recursos STEM!<br \/>\nIntroducci\u00f3 al projecte: <a href=\"https:\/\/agora.xtec.cat\/zermoianesllevant\/wp-content\/uploads\/usu130\/2023\/09\/Lluitadors-del-foc_v2.pdf\">Lluitadors del foc_v2<\/a><br \/>\nDurant el curs 2023 &#8211; 2024 els tutors dels graus superior de prim\u00e0ria a la ZER Moian\u00e8s&hellip;  <a href=\"https:\/\/agora.xtec.cat\/zermoianesllevant\/steam\/introduccio\/\" title=\"Read LLuitadors contra els focs forestals\">Llegeix m\u00e9s\u00bb<\/a><\/p>\n","protected":false},"author":1,"featured_media":0,"parent":7808,"menu_order":5,"comment_status":"closed","ping_status":"closed","template":"page-templates\/side-menu.php","meta":{"_bbp_topic_count":0,"_bbp_reply_count":0,"_bbp_total_topic_count":0,"_bbp_total_reply_count":0,"_bbp_voice_count":0,"_bbp_anonymous_reply_count":0,"_bbp_topic_count_hidden":0,"_bbp_reply_count_hidden":0,"_bbp_forum_subforum_count":0,"footnotes":""},"class_list":["post-9829","page","type-page","status-publish","hentry"],"post_mailing_queue_ids":[],"_links":{"self":[{"href":"https:\/\/agora.xtec.cat\/zermoianesllevant\/wp-json\/wp\/v2\/pages\/9829","targetHints":{"allow":["GET"]}}],"collection":[{"href":"https:\/\/agora.xtec.cat\/zermoianesllevant\/wp-json\/wp\/v2\/pages"}],"about":[{"href":"https:\/\/agora.xtec.cat\/zermoianesllevant\/wp-json\/wp\/v2\/types\/page"}],"author":[{"embeddable":true,"href":"https:\/\/agora.xtec.cat\/zermoianesllevant\/wp-json\/wp\/v2\/users\/1"}],"replies":[{"embeddable":true,"href":"https:\/\/agora.xtec.cat\/zermoianesllevant\/wp-json\/wp\/v2\/comments?post=9829"}],"version-history":[{"count":6,"href":"https:\/\/agora.xtec.cat\/zermoianesllevant\/wp-json\/wp\/v2\/pages\/9829\/revisions"}],"predecessor-version":[{"id":10210,"href":"https:\/\/agora.xtec.cat\/zermoianesllevant\/wp-json\/wp\/v2\/pages\/9829\/revisions\/10210"}],"up":[{"embeddable":true,"href":"https:\/\/agora.xtec.cat\/zermoianesllevant\/wp-json\/wp\/v2\/pages\/7808"}],"wp:attachment":[{"href":"https:\/\/agora.xtec.cat\/zermoianesllevant\/wp-json\/wp\/v2\/media?parent=9829"}],"curies":[{"name":"wp","href":"https:\/\/api.w.org\/{rel}","templated":true}]}}