{"id":9758,"date":"2023-09-26T23:37:30","date_gmt":"2023-09-26T21:37:30","guid":{"rendered":"https:\/\/agora.xtec.cat\/zermoianesllevant\/?page_id=9758"},"modified":"2023-09-26T23:58:14","modified_gmt":"2023-09-26T21:58:14","slug":"8-control-electronic-del-rotor","status":"publish","type":"page","link":"https:\/\/agora.xtec.cat\/zermoianesllevant\/steam\/a-prenem-el-vent\/8-control-electronic-del-rotor\/","title":{"rendered":"8. CONTROL ELECTR\u00d2NIC DEL ROTOR"},"content":{"rendered":"<p><strong>El motor pas a pas<\/strong><\/p>\n<p>Els motors pas a pas s\u00f3n un tipus de motor de cc capa\u00e7os de girar el seu eix en un angle concret, i de manera continuada i pausada, per aix\u00f2 s\u2019anomenen d\u2019aquesta manera.<\/p>\n<p>S\u00f3n motors que tenen imants permanents en el seu rotor i bobines en el seu estator, en una quantitat que dep\u00e8n de l\u2019angle de gir predeterminat, \u00e9s a dir, el pas. No tenen les t\u00edpiques escombretes ni les lamel\u00b7les, com les del motor que heu constru\u00eft en una unitat anterior.<\/p>\n<p>El control del rotor \u00e9s electr\u00f2nic, no mec\u00e0nic.<\/p>\n<p><a href=\"https:\/\/agora.xtec.cat\/zermoianesllevant\/wp-content\/uploads\/usu130\/2023\/09\/pas_a_pas.jpg\"><img loading=\"lazy\" decoding=\"async\" class=\"wp-image-9762 aligncenter\" src=\"https:\/\/agora.xtec.cat\/zermoianesllevant\/wp-content\/uploads\/usu130\/2023\/09\/pas_a_pas.jpg\" alt=\"\" width=\"713\" height=\"477\" srcset=\"https:\/\/agora.xtec.cat\/zermoianesllevant\/wp-content\/uploads\/usu130\/2023\/09\/pas_a_pas.jpg 888w, https:\/\/agora.xtec.cat\/zermoianesllevant\/wp-content\/uploads\/usu130\/2023\/09\/pas_a_pas-300x201.jpg 300w, https:\/\/agora.xtec.cat\/zermoianesllevant\/wp-content\/uploads\/usu130\/2023\/09\/pas_a_pas-768x514.jpg 768w\" sizes=\"auto, (max-width: 713px) 100vw, 713px\" \/><\/a><\/p>\n<p>Guia didactica: <a href=\"https:\/\/agora.xtec.cat\/zermoianesllevant\/wp-content\/uploads\/usu130\/2023\/09\/8.-Motor-pas-a-pas_0.pdf\">8. Motor pas a pas<\/a><\/p>\n","protected":false},"excerpt":{"rendered":"<p>El motor pas a pas<br \/>\nEls motors pas a pas s\u00f3n un tipus de motor de cc capa\u00e7os de girar el seu eix en un angle concret, i de manera continuada i pausada, per aix\u00f2 s\u2019anomenen d\u2019aquesta manera.<br \/>\nS\u00f3n motors que tenen imants permanents en el seu&hellip;  <a href=\"https:\/\/agora.xtec.cat\/zermoianesllevant\/steam\/a-prenem-el-vent\/8-control-electronic-del-rotor\/\" title=\"Read 8. CONTROL ELECTR\u00d2NIC DEL ROTOR\">Llegeix m\u00e9s\u00bb<\/a><\/p>\n","protected":false},"author":1,"featured_media":0,"parent":9467,"menu_order":100,"comment_status":"closed","ping_status":"closed","template":"page-templates\/side-menu.php","meta":{"_bbp_topic_count":0,"_bbp_reply_count":0,"_bbp_total_topic_count":0,"_bbp_total_reply_count":0,"_bbp_voice_count":0,"_bbp_anonymous_reply_count":0,"_bbp_topic_count_hidden":0,"_bbp_reply_count_hidden":0,"_bbp_forum_subforum_count":0,"footnotes":""},"class_list":["post-9758","page","type-page","status-publish","hentry"],"post_mailing_queue_ids":[],"_links":{"self":[{"href":"https:\/\/agora.xtec.cat\/zermoianesllevant\/wp-json\/wp\/v2\/pages\/9758","targetHints":{"allow":["GET"]}}],"collection":[{"href":"https:\/\/agora.xtec.cat\/zermoianesllevant\/wp-json\/wp\/v2\/pages"}],"about":[{"href":"https:\/\/agora.xtec.cat\/zermoianesllevant\/wp-json\/wp\/v2\/types\/page"}],"author":[{"embeddable":true,"href":"https:\/\/agora.xtec.cat\/zermoianesllevant\/wp-json\/wp\/v2\/users\/1"}],"replies":[{"embeddable":true,"href":"https:\/\/agora.xtec.cat\/zermoianesllevant\/wp-json\/wp\/v2\/comments?post=9758"}],"version-history":[{"count":3,"href":"https:\/\/agora.xtec.cat\/zermoianesllevant\/wp-json\/wp\/v2\/pages\/9758\/revisions"}],"predecessor-version":[{"id":9765,"href":"https:\/\/agora.xtec.cat\/zermoianesllevant\/wp-json\/wp\/v2\/pages\/9758\/revisions\/9765"}],"up":[{"embeddable":true,"href":"https:\/\/agora.xtec.cat\/zermoianesllevant\/wp-json\/wp\/v2\/pages\/9467"}],"wp:attachment":[{"href":"https:\/\/agora.xtec.cat\/zermoianesllevant\/wp-json\/wp\/v2\/media?parent=9758"}],"curies":[{"name":"wp","href":"https:\/\/api.w.org\/{rel}","templated":true}]}}