{"id":9744,"date":"2023-09-26T23:00:53","date_gmt":"2023-09-26T21:00:53","guid":{"rendered":"https:\/\/agora.xtec.cat\/zermoianesllevant\/?page_id=9744"},"modified":"2023-09-26T23:15:10","modified_gmt":"2023-09-26T21:15:10","slug":"6-el-generador-electric","status":"publish","type":"page","link":"https:\/\/agora.xtec.cat\/zermoianesllevant\/steam\/a-prenem-el-vent\/6-el-generador-electric\/","title":{"rendered":"6. EL GENERADOR EL\u00c8CTRIC"},"content":{"rendered":"<p><strong>Va d\u2019imants i bobines<\/strong><\/p>\n<p>A la unitat dedicada al descobriment d\u2019 \u00d8rsted, amb una pila, fil conductor d\u2019electricitat i una br\u00faixola vau explorar diverses posicions del fil respecte la br\u00faixola (imant) fins que en vau trobar una (el fil paral\u00b7lel sobre l\u2019agulla) en qu\u00e8 la br\u00faixola \u00e9s movia quan passava corrent el\u00e8ctric pel fil. Amb coneixements previs sobre els imants i a partir d\u2019aquesta observaci\u00f3 vau raonar que el corrent el\u00e8ctric creava un camp magn\u00e8tic al seu voltant.<\/p>\n<p>Recordeu que el descobriment d\u2019\u00d8rsted va inspirar moltes preguntes. Una d\u2019elles, i potser la m\u00e9s determinant de totes, \u00e9s la seg\u00fcent: <strong>si la electricitat crea magnetisme, el magnetisme podr\u00e0 crear electricitat?<\/strong><\/p>\n<table style=\"border-collapse: collapse; width: 83.7182%;\">\n<tbody>\n<tr>\n<td style=\"width: 39.8029%;\"><a href=\"https:\/\/agora.xtec.cat\/zermoianesllevant\/wp-content\/uploads\/usu130\/2023\/09\/Generador-1.jpg\"><img loading=\"lazy\" decoding=\"async\" class=\"alignnone size-full wp-image-9748\" src=\"https:\/\/agora.xtec.cat\/zermoianesllevant\/wp-content\/uploads\/usu130\/2023\/09\/Generador-1.jpg\" alt=\"\" width=\"421\" height=\"325\" srcset=\"https:\/\/agora.xtec.cat\/zermoianesllevant\/wp-content\/uploads\/usu130\/2023\/09\/Generador-1.jpg 421w, https:\/\/agora.xtec.cat\/zermoianesllevant\/wp-content\/uploads\/usu130\/2023\/09\/Generador-1-300x232.jpg 300w\" sizes=\"auto, (max-width: 421px) 100vw, 421px\" \/><\/a><\/td>\n<td style=\"width: 43.916%;\"><a href=\"https:\/\/agora.xtec.cat\/zermoianesllevant\/wp-content\/uploads\/usu130\/2023\/09\/Generador-2.jpg\"><img loading=\"lazy\" decoding=\"async\" class=\"alignnone size-full wp-image-9749\" src=\"https:\/\/agora.xtec.cat\/zermoianesllevant\/wp-content\/uploads\/usu130\/2023\/09\/Generador-2.jpg\" alt=\"\" width=\"486\" height=\"327\" srcset=\"https:\/\/agora.xtec.cat\/zermoianesllevant\/wp-content\/uploads\/usu130\/2023\/09\/Generador-2.jpg 486w, https:\/\/agora.xtec.cat\/zermoianesllevant\/wp-content\/uploads\/usu130\/2023\/09\/Generador-2-300x202.jpg 300w\" sizes=\"auto, (max-width: 486px) 100vw, 486px\" \/><\/a><\/td>\n<\/tr>\n<\/tbody>\n<\/table>\n<p>Guia did\u00e0ctica: <a href=\"https:\/\/agora.xtec.cat\/zermoianesllevant\/wp-content\/uploads\/usu130\/2023\/09\/6.-El-generador-electric_0.pdf\">6. El generador el\u00e8ctric<\/a><\/p>\n","protected":false},"excerpt":{"rendered":"<p>Va d\u2019imants i bobines<br \/>\nA la unitat dedicada al descobriment d\u2019 \u00d8rsted, amb una pila, fil conductor d\u2019electricitat i una br\u00faixola vau explorar diverses posicions del fil respecte la br\u00faixola (imant) fins que en vau trobar una (el fil paral\u00b7lel sobre l\u2019agulla) en qu\u00e8 la br\u00faixola&hellip;  <a href=\"https:\/\/agora.xtec.cat\/zermoianesllevant\/steam\/a-prenem-el-vent\/6-el-generador-electric\/\" title=\"Read 6. EL GENERADOR EL\u00c8CTRIC\">Llegeix m\u00e9s\u00bb<\/a><\/p>\n","protected":false},"author":1,"featured_media":0,"parent":9467,"menu_order":80,"comment_status":"closed","ping_status":"closed","template":"page-templates\/side-menu.php","meta":{"_bbp_topic_count":0,"_bbp_reply_count":0,"_bbp_total_topic_count":0,"_bbp_total_reply_count":0,"_bbp_voice_count":0,"_bbp_anonymous_reply_count":0,"_bbp_topic_count_hidden":0,"_bbp_reply_count_hidden":0,"_bbp_forum_subforum_count":0,"footnotes":""},"class_list":["post-9744","page","type-page","status-publish","hentry"],"post_mailing_queue_ids":[],"_links":{"self":[{"href":"https:\/\/agora.xtec.cat\/zermoianesllevant\/wp-json\/wp\/v2\/pages\/9744","targetHints":{"allow":["GET"]}}],"collection":[{"href":"https:\/\/agora.xtec.cat\/zermoianesllevant\/wp-json\/wp\/v2\/pages"}],"about":[{"href":"https:\/\/agora.xtec.cat\/zermoianesllevant\/wp-json\/wp\/v2\/types\/page"}],"author":[{"embeddable":true,"href":"https:\/\/agora.xtec.cat\/zermoianesllevant\/wp-json\/wp\/v2\/users\/1"}],"replies":[{"embeddable":true,"href":"https:\/\/agora.xtec.cat\/zermoianesllevant\/wp-json\/wp\/v2\/comments?post=9744"}],"version-history":[{"count":3,"href":"https:\/\/agora.xtec.cat\/zermoianesllevant\/wp-json\/wp\/v2\/pages\/9744\/revisions"}],"predecessor-version":[{"id":9750,"href":"https:\/\/agora.xtec.cat\/zermoianesllevant\/wp-json\/wp\/v2\/pages\/9744\/revisions\/9750"}],"up":[{"embeddable":true,"href":"https:\/\/agora.xtec.cat\/zermoianesllevant\/wp-json\/wp\/v2\/pages\/9467"}],"wp:attachment":[{"href":"https:\/\/agora.xtec.cat\/zermoianesllevant\/wp-json\/wp\/v2\/media?parent=9744"}],"curies":[{"name":"wp","href":"https:\/\/api.w.org\/{rel}","templated":true}]}}