{"id":9739,"date":"2023-09-26T22:54:13","date_gmt":"2023-09-26T20:54:13","guid":{"rendered":"https:\/\/agora.xtec.cat\/zermoianesllevant\/?page_id=9739"},"modified":"2023-09-26T22:55:59","modified_gmt":"2023-09-26T20:55:59","slug":"5-motor-electric","status":"publish","type":"page","link":"https:\/\/agora.xtec.cat\/zermoianesllevant\/steam\/a-prenem-el-vent\/5-motor-electric\/","title":{"rendered":"5. MOTOR EL\u00c8CTRIC"},"content":{"rendered":"<p>Segur que alguna vegada heu tingut un motor el\u00e8ctric d\u2019alguna joguina a les mans i l\u2019heu engegat amb una pila. Si no, ja \u00e9s hora de fer-ho.<\/p>\n<p>Aqu\u00ed esbrinarem com es va inventar el motor el\u00e8ctric de corrent continu i en construirem\u00a0 un, tot resolent els problemes que es vagin presentant.<\/p>\n<p><strong>Qu\u00e8 \u00e9s i qu\u00e8 fa un motor el\u00e8ctric?<\/strong><\/p>\n<p>B\u00e0sicament \u00e9s una m\u00e0quina que transforma l\u2019energia el\u00e8ctrica (de la pila) en mec\u00e0nica (l\u2019eix del motor gira). A l\u2019eix del motor se li pot acoblar qualsevol pe\u00e7a o una altra m\u00e0quina.<\/p>\n<p>&nbsp;<\/p>\n<figure class=\"figure wp-caption aligncenter\"><a href=\"https:\/\/agora.xtec.cat\/zermoianesllevant\/wp-content\/uploads\/usu130\/2023\/09\/Motor-electric.jpg\"><img loading=\"lazy\" decoding=\"async\" class=\"size-full wp-image-9740\" src=\"https:\/\/agora.xtec.cat\/zermoianesllevant\/wp-content\/uploads\/usu130\/2023\/09\/Motor-electric.jpg\" alt=\"\" width=\"526\" height=\"460\" srcset=\"https:\/\/agora.xtec.cat\/zermoianesllevant\/wp-content\/uploads\/usu130\/2023\/09\/Motor-electric.jpg 526w, https:\/\/agora.xtec.cat\/zermoianesllevant\/wp-content\/uploads\/usu130\/2023\/09\/Motor-electric-300x262.jpg 300w\" sizes=\"auto, (max-width: 526px) 100vw, 526px\" \/><\/a><figcaption class=\"wp-caption-text\">Motor el\u00e8ctric<\/figcaption><\/figure>\n<p>&nbsp;<\/p>\n<p>Guia did\u00e0ctica: <a href=\"https:\/\/agora.xtec.cat\/zermoianesllevant\/wp-content\/uploads\/usu130\/2023\/09\/5.-Petita-historia-del-motor2019_0.pdf\">5. Petita hist\u00f2ria del motor<\/a><\/p>\n","protected":false},"excerpt":{"rendered":"<p>Segur que alguna vegada heu tingut un motor el\u00e8ctric d\u2019alguna joguina a les mans i l\u2019heu engegat amb una pila. Si no, ja \u00e9s hora de fer-ho.<br \/>\nAqu\u00ed esbrinarem com es va inventar el motor el\u00e8ctric de corrent continu i en construirem\u00a0 un, tot resolent els&hellip;  <a href=\"https:\/\/agora.xtec.cat\/zermoianesllevant\/steam\/a-prenem-el-vent\/5-motor-electric\/\" title=\"Read 5. MOTOR EL\u00c8CTRIC\">Llegeix m\u00e9s\u00bb<\/a><\/p>\n","protected":false},"author":1,"featured_media":0,"parent":9467,"menu_order":70,"comment_status":"closed","ping_status":"closed","template":"page-templates\/side-menu.php","meta":{"_bbp_topic_count":0,"_bbp_reply_count":0,"_bbp_total_topic_count":0,"_bbp_total_reply_count":0,"_bbp_voice_count":0,"_bbp_anonymous_reply_count":0,"_bbp_topic_count_hidden":0,"_bbp_reply_count_hidden":0,"_bbp_forum_subforum_count":0,"footnotes":""},"class_list":["post-9739","page","type-page","status-publish","hentry"],"post_mailing_queue_ids":[],"_links":{"self":[{"href":"https:\/\/agora.xtec.cat\/zermoianesllevant\/wp-json\/wp\/v2\/pages\/9739","targetHints":{"allow":["GET"]}}],"collection":[{"href":"https:\/\/agora.xtec.cat\/zermoianesllevant\/wp-json\/wp\/v2\/pages"}],"about":[{"href":"https:\/\/agora.xtec.cat\/zermoianesllevant\/wp-json\/wp\/v2\/types\/page"}],"author":[{"embeddable":true,"href":"https:\/\/agora.xtec.cat\/zermoianesllevant\/wp-json\/wp\/v2\/users\/1"}],"replies":[{"embeddable":true,"href":"https:\/\/agora.xtec.cat\/zermoianesllevant\/wp-json\/wp\/v2\/comments?post=9739"}],"version-history":[{"count":1,"href":"https:\/\/agora.xtec.cat\/zermoianesllevant\/wp-json\/wp\/v2\/pages\/9739\/revisions"}],"predecessor-version":[{"id":9743,"href":"https:\/\/agora.xtec.cat\/zermoianesllevant\/wp-json\/wp\/v2\/pages\/9739\/revisions\/9743"}],"up":[{"embeddable":true,"href":"https:\/\/agora.xtec.cat\/zermoianesllevant\/wp-json\/wp\/v2\/pages\/9467"}],"wp:attachment":[{"href":"https:\/\/agora.xtec.cat\/zermoianesllevant\/wp-json\/wp\/v2\/media?parent=9739"}],"curies":[{"name":"wp","href":"https:\/\/api.w.org\/{rel}","templated":true}]}}