{"id":9647,"date":"2023-06-10T11:42:06","date_gmt":"2023-06-10T09:42:06","guid":{"rendered":"https:\/\/agora.xtec.cat\/zermoianesllevant\/?page_id=9647"},"modified":"2023-06-10T11:42:06","modified_gmt":"2023-06-10T09:42:06","slug":"trobada-nissan-zer-moianes-llevant","status":"publish","type":"page","link":"https:\/\/agora.xtec.cat\/zermoianesllevant\/trobada-nissan-zer-moianes-llevant\/","title":{"rendered":"TROBADA NISSAN-ZER MOIAN\u00c8S LLEVANT"},"content":{"rendered":"<p>Avui tots els infants dels grups de grans de les 3 escoles de la ZER ens hem trobat a Collsuspina per tal de fer un intercanvi d&#8217;experi\u00e8ncies amb enginyeres de la Nissan. Nosaltres els hi hem explicat activitats realitzades des del treball STEAM a l&#8217;escola i l dues enginyeres de la Nissan ens han explicat les seves experi\u00e8ncies en la construcci\u00f3 de cotxes i ens han animat a que un dia puguem ser uns bons enginyers i enginyeres. En l&#8217;acte tamb\u00e9 han fet donaci\u00f3 a l&#8217;entitat STEAM4ALL de 115 port\u00e0tils. El qu\u00e8 ens ha agradat m\u00e9s ha estat poder observar i pujar en els dos cotxes el\u00e8ctrics que han portat. Una jornada diferent i ben profitosa.<\/p>\n<p><a href=\"https:\/\/photos.app.goo.gl\/GJA6cckTSk9E1aXDA\"><img loading=\"lazy\" decoding=\"async\" class=\"aligncenter wp-image-11460\" src=\"https:\/\/agora.xtec.cat\/escolalestany\/wp-content\/uploads\/usu937\/2023\/06\/IMG_20230608_113500-1024x473.jpg\" alt=\"\" width=\"496\" height=\"229\" \/><\/a><\/p>\n<p>FES CLIC A LA IMATGE\u00a0 PER VEURE L&#8217;\u00c1LBUM<\/p>\n","protected":false},"excerpt":{"rendered":"<p>Avui tots els infants dels grups de grans de les 3 escoles de la ZER ens hem trobat a Collsuspina per tal de fer un intercanvi d&#8217;experi\u00e8ncies amb enginyeres de la Nissan. Nosaltres els hi hem explicat activitats realitzades des del treball STEAM a l&#8217;escola&hellip;  <a href=\"https:\/\/agora.xtec.cat\/zermoianesllevant\/trobada-nissan-zer-moianes-llevant\/\" title=\"Read TROBADA NISSAN-ZER MOIAN\u00c8S LLEVANT\">Llegeix m\u00e9s\u00bb<\/a><\/p>\n","protected":false},"author":1,"featured_media":0,"parent":0,"menu_order":0,"comment_status":"closed","ping_status":"closed","template":"","meta":{"_bbp_topic_count":0,"_bbp_reply_count":0,"_bbp_total_topic_count":0,"_bbp_total_reply_count":0,"_bbp_voice_count":0,"_bbp_anonymous_reply_count":0,"_bbp_topic_count_hidden":0,"_bbp_reply_count_hidden":0,"_bbp_forum_subforum_count":0,"footnotes":""},"class_list":["post-9647","page","type-page","status-publish","hentry"],"post_mailing_queue_ids":[],"_links":{"self":[{"href":"https:\/\/agora.xtec.cat\/zermoianesllevant\/wp-json\/wp\/v2\/pages\/9647","targetHints":{"allow":["GET"]}}],"collection":[{"href":"https:\/\/agora.xtec.cat\/zermoianesllevant\/wp-json\/wp\/v2\/pages"}],"about":[{"href":"https:\/\/agora.xtec.cat\/zermoianesllevant\/wp-json\/wp\/v2\/types\/page"}],"author":[{"embeddable":true,"href":"https:\/\/agora.xtec.cat\/zermoianesllevant\/wp-json\/wp\/v2\/users\/1"}],"replies":[{"embeddable":true,"href":"https:\/\/agora.xtec.cat\/zermoianesllevant\/wp-json\/wp\/v2\/comments?post=9647"}],"version-history":[{"count":1,"href":"https:\/\/agora.xtec.cat\/zermoianesllevant\/wp-json\/wp\/v2\/pages\/9647\/revisions"}],"predecessor-version":[{"id":9649,"href":"https:\/\/agora.xtec.cat\/zermoianesllevant\/wp-json\/wp\/v2\/pages\/9647\/revisions\/9649"}],"wp:attachment":[{"href":"https:\/\/agora.xtec.cat\/zermoianesllevant\/wp-json\/wp\/v2\/media?parent=9647"}],"curies":[{"name":"wp","href":"https:\/\/api.w.org\/{rel}","templated":true}]}}