{"id":9629,"date":"2023-06-05T08:42:23","date_gmt":"2023-06-05T06:42:23","guid":{"rendered":"https:\/\/agora.xtec.cat\/zermoianesllevant\/?page_id=9629"},"modified":"2023-06-07T09:27:25","modified_gmt":"2023-06-07T07:27:25","slug":"nissan-lego-mindstorms-ev3","status":"publish","type":"page","link":"https:\/\/agora.xtec.cat\/zermoianesllevant\/steam\/lego-mindstorm-ev3\/nissan-lego-mindstorms-ev3\/","title":{"rendered":"Nissan Ariya &#8211; Lego Mindstorms EV3"},"content":{"rendered":"<p>Propuesta de encuentro en Collsuspina entre Nissan, la Zer Moian\u00e8s Llevant i STEAM4all. Este encuentro entra dentro del punto 3 del plan STEMcat de la Generalitat de Catalunya que se detalla m\u00e1s abajo.<\/p>\n<p>Guia de actividades:<a href=\"https:\/\/agora.xtec.cat\/zermoianesllevant\/wp-content\/uploads\/usu130\/2023\/06\/Nissan-Ariya-\u2013-Moianes-Llevant-LEGO-MINDSTORMS-EV3-4.pdf\">Nissan Ariya \u2013 Moian\u00e8s Llevant LEGO MINDSTORMS EV3<\/a><\/p>\n<p>Recordatori:<\/p>\n<p>El pla <a href=\"https:\/\/smartcatalonia.gencat.cat\/ca\/projectes\/govern\/detalls\/article\/pla-stemcat\">STEMcat<\/a> d&#8217;impuls de les vocacions cient\u00edfiques, tecnol\u00f2giques, en enginyeria i matem\u00e0tiques \u00e9s una iniciativa que respon a la necessitat d\u2019encarar el desequilibri que es produeix actualment, en certs \u00e0mbits de la ci\u00e8ncia i la tecnologia, entre l\u2019oferta laboral i les persones formades i preparades per satisfer-la.<\/p>\n<p>Aquest repte planteja la necessitat d\u2019emprendre actuacions a tot l\u2019\u00e0mbit educatiu per\u00f2 fent focus, principalment, en dos grups de poblaci\u00f3:<\/p>\n<ul>\n<li>d\u2019una banda, \u00e9s imprescindible aconseguir una major participaci\u00f3 de la dona en les professions STEM i, especialment, en l\u2019\u00e0mbit tecnol\u00f2gic;<\/li>\n<li>d\u2019una altra banda, cal incidir en els col\u00b7lectius en risc d\u2019exclusi\u00f3 i amb nivell socioecon\u00f2mic baix, que escullen els estudis que porten a aquestes professions amb menor proporci\u00f3 que la resta de la poblaci\u00f3.<\/li>\n<\/ul>\n<p>S\u2019ha d\u2019entendre que la diversitat de professionals des de la perspectiva de g\u00e8nere, del seu origen social o cultural comporta un factor de riquesa i de millora de l\u2019activitat econ\u00f2mica en qualsevol sector per\u00f2, a m\u00e9s, per aquells sectors en qu\u00e8 es preveu un creixement de la demanda d\u2019ocupaci\u00f3, aconseguir aquesta diversitat esdev\u00e9 un requisit per tal d\u2019assolir els objectius de just\u00edcia social i d\u2019equitat.<\/p>\n<p>El pla s\u2019estructura en els quatre eixos seg\u00fcents:<\/p>\n<ol>\n<li>potenciar la formaci\u00f3 dels professors en els \u00e0mbits cient\u00edfics, tecnol\u00f2gics i matem\u00e0tics;<\/li>\n<li>potenciar les compet\u00e8ncies cient\u00edfiques, tecnol\u00f2giques i matem\u00e0tiques entre els estudiants de l&#8217;educaci\u00f3 obligat\u00f2ria<span style=\"text-decoration: underline;\"> i desenvolupar estrat\u00e8gies per fer atractives aquestes professions per els nostres joves, en especial per a les noies.<\/span><\/li>\n<li><strong>encoratjar la participaci\u00f3 de les empreses del sector a l&#8217;escola;<\/strong><\/li>\n<li>promoure la ci\u00e8ncia, la tecnologia, l&#8217;enginyeria i les matem\u00e0tiques a la societat, fent \u00e8mfasi especial en les activitats adre\u00e7ades a la comunitat educativa.<\/li>\n<\/ol>\n","protected":false},"excerpt":{"rendered":"<p>Propuesta de encuentro en Collsuspina entre Nissan, la Zer Moian\u00e8s Llevant i STEAM4all. Este encuentro entra dentro del punto 3 del plan STEMcat de la Generalitat de Catalunya que se detalla m\u00e1s abajo.<br \/>\nGuia de actividades:<a href=\"https:\/\/agora.xtec.cat\/zermoianesllevant\/wp-content\/uploads\/usu130\/2023\/06\/Nissan-Ariya-\u2013-Moianes-Llevant-LEGO-MINDSTORMS-EV3-4.pdf\">Nissan Ariya \u2013 Moian\u00e8s Llevant LEGO MINDSTORMS EV3<\/a><br \/>\nRecordatori:<br \/>\nEl pla <a&hellip;  <a href=\"https:\/\/agora.xtec.cat\/zermoianesllevant\/steam\/lego-mindstorm-ev3\/nissan-lego-mindstorms-ev3\/\" title=\"Read Nissan Ariya &#8211; Lego Mindstorms EV3\">Llegeix m\u00e9s\u00bb<\/a><\/p>\n","protected":false},"author":1,"featured_media":0,"parent":7873,"menu_order":200,"comment_status":"closed","ping_status":"closed","template":"page-templates\/side-menu.php","meta":{"_bbp_topic_count":0,"_bbp_reply_count":0,"_bbp_total_topic_count":0,"_bbp_total_reply_count":0,"_bbp_voice_count":0,"_bbp_anonymous_reply_count":0,"_bbp_topic_count_hidden":0,"_bbp_reply_count_hidden":0,"_bbp_forum_subforum_count":0,"footnotes":""},"class_list":["post-9629","page","type-page","status-publish","hentry"],"post_mailing_queue_ids":[],"_links":{"self":[{"href":"https:\/\/agora.xtec.cat\/zermoianesllevant\/wp-json\/wp\/v2\/pages\/9629","targetHints":{"allow":["GET"]}}],"collection":[{"href":"https:\/\/agora.xtec.cat\/zermoianesllevant\/wp-json\/wp\/v2\/pages"}],"about":[{"href":"https:\/\/agora.xtec.cat\/zermoianesllevant\/wp-json\/wp\/v2\/types\/page"}],"author":[{"embeddable":true,"href":"https:\/\/agora.xtec.cat\/zermoianesllevant\/wp-json\/wp\/v2\/users\/1"}],"replies":[{"embeddable":true,"href":"https:\/\/agora.xtec.cat\/zermoianesllevant\/wp-json\/wp\/v2\/comments?post=9629"}],"version-history":[{"count":4,"href":"https:\/\/agora.xtec.cat\/zermoianesllevant\/wp-json\/wp\/v2\/pages\/9629\/revisions"}],"predecessor-version":[{"id":9646,"href":"https:\/\/agora.xtec.cat\/zermoianesllevant\/wp-json\/wp\/v2\/pages\/9629\/revisions\/9646"}],"up":[{"embeddable":true,"href":"https:\/\/agora.xtec.cat\/zermoianesllevant\/wp-json\/wp\/v2\/pages\/7873"}],"wp:attachment":[{"href":"https:\/\/agora.xtec.cat\/zermoianesllevant\/wp-json\/wp\/v2\/media?parent=9629"}],"curies":[{"name":"wp","href":"https:\/\/api.w.org\/{rel}","templated":true}]}}