{"id":9571,"date":"2023-03-11T13:05:36","date_gmt":"2023-03-11T12:05:36","guid":{"rendered":"https:\/\/agora.xtec.cat\/zermoianesllevant\/?page_id=9571"},"modified":"2023-10-16T08:44:18","modified_gmt":"2023-10-16T06:44:18","slug":"reto-zoologico-en-micro_bit","status":"publish","type":"page","link":"https:\/\/agora.xtec.cat\/zermoianesllevant\/steam\/microbit-avanzado\/reto-zoologico-en-micro_bit\/","title":{"rendered":"Reto zoolo\u0301gico en micro_bit"},"content":{"rendered":"<p>EL RETO<\/p>\n<p>Queremos crear un zool\u00f3gico con diversos animales utilizando varias tarjetas micro:bit.<\/p>\n<p>Cada persona participante debe elegir en su tarjeta un animal y compartirlo con las dem\u00e1s. El objetivo es conseguir que el animal elegido por cada participante sea diferente de los dem\u00e1s.<\/p>\n<p>El programa ser\u00e1 id\u00e9ntico en todas las tarjetas. Se dibujar\u00e1n diez animales diferentes, creados por los participantes, que se podr\u00e1n seleccionar pulsando un<br \/>\nbot\u00f3n. Con otro bot\u00f3n se enviar\u00e1 el animal elegido al resto de tarjetas. Si no hay ning\u00fan animal repetido se considerar\u00e1 conseguido el RETO de crear un<br \/>\nzool\u00f3gico diverso. En caso contrario se deber\u00e1 seguir probando con otros animales.<\/p>\n<p>En esta guia est\u00e0 la informaci\u00f3n necesaria per seguir el reto: <a href=\"https:\/\/agora.xtec.cat\/zermoianesllevant\/wp-content\/uploads\/usu130\/2023\/10\/21.0.01-MB-ESP-Reto-zoologico-en-micro_bit.pdf\">21.0.01-[MB]-[ESP]-Reto zool\u00f3gico en micro_bit<\/a><\/p>\n","protected":false},"excerpt":{"rendered":"<p>EL RETO<br \/>\nQueremos crear un zool\u00f3gico con diversos animales utilizando varias tarjetas micro:bit.<br \/>\nCada persona participante debe elegir en su tarjeta un animal y compartirlo con las dem\u00e1s. El objetivo es conseguir que el animal elegido por cada participante sea diferente de los dem\u00e1s.<br \/>\nEl programa ser\u00e1 id\u00e9ntico&hellip;  <a href=\"https:\/\/agora.xtec.cat\/zermoianesllevant\/steam\/microbit-avanzado\/reto-zoologico-en-micro_bit\/\" title=\"Read Reto zoolo\u0301gico en micro_bit\">Llegeix m\u00e9s\u00bb<\/a><\/p>\n","protected":false},"author":1,"featured_media":0,"parent":9520,"menu_order":210,"comment_status":"closed","ping_status":"closed","template":"page-templates\/side-menu.php","meta":{"_bbp_topic_count":0,"_bbp_reply_count":0,"_bbp_total_topic_count":0,"_bbp_total_reply_count":0,"_bbp_voice_count":0,"_bbp_anonymous_reply_count":0,"_bbp_topic_count_hidden":0,"_bbp_reply_count_hidden":0,"_bbp_forum_subforum_count":0,"footnotes":""},"class_list":["post-9571","page","type-page","status-publish","hentry"],"post_mailing_queue_ids":[],"_links":{"self":[{"href":"https:\/\/agora.xtec.cat\/zermoianesllevant\/wp-json\/wp\/v2\/pages\/9571","targetHints":{"allow":["GET"]}}],"collection":[{"href":"https:\/\/agora.xtec.cat\/zermoianesllevant\/wp-json\/wp\/v2\/pages"}],"about":[{"href":"https:\/\/agora.xtec.cat\/zermoianesllevant\/wp-json\/wp\/v2\/types\/page"}],"author":[{"embeddable":true,"href":"https:\/\/agora.xtec.cat\/zermoianesllevant\/wp-json\/wp\/v2\/users\/1"}],"replies":[{"embeddable":true,"href":"https:\/\/agora.xtec.cat\/zermoianesllevant\/wp-json\/wp\/v2\/comments?post=9571"}],"version-history":[{"count":3,"href":"https:\/\/agora.xtec.cat\/zermoianesllevant\/wp-json\/wp\/v2\/pages\/9571\/revisions"}],"predecessor-version":[{"id":9791,"href":"https:\/\/agora.xtec.cat\/zermoianesllevant\/wp-json\/wp\/v2\/pages\/9571\/revisions\/9791"}],"up":[{"embeddable":true,"href":"https:\/\/agora.xtec.cat\/zermoianesllevant\/wp-json\/wp\/v2\/pages\/9520"}],"wp:attachment":[{"href":"https:\/\/agora.xtec.cat\/zermoianesllevant\/wp-json\/wp\/v2\/media?parent=9571"}],"curies":[{"name":"wp","href":"https:\/\/api.w.org\/{rel}","templated":true}]}}