{"id":9517,"date":"2023-02-18T22:29:19","date_gmt":"2023-02-18T21:29:19","guid":{"rendered":"https:\/\/agora.xtec.cat\/zermoianesllevant\/?page_id=9517"},"modified":"2023-03-13T13:01:53","modified_gmt":"2023-03-13T12:01:53","slug":"contador-en-microbit","status":"publish","type":"page","link":"https:\/\/agora.xtec.cat\/zermoianesllevant\/steam\/micro-bit\/contador-en-microbit\/","title":{"rendered":"Contador en micro:bit con TINKERCAD"},"content":{"rendered":"<p>Con la ayuda de tinkercad circuitos se simular\u00e1 un contador en el entorno micro:bit.<\/p>\n<p>Se seguir\u00e1 un ejemplo donde se contar\u00e1n las personas que entran en una habitaci\u00f3n, esta base de orientaci\u00f3n nos ayudar\u00e1 a seguir las instrucciones que encontrar\u00e1s m\u00e1s abajo.<\/p>\n<p><a href=\"https:\/\/agora.xtec.cat\/zermoianesllevant\/wp-content\/uploads\/usu130\/2023\/03\/Contar-personas.jpg\"><img loading=\"lazy\" decoding=\"async\" class=\"size-full wp-image-9577 aligncenter\" src=\"https:\/\/agora.xtec.cat\/zermoianesllevant\/wp-content\/uploads\/usu130\/2023\/03\/Contar-personas.jpg\" alt=\"\" width=\"431\" height=\"609\" srcset=\"https:\/\/agora.xtec.cat\/zermoianesllevant\/wp-content\/uploads\/usu130\/2023\/03\/Contar-personas.jpg 431w, https:\/\/agora.xtec.cat\/zermoianesllevant\/wp-content\/uploads\/usu130\/2023\/03\/Contar-personas-212x300.jpg 212w\" sizes=\"auto, (max-width: 431px) 100vw, 431px\" \/><\/a><\/p>\n<p>&nbsp;<\/p>\n<p>Instrucciones para realizar el reto: <a href=\"https:\/\/agora.xtec.cat\/zermoianesllevant\/wp-content\/uploads\/usu130\/2023\/03\/02.0.00-MBT-ESP-Contador-en-micro_bit-con-Tinkercad.pdf\">02.0.00-[MBT]-[ESP]-Contador en micro_bit con Tinkercad<\/a><\/p>\n<p>Proponemos un ejercicio libre, donde al cumplirse la condici\u00f3n donde la variable &#8220;persona&#8221; tenga un valor menor que cero (persona &lt; 0) el programa bifurque a mostrar &#8220;error&#8221; .<\/p>\n","protected":false},"excerpt":{"rendered":"<p>Con la ayuda de tinkercad circuitos se simular\u00e1 un contador en el entorno micro:bit.<br \/>\nSe seguir\u00e1 un ejemplo donde se contar\u00e1n las personas que entran en una habitaci\u00f3n, esta base de orientaci\u00f3n nos ayudar\u00e1 a seguir las instrucciones que encontrar\u00e1s m\u00e1s abajo.<br \/>\n<a href=\"https:\/\/agora.xtec.cat\/zermoianesllevant\/wp-content\/uploads\/usu130\/2023\/03\/Contar-personas.jpg\"><\/a><br \/>\n&nbsp;<br \/>\nInstrucciones para realizar el&hellip;  <a href=\"https:\/\/agora.xtec.cat\/zermoianesllevant\/steam\/micro-bit\/contador-en-microbit\/\" title=\"Read Contador en micro:bit con TINKERCAD\">Llegeix m\u00e9s\u00bb<\/a><\/p>\n","protected":false},"author":1,"featured_media":0,"parent":9449,"menu_order":5,"comment_status":"closed","ping_status":"closed","template":"page-templates\/side-menu.php","meta":{"_bbp_topic_count":0,"_bbp_reply_count":0,"_bbp_total_topic_count":0,"_bbp_total_reply_count":0,"_bbp_voice_count":0,"_bbp_anonymous_reply_count":0,"_bbp_topic_count_hidden":0,"_bbp_reply_count_hidden":0,"_bbp_forum_subforum_count":0,"footnotes":""},"class_list":["post-9517","page","type-page","status-publish","hentry"],"post_mailing_queue_ids":[],"_links":{"self":[{"href":"https:\/\/agora.xtec.cat\/zermoianesllevant\/wp-json\/wp\/v2\/pages\/9517","targetHints":{"allow":["GET"]}}],"collection":[{"href":"https:\/\/agora.xtec.cat\/zermoianesllevant\/wp-json\/wp\/v2\/pages"}],"about":[{"href":"https:\/\/agora.xtec.cat\/zermoianesllevant\/wp-json\/wp\/v2\/types\/page"}],"author":[{"embeddable":true,"href":"https:\/\/agora.xtec.cat\/zermoianesllevant\/wp-json\/wp\/v2\/users\/1"}],"replies":[{"embeddable":true,"href":"https:\/\/agora.xtec.cat\/zermoianesllevant\/wp-json\/wp\/v2\/comments?post=9517"}],"version-history":[{"count":4,"href":"https:\/\/agora.xtec.cat\/zermoianesllevant\/wp-json\/wp\/v2\/pages\/9517\/revisions"}],"predecessor-version":[{"id":9581,"href":"https:\/\/agora.xtec.cat\/zermoianesllevant\/wp-json\/wp\/v2\/pages\/9517\/revisions\/9581"}],"up":[{"embeddable":true,"href":"https:\/\/agora.xtec.cat\/zermoianesllevant\/wp-json\/wp\/v2\/pages\/9449"}],"wp:attachment":[{"href":"https:\/\/agora.xtec.cat\/zermoianesllevant\/wp-json\/wp\/v2\/media?parent=9517"}],"curies":[{"name":"wp","href":"https:\/\/api.w.org\/{rel}","templated":true}]}}