{"id":9467,"date":"2023-01-30T12:34:06","date_gmt":"2023-01-30T11:34:06","guid":{"rendered":"https:\/\/agora.xtec.cat\/zermoianesllevant\/?page_id=9467"},"modified":"2024-10-19T13:59:45","modified_gmt":"2024-10-19T11:59:45","slug":"a-prenem-el-vent","status":"publish","type":"page","link":"https:\/\/agora.xtec.cat\/zermoianesllevant\/steam\/a-prenem-el-vent\/","title":{"rendered":"A-prenem el vent"},"content":{"rendered":"<p><strong>Extraescolar 2024-2025 a L&#8217;Estany<\/strong><\/p>\n<p>En el m\u00f3n actual, un m\u00f3n cada dia m\u00e9s complex i que est\u00e0 canviant a una velocitat fins ara desconeguda, \u00e9s una veritat reconeguda universalment, i publicada en molts llocs, que \u00e9s m\u00e9s important que mai preparar els infants de la nostra societat en habilitats, coneixements b\u00e0sics i destreses que els permetin seleccionar i avaluar evid\u00e8ncies amb les quals donar solucions a nous reptes.<\/p>\n<p>S\u00f3n aquestes destreses que els nens i nenes han de desenvolupar durant el seu aprenentatge de les mat\u00e8ries de ci\u00e8ncies, tecnologia, enginyeria, art i matem\u00e0tiques, conegudes en conjunt com STEAM, a les quals s&#8217;uneixen les ci\u00e8ncies de la computaci\u00f3 (CS) com a eina b\u00e0sica en aquest nou paradigma. L&#8217;ensenyament STEAM-CS en la inf\u00e0ncia i joventut tamb\u00e9 estar\u00e0 connectada, l\u00f2gicament, amb l&#8217;estrat\u00e8gia global encaminada a aconseguir el millor de les capacitats competitives de la societat.<\/p>\n<p><a href=\"https:\/\/apliense.xtec.cat\/arc\/node\/31027\"><strong>En concret, el projecte \u201cA-prenent el vent\u201d es basa en els treballs dels enginyers Jordi Ach\u00f3n, Jordi Regal\u00e9s i Jaume Riera del CESIRE del Departament d\u2019Educaci\u00f3 de la Generalitat de Catalunya.<\/strong><\/a><\/p>\n<p>I baixant al detall el gui\u00f3 del projecte A-prenem el vent\u201d ser\u00e0:<\/p>\n<p>1. L\u2019energia: fonts d\u2019energia, cadenes energ\u00e8tiques, \u00fas responsable.<br \/>\n2. La construcci\u00f3 d\u2019estructures 3D per a integrar circuits el\u00e8ctrics.<\/p>\n<table style=\"border-collapse: collapse; width: 100%;\">\n<tbody>\n<tr>\n<td style=\"width: 2.62376%;\"><\/td>\n<td style=\"width: 97.3763%;\">Activitats continues durant els extraescolars:<\/p>\n<p>a) Construcci\u00f3 de <a href=\"https:\/\/agora.xtec.cat\/zermoianesllevant\/steam\/tinkercad\/\">circuits el\u00e8ctrics elementals<\/a>\u00a0 i con\u00e8ixer els microprocessadors Arduino i micro:bits<\/p>\n<p>b) Introducci\u00f3 a la <a href=\"https:\/\/agora.xtec.cat\/zermoianesllevant\/steam\/tinkercad-3d\/\">creaci\u00f3 d&#8217;objectes 3D<\/a><\/p>\n<p>c) Construcci\u00f3 de un generador e\u00f2lic (Transforma l&#8217;energia e\u00f2lica en el\u00e8ctrica).<\/td>\n<\/tr>\n<\/tbody>\n<\/table>\n<p>3. La tecnologia i la vida quotidiana.<br \/>\n4. La producci\u00f3 d\u2019energia: fonts d\u2019energia renovables i no renovables.<br \/>\n5. Fluxos d\u2019energia amb origen en el vent<br \/>\n6. Flux energ\u00e8tic del vent a la terra<br \/>\n7. Vents a la nostra comarca<br \/>\n8. Flux energ\u00e8tic el\u00e8ctric e\u00f2lic.<\/p>\n<p>Guia d&#8217;ajut: <a href=\"https:\/\/agora.xtec.cat\/zermoianesllevant\/wp-content\/uploads\/usu130\/2023\/09\/Imants-motors-i-generadors_Guia-didactica.pdf\">Imants, motors i generadors_Guia did\u00e0ctica<\/a> i els documents que pengen d&#8217;aquesta p\u00e0gina.<\/p>\n<p>Projecte portat a terme amb l&#8217;Ajut de l&#8217;Ajuntament de l&#8217;Estany i l&#8217;associaci\u00f3 STEAM4ALL<\/p>\n<p>&nbsp;<\/p>\n<p><a href=\"https:\/\/agora.xtec.cat\/zermoianesllevant\/wp-content\/uploads\/usu130\/2024\/08\/logo_gran-Ajuntament-de-l_Estany.png\"><img loading=\"lazy\" decoding=\"async\" class=\"alignnone size-full wp-image-10266\" src=\"https:\/\/agora.xtec.cat\/zermoianesllevant\/wp-content\/uploads\/usu130\/2024\/08\/logo_gran-Ajuntament-de-l_Estany.png\" alt=\"\" width=\"197\" height=\"197\" srcset=\"https:\/\/agora.xtec.cat\/zermoianesllevant\/wp-content\/uploads\/usu130\/2024\/08\/logo_gran-Ajuntament-de-l_Estany.png 197w, https:\/\/agora.xtec.cat\/zermoianesllevant\/wp-content\/uploads\/usu130\/2024\/08\/logo_gran-Ajuntament-de-l_Estany-150x150.png 150w\" sizes=\"auto, (max-width: 197px) 100vw, 197px\" \/><\/a>\u00a0 \u00a0 <a href=\"https:\/\/agora.xtec.cat\/zermoianesllevant\/wp-content\/uploads\/usu130\/2024\/08\/MiniLogo_515.png\"><img loading=\"lazy\" decoding=\"async\" class=\"alignnone size-full wp-image-10267\" src=\"https:\/\/agora.xtec.cat\/zermoianesllevant\/wp-content\/uploads\/usu130\/2024\/08\/MiniLogo_515.png\" alt=\"\" width=\"312\" height=\"100\" srcset=\"https:\/\/agora.xtec.cat\/zermoianesllevant\/wp-content\/uploads\/usu130\/2024\/08\/MiniLogo_515.png 312w, https:\/\/agora.xtec.cat\/zermoianesllevant\/wp-content\/uploads\/usu130\/2024\/08\/MiniLogo_515-300x96.png 300w\" sizes=\"auto, (max-width: 312px) 100vw, 312px\" \/><\/a><\/p>\n<p>&nbsp;<\/p>\n","protected":false},"excerpt":{"rendered":"<p>Extraescolar 2024-2025 a L&#8217;Estany<br \/>\nEn el m\u00f3n actual, un m\u00f3n cada dia m\u00e9s complex i que est\u00e0 canviant a una velocitat fins ara desconeguda, \u00e9s una veritat reconeguda universalment, i publicada en molts llocs, que \u00e9s m\u00e9s important que mai preparar els infants de la nostra&hellip;  <a href=\"https:\/\/agora.xtec.cat\/zermoianesllevant\/steam\/a-prenem-el-vent\/\" title=\"Read A-prenem el vent\">Llegeix m\u00e9s\u00bb<\/a><\/p>\n","protected":false},"author":1,"featured_media":0,"parent":7808,"menu_order":9,"comment_status":"closed","ping_status":"closed","template":"page-templates\/side-menu.php","meta":{"_bbp_topic_count":0,"_bbp_reply_count":0,"_bbp_total_topic_count":0,"_bbp_total_reply_count":0,"_bbp_voice_count":0,"_bbp_anonymous_reply_count":0,"_bbp_topic_count_hidden":0,"_bbp_reply_count_hidden":0,"_bbp_forum_subforum_count":0,"footnotes":""},"class_list":["post-9467","page","type-page","status-publish","hentry"],"post_mailing_queue_ids":[],"_links":{"self":[{"href":"https:\/\/agora.xtec.cat\/zermoianesllevant\/wp-json\/wp\/v2\/pages\/9467","targetHints":{"allow":["GET"]}}],"collection":[{"href":"https:\/\/agora.xtec.cat\/zermoianesllevant\/wp-json\/wp\/v2\/pages"}],"about":[{"href":"https:\/\/agora.xtec.cat\/zermoianesllevant\/wp-json\/wp\/v2\/types\/page"}],"author":[{"embeddable":true,"href":"https:\/\/agora.xtec.cat\/zermoianesllevant\/wp-json\/wp\/v2\/users\/1"}],"replies":[{"embeddable":true,"href":"https:\/\/agora.xtec.cat\/zermoianesllevant\/wp-json\/wp\/v2\/comments?post=9467"}],"version-history":[{"count":7,"href":"https:\/\/agora.xtec.cat\/zermoianesllevant\/wp-json\/wp\/v2\/pages\/9467\/revisions"}],"predecessor-version":[{"id":10319,"href":"https:\/\/agora.xtec.cat\/zermoianesllevant\/wp-json\/wp\/v2\/pages\/9467\/revisions\/10319"}],"up":[{"embeddable":true,"href":"https:\/\/agora.xtec.cat\/zermoianesllevant\/wp-json\/wp\/v2\/pages\/7808"}],"wp:attachment":[{"href":"https:\/\/agora.xtec.cat\/zermoianesllevant\/wp-json\/wp\/v2\/media?parent=9467"}],"curies":[{"name":"wp","href":"https:\/\/api.w.org\/{rel}","templated":true}]}}