{"id":9391,"date":"2023-01-09T09:17:01","date_gmt":"2023-01-09T08:17:01","guid":{"rendered":"https:\/\/agora.xtec.cat\/zermoianesllevant\/?page_id=9391"},"modified":"2024-07-08T13:54:57","modified_gmt":"2024-07-08T11:54:57","slug":"tangram","status":"publish","type":"page","link":"https:\/\/agora.xtec.cat\/zermoianesllevant\/steam\/tinkercad-3d\/tangram\/","title":{"rendered":"Tangram"},"content":{"rendered":"<p>El tangram permite de una manera atractiva estudiar las matem\u00e1tiques en apartados como son las fracciones, y la geometria, tanto en superficies planas, dos dimensiones, como en tel espacio, tres dimensiones. Se culmina esta serie de trabajos imprimiendo las piezas del tangram con una impresora 3D.<\/p>\n<p>&nbsp;<\/p>\n<table style=\"border-collapse: collapse; width: 100%;\">\n<tbody>\n<tr>\n<td style=\"width: 50%;\"><a href=\"https:\/\/agora.xtec.cat\/zermoianesllevant\/wp-content\/uploads\/usu130\/2023\/01\/Tangram-1.png\"><img loading=\"lazy\" decoding=\"async\" class=\"size-full wp-image-9398 aligncenter\" src=\"https:\/\/agora.xtec.cat\/zermoianesllevant\/wp-content\/uploads\/usu130\/2023\/01\/Tangram-1.png\" alt=\"\" width=\"460\" height=\"462\" srcset=\"https:\/\/agora.xtec.cat\/zermoianesllevant\/wp-content\/uploads\/usu130\/2023\/01\/Tangram-1.png 460w, https:\/\/agora.xtec.cat\/zermoianesllevant\/wp-content\/uploads\/usu130\/2023\/01\/Tangram-1-300x300.png 300w, https:\/\/agora.xtec.cat\/zermoianesllevant\/wp-content\/uploads\/usu130\/2023\/01\/Tangram-1-150x150.png 150w\" sizes=\"auto, (max-width: 460px) 100vw, 460px\" \/><\/a><\/td>\n<td style=\"width: 50%;\"><a href=\"https:\/\/agora.xtec.cat\/zermoianesllevant\/wp-content\/uploads\/usu130\/2023\/01\/tangram-colors.jpg\"><img loading=\"lazy\" decoding=\"async\" class=\"wp-image-9403 aligncenter\" src=\"https:\/\/agora.xtec.cat\/zermoianesllevant\/wp-content\/uploads\/usu130\/2023\/01\/tangram-colors.jpg\" alt=\"\" width=\"471\" height=\"468\" srcset=\"https:\/\/agora.xtec.cat\/zermoianesllevant\/wp-content\/uploads\/usu130\/2023\/01\/tangram-colors.jpg 800w, https:\/\/agora.xtec.cat\/zermoianesllevant\/wp-content\/uploads\/usu130\/2023\/01\/tangram-colors-150x150.jpg 150w, https:\/\/agora.xtec.cat\/zermoianesllevant\/wp-content\/uploads\/usu130\/2023\/01\/tangram-colors-768x764.jpg 768w\" sizes=\"auto, (max-width: 471px) 100vw, 471px\" \/><\/a><\/td>\n<\/tr>\n<\/tbody>\n<\/table>\n<p>&nbsp;<\/p>\n<p>Todas las figuras geom\u00e9tricas que se estudian con el tangram estan comprendidas en el curriculu de primaria.<\/p>\n<p>Tambi\u00e9n permite desarrollar la imaginaci\u00f3n del alumnado al componer todo tipo de figuras.<\/p>\n<p><a href=\"https:\/\/agora.xtec.cat\/zermoianesllevant\/wp-content\/uploads\/usu130\/2023\/01\/Tangram-1-1.png\"><img loading=\"lazy\" decoding=\"async\" class=\"size-full wp-image-9399 aligncenter\" src=\"https:\/\/agora.xtec.cat\/zermoianesllevant\/wp-content\/uploads\/usu130\/2023\/01\/Tangram-1-1.png\" alt=\"\" width=\"783\" height=\"772\" srcset=\"https:\/\/agora.xtec.cat\/zermoianesllevant\/wp-content\/uploads\/usu130\/2023\/01\/Tangram-1-1.png 783w, https:\/\/agora.xtec.cat\/zermoianesllevant\/wp-content\/uploads\/usu130\/2023\/01\/Tangram-1-1-300x296.png 300w, https:\/\/agora.xtec.cat\/zermoianesllevant\/wp-content\/uploads\/usu130\/2023\/01\/Tangram-1-1-768x757.png 768w\" sizes=\"auto, (max-width: 783px) 100vw, 783px\" \/><\/a><\/p>\n<p>&nbsp;<\/p>\n<p><strong>La guia de treball que \u00e9s fa servir a la ZER Moian\u00e8s Llevant \u00e9s:<\/strong><\/p>\n<p>Fem un tangram de paper. Amb el paper que us donem i seguint les instruccions a: <a href=\"https:\/\/agora.xtec.cat\/zermoianesllevant\/wp-content\/uploads\/usu130\/2023\/01\/Dibujar-un-TANGRAM.pdf\">Dibujar un TANGRAM<\/a> fent plecs pots fer totes les figures del Tangram.<\/p>\n<p><a href=\"https:\/\/agora.xtec.cat\/zermoianesllevant\/wp-content\/uploads\/usu130\/2023\/01\/tangram.png\"><img loading=\"lazy\" decoding=\"async\" class=\"wp-image-9404 aligncenter\" src=\"https:\/\/agora.xtec.cat\/zermoianesllevant\/wp-content\/uploads\/usu130\/2023\/01\/tangram-1024x574.png\" alt=\"\" width=\"629\" height=\"353\" srcset=\"https:\/\/agora.xtec.cat\/zermoianesllevant\/wp-content\/uploads\/usu130\/2023\/01\/tangram-1024x574.png 1024w, https:\/\/agora.xtec.cat\/zermoianesllevant\/wp-content\/uploads\/usu130\/2023\/01\/tangram-300x168.png 300w, https:\/\/agora.xtec.cat\/zermoianesllevant\/wp-content\/uploads\/usu130\/2023\/01\/tangram-768x430.png 768w, https:\/\/agora.xtec.cat\/zermoianesllevant\/wp-content\/uploads\/usu130\/2023\/01\/tangram.png 1037w\" sizes=\"auto, (max-width: 629px) 100vw, 629px\" \/><\/a><\/p>\n<p>Despr\u00e9s utilitzant la segona imatge d&#8217;aquest correu pinta cada pe\u00e7a.<\/p>\n<p>Ja heu acabat el tangram? Sabeu que el Tangram \u00e9s un joc xin\u00e8s molt antic que consisteix en formar figures amb les 7 peces sense sobreposar-les.<\/p>\n<p>Abans de comen\u00e7ar-hi a jugar investigarem una mica.<\/p>\n<p>MIDA DE LES PECES<br \/>\nOrdena les peces de petita a gran.<br \/>\nQuina \u00e9s m\u00e9s petita: el triangle mitj\u00e0 o el quadrat? Com ho pots justificar? I el rombe?<br \/>\nQuants triangles petits caben dins un triangle mitj\u00e0? I dins un quadrat? I dins un romboide? I dins un triangle gran?<\/p>\n<p>PER\u00cdMETRE<br \/>\nEl per\u00edmetre \u00e9s la suma de la mida dels costats d&#8217;una figura.<br \/>\nOrdena les peces segons el seu per\u00edmetre.<\/p>\n<p>FEM QUADRATS<br \/>\nUna pe\u00e7a del tangram \u00e9s el quadrat.<br \/>\nPots fer un quadrat amb dues peces?<br \/>\nI amb tres peces? Amb 4? Amb 5? Amb 7? (atenci\u00f3&#8230; no hi ha cap quadrat fet de sis peces).<br \/>\nDe quantes maneres pots fer el quadrat de 5 peces? T&#8217;han sortit totes tres maneres?<\/p>\n<p>FEM TRIANGLES<br \/>\nQuin \u00e9s el triangle m\u00e9s petit del tangram?<br \/>\nQuin \u00e9s el triangle m\u00e9s gran que pots construir amb les peces del tangram?<br \/>\nQuantes vegades hi cap el triangle petit dins el triangle gran?<\/p>\n<p>&#8212;&#8212;&#8212;&#8212;&#8212;&#8212;&#8212;&#8212;&#8212;&#8212;&#8212;&#8212;&#8212;&#8212;&#8212;&#8212;&#8212;&#8212;&#8212;&#8212;&#8212;&#8212;&#8211;<\/p>\n<p>Guia d\u2019an\u00e0lisi de l\u2019activitat \u201cEl tangram i les fraccions\u201d:<\/p>\n<ul style=\"list-style-type: circle;\">\n<li><a href=\"https:\/\/agora.xtec.cat\/zermoianesllevant\/wp-content\/uploads\/usu130\/2023\/01\/guia_analisi_tangram_fraccions-1.pdf\">guia_analisi_tangram_fraccions<\/a><\/li>\n<li><a href=\"https:\/\/agora.xtec.cat\/zermoianesllevant\/wp-content\/uploads\/usu130\/2023\/01\/descripcio_sessions_tangram_fraccions.pdf\">descripcio_sessions_tangram_fraccions<\/a><\/li>\n<li><a href=\"https:\/\/agora.xtec.cat\/zermoianesllevant\/wp-content\/uploads\/usu130\/2023\/01\/Comentari_CB_tangram_fraccions-1.pdf\">Comentari_CB_tangram_fraccions<\/a><\/li>\n<\/ul>\n<p>&nbsp;<\/p>\n","protected":false},"excerpt":{"rendered":"<p>El tangram permite de una manera atractiva estudiar las matem\u00e1tiques en apartados como son las fracciones, y la geometria, tanto en superficies planas, dos dimensiones, como en tel espacio, tres dimensiones. Se culmina esta serie de trabajos imprimiendo las piezas del tangram con una impresora&hellip;  <a href=\"https:\/\/agora.xtec.cat\/zermoianesllevant\/steam\/tinkercad-3d\/tangram\/\" title=\"Read Tangram\">Llegeix m\u00e9s\u00bb<\/a><\/p>\n","protected":false},"author":1,"featured_media":0,"parent":8664,"menu_order":16,"comment_status":"closed","ping_status":"closed","template":"page-templates\/side-menu.php","meta":{"_bbp_topic_count":0,"_bbp_reply_count":0,"_bbp_total_topic_count":0,"_bbp_total_reply_count":0,"_bbp_voice_count":0,"_bbp_anonymous_reply_count":0,"_bbp_topic_count_hidden":0,"_bbp_reply_count_hidden":0,"_bbp_forum_subforum_count":0,"footnotes":""},"class_list":["post-9391","page","type-page","status-publish","hentry"],"post_mailing_queue_ids":[],"_links":{"self":[{"href":"https:\/\/agora.xtec.cat\/zermoianesllevant\/wp-json\/wp\/v2\/pages\/9391","targetHints":{"allow":["GET"]}}],"collection":[{"href":"https:\/\/agora.xtec.cat\/zermoianesllevant\/wp-json\/wp\/v2\/pages"}],"about":[{"href":"https:\/\/agora.xtec.cat\/zermoianesllevant\/wp-json\/wp\/v2\/types\/page"}],"author":[{"embeddable":true,"href":"https:\/\/agora.xtec.cat\/zermoianesllevant\/wp-json\/wp\/v2\/users\/1"}],"replies":[{"embeddable":true,"href":"https:\/\/agora.xtec.cat\/zermoianesllevant\/wp-json\/wp\/v2\/comments?post=9391"}],"version-history":[{"count":3,"href":"https:\/\/agora.xtec.cat\/zermoianesllevant\/wp-json\/wp\/v2\/pages\/9391\/revisions"}],"predecessor-version":[{"id":9410,"href":"https:\/\/agora.xtec.cat\/zermoianesllevant\/wp-json\/wp\/v2\/pages\/9391\/revisions\/9410"}],"up":[{"embeddable":true,"href":"https:\/\/agora.xtec.cat\/zermoianesllevant\/wp-json\/wp\/v2\/pages\/8664"}],"wp:attachment":[{"href":"https:\/\/agora.xtec.cat\/zermoianesllevant\/wp-json\/wp\/v2\/media?parent=9391"}],"curies":[{"name":"wp","href":"https:\/\/api.w.org\/{rel}","templated":true}]}}